{"id":1220,"date":"2017-09-04T09:05:25","date_gmt":"2017-09-04T07:05:25","guid":{"rendered":"https:\/\/www.es-karlsruhe.eu\/?page_id=1220\/"},"modified":"2017-11-20T10:50:23","modified_gmt":"2017-11-20T09:50:23","slug":"home","status":"publish","type":"page","link":"https:\/\/www.es-karlsruhe.eu\/de\/","title":{"rendered":"Startseite"},"content":{"rendered":"<div class=\"cubique\"><h2 class=\"big-titles blue\">Wer sind Wir ?<\/h2><\/div>\n<p>Die Europ\u00e4ische Schule in Karlsruhe ist das Ergebnis eines innovativen Projektes, das von allen EU-L\u00e4ndern unterst\u00fctzt wird.<\/p>\n<p>Unsere Schule, welche 1962 gegr\u00fcndet wurde, hat eine lange Erfahrung im Bereich der mehrsprachigen und multikulturellen Erziehung.<\/p>\n<p>Mit der Mission die europ\u00e4ischen Werte zu f\u00f6rdern, werden in unserer Schule die Besonderheiten der einzelnen Sch\u00fcler ber\u00fccksichtigt und die pers\u00f6nliche Entwicklung unterst\u00fctzt.<\/p>\n<p>Dank hochqualifizierten Lehrern bieten wir Bildung von h\u00f6chster Qualit\u00e4t in der Wissenschaft, Kunst und Literatur vom Kindergarten bis zum Europ\u00e4ischen Abitur. So k\u00f6nnen unsere Sch\u00fcler die besten Universit\u00e4ten weltweit besuchen.<\/p>\n","protected":false},"excerpt":{"rendered":"<p>Die Europ\u00e4ische Schule in Karlsruhe ist das Ergebnis eines innovativen Projektes, das von allen EU-L\u00e4ndern unterst\u00fctzt wird. Unsere Schule, welche 1962 gegr\u00fcndet wurde, hat eine lange Erfahrung im Bereich der<a class=\"excerpt-read-more\" href=\"https:\/\/www.es-karlsruhe.eu\/de\/\" title=\"LesenStartseite\">\u2026 weiterlesen &raquo;<\/a><\/p>\n","protected":false},"author":3,"featured_media":150771,"parent":0,"menu_order":0,"comment_status":"closed","ping_status":"closed","template":"","meta":{"footnotes":""},"class_list":["post-1220","page","type-page","status-publish","has-post-thumbnail","hentry"],"_links":{"self":[{"href":"https:\/\/www.es-karlsruhe.eu\/de\/wp-json\/wp\/v2\/pages\/1220","targetHints":{"allow":["GET"]}}],"collection":[{"href":"https:\/\/www.es-karlsruhe.eu\/de\/wp-json\/wp\/v2\/pages"}],"about":[{"href":"https:\/\/www.es-karlsruhe.eu\/de\/wp-json\/wp\/v2\/types\/page"}],"author":[{"embeddable":true,"href":"https:\/\/www.es-karlsruhe.eu\/de\/wp-json\/wp\/v2\/users\/3"}],"replies":[{"embeddable":true,"href":"https:\/\/www.es-karlsruhe.eu\/de\/wp-json\/wp\/v2\/comments?post=1220"}],"version-history":[{"count":5,"href":"https:\/\/www.es-karlsruhe.eu\/de\/wp-json\/wp\/v2\/pages\/1220\/revisions"}],"predecessor-version":[{"id":3052,"href":"https:\/\/www.es-karlsruhe.eu\/de\/wp-json\/wp\/v2\/pages\/1220\/revisions\/3052"}],"wp:featuredmedia":[{"embeddable":true,"href":"https:\/\/www.es-karlsruhe.eu\/de\/wp-json\/wp\/v2\/media\/150771"}],"wp:attachment":[{"href":"https:\/\/www.es-karlsruhe.eu\/de\/wp-json\/wp\/v2\/media?parent=1220"}],"curies":[{"name":"wp","href":"https:\/\/api.w.org\/{rel}","templated":true}]}}