{"id":1222,"date":"2017-09-04T10:30:19","date_gmt":"2017-09-04T08:30:19","guid":{"rendered":"https:\/\/www.es-karlsruhe.eu\/?page_id=1222\/"},"modified":"2017-11-20T11:39:32","modified_gmt":"2017-11-20T10:39:32","slug":"unsere-schule","status":"publish","type":"page","link":"https:\/\/www.es-karlsruhe.eu\/de\/unsere-schule\/","title":{"rendered":"Unsere Schule"},"content":{"rendered":"<p><strong>Die Europ\u00e4ische Schule Karlsruhe ist das Ergebnis eines innovativen Projektes, das von allen EU-L\u00e4ndern unterst\u00fctzt wird.<\/strong><\/p>\n<p>Unsere Schule, welche 1962 gegr\u00fcndet wurde, hat eine lange Erfahrung im Bereich der mehrsprachigen und multikulturellen Erziehung.<\/p>\n<p>Mit der Mission die europ\u00e4ischen Werte zu f\u00f6rdern, werden in unserer Schule die Besonderheiten der einzelnen Sch\u00fcler ber\u00fccksichtigt und die pers\u00f6nliche Entwicklung unterst\u00fctzt.<\/p>\n<p>Dank hochqualifizierten Lehrern bieten wir Bildung von h\u00f6chster Qualit\u00e4t in der Wissenschaft, Kunst und Literatur vom Kindergarten bis zum Europ\u00e4ischen Abitur. So k\u00f6nnen unsere Sch\u00fcler die besten Universit\u00e4ten weltweit besuchen.<\/p>\n","protected":false},"excerpt":{"rendered":"<p>Die Europ\u00e4ische Schule Karlsruhe ist das Ergebnis eines innovativen Projektes, das von allen EU-L\u00e4ndern unterst\u00fctzt wird. Unsere Schule, welche 1962 gegr\u00fcndet wurde, hat eine lange Erfahrung im Bereich der mehrsprachigen<a class=\"excerpt-read-more\" href=\"https:\/\/www.es-karlsruhe.eu\/de\/unsere-schule\/\" title=\"LesenUnsere Schule\">\u2026 weiterlesen &raquo;<\/a><\/p>\n","protected":false},"author":3,"featured_media":0,"parent":0,"menu_order":0,"comment_status":"closed","ping_status":"closed","template":"template-our-school.php","meta":{"footnotes":""},"class_list":["post-1222","page","type-page","status-publish","hentry"],"_links":{"self":[{"href":"https:\/\/www.es-karlsruhe.eu\/de\/wp-json\/wp\/v2\/pages\/1222","targetHints":{"allow":["GET"]}}],"collection":[{"href":"https:\/\/www.es-karlsruhe.eu\/de\/wp-json\/wp\/v2\/pages"}],"about":[{"href":"https:\/\/www.es-karlsruhe.eu\/de\/wp-json\/wp\/v2\/types\/page"}],"author":[{"embeddable":true,"href":"https:\/\/www.es-karlsruhe.eu\/de\/wp-json\/wp\/v2\/users\/3"}],"replies":[{"embeddable":true,"href":"https:\/\/www.es-karlsruhe.eu\/de\/wp-json\/wp\/v2\/comments?post=1222"}],"version-history":[{"count":5,"href":"https:\/\/www.es-karlsruhe.eu\/de\/wp-json\/wp\/v2\/pages\/1222\/revisions"}],"predecessor-version":[{"id":3059,"href":"https:\/\/www.es-karlsruhe.eu\/de\/wp-json\/wp\/v2\/pages\/1222\/revisions\/3059"}],"wp:attachment":[{"href":"https:\/\/www.es-karlsruhe.eu\/de\/wp-json\/wp\/v2\/media?parent=1222"}],"curies":[{"name":"wp","href":"https:\/\/api.w.org\/{rel}","templated":true}]}}