{"id":1224,"date":"2017-09-02T10:32:10","date_gmt":"2017-09-02T08:32:10","guid":{"rendered":"https:\/\/www.es-karlsruhe.eu\/?page_id=1224\/"},"modified":"2019-08-28T12:34:47","modified_gmt":"2019-08-28T10:34:47","slug":"mission-und-philosophie","status":"publish","type":"page","link":"https:\/\/www.es-karlsruhe.eu\/de\/unsere-schule\/mission-und-philosophie\/","title":{"rendered":"Unsere Ziele und Philosophie"},"content":{"rendered":"<p>Die Worte von Marcel Decombis, die die grundlegenden Zielsetzungen der Europ\u00e4ischen Schulen zum Ausdruck bringen, sind in die Grundsteine aller Schulen verankert worden:<\/p>\n<blockquote><p>\u201cZusammen erzogen, von Kindheit an von den trennenden Vorurteilen unbelastet, vertraut mit allem, was gro\u00df und gut in den verschiedenen Kulturen ist, wird ihnen, w\u00e4hrend sie heranwachsen, in die Seele geschrieben, dass sie zusammengeh\u00f6ren. Ohne aufzuh\u00f6ren, ihr eigenes Land mit Liebe und Stolz zu betrachten, werden sie Europ\u00e4er, geschult und bereit, die Arbeit ihrer V\u00e4ter vor ihnen zu vollenden und zu verfestigen, um ein vereintes und bl\u00fchendes Europa entstehen zu lassen.\u201d<\/p><\/blockquote>\n<p>Unsere Schule hat das Ziel, durch die Platzierung des Kindes im Mittelpunkt des Lernens, bei den Sch\u00fclern den Geist der Offenheit, Toleranz, Respekt und menschliche Werte zu vermitteln und auf ein international anerkanntes Diplom vorzubereiten.<\/p>\n<p>F\u00f6rderung der internationalen Dimension, Innovation, Autonomie und Verantwortung der Sch\u00fcler sind wesentliche Bestandteile unseres Bildungsprojekts.<\/p>\n","protected":false},"excerpt":{"rendered":"<p>Die Worte von Marcel Decombis, die die grundlegenden Zielsetzungen der Europ\u00e4ischen Schulen zum Ausdruck bringen, sind in die Grundsteine aller Schulen verankert worden: \u201cZusammen erzogen, von Kindheit an von den<a class=\"excerpt-read-more\" href=\"https:\/\/www.es-karlsruhe.eu\/de\/unsere-schule\/mission-und-philosophie\/\" title=\"LesenUnsere Ziele und Philosophie\">\u2026 weiterlesen &raquo;<\/a><\/p>\n","protected":false},"author":3,"featured_media":4332,"parent":1222,"menu_order":0,"comment_status":"closed","ping_status":"closed","template":"","meta":{"footnotes":""},"class_list":["post-1224","page","type-page","status-publish","has-post-thumbnail","hentry"],"_links":{"self":[{"href":"https:\/\/www.es-karlsruhe.eu\/de\/wp-json\/wp\/v2\/pages\/1224","targetHints":{"allow":["GET"]}}],"collection":[{"href":"https:\/\/www.es-karlsruhe.eu\/de\/wp-json\/wp\/v2\/pages"}],"about":[{"href":"https:\/\/www.es-karlsruhe.eu\/de\/wp-json\/wp\/v2\/types\/page"}],"author":[{"embeddable":true,"href":"https:\/\/www.es-karlsruhe.eu\/de\/wp-json\/wp\/v2\/users\/3"}],"replies":[{"embeddable":true,"href":"https:\/\/www.es-karlsruhe.eu\/de\/wp-json\/wp\/v2\/comments?post=1224"}],"version-history":[{"count":4,"href":"https:\/\/www.es-karlsruhe.eu\/de\/wp-json\/wp\/v2\/pages\/1224\/revisions"}],"predecessor-version":[{"id":55298,"href":"https:\/\/www.es-karlsruhe.eu\/de\/wp-json\/wp\/v2\/pages\/1224\/revisions\/55298"}],"up":[{"embeddable":true,"href":"https:\/\/www.es-karlsruhe.eu\/de\/wp-json\/wp\/v2\/pages\/1222"}],"wp:featuredmedia":[{"embeddable":true,"href":"https:\/\/www.es-karlsruhe.eu\/de\/wp-json\/wp\/v2\/media\/4332"}],"wp:attachment":[{"href":"https:\/\/www.es-karlsruhe.eu\/de\/wp-json\/wp\/v2\/media?parent=1224"}],"curies":[{"name":"wp","href":"https:\/\/api.w.org\/{rel}","templated":true}]}}