{"id":1226,"date":"2017-09-03T10:34:29","date_gmt":"2017-09-03T08:34:29","guid":{"rendered":"https:\/\/www.es-karlsruhe.eu\/?page_id=1226\/"},"modified":"2020-09-08T08:34:30","modified_gmt":"2020-09-08T06:34:30","slug":"unsere-eigenschafften","status":"publish","type":"page","link":"https:\/\/www.es-karlsruhe.eu\/de\/unsere-schule\/unsere-eigenschafften\/","title":{"rendered":"Unsere St\u00e4rken"},"content":{"rendered":"<div class=\"title-deco\" id=\"\"><div class=\"blue-bloc\"><\/div><h2 class=\"title\">Das Curriculum der Schulen ist einzigartig<\/h2><\/div>\n<p><strong>Es verbindet moderne Ans\u00e4tze zur Bildung in ganz Europa auf der Grundlage der acht Schl\u00fcsselkompetenzen f\u00fcr lebenslanges Lernen.<\/strong><\/p>\n<p>Unser internationales Bildungscurriculum wird in der gesamten Europ\u00e4ischen Union als gleichwertig mit den nationalen Systemen anerkannt. Dies macht es den Sch\u00fclern leicht, sich in jeder Phase ihrer Ausbildung einzubringen.<\/p>\n<p>In der Europ\u00e4ischen Schule Karlsruhe wird das Curriculum in drei verschiedenen Sprachen geliefert: Englisch, Franz\u00f6sisch und Deutsch. Hochqualifizierte Lehrer werden von ihren nationalen Beh\u00f6rden abgeordnet oder lokal eingestellt, um in unserer Schule zu arbeiten. Sie unterrichten Sch\u00fcler aus mehr als 50 verschiedenen L\u00e4ndern in 15 verschiedenen Sprachen. (Detaillierte Informationen zu den Programmen der Europ\u00e4ischen Schule Karlsruhe und in allen europ\u00e4ischen Schulen finden Sie auf der Website <a href=\"https:\/\/www.eursc.eu\/de\">www.eursc.eu<\/a> unter &#8222;Studien und Zertifikate&#8220;).<br \/>\n<strong>Die europ\u00e4ische Erziehung unserer Schule zeichnet sich besonders aus durch folgende Merkmale:<\/strong><\/p>\n<ul>\n<li>Eine starke mehrsprachige Ausbildung<\/li>\n<li>Lehrer aus mehr als 15 verschiedenen L\u00e4ndern<\/li>\n<li>Ein qualitativ hochwertiger Unterricht und ein hohes Niveau in Sprachen, Mathematik und Naturwissenschaften sowie Kunst<\/li>\n<li>Viele Dienste f\u00fcr die Sch\u00fcler (Schulkrankenschwester, Schulpsychologe, Erziehungsberater, Berufsberater usw.)<\/li>\n<li>Partnerschaften und Austausch mit verschiedenen Schulen in Europa<\/li>\n<li>Die M\u00f6glichkeit, individuelles Lernen und p\u00e4dagogische Unterst\u00fctzung in Abstimmung mit den Lehrern der Sch\u00fcler zu organisieren<\/li>\n<li>St\u00e4ndiger Dialog zwischen Eltern und Schule<\/li>\n<li>Organisation von Schul- oder au\u00dferschulischen Aktivit\u00e4ten auf dem Gel\u00e4nde der Schule<\/li>\n<li>Ein gr\u00fcner Campus mit zahlreichen Spielpl\u00e4tzen und Sportanlagen<\/li>\n<li>Ein Sicherheitsteam<\/li>\n<\/ul>\n","protected":false},"excerpt":{"rendered":"<p>Es verbindet moderne Ans\u00e4tze zur Bildung in ganz Europa auf der Grundlage der acht Schl\u00fcsselkompetenzen f\u00fcr lebenslanges Lernen. Unser internationales Bildungscurriculum wird in der gesamten Europ\u00e4ischen Union als gleichwertig mit<a class=\"excerpt-read-more\" href=\"https:\/\/www.es-karlsruhe.eu\/de\/unsere-schule\/unsere-eigenschafften\/\" title=\"LesenUnsere St\u00e4rken\">\u2026 weiterlesen &raquo;<\/a><\/p>\n","protected":false},"author":3,"featured_media":0,"parent":1222,"menu_order":0,"comment_status":"closed","ping_status":"closed","template":"","meta":{"footnotes":""},"class_list":["post-1226","page","type-page","status-publish","hentry"],"_links":{"self":[{"href":"https:\/\/www.es-karlsruhe.eu\/de\/wp-json\/wp\/v2\/pages\/1226","targetHints":{"allow":["GET"]}}],"collection":[{"href":"https:\/\/www.es-karlsruhe.eu\/de\/wp-json\/wp\/v2\/pages"}],"about":[{"href":"https:\/\/www.es-karlsruhe.eu\/de\/wp-json\/wp\/v2\/types\/page"}],"author":[{"embeddable":true,"href":"https:\/\/www.es-karlsruhe.eu\/de\/wp-json\/wp\/v2\/users\/3"}],"replies":[{"embeddable":true,"href":"https:\/\/www.es-karlsruhe.eu\/de\/wp-json\/wp\/v2\/comments?post=1226"}],"version-history":[{"count":5,"href":"https:\/\/www.es-karlsruhe.eu\/de\/wp-json\/wp\/v2\/pages\/1226\/revisions"}],"predecessor-version":[{"id":82748,"href":"https:\/\/www.es-karlsruhe.eu\/de\/wp-json\/wp\/v2\/pages\/1226\/revisions\/82748"}],"up":[{"embeddable":true,"href":"https:\/\/www.es-karlsruhe.eu\/de\/wp-json\/wp\/v2\/pages\/1222"}],"wp:attachment":[{"href":"https:\/\/www.es-karlsruhe.eu\/de\/wp-json\/wp\/v2\/media?parent=1226"}],"curies":[{"name":"wp","href":"https:\/\/api.w.org\/{rel}","templated":true}]}}