{"id":1236,"date":"2017-09-04T10:46:21","date_gmt":"2017-09-04T08:46:21","guid":{"rendered":"https:\/\/www.es-karlsruhe.eu\/?page_id=1236\/"},"modified":"2019-12-19T17:12:05","modified_gmt":"2019-12-19T16:12:05","slug":"der-campus-und-seine-einrichtungen","status":"publish","type":"page","link":"https:\/\/www.es-karlsruhe.eu\/de\/unsere-schule\/der-campus-und-seine-einrichtungen\/","title":{"rendered":"Der Campus und seine Ausstattung"},"content":{"rendered":"<div class=\"title-deco\" id=\"\"><div class=\"blue-bloc\"><\/div><h2 class=\"title\">Ein moderner und dynamischer campus<\/h2><\/div>\n\n<p>Im Rhein-Tal zwischen Heidelberg, Mannheim, Stuttgart und Stra\u00dfburg gelegen, hat die Europ\u00e4ische Schule Karlsruhe eine bemerkenswerte Lage in einer der dynamischsten Regionen Europas. Fast 1.000 Sch\u00fcler besuchen unsere Schule.<\/p>\n<p>Der Campus, leicht zug\u00e4nglich und gut mit \u00f6ffentlichen Verkehrsmitteln verbunden, profitiert von einer gr\u00fcnen und bewaldeten Umgebung. Die Ausbreitung der Geb\u00e4ude auf 10 ha schafft eine\u00a0angenehme Lernatmosph\u00e4re und erm\u00f6glicht unseren Sch\u00fcler eine Vielzahl von sportlichen Aktivit\u00e4ten sowie viele Orte der Entspannung.<\/p>\n<p>Vielf\u00e4ltige Fachr\u00e4ume sorgen f\u00fcr optimale Lernbedingungen. So k\u00f6nnen die Unterrichtsbedingungen variabel an die Bed\u00fcrfnisse von Lehrern und Sch\u00fclern angepasst werden. Ein digitaler Arbeitsraum ist f\u00fcr Sch\u00fcler, Mitarbeiter und Eltern zug\u00e4nglich und f\u00f6rdert innovatives Lehren.<\/p>\n<h3>Folgende Einrichtungen bilden die Grundlage f\u00fcr eine erfolgreiche, moderne und ganzheitliche Erziehung:<\/h3>\n<ul>\n<li>Vier gro\u00dfe Hauptgeb\u00e4ude, alle verbunden mit einem \u00fcberdachten Wegesystem und zwei gro\u00dfe Sporthallen mit Au\u00dfenanlagen (Fu\u00dfballfelder, mehrere Tartanbahnen, Weitsprunganlagen und Basketballfelder) bilden den Campus der Schule (8700 m\u00b2)<\/li>\n<li>Spielanlagen f\u00fcr die j\u00fcngeren Sch\u00fcler mit 5 m hohem Kletternetz und Kinderspielplatz<\/li>\n<li>Krankenstation (Krankenschwester ganztags anwesend)<\/li>\n<li>Alle Klassenzimmer sind freundlich und hell mit direktem Blick auf die gr\u00fcne Umgebung<\/li>\n<li>Gro\u00dfe Computerr\u00e4ume, ausgestattet mit modernster Technik und Internetzugang stehen zur Verf\u00fcgung<\/li>\n<li>Zwei Schulbibliotheken f\u00fcr die OS und GS\/KG) werden professionell von Bibliothekaren betreut<\/li>\n<li>Eine neue gro\u00dfz\u00fcgige Mensa. Die Schulkantine bietet gesunde und ausgewogene Mahlzeiten an<\/li>\n<li>Verschiedenste Fachr\u00e4ume f\u00fcr die Naturwissenschaften sowie R\u00e4ume f\u00fcr Kunst und Musik runden das sehr gute Raumangebot ab<\/li>\n<li>Gro\u00dfe Schulveranstaltungen finden in der Aula einen geeigneten Rahmen<\/li>\n<\/ul>\n\n\t\t<style type=\"text\/css\">\n\t\t\t#gallery-1 {\n\t\t\t\tmargin: auto;\n\t\t\t}\n\t\t\t#gallery-1 .gallery-item {\n\t\t\t\tfloat: left;\n\t\t\t\tmargin-top: 10px;\n\t\t\t\ttext-align: center;\n\t\t\t\twidth: 33%;\n\t\t\t}\n\t\t\t#gallery-1 img {\n\t\t\t\tborder: 2px solid #cfcfcf;\n\t\t\t}\n\t\t\t#gallery-1 .gallery-caption {\n\t\t\t\tmargin-left: 0;\n\t\t\t}\n\t\t\t\/* see gallery_shortcode() in wp-includes\/media.php *\/\n\t\t<\/style>\n\t\t<div id='gallery-1' class='gallery galleryid-1236 gallery-columns-3 gallery-size-medium'><dl class='gallery-item'>\n\t\t\t<dt class='gallery-icon landscape'>\n\t\t\t\t<a href='https:\/\/www.es-karlsruhe.eu\/wp-content\/uploads\/2017\/11\/dialogue_centre.jpg'><img loading=\"lazy\" decoding=\"async\" width=\"300\" height=\"200\" src=\"https:\/\/www.es-karlsruhe.eu\/wp-content\/uploads\/2017\/11\/dialogue_centre-300x200.jpg\" class=\"attachment-medium size-medium\" alt=\"\" srcset=\"https:\/\/www.es-karlsruhe.eu\/wp-content\/uploads\/2017\/11\/dialogue_centre-300x200.jpg 300w, https:\/\/www.es-karlsruhe.eu\/wp-content\/uploads\/2017\/11\/dialogue_centre-768x513.jpg 768w, https:\/\/www.es-karlsruhe.eu\/wp-content\/uploads\/2017\/11\/dialogue_centre-1024x684.jpg 1024w\" sizes=\"auto, (max-width: 300px) 100vw, 300px\" \/><\/a>\n\t\t\t<\/dt><\/dl><dl class='gallery-item'>\n\t\t\t<dt class='gallery-icon landscape'>\n\t\t\t\t<a href='https:\/\/www.es-karlsruhe.eu\/wp-content\/uploads\/2017\/11\/canteen.jpg'><img loading=\"lazy\" decoding=\"async\" width=\"300\" height=\"200\" src=\"https:\/\/www.es-karlsruhe.eu\/wp-content\/uploads\/2017\/11\/canteen-300x200.jpg\" class=\"attachment-medium size-medium\" alt=\"\" srcset=\"https:\/\/www.es-karlsruhe.eu\/wp-content\/uploads\/2017\/11\/canteen-300x200.jpg 300w, https:\/\/www.es-karlsruhe.eu\/wp-content\/uploads\/2017\/11\/canteen-768x513.jpg 768w, https:\/\/www.es-karlsruhe.eu\/wp-content\/uploads\/2017\/11\/canteen-1024x684.jpg 1024w\" sizes=\"auto, (max-width: 300px) 100vw, 300px\" \/><\/a>\n\t\t\t<\/dt><\/dl><dl class='gallery-item'>\n\t\t\t<dt class='gallery-icon landscape'>\n\t\t\t\t<a href='https:\/\/www.es-karlsruhe.eu\/wp-content\/uploads\/2017\/11\/primary_playground.jpg'><img loading=\"lazy\" decoding=\"async\" width=\"300\" height=\"200\" src=\"https:\/\/www.es-karlsruhe.eu\/wp-content\/uploads\/2017\/11\/primary_playground-300x200.jpg\" class=\"attachment-medium size-medium\" alt=\"\" srcset=\"https:\/\/www.es-karlsruhe.eu\/wp-content\/uploads\/2017\/11\/primary_playground-300x200.jpg 300w, https:\/\/www.es-karlsruhe.eu\/wp-content\/uploads\/2017\/11\/primary_playground-768x513.jpg 768w, https:\/\/www.es-karlsruhe.eu\/wp-content\/uploads\/2017\/11\/primary_playground-1024x684.jpg 1024w\" sizes=\"auto, (max-width: 300px) 100vw, 300px\" \/><\/a>\n\t\t\t<\/dt><\/dl><br style=\"clear: both\" \/>\n\t\t<\/div>\n\n","protected":false},"excerpt":{"rendered":"<p>Im Rhein-Tal zwischen Heidelberg, Mannheim, Stuttgart und Stra\u00dfburg gelegen, hat die Europ\u00e4ische Schule Karlsruhe eine bemerkenswerte Lage in einer der dynamischsten Regionen Europas. Fast 1.000 Sch\u00fcler besuchen unsere Schule. Der<a class=\"excerpt-read-more\" href=\"https:\/\/www.es-karlsruhe.eu\/de\/unsere-schule\/der-campus-und-seine-einrichtungen\/\" title=\"LesenDer Campus und seine Ausstattung\">\u2026 weiterlesen &raquo;<\/a><\/p>\n","protected":false},"author":3,"featured_media":45599,"parent":1222,"menu_order":0,"comment_status":"closed","ping_status":"closed","template":"","meta":{"footnotes":""},"class_list":["post-1236","page","type-page","status-publish","has-post-thumbnail","hentry"],"_links":{"self":[{"href":"https:\/\/www.es-karlsruhe.eu\/de\/wp-json\/wp\/v2\/pages\/1236","targetHints":{"allow":["GET"]}}],"collection":[{"href":"https:\/\/www.es-karlsruhe.eu\/de\/wp-json\/wp\/v2\/pages"}],"about":[{"href":"https:\/\/www.es-karlsruhe.eu\/de\/wp-json\/wp\/v2\/types\/page"}],"author":[{"embeddable":true,"href":"https:\/\/www.es-karlsruhe.eu\/de\/wp-json\/wp\/v2\/users\/3"}],"replies":[{"embeddable":true,"href":"https:\/\/www.es-karlsruhe.eu\/de\/wp-json\/wp\/v2\/comments?post=1236"}],"version-history":[{"count":5,"href":"https:\/\/www.es-karlsruhe.eu\/de\/wp-json\/wp\/v2\/pages\/1236\/revisions"}],"predecessor-version":[{"id":66105,"href":"https:\/\/www.es-karlsruhe.eu\/de\/wp-json\/wp\/v2\/pages\/1236\/revisions\/66105"}],"up":[{"embeddable":true,"href":"https:\/\/www.es-karlsruhe.eu\/de\/wp-json\/wp\/v2\/pages\/1222"}],"wp:featuredmedia":[{"embeddable":true,"href":"https:\/\/www.es-karlsruhe.eu\/de\/wp-json\/wp\/v2\/media\/45599"}],"wp:attachment":[{"href":"https:\/\/www.es-karlsruhe.eu\/de\/wp-json\/wp\/v2\/media?parent=1236"}],"curies":[{"name":"wp","href":"https:\/\/api.w.org\/{rel}","templated":true}]}}