{"id":1239,"date":"2017-09-01T10:50:21","date_gmt":"2017-09-01T08:50:21","guid":{"rendered":"https:\/\/www.es-karlsruhe.eu\/?page_id=1239\/"},"modified":"2021-02-03T11:23:39","modified_gmt":"2021-02-03T10:23:39","slug":"schola-europaea","status":"publish","type":"page","link":"https:\/\/www.es-karlsruhe.eu\/de\/unsere-schule\/schola-europaea\/","title":{"rendered":"Schola Europaea"},"content":{"rendered":"<p><strong>Die Zielsetzung der Europ\u00e4ischen Schulen liegt in der Erteilung eines mehrsprachigen und\u00a0multikulturellen Unterrichts f\u00fcr alle Kinder des Kindergartens, Primar- und Sekundarbereichs.<\/strong><\/p>\n<p>Die erste Europ\u00e4ische Schule wurde im Jahr 1953 in Luxemburg gegr\u00fcndet. Die Europ\u00e4ische Schule Karlsruhe war die erste Europ\u00e4ische Schule, die in Deutschland gegr\u00fcndet wurde.<br \/>\nSie wurde 1962 f\u00fcr Kinder der Beamten der Europ\u00e4ischen Kommission, die f\u00fcr das Forschungsinstitut &#8211; Joint Research Centre arbeiten (<a href=\"https:\/\/ec.europa.eu\/jrc\/en\">https:\/\/ec.europa.eu\/jrc\/en<\/a>) er\u00f6ffnet.<\/p>\n<p><strong>Heute bietet die Europ\u00e4ische Schule Karlsruhe dieses einzigartige Modell, Kindern aus europ\u00e4ischen und nicht-europ\u00e4ischen L\u00e4ndern, deren Eltern der Europ\u00e4ischen Kommission nicht angeh\u00f6ren.<\/strong><\/p>\n<div class=\"map-area\">\n\t\t\t\t<div id=\"europe-map\"><\/div>\n\t\t    \t<div class=\"description\">\n\t\t    \t\t<p><b>Die Schule auf der Europakarte<\/b><\/p>\n\t\t    \t<\/div>\n\t\t\t<\/div>\n\t\t\t<script>\n\t\t\t\tvar address = \"Albert-Schweitzer-Stra\u00dfe 1, 76139 Karlsruhe, Allemagne\";\n\t\t\t\tfunction initMap() {\n\t\t\t\t\t\/\/ Create a map object and specify the DOM element for display.\n\t\t\t\t\tvar geocoder = new google.maps.Geocoder();\n\t\t\t\t\tvar map = new google.maps.Map(document.getElementById(\"europe-map\"), {\n\t\t\t\t\t    disableDefaultUI: true,\n\t\t\t\t\t    zoom: 4\n\t\t\t\t\t});\n\t\t\t\t\tgeocoder.geocode( { \"address\": address}, function(results, status) {\n\t\t\t\t\t\tif (status == \"OK\") {\n\t\t\t\t\t\t    map.setCenter(results[0].geometry.location);\n\t\t\t\t\t\t    var marker = new google.maps.Marker({\n\t\t\t\t\t\t        map: map,\n\t\t\t\t\t\t        position: results[0].geometry.location\n\t\t\t\t\t\t    });\n\t\t\t\t\t\t} else {\n\t\t\t\t\t\t    console.log(\"Geocode was not successful for the following reason: \" + status);\n\t\t\t\t\t\t}\n\t\t\t\t\t});\n\t\t\t\t}\n\t\t\t<\/script>\n\t\t\t<script src=\"https:\/\/maps.googleapis.com\/maps\/api\/js?key=AIzaSyClErEp5rillN3hiEl5Hdwr1_0NbG5_6S8&callback=initMap\" async defer><\/script>\n<p>Die Europ\u00e4ischen Schulen sind offizielle Schulen, die gemeinsam von den Regierungen der Mitgliedstaaten der Europ\u00e4ischen Union sowie den Europ\u00e4ischen Gemeinschaften gegr\u00fcndet wurden.\u00a0Sie genie\u00dfen die Rechte und Pflichten einer \u00f6ffentlich-rechtlichen Bildungseinrichtung in den jeweiligen Sitzl\u00e4ndern.<\/p>\n<p>Zurzeit gibt es 13 dieser\u00a0Europ\u00e4ischen Schulen (Alicante, Br\u00fcssel I (Uccle + Berkendael), Br\u00fcssel II (Woluw\u00e9), Br\u00fcssel III (Ixelles),\u00a0Br\u00fcssel IV (Laeken),\u00a0Frankfurt-am-Main, Mol, Bergen, Karlsruhe, M\u00fcnchen, Varese und Luxemburg I &amp; II) in sechs L\u00e4ndern (Belgien, Niederlande, Deutschland, Italien, Spanien, das Vereinigte K\u00f6nigreich und Luxemburg), an denen zirka 27\u200b000 Sch\u00fcler eingeschrieben sind.<\/p>\n<p><a href=\"https:\/\/tramis.de\/2019\/06\/europaeische-schulen-ein-transnationales-system\/\">Ein transnationales System<\/a><\/p>\n<p><img loading=\"lazy\" decoding=\"async\" class=\"alignnone size-medium wp-image-6887\" src=\"https:\/\/www.es-karlsruhe.eu\/wp-content\/uploads\/2018\/02\/Europa-bei-nacht_1-1024x768-300x225.jpg\" alt=\"\" width=\"300\" height=\"225\" srcset=\"https:\/\/www.es-karlsruhe.eu\/wp-content\/uploads\/2018\/02\/Europa-bei-nacht_1-1024x768-300x225.jpg 300w, https:\/\/www.es-karlsruhe.eu\/wp-content\/uploads\/2018\/02\/Europa-bei-nacht_1-1024x768-768x576.jpg 768w, https:\/\/www.es-karlsruhe.eu\/wp-content\/uploads\/2018\/02\/Europa-bei-nacht_1-1024x768.jpg 1024w\" sizes=\"auto, (max-width: 300px) 100vw, 300px\" \/><\/p>\n","protected":false},"excerpt":{"rendered":"<p>Die Zielsetzung der Europ\u00e4ischen Schulen liegt in der Erteilung eines mehrsprachigen und\u00a0multikulturellen Unterrichts f\u00fcr alle Kinder des Kindergartens, Primar- und Sekundarbereichs. Die erste Europ\u00e4ische Schule wurde im Jahr 1953 in<a class=\"excerpt-read-more\" href=\"https:\/\/www.es-karlsruhe.eu\/de\/unsere-schule\/schola-europaea\/\" title=\"LesenSchola Europaea\">\u2026 weiterlesen &raquo;<\/a><\/p>\n","protected":false},"author":3,"featured_media":0,"parent":1222,"menu_order":0,"comment_status":"closed","ping_status":"closed","template":"","meta":{"footnotes":""},"class_list":["post-1239","page","type-page","status-publish","hentry"],"_links":{"self":[{"href":"https:\/\/www.es-karlsruhe.eu\/de\/wp-json\/wp\/v2\/pages\/1239","targetHints":{"allow":["GET"]}}],"collection":[{"href":"https:\/\/www.es-karlsruhe.eu\/de\/wp-json\/wp\/v2\/pages"}],"about":[{"href":"https:\/\/www.es-karlsruhe.eu\/de\/wp-json\/wp\/v2\/types\/page"}],"author":[{"embeddable":true,"href":"https:\/\/www.es-karlsruhe.eu\/de\/wp-json\/wp\/v2\/users\/3"}],"replies":[{"embeddable":true,"href":"https:\/\/www.es-karlsruhe.eu\/de\/wp-json\/wp\/v2\/comments?post=1239"}],"version-history":[{"count":5,"href":"https:\/\/www.es-karlsruhe.eu\/de\/wp-json\/wp\/v2\/pages\/1239\/revisions"}],"predecessor-version":[{"id":96107,"href":"https:\/\/www.es-karlsruhe.eu\/de\/wp-json\/wp\/v2\/pages\/1239\/revisions\/96107"}],"up":[{"embeddable":true,"href":"https:\/\/www.es-karlsruhe.eu\/de\/wp-json\/wp\/v2\/pages\/1222"}],"wp:attachment":[{"href":"https:\/\/www.es-karlsruhe.eu\/de\/wp-json\/wp\/v2\/media?parent=1239"}],"curies":[{"name":"wp","href":"https:\/\/api.w.org\/{rel}","templated":true}]}}