{"id":1256,"date":"2017-09-04T11:27:34","date_gmt":"2017-09-04T09:27:34","guid":{"rendered":"https:\/\/www.es-karlsruhe.eu\/?page_id=1256\/"},"modified":"2017-12-01T09:17:58","modified_gmt":"2017-12-01T08:17:58","slug":"grundschule","status":"publish","type":"page","link":"https:\/\/www.es-karlsruhe.eu\/de\/grundschule\/","title":{"rendered":"Grundschule"},"content":{"rendered":"<h2 class=\"title\">Willkommen in der <span class=\"primary-color\">Grundschule<\/span><\/h2>\n<p>F\u00fcr alle Eltern ist die Wahl der richtigen Schule f\u00fcr ihre Kinder keine leichte Entscheidung.<\/p>\n<p>Die Europ\u00e4ische Schule Karlsruhe ist eine internationale Bildungseinrichtung \u2013 durchg\u00e4ngig vom Kindergarten bis zum Europ\u00e4ischen Abitur \u2013 und hei\u00dft jedes Jahr viele Familien aus Karlsruhe, aus ganz Baden-W\u00fcrttemberg und benachbarten Bundesl\u00e4ndern willkommen.<\/p>\n<p>Unter Ber\u00fccksichtigung des Potenzials und Interesses wird das eigene Kind in der Europ\u00e4ischen Schule in seinen sprachlichen, mathematischen, wissenschaftlichen und kreativen F\u00e4higkeiten gef\u00f6rdert. Ein umfangreiches Lern-Netzwerk, das Kindern in der ESK zu Gute kommt, stellt sicher, dass jedes Kind die in den pr\u00e4genden Jahren seiner Entwicklung ben\u00f6tigte Motivation erh\u00e4lt.<\/p>\n","protected":false},"excerpt":{"rendered":"<p>Willkommen in der Grundschule F\u00fcr alle Eltern ist die Wahl der richtigen Schule f\u00fcr ihre Kinder keine leichte Entscheidung. Die Europ\u00e4ische Schule Karlsruhe ist eine internationale Bildungseinrichtung \u2013 durchg\u00e4ngig vom<a class=\"excerpt-read-more\" href=\"https:\/\/www.es-karlsruhe.eu\/de\/grundschule\/\" title=\"LesenGrundschule\">\u2026 weiterlesen &raquo;<\/a><\/p>\n","protected":false},"author":3,"featured_media":0,"parent":0,"menu_order":0,"comment_status":"closed","ping_status":"closed","template":"template-primary.php","meta":{"footnotes":""},"class_list":["post-1256","page","type-page","status-publish","hentry"],"_links":{"self":[{"href":"https:\/\/www.es-karlsruhe.eu\/de\/wp-json\/wp\/v2\/pages\/1256","targetHints":{"allow":["GET"]}}],"collection":[{"href":"https:\/\/www.es-karlsruhe.eu\/de\/wp-json\/wp\/v2\/pages"}],"about":[{"href":"https:\/\/www.es-karlsruhe.eu\/de\/wp-json\/wp\/v2\/types\/page"}],"author":[{"embeddable":true,"href":"https:\/\/www.es-karlsruhe.eu\/de\/wp-json\/wp\/v2\/users\/3"}],"replies":[{"embeddable":true,"href":"https:\/\/www.es-karlsruhe.eu\/de\/wp-json\/wp\/v2\/comments?post=1256"}],"version-history":[{"count":5,"href":"https:\/\/www.es-karlsruhe.eu\/de\/wp-json\/wp\/v2\/pages\/1256\/revisions"}],"predecessor-version":[{"id":3315,"href":"https:\/\/www.es-karlsruhe.eu\/de\/wp-json\/wp\/v2\/pages\/1256\/revisions\/3315"}],"wp:attachment":[{"href":"https:\/\/www.es-karlsruhe.eu\/de\/wp-json\/wp\/v2\/media?parent=1256"}],"curies":[{"name":"wp","href":"https:\/\/api.w.org\/{rel}","templated":true}]}}