{"id":1261,"date":"2017-09-05T11:49:12","date_gmt":"2017-09-05T09:49:12","guid":{"rendered":"https:\/\/www.es-karlsruhe.eu\/?page_id=1261\/"},"modified":"2025-01-14T11:34:48","modified_gmt":"2025-01-14T10:34:48","slug":"impressum","status":"publish","type":"page","link":"https:\/\/www.es-karlsruhe.eu\/de\/impressum\/","title":{"rendered":"Impressum"},"content":{"rendered":"<h3>Betreiber<\/h3>\n<p>Europ\u00e4ische Schule Karlsruhe<\/p>\n<h3>Gesetzlicher Vertreter<\/h3>\n<p>Der Direktor<\/p>\n<h3>Anschrift<\/h3>\n<p>Europ\u00e4ische Schule Karlsruhe<br \/>\nAlbert-Schweitzer-Stra\u00dfe 1<br \/>\n76139 Karlsruhe<br \/>\nTelefon: 0721-68009-0<br \/>\nTelefax: 0721-68009-50<\/p>\n<h3>Direktor der Schule<\/h3>\n<p>L\u00e1szl\u00f3 Munk\u00e1csy<br \/>\nTelefon: 0721-68009-0<br \/>\nTelefax: 0721-68009-50<br \/>\nE-Mail: KAR-DI&#82;&#69;&#67;&#84;&#79;&#82;&#64;&#x65;&#x75;&#x72;&#x73;&#x63;&#x2e;&#x65;&#x75;<\/p>\n<h3>Verantwortlich f\u00fcr den Inhalt<\/h3>\n<p>Der Direktor<\/p>\n<h3>Stilistischer Hinweis<\/h3>\n<p>Abstrakta wie Lehrer\/Sch\u00fcler werden geschlechtsunabh\u00e4ngig verwendet.<\/p>\n<h3>Hinweise zur Rechtsform<\/h3>\n<p>Die Europ\u00e4ische Schule Karlsruhe ist als Anstalt des \u00f6ffentlichen Rechts Glied der 1957 gegr\u00fcndeten Organisation der Europ\u00e4ischen Schulen. Die Organisation ist V\u00f6lkerrechts-subjekt. Aufgaben und Rechtsstellung der Europ\u00e4ischen Schulen sind in der Vereinbarung \u00fcber die Satzung der Europ\u00e4ischen Schulen vom 21. Juni 1996 und im Zusatzprotokoll zum Protokoll vom 13. April 1962 \u00fcber die Gr\u00fcndung Europ\u00e4ischer Schulen definiert.<\/p>\n<p>Die Durchf\u00fchrung der Vereinbarung \u00fcber die Satzung der Europ\u00e4ischen Schulen obliegt dem Obersten Rat der Europ\u00e4ischen Schulen, der zu diesem Zweck \u00fcber die erforderlichen Entscheidungsbefugnisse verf\u00fcgt. So erl\u00e4sst der Oberste Rat Richtlinien \u00fcber den Unterricht und dessen Ausgestaltung, regelt die Besch\u00e4ftigungsbedingungen der Bediensteten der Schulen und setzt die Allgemeine Schulordnung und das Schulgeld fest. Der Generalsekret\u00e4r der Europ\u00e4ischen Schulen ist dessen gesetzlicher Vertreter. Er hat seinen Sitz in Br\u00fcssel.<\/p>\n<p>Die Europ\u00e4ische Schule Karlsruhe betreibt und verwaltet diese Website im Rahmen der Erf\u00fcllung ihrer satzungsgem\u00e4\u00dfen Aufgaben.<\/p>\n<p>F\u00fcr Vollst\u00e4ndigkeit, Fehler redaktioneller und technischer Art, Auslassungen usw. sowie die Richtigkeit der Eintragungen kann keine Haftung \u00fcbernommen werden. Es wird keine Gew\u00e4hr daf\u00fcr gegeben, dass online erreichbare Dokumente amtliche Texte wortgetreu wiedergeben. Eine Gew\u00e4hr f\u00fcr die Vollst\u00e4ndigkeit und Richtigkeit von Informationen, die \u00fcber weiterf\u00fchrende Links erreicht werden, wird nicht \u00fcbernommen. Es wird betont, dass die Europ\u00e4ische Schule Karlsruhe keinen Einfluss auf die Gestaltung und die Inhalte der durch Link von dieser Homepage aus erreichbaren Seiten anderer Anbieter hat und sich deren Inhalt nicht zu eigen macht. Diese Erkl\u00e4rung gilt f\u00fcr alle Seiten dieser Homepage und s\u00e4mtliche dort angebrachten Links.<\/p>\n<p>Es ist beabsichtigt, Fehler und Irrt\u00fcmer technischer Art auszuschlie\u00dfen. Dennoch kann eine Freiheit von technischen Fehlern nicht garantiert werden. Die Europ\u00e4ische Schule Karlsruhe \u00fcbernimmt keine Haftung in Bezug auf technische Probleme, die durch die Nutzung dieser Homepage oder die dort angebrachten Links auftreten k\u00f6nnen.<\/p>\n<p>Vorbehalten bleibt das Recht, die bereitgestellten Informationen ohne vorherige Ank\u00fcndigung zu \u00e4ndern, zu erg\u00e4nzen oder zu entfernen.<\/p>\n<h3>Rechtlicher Hinweis<\/h3>\n<p>Haftungsausschluss<br \/>\nDie Europ\u00e4ische Schule Karlsruhe widmet der Erstellung dieser Website gr\u00f6\u00dfte Sorgfalt. Die Europ\u00e4ische Schule Karlsruhe \u00fcbernimmt jedoch keine Garantie f\u00fcr die Exaktheit der Informationen. Es ist dem Nutzer auch bewusst, dass die dargebotenen Informationen ohne Vorank\u00fcndigung ge\u00e4ndert werden k\u00f6nnen. Daraus folgt, dass die Europ\u00e4ische Schule Karlsruhe jede Haftung in Bezug auf den Inhalt der Website bzw. auf den Gebrauch ablehnt, der m\u00f6glicherweise davon gemacht werden k\u00f6nnte.<\/p>\n<p>Urheberrecht<br \/>\nDie Texte, Seiten-Layouts, Illustrationen und anderen Elemente dieser Website sind durch internationales Urheberrecht gesch\u00fctzt. Jede Kopie, Adaption, \u00dcbersetzung, Bearbeitung oder \u00c4nderung der Website als Ganzes oder einzelner Teile davon, in welcher Form und unter Verwendung welcher Mittel auch immer, sei es elektronisch, mechanisch oder auf sonstige Weise, ist ohne die vorherige schriftliche Genehmigung durch den Inhaber der Urheberrechte streng verboten. Jede Zuwiderhandlung kann zivilrechtliche oder strafrechtliche Verfolgung nach sich ziehen.<\/p>\n<p>Marken<br \/>\nBitte beachten Sie, dass eine Reihe der auf dieser Website verwendeten Bezeichnungen, Zeichen und Logos (insbesondere das Logo und die Bezeichnung \u00ab Schola europaea \u00bb) gesch\u00fctzte Marken sind.<\/p>\n<p>Zust\u00e4ndiges Gericht<br \/>\nJeder Streitfall im Zusammenhang mit der Website der Europ\u00e4ischen Schule Karlsruhe unterliegt ausschlie\u00dflich deutschem Recht. Zust\u00e4ndige Gerichtsbarkeit im Streitfall sind allein die Gerichte von Karlsruhe.<\/p>\n","protected":false},"excerpt":{"rendered":"<p>Betreiber Europ\u00e4ische Schule Karlsruhe Gesetzlicher Vertreter Der Direktor Anschrift Europ\u00e4ische Schule Karlsruhe Albert-Schweitzer-Stra\u00dfe 1 76139 Karlsruhe Telefon: 0721-68009-0 Telefax: 0721-68009-50 Direktor der Schule L\u00e1szl\u00f3 Munk\u00e1csy Telefon: 0721-68009-0 Telefax: 0721-68009-50 E-Mail:<a class=\"excerpt-read-more\" href=\"https:\/\/www.es-karlsruhe.eu\/de\/impressum\/\" title=\"LesenImpressum\">\u2026 weiterlesen &raquo;<\/a><\/p>\n","protected":false},"author":3,"featured_media":0,"parent":0,"menu_order":0,"comment_status":"closed","ping_status":"closed","template":"","meta":{"footnotes":""},"class_list":["post-1261","page","type-page","status-publish","hentry"],"_links":{"self":[{"href":"https:\/\/www.es-karlsruhe.eu\/de\/wp-json\/wp\/v2\/pages\/1261","targetHints":{"allow":["GET"]}}],"collection":[{"href":"https:\/\/www.es-karlsruhe.eu\/de\/wp-json\/wp\/v2\/pages"}],"about":[{"href":"https:\/\/www.es-karlsruhe.eu\/de\/wp-json\/wp\/v2\/types\/page"}],"author":[{"embeddable":true,"href":"https:\/\/www.es-karlsruhe.eu\/de\/wp-json\/wp\/v2\/users\/3"}],"replies":[{"embeddable":true,"href":"https:\/\/www.es-karlsruhe.eu\/de\/wp-json\/wp\/v2\/comments?post=1261"}],"version-history":[{"count":7,"href":"https:\/\/www.es-karlsruhe.eu\/de\/wp-json\/wp\/v2\/pages\/1261\/revisions"}],"predecessor-version":[{"id":164979,"href":"https:\/\/www.es-karlsruhe.eu\/de\/wp-json\/wp\/v2\/pages\/1261\/revisions\/164979"}],"wp:attachment":[{"href":"https:\/\/www.es-karlsruhe.eu\/de\/wp-json\/wp\/v2\/media?parent=1261"}],"curies":[{"name":"wp","href":"https:\/\/api.w.org\/{rel}","templated":true}]}}