{"id":1380,"date":"2017-09-09T12:12:47","date_gmt":"2017-09-09T10:12:47","guid":{"rendered":"https:\/\/www.es-karlsruhe.eu\/?page_id=1380\/"},"modified":"2017-11-23T10:00:06","modified_gmt":"2017-11-23T09:00:06","slug":"alumni-de","status":"publish","type":"page","link":"https:\/\/www.es-karlsruhe.eu\/de\/unsere-schule\/alumni-de\/","title":{"rendered":"Alumni"},"content":{"rendered":"<div class=\"title-deco\" id=\"\"><div class=\"blue-bloc\"><\/div><h2 class=\"title\">Alumni Europae<\/h2><\/div>\n<p>Alumni Europae m\u00f6chte ehemalige Sch\u00fcler sowie Eltern, Lehrer und Mitarbeiter aller Europ\u00e4ischen Schulen zusammenbringen und wiedervereinen. Um mehr Informationen zu erhalten und Teil von Alumni Europae zu werden, klicken Sie bitte auf den folgenden Link.<\/p>\n<p>Sie sind gerade dabei, die Website der Europ\u00e4ischen Schule Karlsruhe zu verlassen. Die auf den folgenden Seiten enthaltenen Inhalte liegen somit nicht mehr in unserem Verantwortungsbereich.<\/p>\n<span class=\"custom-link right\"><a href=\"http:\/\/www.alumnieuropae.org\" target=\"_blank\">Alumni Europae<\/a><\/span>\n","protected":false},"excerpt":{"rendered":"<p>Alumni Europae m\u00f6chte ehemalige Sch\u00fcler sowie Eltern, Lehrer und Mitarbeiter aller Europ\u00e4ischen Schulen zusammenbringen und wiedervereinen. Um mehr Informationen zu erhalten und Teil von Alumni Europae zu werden, klicken Sie<a class=\"excerpt-read-more\" href=\"https:\/\/www.es-karlsruhe.eu\/de\/unsere-schule\/alumni-de\/\" title=\"LesenAlumni\">\u2026 weiterlesen &raquo;<\/a><\/p>\n","protected":false},"author":3,"featured_media":0,"parent":1222,"menu_order":0,"comment_status":"closed","ping_status":"closed","template":"","meta":{"footnotes":""},"class_list":["post-1380","page","type-page","status-publish","hentry"],"_links":{"self":[{"href":"https:\/\/www.es-karlsruhe.eu\/de\/wp-json\/wp\/v2\/pages\/1380","targetHints":{"allow":["GET"]}}],"collection":[{"href":"https:\/\/www.es-karlsruhe.eu\/de\/wp-json\/wp\/v2\/pages"}],"about":[{"href":"https:\/\/www.es-karlsruhe.eu\/de\/wp-json\/wp\/v2\/types\/page"}],"author":[{"embeddable":true,"href":"https:\/\/www.es-karlsruhe.eu\/de\/wp-json\/wp\/v2\/users\/3"}],"replies":[{"embeddable":true,"href":"https:\/\/www.es-karlsruhe.eu\/de\/wp-json\/wp\/v2\/comments?post=1380"}],"version-history":[{"count":5,"href":"https:\/\/www.es-karlsruhe.eu\/de\/wp-json\/wp\/v2\/pages\/1380\/revisions"}],"predecessor-version":[{"id":2072,"href":"https:\/\/www.es-karlsruhe.eu\/de\/wp-json\/wp\/v2\/pages\/1380\/revisions\/2072"}],"up":[{"embeddable":true,"href":"https:\/\/www.es-karlsruhe.eu\/de\/wp-json\/wp\/v2\/pages\/1222"}],"wp:attachment":[{"href":"https:\/\/www.es-karlsruhe.eu\/de\/wp-json\/wp\/v2\/media?parent=1380"}],"curies":[{"name":"wp","href":"https:\/\/api.w.org\/{rel}","templated":true}]}}