{"id":1384,"date":"2017-09-07T12:13:50","date_gmt":"2017-09-07T10:13:50","guid":{"rendered":"https:\/\/www.es-karlsruhe.eu\/?page_id=1384\/"},"modified":"2026-01-21T13:02:13","modified_gmt":"2026-01-21T12:02:13","slug":"ihre-ansprechpartner","status":"publish","type":"page","link":"https:\/\/www.es-karlsruhe.eu\/de\/unsere-schule\/ihre-ansprechpartner\/","title":{"rendered":"Ihre Ansprechpartner"},"content":{"rendered":"<div class=\"title-deco\" id=\"\"><div class=\"blue-bloc\"><\/div><h2 class=\"title\">Direktion<\/h2><\/div>\n<div class=\"staff-member\"><span class=\"name\">Herr L\u00e1szl\u00f3 Munk\u00e1csy<\/span><span class=\"job\">Director<\/span><a href=\"&#x6d;&#97;&#x69;&#x6c;&#116;&#x6f;&#58;K&#x41;&#82;-&#x45;&#88;E&#x43;&#85;T&#x49;&#86;&#x45;&#x2d;&#65;&#x53;&#x53;&#73;&#x53;&#84;A&#x4e;&#84;&#64;&#x65;&#117;r&#x73;&#99;&#46;&#x65;&#117;\" class=\"mail\">KAR-EXECUTIVE-ASSISTANT&#64;&#101;&#117;&#114;&#115;&#99;&#46;&#101;&#117;<\/a><\/div>\n<div class=\"staff-member\"><span class=\"name\">Frau Nassira Schandruk<\/span><span class=\"job\">Assistentin der Direktion<\/span><a href=\"&#x6d;&#x61;&#x69;&#x6c;&#x74;&#x6f;&#x3a;&#x4b;&#x41;&#x52;&#x2d;&#69;&#88;&#69;&#67;&#85;&#84;&#73;VE-ASS&#x49;&#x53;&#x54;&#x41;&#x4e;&#x54;&#x40;&#x65;&#x75;&#x72;&#x73;&#x63;&#46;&#101;&#117;\" class=\"mail\">&#75;A&#82;-&#69;X&#x45;C&#x55;T&#x49;V&#x45;-&#x41;S&#x53;I&#x53;T&#x41;N&#x54;&#64;&#x65;&#117;&#x72;&#115;&#x63;&#46;&#x65;&#117;<\/a><span class=\"phone\">+49 (0)7 21-6 80 09-17<\/span><\/div>\n<div class=\"staff-member\"><span class=\"name\">Frau  Anabela Santos<\/span><span class=\"job\">Stellvertr. Direktorin f\u00fcr die Oberschule<\/span><a href=\"&#109;&#x61;&#x69;l&#116;&#x6f;:&#107;&#x61;&#x72;&#45;&#x64;&#x65;p&#117;&#x74;y&#45;&#x64;&#x69;&#114;&#x65;&#x63;t&#111;&#x72;-&#115;&#x65;&#x63;&#111;&#x6e;&#x64;a&#114;&#x79;-&#99;&#x79;&#x63;&#108;&#x65;&#x40;e&#117;&#x72;s&#99;&#x2e;&#x65;&#117;\" class=\"mail\">&#x6b;&#97;&#x72;&#45;d&#x65;&#112;u&#x74;&#121;&#x2d;&#x64;i&#x72;&#101;c&#x74;&#111;&#x72;&#x2d;s&#x65;&#99;o&#x6e;&#100;a&#x72;&#121;&#x2d;&#99;y&#x63;&#108;e&#x40;&#101;&#x75;&#x72;s&#x63;&#46;e&#x75;<\/a><\/div>\n<div class=\"staff-member\"><span class=\"name\">Herr Fabrice Br\u00e9court<\/span><span class=\"job\">Referent der stellv. Direktorin -  Oberschule<\/span><a href=\"mailto:kar-assistant-dep&#117;&#116;&#121;&#45;&#100;&#105;&#114;&#101;&#99;&#116;&#111;&#114;&#45;&#115;&#101;&#99;&#111;&#110;&#100;&#97;&#114;&#121;&#45;&#99;&#121;&#99;&#108;&#101;&#64;&#101;&#117;&#x72;&#x73;&#x63;&#x2e;&#x65;&#x75;\" class=\"mail\">&#x6b;a&#x72;&#45;&#x61;&#115;s&#x69;s&#x74;&#97;&#x6e;&#116;-&#x64;&#101;&#x70;&#117;t&#x79;-&#x64;&#105;&#x72;&#101;c&#x74;o&#x72;&#45;&#x73;&#x65;c&#x6f;&#110;&#x64;&#97;r&#x79;-&#x63;&#121;&#x63;&#108;e&#x40;&#101;&#x75;&#114;&#x73;&#x63;&#46;&#x65;&#117;<\/a><span class=\"phone\">Tel. +49 (0)7 21-6 80 09-38<\/span><\/div>\n<div class=\"staff-member\"><span class=\"name\">Herr Holger Klose<\/span><span class=\"job\">Stellvertr. Direktor f\u00fcr Grundschule und Kindergarten<\/span><a href=\"&#x6d;&#97;&#x69;&#108;t&#x6f;&#58;k&#x61;&#114;&#x2d;&#x64;e&#x70;&#117;t&#x79;&#45;&#x64;&#x69;r&#x65;&#99;t&#x6f;&#114;-&#x6e;&#117;&#x72;&#115;e&#x72;&#121;-&#x61;&#110;&#x64;&#x2d;p&#x72;&#105;m&#x61;&#114;&#x79;&#x2d;c&#x79;&#99;l&#x65;&#64;e&#x75;&#114;&#x73;&#99;&#46;&#x65;&#117;\" class=\"mail\">&#x6b;&#97;r&#x2d;&#x64;&#101;p&#x75;&#116;y&#x2d;&#x64;&#105;r&#x65;&#99;t&#x6f;&#x72;&#45;n&#x75;&#x72;&#115;&#x65;&#x72;&#121;-&#x61;&#x6e;&#100;-&#x70;&#114;i&#x6d;&#x61;&#114;y&#x2d;&#99;y&#x63;&#x6c;&#101;&#64;&#x65;&#x75;&#114;&#x73;&#x63;&#46;e&#x75;<\/a><\/div>\n<div class=\"staff-member\"><span class=\"name\">Frau Rachel Weller<\/span><span class=\"job\">Kommissarische Referentin des stellv. Direktors Kindergarten und Grundschule<\/span><a href=\"&#x6d;&#97;i&#x6c;&#x74;&#111;:&#x6b;&#x61;&#114;-&#x61;&#115;s&#x69;&#x73;&#116;a&#x6e;&#x74;&#45;d&#x65;&#112;&#117;&#x74;&#x79;&#45;d&#x69;&#x72;&#101;c&#x74;&#111;&#114;-&#x6e;&#117;r&#x73;&#x65;&#114;y&#x2d;&#x61;&#110;d&#x2d;&#112;r&#x69;&#x6d;&#97;r&#x79;&#x2d;&#99;y&#x63;&#108;&#101;&#x40;&#x65;&#117;r&#x73;&#x63;&#46;e&#x75;\" class=\"mail\">&#x6b;&#97;&#114;-&#x61;&#x73;&#115;i&#x73;&#x74;&#97;n&#x74;&#x2d;&#100;e&#x70;&#x75;&#116;y&#x2d;&#x64;&#105;r&#x65;&#x63;&#116;&#111;r&#x2d;&#x6e;&#117;r&#x73;&#x65;&#114;y&#x2d;&#x61;&#110;d&#x2d;&#x70;&#114;i&#x6d;&#x61;&#114;y&#x2d;&#x63;&#121;&#99;l&#x65;&#x40;&#101;u&#x72;&#x73;&#99;&#46;&#x65;&#x75;<\/a><span class=\"phone\">Tel. +49 (0)7 21-6 80 09-43<\/span><\/div>\n<p>&nbsp;<\/p>\n<div class=\"title-deco\" id=\"\"><div class=\"blue-bloc\"><\/div><h2 class=\"title\">Verwaltung<\/h2><\/div>\n<div class=\"staff-member\"><span class=\"name\">Frau Stefania Bartholdy<\/span><span class=\"job\">Anmeldung Grund- und Oberschule<\/span><a href=\"m&#97;&#105;&#x6c;&#x74;&#x6f;:&#115;&#116;&#x65;&#x66;&#x61;ni&#97;&#x2e;&#x62;&#x61;rt&#104;&#111;&#x6c;&#x64;&#x79;&#64;&#101;&#117;&#x72;&#x73;&#x63;&#46;&#101;&#117;\" class=\"mail\">&#115;&#x74;e&#102;&#x61;&#110;&#x69;a&#46;&#x62;a&#x72;&#x74;&#104;&#x6f;l&#100;&#x79;&#64;&#x65;&#x75;&#114;&#x73;c&#46;&#x65;&#117;<\/a><span class=\"phone\">Tel. +49 (0)7 21-6 80 09-72<\/span><\/div>\n<div class=\"staff-member\"><span class=\"name\">Frau Katharina Lins<\/span><span class=\"job\">Anmeldung Kindergarten und Human Resources<\/span><a href=\"&#x6d;&#x61;&#x69;&#x6c;&#x74;&#x6f;&#x3a;&#x6b;&#x61;&#x74;&#x68;&#x61;&#x72;&#x69;&#x6e;&#x61;&#x2e;&#x6c;&#x69;&#x6e;&#x73;&#x40;&#x65;&#x75;&#x72;&#x73;&#x63;&#x2e;&#x65;&#x75;\" class=\"mail\">ka&#116;&#104;&#97;&#114;&#x69;&#x6e;&#x61;&#x2e;&#x6c;in&#115;&#64;&#101;&#117;&#x72;&#x73;&#x63;&#x2e;&#x65;u<\/a><span class=\"phone\">Tel. +49 (0)7 21-6 80 09-76<\/span><\/div>\n<div class=\"staff-member\"><span class=\"name\">Frau Martina Morlock<\/span><span class=\"job\">School fees<\/span><a href=\"&#109;&#x61;i&#x6c;&#x74;&#111;&#x3a;K&#65;&#x52;&#45;&#x53;C&#72;&#x4f;O&#x4c;F&#69;&#x45;S&#x40;&#x65;&#117;&#x72;s&#99;&#x2e;&#101;&#x75;\" class=\"mail\">&#x4b;A&#x52;&#45;S&#x43;&#72;&#x4f;&#x4f;L&#x46;&#69;E&#x53;&#64;&#x65;&#117;r&#x73;&#99;&#46;&#x65;&#117;<\/a><span class=\"phone\">Tel. +49 (0)7 21-6 80 09-20<\/span><\/div>\n<div class=\"staff-member\"><span class=\"name\">Frau Liliana Casillo-Anika<\/span><span class=\"job\">School fees<\/span><a href=\"&#109;&#x61;&#105;&#x6c;&#116;&#x6f;&#58;&#x4b;A&#x52;-&#x53;C&#x48;O&#79;&#x4c;&#70;&#x45;&#69;&#x53;&#64;&#x65;&#117;&#x72;s&#x63;&#46;&#x65;u\" class=\"mail\">&#75;&#x41;R&#45;&#x53;C&#72;&#x4f;O&#x4c;&#x46;&#69;&#x45;S&#64;&#x65;u&#114;&#x73;c&#x2e;&#x65;&#117;<\/a><span class=\"phone\">Tel. +49 (0)7 21-6 80 09-75<\/span><\/div>\n<div class=\"staff-member\"><span class=\"name\">Frau Magdalena Aitken<\/span><span class=\"job\">Sekretariat \u2013 Marketing und Kommunikation<\/span><a href=\"m&#97;&#x69;&#x6c;t&#111;&#58;&#x6d;&#x61;g&#100;&#x61;&#x6c;e&#110;&#97;&#x2e;&#x61;i&#116;&#x6b;&#x65;n&#64;&#101;&#x75;&#x72;s&#99;&#x2e;&#x65;u\" class=\"mail\">mag&#100;&#97;&#108;&#101;&#x6e;&#x61;&#x2e;&#x61;&#x69;&#x74;&#x6b;en&#64;&#101;&#117;&#114;&#115;&#99;&#x2e;&#x65;&#x75;<\/a><span class=\"phone\">Tel. +49 (0)7 21-6 80 09-12<\/span><\/div>\n<p>&nbsp;<\/p>\n<div class=\"title-deco\" id=\"\"><div class=\"blue-bloc\"><\/div><h2 class=\"title\"> Kindergarten und Grundschule<\/h2><\/div>\n<div class=\"staff-member\"><span class=\"name\">Herr Holger Klose<\/span><span class=\"job\">Stellvertr. Direktor f\u00fcr Grundschule und Kindergarten<\/span><a href=\"&#x6d;&#x61;&#x69;&#x6c;&#116;&#111;:ka&#x72;&#x2d;&#x64;&#x65;&#112;&#117;ty-&#x64;&#x69;&#x72;&#x65;&#99;&#116;&#111;r-&#x6e;&#x75;&#x72;&#x73;&#101;&#114;&#121;-a&#x6e;&#x64;&#x2d;&#x70;&#114;&#105;&#109;ar&#x79;&#x2d;&#x63;&#x79;&#99;&#108;&#101;&#64;e&#x75;&#x72;&#x73;&#x63;&#46;&#101;&#117;\" class=\"mail\">&#107;&#x61;&#x72;-&#100;&#x65;&#x70;u&#116;&#x79;-&#100;&#x69;&#x72;e&#99;&#x74;o&#114;&#x2d;&#x6e;u&#114;&#x73;&#x65;&#114;&#x79;&#x2d;a&#110;&#x64;&#x2d;p&#114;&#x69;m&#97;&#x72;&#x79;-&#99;&#x79;c&#108;&#x65;&#x40;e&#117;&#x72;&#x73;&#99;&#x2e;&#x65;u<\/a><\/div>\n<div class=\"staff-member\"><span class=\"name\">Frau Rachel Weller<\/span><span class=\"job\">Kommissarische Referentin des stellv. Direktors Kindergarten und Grundschule<\/span><a href=\"&#x6d;a&#x69;&#108;&#x74;&#111;&#x3a;&#x6b;a&#x72;&#45;&#x61;&#115;&#x73;&#105;s&#x74;&#97;&#x6e;&#116;&#x2d;&#100;e&#x70;&#117;&#x74;&#121;&#x2d;&#100;i&#x72;e&#x63;&#116;&#x6f;&#114;-&#x6e;u&#x72;&#115;&#x65;&#114;y&#x2d;a&#x6e;&#100;&#x2d;&#112;r&#x69;m&#x61;&#114;&#x79;&#45;c&#x79;c&#x6c;&#101;&#x40;&#101;u&#x72;s&#x63;&#46;&#x65;&#117;\" class=\"mail\">&#x6b;&#97;r&#x2d;&#97;s&#x73;&#105;s&#x74;&#97;n&#x74;&#45;d&#x65;&#x70;u&#x74;&#x79;&#45;&#x64;&#x69;&#114;&#x65;&#x63;&#116;o&#x72;&#45;n&#x75;&#114;s&#x65;&#114;y&#x2d;&#97;n&#x64;&#x2d;p&#x72;&#x69;&#109;&#x61;&#x72;&#121;&#x2d;&#x63;&#121;c&#x6c;&#101;&#64;&#x65;&#117;r&#x73;&#99;&#46;&#x65;&#117;<\/a><span class=\"phone\">Tel. +49 (0)7 21-6 80 09-43<\/span><\/div>\n<div class=\"staff-member\"><span class=\"name\">Frau Marie Allmann<\/span><span class=\"job\">Sekretariat Grundschule + Kindergarten<\/span><a href=\"&#x6d;&#x61;&#x69;&#108;&#116;o:&#x6d;&#x61;&#x72;&#105;&#101;&#46;a&#x6c;&#x6c;&#x6d;&#97;&#110;n&#64;&#x65;&#x75;&#x72;&#115;&#99;&#46;e&#x75;\" class=\"mail\">&#x6d;&#x61;&#114;i&#x65;&#x2e;&#x61;&#108;l&#x6d;&#x61;&#x6e;&#110;&#64;&#x65;&#x75;&#x72;&#115;c&#x2e;&#x65;&#x75;<\/a><span class=\"phone\">Tel. +49 (0)721-68009-15<\/span><\/div>\n<div class=\"staff-member\"><span class=\"name\">Herr Rafael Ledwig<\/span><span class=\"job\">Hausmeister Grundschule<\/span><a href=\"&#x6d;&#97;&#105;l&#x74;&#x6f;&#58;r&#x61;&#x66;&#97;e&#x6c;&#x2e;&#108;e&#x64;&#x77;&#105;g&#x40;&#x73;&#116;a&#x66;&#x66;&#46;&#101;u&#x72;&#x73;&#99;&#46;&#x65;&#x75;\" class=\"mail\">&#x72;a&#x66;a&#x65;&#108;&#x2e;&#108;e&#x64;w&#x69;&#103;&#x40;&#115;&#x74;&#97;f&#x66;&#46;&#x65;&#117;&#x72;&#115;&#x63;&#x2e;e&#x75;<\/a><span class=\"phone\">Tel. +49 (0)7 21-6 80 09-26<br \/>\noder + 49 (0)1 51 28 3 72 432<\/span><\/div>\n<div class=\"staff-member\"><span class=\"name\">Frau Karina Mander<\/span><span class=\"job\">Bibliothekarin<\/span><a href=\"&#x6d;&#x61;&#x69;&#x6c;&#x74;&#x6f;&#x3a;&#107;&#97;&#114;&#105;&#110;a&#46;ma&#x6e;&#x64;&#x65;&#x72;&#x40;&#x65;&#x64;&#x75;&#46;&#101;&#117;&#114;&#115;c&#46;eu\" class=\"mail\">&#107;&#97;&#x72;i&#110;&#x61;&#x2e;m&#97;&#x6e;&#x64;e&#114;&#x40;&#x65;d&#117;&#x2e;&#x65;u&#114;&#x73;&#x63;&#46;&#101;&#x75;<\/a><span class=\"phone\">Tel. +49 (0)7 21-6 80 09-22<\/span><\/div>\n<div class=\"staff-member\"><span class=\"name\">Frau Marina Stavrou<\/span><span class=\"job\">Schulpsychologin<\/span><a href=\"ma&#105;&#108;&#x74;&#x6f;&#x3a;&#x6b;ar&#45;&#98;&#x65;&#x72;&#x61;&#x74;un&#103;&#64;&#112;&#x61;&#x72;&#x74;&#x6e;er&#46;&#101;&#x75;&#x72;&#x73;&#x63;&#46;e&#117;\" class=\"mail\">&#x6b;&#97;&#114;&#x2d;&#x62;&#101;&#114;&#x61;&#x74;&#117;&#110;&#x67;&#x40;&#112;&#97;&#x72;&#x74;&#110;&#101;&#x72;&#x2e;&#101;&#117;&#x72;&#x73;&#99;&#46;&#x65;&#x75;<\/a><span class=\"phone\">Tel. +49 (0)7 21-6 80 09-57<br \/>\n(Dienstag + Donnerstag)<\/span><\/div>\n<div class=\"staff-member\"><span class=\"name\">Frau Joanne Molloy<\/span><span class=\"job\">Krankenschwester<\/span><a href=\"&#109;&#x61;&#105;&#x6c;t&#x6f;:&#106;&#x6f;&#97;&#x6e;&#110;&#x65;&#46;&#x6d;o&#108;&#x6c;&#111;&#x79;&#64;&#x65;u&#x72;&#x73;&#99;&#x2e;&#101;&#x75;\" class=\"mail\">&#x6a;&#111;&#x61;&#x6e;&#110;&#x65;&#46;m&#x6f;&#108;l&#x6f;&#121;&#64;&#x65;&#117;r&#x73;&#99;&#x2e;&#x65;&#117;<\/a><span class=\"phone\">Tel. +49 (0)7 21-6 80 09-23<br \/>\noder +49 160 30 63697<\/span><\/div>\n<p>&nbsp;<\/p>\n<div class=\"title-deco\" id=\"\"><div class=\"blue-bloc\"><\/div><h2 class=\"title\">Oberschule<\/h2><\/div>\n<div class=\"staff-member\"><span class=\"name\">Frau  Anabela Santos<\/span><span class=\"job\">Stellvertr. Direktorin f\u00fcr die Oberschule<\/span><a href=\"&#x6d;&#x61;&#x69;&#x6c;&#x74;&#x6f;&#x3a;&#x6b;&#x61;&#x72;&#x2d;&#100;&#101;&#112;&#117;&#116;&#121;&#45;direct&#x6f;&#x72;&#x2d;&#x73;&#x65;&#x63;&#x6f;&#x6e;&#x64;&#x61;&#x72;&#x79;&#45;&#99;&#121;&#99;&#108;&#101;&#64;eursc&#46;&#x65;&#x75;\" class=\"mail\">&#107;a&#x72;-&#x64;e&#x70;u&#x74;&#121;&#x2d;&#100;&#x69;&#114;&#x65;&#99;t&#111;r&#x2d;s&#x65;c&#x6f;&#110;&#x64;&#97;&#x72;&#121;&#x2d;&#99;&#x79;&#99;l&#101;&#64;&#x65;u&#x72;s&#x63;&#46;&#x65;&#117;<\/a><\/div>\n<div class=\"staff-member\"><span class=\"name\">Herr Fabrice Br\u00e9court<\/span><span class=\"job\">Referent der stellv. Direktorin -  Oberschule<\/span><a href=\"&#109;&#x61;i&#108;&#x74;o&#x3a;&#x6b;&#97;&#x72;-&#97;&#x73;s&#105;&#x73;&#116;&#x61;n&#116;&#x2d;d&#101;&#x70;&#117;&#x74;&#x79;&#45;&#x64;i&#114;&#x65;c&#x74;&#x6f;&#114;&#x2d;s&#101;&#x63;o&#110;&#x64;&#97;&#x72;y&#45;&#x63;y&#99;&#x6c;e&#x40;&#x65;&#117;&#x72;s&#99;&#x2e;e&#x75;\" class=\"mail\">k&#97;&#114;&#x2d;&#x61;&#x73;&#x73;i&#115;&#116;&#97;&#x6e;&#x74;&#x2d;de&#112;&#117;&#x74;&#x79;&#x2d;di&#114;&#101;&#x63;&#x74;&#x6f;r-&#115;&#101;&#x63;&#x6f;&#x6e;da&#114;&#121;&#x2d;&#x63;&#x79;cl&#101;&#64;&#x65;&#x75;&#x72;&#x73;c&#46;&#101;&#x75;<\/a><span class=\"phone\">Tel. +49 (0)7 21-6 80 09-38<\/span><\/div>\n<div class=\"staff-member\"><span class=\"name\">Frau Louise W\u00e4hling<\/span><span class=\"job\">Sekretariat, Oberschule<\/span><a href=\"m&#97;&#105;&#x6c;&#x74;&#x6f;:l&#111;&#117;&#x69;&#x73;&#x65;&#46;&#119;&#97;&#101;&#x68;&#x6c;&#x69;n&#103;&#64;&#x65;&#x75;&#x72;sc&#46;&#101;&#x75;\" class=\"mail\">&#x6c;&#x6f;&#x75;&#x69;&#x73;&#x65;&#x2e;&#x77;&#97;&#101;&#104;&#108;&#105;&#110;&#103;&#64;eur&#x73;&#x63;&#x2e;&#x65;&#x75;<\/a><span class=\"phone\">Tel. +49 (0)7 21-6 80 09-13<\/span><\/div>\n<div class=\"staff-member\"><span class=\"name\">Mr. Pietro Bartuccio<\/span><span class=\"job\">Facility manager<\/span><a href=\"&#109;&#x61;&#105;&#x6c;t&#x6f;:&#112;&#x69;&#101;&#x74;&#114;&#x6f;&#46;&#x62;a&#114;&#x74;&#117;&#x63;c&#x69;o&#x40;&#x73;&#116;&#x61;&#102;&#x66;&#46;&#x65;u&#114;&#x73;&#99;&#x2e;&#101;&#x75;\" class=\"mail\">p&#105;&#101;&#x74;&#x72;&#x6f;&#46;b&#97;&#114;&#x74;&#x75;&#x63;c&#105;&#111;&#64;&#x73;&#x74;&#x61;f&#102;&#46;&#x65;&#x75;&#x72;sc&#46;&#101;&#x75;<\/a><span class=\"phone\">+49 7 21 6 80 09-62<\/span><\/div>\n<div class=\"staff-member\"><span class=\"name\">Frau Marina Stavrou<\/span><span class=\"job\">Schulpsychologe<\/span><a href=\"&#109;&#x61;&#x69;&#108;&#x74;&#x6f;&#58;&#x6b;&#x61;&#114;&#x2d;&#x62;&#101;&#x72;&#x61;&#116;&#x75;&#x6e;&#103;&#x40;&#x70;&#97;&#x72;&#x74;&#110;&#x65;&#x72;&#46;&#x65;&#x75;r&#x73;&#x63;&#46;&#101;&#x75;\" class=\"mail\">&#x6b;a&#x72;&#45;&#x62;&#x65;r&#x61;&#116;&#x75;&#x6e;g&#x40;&#112;&#x61;&#x72;t&#x6e;&#101;&#x72;&#x2e;e&#x75;&#114;&#x73;&#x63;&#46;&#x65;&#117;<\/a><span class=\"phone\">Tel. +49 (0)7 21-6 80 09-57<br \/>\n(Dienstag + Donnerstag)<\/span><\/div>\n<div class=\"staff-member\"><span class=\"name\">Frau Joanne Molloy<\/span><span class=\"job\">Krankenschwester<\/span><a href=\"&#x6d;&#x61;&#x69;&#x6c;&#x74;&#x6f;&#x3a;&#x6a;&#111;&#97;&#110;&#110;&#101;&#46;&#109;ollo&#x79;&#x40;&#x65;&#x64;&#x75;&#x2e;&#x65;&#x75;&#x72;&#115;&#99;&#46;&#101;&#117;\" class=\"mail\">j&#111;&#x61;&#x6e;n&#101;&#x2e;&#x6d;o&#108;&#x6c;&#x6f;y&#64;&#x65;&#x64;u&#46;&#x65;&#x75;r&#115;&#99;&#x2e;&#x65;u<\/a><span class=\"phone\">Tel. +49 (0)7 21-6 80 09-23<br \/>\noder +49 160 30 63697<\/span><\/div>\n<p>&nbsp;<\/p>\n<div class=\"title-deco\" id=\"\"><div class=\"blue-bloc\"><\/div><h2 class=\"title\">Weitere Kontakte<\/h2><\/div>\n<div class=\"staff-member\"><span class=\"name\">Elternvereinigung<\/span><span class=\"job\">Frau Felicitas Martens\/Frau Brynn Thompson-Renz, Vorsitzende<\/span><a href=\"&#109;&#x61;&#105;&#x6c;&#116;&#x6f;:&#x6b;a&#x72;-&#101;&#x76;&#64;&#x70;&#97;&#x72;&#116;&#x6e;e&#x72;&#46;&#x65;u&#114;&#x73;&#99;&#x2e;&#101;&#x75;\" class=\"mail\">&#x6b;&#x61;&#114;&#45;ev&#x40;&#x70;&#x61;&#114;tn&#x65;&#x72;&#x2e;&#101;&#117;r&#x73;&#x63;&#x2e;&#101;&#117;<\/a><span class=\"phone\">Tel. +49 (0)7 21-6 80 09-45<\/span><\/div>\n<div class=\"staff-member\"><span class=\"name\">Sch\u00fclertansport<\/span><span class=\"job\">Frau Elena Kobitskaya<\/span><a href=\"&#x6d;&#97;i&#x6c;&#116;o&#x3a;&#99;o&#x6e;&#116;a&#x63;&#116;&#64;&#x65;&#115;k&#x61;&#114;-&#x74;&#114;a&#x6e;&#115;p&#x6f;&#114;t&#x2e;&#100;e\" class=\"mail\">&#x63;&#111;&#110;t&#x61;&#x63;&#116;&#64;&#x65;&#x73;&#107;a&#x72;&#x2d;&#116;r&#x61;&#x6e;&#115;p&#x6f;&#x72;&#116;&#46;&#x64;&#x65;<\/a><span class=\"phone\">Tel. +49 (0)7 21-6 80 09-45<\/span><\/div>\n<div class=\"staff-member\"><span class=\"name\">Kantine<\/span><span class=\"job\">Herr Jan Birkenmaier<\/span><a href=\"&#109;&#x61;i&#x6c;t&#111;&#x3a;&#55;&#x31;6&#49;&#x2e;&#49;&#x40;c&#x6f;&#x6d;&#112;&#x61;s&#x73;-&#103;&#x72;&#111;&#x75;p&#46;&#x64;&#101;\" class=\"mail\">7161&#46;&#49;&#64;&#99;&#111;&#x6d;&#x70;&#x61;&#x73;&#x73;&#x2d;&#x67;roup&#46;&#100;&#101;<\/a><span class=\"phone\">Tel. +49 (0)7 21-6 80 09-29<\/span><\/div>\n","protected":false},"excerpt":{"rendered":"<p>&nbsp; &nbsp; &nbsp; &nbsp;<\/p>\n","protected":false},"author":3,"featured_media":0,"parent":1222,"menu_order":0,"comment_status":"closed","ping_status":"closed","template":"","meta":{"footnotes":""},"class_list":["post-1384","page","type-page","status-publish","hentry"],"_links":{"self":[{"href":"https:\/\/www.es-karlsruhe.eu\/de\/wp-json\/wp\/v2\/pages\/1384","targetHints":{"allow":["GET"]}}],"collection":[{"href":"https:\/\/www.es-karlsruhe.eu\/de\/wp-json\/wp\/v2\/pages"}],"about":[{"href":"https:\/\/www.es-karlsruhe.eu\/de\/wp-json\/wp\/v2\/types\/page"}],"author":[{"embeddable":true,"href":"https:\/\/www.es-karlsruhe.eu\/de\/wp-json\/wp\/v2\/users\/3"}],"replies":[{"embeddable":true,"href":"https:\/\/www.es-karlsruhe.eu\/de\/wp-json\/wp\/v2\/comments?post=1384"}],"version-history":[{"count":18,"href":"https:\/\/www.es-karlsruhe.eu\/de\/wp-json\/wp\/v2\/pages\/1384\/revisions"}],"predecessor-version":[{"id":176972,"href":"https:\/\/www.es-karlsruhe.eu\/de\/wp-json\/wp\/v2\/pages\/1384\/revisions\/176972"}],"up":[{"embeddable":true,"href":"https:\/\/www.es-karlsruhe.eu\/de\/wp-json\/wp\/v2\/pages\/1222"}],"wp:attachment":[{"href":"https:\/\/www.es-karlsruhe.eu\/de\/wp-json\/wp\/v2\/media?parent=1384"}],"curies":[{"name":"wp","href":"https:\/\/api.w.org\/{rel}","templated":true}]}}