{"id":1394,"date":"2017-09-05T12:16:05","date_gmt":"2017-09-05T10:16:05","guid":{"rendered":"https:\/\/www.es-karlsruhe.eu\/?page_id=1394\/"},"modified":"2026-02-09T14:02:44","modified_gmt":"2026-02-09T13:02:44","slug":"kontaktaufnahme-und-besuch-der-esk","status":"publish","type":"page","link":"https:\/\/www.es-karlsruhe.eu\/de\/zulassung\/kontaktaufnahme-und-besuch-der-esk\/","title":{"rendered":"Kontaktaufnahme und Besuch der ESK"},"content":{"rendered":"<div class=\"title-deco\" id=\"\"><div class=\"blue-bloc\"><\/div><h2 class=\"title\">3. Kontaktaufnahme und Besuch der ESK<\/h2><\/div>\n<p>Die Wahl einer Schule f\u00fcr Ihr Kind ist eine schwierige Entscheidung.<\/p>\n<p>Jedes Jahr hei\u00dfen wir viele neue Familien aus der ganzen Welt willkommen.<br \/>\nUnsere oberste Priorit\u00e4t ist es, Ihnen detaillierte Informationen \u00fcber eine qualitativ hochwertige Schulbildung in einem internationalen Umfeld zu vermitteln.<\/p>\n<p>Deshalb ermutigen wir alle interessierten Familien, einen Termin zu vereinbaren und unsere Schule zu besuchen. Wir freuen uns, Ihnen unsere Schule und ihre Besonderheiten vorzustellen, sowie Ihre Fragen zu beantworten.<\/p>\n<p>Unten erhalten Sie weitere Informationen.<\/p>\n<p>Wir freuen uns darauf Sie zu treffen und uns pers\u00f6nlich mit Ihnen zu unterhalten.<\/p>\n<div class=\"title-deco\" id=\"\"><div class=\"blue-bloc\"><\/div><h2 class=\"title\">Weitere Informationen anfordern und einen Besuch organisieren<\/h2><\/div>\n<p class=\"p1\"><span class=\"s1\">Gerne k\u00f6nnen Sie einen Termin vereinbaren, um unseren Campus zu besuchen. Bitte kontaktieren Sie Frau Bartholdy f\u00fcr die Grund- und Oberschule oder Frau Lins f\u00fcr den Kindergarten. <\/span><\/p>\n<h3>Ihre Kontaktpersonen<\/h3>\n<div class=\"contact-info\">\n\t\t\t\t\t\t\t<p>\n\t\t\t\t\t\t\t\t<img decoding=\"async\" src=\"https:\/\/www.es-karlsruhe.eu\/wp-content\/themes\/esk-theme\/assets\/images\/stefania_bartholdy.png\">\n\t\t\t\t\t\t\t\t<span class=\"name\">Stefania Bartholdy<\/span><br>\n\t\t\t\t\t\t\t\t<b>Anmeldung Grund- und Oberschule<\/b><br><br>\n\t\t\t\t\t\t\t\tMail: <a href=\"&#x6d;&#x61;&#x69;&#x6c;&#x74;&#x6f;&#x3a;&#115;&#116;&#101;&#102;&#97;nia&#46;&#x62;&#x61;&#x72;&#x74;&#x68;&#x6f;&#x6c;&#x64;&#121;&#64;&#101;&#117;&#114;sc&#46;e&#x75;\" class=\"mail\">stef&#97;&#110;&#105;&#97;&#46;&#98;&#97;&#x72;&#x74;&#x68;&#x6f;&#x6c;&#x64;&#x79;&#x40;&#x65;ursc&#46;&#101;&#117;<\/a><br>\n\t\t\t\t\t\t\t\tTel: +49 721 68009-72\n\t\t\t\t\t\t\t<\/p>\n\t\t\t\t\t\t<\/div>\n<div class=\"contact-info\">\n\t\t\t\t\t\t\t<p>\n\t\t\t\t\t\t\t\t<img decoding=\"async\" src=\"https:\/\/www.es-karlsruhe.eu\/wp-content\/themes\/esk-theme\/assets\/images\/katharina.jpg\">\n\t\t\t\t\t\t\t\t<span class=\"name\">Katharina Lins<\/span><br>\n\t\t\t\t\t\t\t\t<b>Anmeldung Kindergarten<\/b><br><br>\n\t\t\t\t\t\t\t\tMail: <a href=\"m&#97;&#105;&#x6c;&#x74;&#x6f;:&#107;&#97;&#x74;&#x68;&#x61;ri&#110;&#x61;&#x2e;&#x6c;in&#115;&#64;&#x65;&#x75;&#x72;s&#99;&#46;&#x65;&#x75;\" class=\"mail\">&#x6b;a&#x74;&#104;&#x61;&#114;&#x69;&#x6e;a&#x2e;&#108;&#x69;&#110;&#x73;&#64;e&#x75;&#114;&#x73;&#99;&#x2e;&#101;u<\/a><br>\n\t\t\t\t\t\t\t\tTel: +49 721 68009-76\n\t\t\t\t\t\t\t<\/p>\n\t\t\t\t\t\t<\/div>\n<h3>Weitere Informationen oder einen Termin anfordern<\/h3>\n\n<div class=\"wpcf7 no-js\" id=\"wpcf7-f805-o1\" lang=\"en-US\" dir=\"ltr\" data-wpcf7-id=\"805\">\n<div class=\"screen-reader-response\"><p role=\"status\" aria-live=\"polite\" aria-atomic=\"true\"><\/p> <ul><\/ul><\/div>\n<form action=\"\/de\/wp-json\/wp\/v2\/pages\/1394#wpcf7-f805-o1\" method=\"post\" class=\"wpcf7-form init\" aria-label=\"Contact form\" novalidate=\"novalidate\" data-status=\"init\">\n<fieldset class=\"hidden-fields-container\"><input type=\"hidden\" name=\"_wpcf7\" value=\"805\" \/><input type=\"hidden\" name=\"_wpcf7_version\" value=\"6.1.5\" \/><input type=\"hidden\" name=\"_wpcf7_locale\" value=\"en_US\" \/><input type=\"hidden\" name=\"_wpcf7_unit_tag\" value=\"wpcf7-f805-o1\" \/><input type=\"hidden\" name=\"_wpcf7_container_post\" value=\"0\" \/><input type=\"hidden\" name=\"_wpcf7_posted_data_hash\" value=\"\" \/><input type=\"hidden\" name=\"_wpcf7cf_hidden_group_fields\" value=\"[]\" \/><input type=\"hidden\" name=\"_wpcf7cf_hidden_groups\" value=\"[]\" \/><input type=\"hidden\" name=\"_wpcf7cf_visible_groups\" value=\"[]\" \/><input type=\"hidden\" name=\"_wpcf7cf_repeaters\" value=\"[]\" \/><input type=\"hidden\" name=\"_wpcf7cf_steps\" value=\"{}\" \/><input type=\"hidden\" name=\"_wpcf7cf_options\" value=\"{&quot;form_id&quot;:805,&quot;conditions&quot;:[{&quot;then_field&quot;:&quot;appointment-details&quot;,&quot;and_rules&quot;:[{&quot;if_field&quot;:&quot;request-type&quot;,&quot;operator&quot;:&quot;equals&quot;,&quot;if_value&quot;:&quot;Einen Termin vereinbaren&quot;}]}],&quot;settings&quot;:{&quot;animation&quot;:&quot;yes&quot;,&quot;animation_intime&quot;:200,&quot;animation_outtime&quot;:200,&quot;conditions_ui&quot;:&quot;normal&quot;,&quot;notice_dismissed&quot;:false,&quot;notice_dismissed_update-cf7-5.8.1&quot;:true,&quot;notice_dismissed_rollback-cf7-5.9.3&quot;:true}}\" \/>\n<\/fieldset>\n<div class=\"wpcf7-turnstile cf-turnstile\" data-sitekey=\"0x4AAAAAACtuHd5Y9GFCuoBt\" data-response-field-name=\"_wpcf7_turnstile_response\"><\/div>\n\n<div class=\"admissions-contact-form\">\n\t<div class=\"main-info\">\n\t\t<p><label for=\"contact-name\">Ihr Name<\/label><span class=\"wpcf7-form-control-wrap\" data-name=\"contact-name\"><input size=\"40\" maxlength=\"400\" class=\"wpcf7-form-control wpcf7-text wpcf7-validates-as-required\" id=\"contact-name\" aria-required=\"true\" aria-invalid=\"false\" placeholder=\"Jonathan Smith\" value=\"\" type=\"text\" name=\"contact-name\" \/><\/span><br \/>\n<label for=\"child-name\">Name Des Kindes<\/label><span class=\"wpcf7-form-control-wrap\" data-name=\"child-name\"><input size=\"40\" maxlength=\"400\" class=\"wpcf7-form-control wpcf7-text wpcf7-validates-as-required\" id=\"child-name\" aria-required=\"true\" aria-invalid=\"false\" placeholder=\"Brandon Smith\" value=\"\" type=\"text\" name=\"child-name\" \/><\/span><br \/>\n<label for=\"contact-mail\">E-mail Adresse<\/label><span class=\"wpcf7-form-control-wrap\" data-name=\"contact-mail\"><input size=\"40\" maxlength=\"400\" class=\"wpcf7-form-control wpcf7-email wpcf7-validates-as-required wpcf7-text wpcf7-validates-as-email\" id=\"contact-mail\" aria-required=\"true\" aria-invalid=\"false\" placeholder=\"j&#46;s&#109;&#105;&#116;&#104;&#x40;&#x74;&#x68;&#x65;&#x73;&#x6d;&#x69;ths&#46;&#99;&#111;&#109;\" value=\"\" type=\"email\" name=\"contact-mail\" \/><\/span><br \/>\n<label for=\"contact-phone\">Telefonnummer<\/label><span class=\"wpcf7-form-control-wrap\" data-name=\"contact-phone\"><input size=\"40\" maxlength=\"400\" class=\"wpcf7-form-control wpcf7-tel wpcf7-validates-as-required wpcf7-text wpcf7-validates-as-tel\" id=\"contact-phone\" aria-required=\"true\" aria-invalid=\"false\" placeholder=\"0041 673 652 738\" value=\"\" type=\"tel\" name=\"contact-phone\" \/><\/span>\n\t\t<\/p>\n\t<\/div>\n\t<div class=\"cycles-age\">\n\t\t<div class=\"cycles-checkbox\">\n\t\t\t<p class=\"top\" style=\"text-align: left;\">Ich h\u00e4tte gerne Informationen \u00fcber\n\t\t\t<\/p>\n\t\t\t<p><span class=\"wpcf7-form-control-wrap\" data-name=\"cycle\"><span class=\"wpcf7-form-control wpcf7-checkbox wpcf7-validates-as-required wpcf7-exclusive-checkbox\"><span class=\"wpcf7-list-item first\"><label><input type=\"checkbox\" name=\"cycle\" value=\"Kindergarten\" \/><span class=\"wpcf7-list-item-label\">Kindergarten<\/span><\/label><\/span><span class=\"wpcf7-list-item\"><label><input type=\"checkbox\" name=\"cycle\" value=\"Grundschule\" \/><span class=\"wpcf7-list-item-label\">Grundschule<\/span><\/label><\/span><span class=\"wpcf7-list-item last\"><label><input type=\"checkbox\" name=\"cycle\" value=\"Oberschule\" \/><span class=\"wpcf7-list-item-label\">Oberschule<\/span><\/label><\/span><\/span><\/span>\n\t\t\t<\/p>\n\t\t<\/div>\n\t\t<div class=\"child-age\">\n\t\t\t<p><label for=\"child-age\">Altes des kindes<\/label><span class=\"wpcf7-form-control-wrap\" data-name=\"child-age\"><input class=\"wpcf7-form-control wpcf7-number wpcf7-validates-as-required wpcf7-validates-as-number\" id=\"child-age\" min=\"0\" max=\"99\" aria-required=\"true\" aria-invalid=\"false\" placeholder=\"4\" value=\"\" type=\"number\" name=\"child-age\" \/><\/span>\n\t\t\t<\/p>\n\t\t<\/div>\n\t<\/div>\n\t<div class=\"appointment\">\n\t\t<p class=\"top\">Ich m\u00f6chte:\n\t\t<\/p>\n\t\t<p><span class=\"wpcf7-form-control-wrap\" data-name=\"request-type\"><span class=\"wpcf7-form-control wpcf7-checkbox wpcf7-validates-as-required wpcf7-exclusive-checkbox\"><span class=\"wpcf7-list-item first\"><label><input type=\"checkbox\" name=\"request-type\" value=\"Weitere Informationen (bitte Details unten angeben)\" \/><span class=\"wpcf7-list-item-label\">Weitere Informationen (bitte Details unten angeben)<\/span><\/label><\/span><span class=\"wpcf7-list-item last\"><label><input type=\"checkbox\" name=\"request-type\" value=\"Einen Termin vereinbaren\" \/><span class=\"wpcf7-list-item-label\">Einen Termin vereinbaren<\/span><\/label><\/span><\/span><\/span>\n\t\t<\/p>\n\t\t<div data-id=\"appointment-details\" data-orig_data_id=\"appointment-details\"  class=\"\" data-class=\"wpcf7cf_group\">\n\t\t\t<p><span class=\"wpcf7-form-control-wrap\" data-name=\"appointment-type\"><span class=\"wpcf7-form-control wpcf7-checkbox wpcf7-exclusive-checkbox\" id=\"appointment-type\"><span class=\"wpcf7-list-item first\"><label><input type=\"checkbox\" name=\"appointment-type\" value=\"Um die Schule zu besuchen\" \/><span class=\"wpcf7-list-item-label\">Um die Schule zu besuchen<\/span><\/label><\/span><span class=\"wpcf7-list-item last\"><label><input type=\"checkbox\" name=\"appointment-type\" value=\"Um ein Gespr\u00e4ch per Telefon oder Skype zu f\u00fchren\" \/><span class=\"wpcf7-list-item-label\">Um ein Gespr\u00e4ch per Telefon oder Skype zu f\u00fchren<\/span><\/label><\/span><\/span><\/span>\n\t\t\t<\/p>\n\t\t<\/div>\n\t<\/div>\n\t<div class=\"more-details\">\n\t\t<p class=\"details\">Wenn Sie weitere Informationen w\u00fcnschen, bitte geben Sie Details hier an:\n\t\t<\/p>\n\t\t<p><span class=\"wpcf7-form-control-wrap\" data-name=\"request_details_01\"><textarea cols=\"40\" rows=\"4\" maxlength=\"2000\" class=\"wpcf7-form-control wpcf7-textarea\" aria-invalid=\"false\" name=\"request_details_01\"><\/textarea><\/span>\n\t\t<\/p>\n\t\t<p class=\"details\">Bitte geben Sie weitere n\u00fctzliche Informationen unten ein.\n\t\t<\/p>\n\t\t<p><span class=\"wpcf7-form-control-wrap\" data-name=\"request_details_02\"><textarea cols=\"40\" rows=\"4\" maxlength=\"2000\" class=\"wpcf7-form-control wpcf7-textarea\" aria-invalid=\"false\" name=\"request_details_02\"><\/textarea><\/span>\n\t\t<\/p>\n\t<\/div>\n\t<div class=\"submit-button\">\n\t\t<p><span class=\"submit-container\"><input class=\"wpcf7-form-control wpcf7-submit has-spinner\" type=\"submit\" value=\"Anfrage Senden\" \/><\/span>\n\t\t<\/p>\n\t<\/div>\n<\/div><p style=\"display: none !important;\" class=\"akismet-fields-container\" data-prefix=\"_wpcf7_ak_\"><label>&#916;<textarea name=\"_wpcf7_ak_hp_textarea\" cols=\"45\" rows=\"8\" maxlength=\"100\"><\/textarea><\/label><input type=\"hidden\" id=\"ak_js_1\" name=\"_wpcf7_ak_js\" value=\"162\"\/><script>document.getElementById( \"ak_js_1\" ).setAttribute( \"value\", ( new Date() ).getTime() );<\/script><\/p><div class=\"wpcf7-response-output\" aria-hidden=\"true\"><\/div>\n<\/form>\n<\/div>\n\n<p style=\"text-align: center;\"><a href=\"..\/application-procedure-and-documents\/\" class=\"next-step-link\">4. Anmeldeverfahren und Dokumente<\/a>\n<p style=\"text-align: center;\">Haben Sie etwas vergessen ?<br \/>\n<span class=\"custom-link left\"><a href=\"..\/admissions-criteria-and-fees\/\">Zur\u00fcck zu Schritt 2<\/a><\/span>\n","protected":false},"excerpt":{"rendered":"<p>Die Wahl einer Schule f\u00fcr Ihr Kind ist eine schwierige Entscheidung. Jedes Jahr hei\u00dfen wir viele neue Familien aus der ganzen Welt willkommen. Unsere oberste Priorit\u00e4t ist es, Ihnen detaillierte<a class=\"excerpt-read-more\" href=\"https:\/\/www.es-karlsruhe.eu\/de\/zulassung\/kontaktaufnahme-und-besuch-der-esk\/\" title=\"LesenKontaktaufnahme und Besuch der ESK\">\u2026 weiterlesen &raquo;<\/a><\/p>\n","protected":false},"author":3,"featured_media":0,"parent":1388,"menu_order":0,"comment_status":"closed","ping_status":"closed","template":"template-admission-3.php","meta":{"footnotes":""},"class_list":["post-1394","page","type-page","status-publish","hentry"],"_links":{"self":[{"href":"https:\/\/www.es-karlsruhe.eu\/de\/wp-json\/wp\/v2\/pages\/1394","targetHints":{"allow":["GET"]}}],"collection":[{"href":"https:\/\/www.es-karlsruhe.eu\/de\/wp-json\/wp\/v2\/pages"}],"about":[{"href":"https:\/\/www.es-karlsruhe.eu\/de\/wp-json\/wp\/v2\/types\/page"}],"author":[{"embeddable":true,"href":"https:\/\/www.es-karlsruhe.eu\/de\/wp-json\/wp\/v2\/users\/3"}],"replies":[{"embeddable":true,"href":"https:\/\/www.es-karlsruhe.eu\/de\/wp-json\/wp\/v2\/comments?post=1394"}],"version-history":[{"count":11,"href":"https:\/\/www.es-karlsruhe.eu\/de\/wp-json\/wp\/v2\/pages\/1394\/revisions"}],"predecessor-version":[{"id":177357,"href":"https:\/\/www.es-karlsruhe.eu\/de\/wp-json\/wp\/v2\/pages\/1394\/revisions\/177357"}],"up":[{"embeddable":true,"href":"https:\/\/www.es-karlsruhe.eu\/de\/wp-json\/wp\/v2\/pages\/1388"}],"wp:attachment":[{"href":"https:\/\/www.es-karlsruhe.eu\/de\/wp-json\/wp\/v2\/media?parent=1394"}],"curies":[{"name":"wp","href":"https:\/\/api.w.org\/{rel}","templated":true}]}}