{"id":1398,"date":"2017-09-05T12:16:53","date_gmt":"2017-09-05T10:16:53","guid":{"rendered":"https:\/\/www.es-karlsruhe.eu\/?page_id=1398\/"},"modified":"2026-02-09T13:41:24","modified_gmt":"2026-02-09T12:41:24","slug":"senden-sie-ihre-anmeldung-online","status":"publish","type":"page","link":"https:\/\/www.es-karlsruhe.eu\/de\/zulassung\/senden-sie-ihre-anmeldung-online\/","title":{"rendered":"Senden Sie ihre Anmeldung online"},"content":{"rendered":"<div class=\"title-deco\" id=\"\"><div class=\"blue-bloc\"><\/div><h2 class=\"title\">5. Senden Sie ihre Anmeldung online<\/h2><\/div>\n<h3>Bevor Sie ihre Anmeldung schicken<\/h3>\n<p><strong>Bevor Sie Ihre Anmeldung einreichen, vergewissern Sie sich, dass Sie alle entsprechenden Informationen auf den Seiten 1 bis 4 dieses Abschnitts gelesen haben.<\/strong><\/p>\n<h4><a href=\"..\/structure-of-the-european-school\/\">1. Struktur der Europ\u00e4ischen Schule<\/a><\/h4>\n<h4><a href=\"..\/admissions-criteria-and-fees\/\">2. Zulassungen Kriterien und Schulgeld<\/a><\/h4>\n<h4><a href=\"..\/contacting-and-visiting-the-esk\/\">3. Kontaktaufnahme und besuch der ESK<\/a><\/h4>\n<h4><a href=\"..\/application-procedure-and-documents\/\">4. Antragsverfahren und Dokumente<\/a><\/h4>\n<h4><a href=\"..\/submit-your-application-online\/\">5. Senden Sie ihre Anmeldung online<\/a><\/h4>\n<h3>Senden Sie Ihre Anmeldung<\/h3>\n<p>Die ausgef\u00fcllten Antr\u00e4ge sollten mit dem folgenden Formular eingereicht werden. Sie werden eine Best\u00e4tigungs- E-Mail erhalten, in der die Zusendung Ihres Anmeldeformulars best\u00e4tigt wird.<\/p>\n\n<div class=\"wpcf7 no-js\" id=\"wpcf7-f2002-o1\" lang=\"en-US\" dir=\"ltr\" data-wpcf7-id=\"2002\">\n<div class=\"screen-reader-response\"><p role=\"status\" aria-live=\"polite\" aria-atomic=\"true\"><\/p> <ul><\/ul><\/div>\n<form action=\"\/de\/wp-json\/wp\/v2\/pages\/1398#wpcf7-f2002-o1\" method=\"post\" class=\"wpcf7-form init\" aria-label=\"Contact form\" enctype=\"multipart\/form-data\" novalidate=\"novalidate\" data-status=\"init\">\n<fieldset class=\"hidden-fields-container\"><input type=\"hidden\" name=\"_wpcf7\" value=\"2002\" \/><input type=\"hidden\" name=\"_wpcf7_version\" value=\"6.1.5\" \/><input type=\"hidden\" name=\"_wpcf7_locale\" value=\"en_US\" \/><input type=\"hidden\" name=\"_wpcf7_unit_tag\" value=\"wpcf7-f2002-o1\" \/><input type=\"hidden\" name=\"_wpcf7_container_post\" value=\"0\" \/><input type=\"hidden\" name=\"_wpcf7_posted_data_hash\" value=\"\" \/><input type=\"hidden\" name=\"_wpcf7cf_hidden_group_fields\" value=\"[]\" \/><input type=\"hidden\" name=\"_wpcf7cf_hidden_groups\" value=\"[]\" \/><input type=\"hidden\" name=\"_wpcf7cf_visible_groups\" value=\"[]\" \/><input type=\"hidden\" name=\"_wpcf7cf_repeaters\" value=\"[]\" \/><input type=\"hidden\" name=\"_wpcf7cf_steps\" value=\"{}\" \/><input type=\"hidden\" name=\"_wpcf7cf_options\" value=\"{&quot;form_id&quot;:2002,&quot;conditions&quot;:[],&quot;settings&quot;:{&quot;animation&quot;:&quot;yes&quot;,&quot;animation_intime&quot;:200,&quot;animation_outtime&quot;:200,&quot;conditions_ui&quot;:&quot;normal&quot;,&quot;notice_dismissed&quot;:false,&quot;notice_dismissed_update-cf7-5.8.1&quot;:true,&quot;notice_dismissed_rollback-cf7-5.9.3&quot;:true}}\" \/>\n<\/fieldset>\n<div class=\"wpcf7-turnstile cf-turnstile\" data-sitekey=\"0x4AAAAAACtuHd5Y9GFCuoBt\" data-response-field-name=\"_wpcf7_turnstile_response\"><\/div>\n\n<div class=\"admissions-application-form\">\n\t<div class=\"main-info\">\n\t\t<p><label for=\"contact-name\">Ihr Name<\/label><span class=\"wpcf7-form-control-wrap\" data-name=\"contact-name\"><input size=\"40\" maxlength=\"400\" class=\"wpcf7-form-control wpcf7-text wpcf7-validates-as-required\" id=\"contact-name\" aria-required=\"true\" aria-invalid=\"false\" placeholder=\"Jonathan Smith\" value=\"\" type=\"text\" name=\"contact-name\" \/><\/span><br \/>\n<label for=\"child-name\">Name Des Kindes<\/label><span class=\"wpcf7-form-control-wrap\" data-name=\"child-name\"><input size=\"40\" maxlength=\"400\" class=\"wpcf7-form-control wpcf7-text wpcf7-validates-as-required\" id=\"child-name\" aria-required=\"true\" aria-invalid=\"false\" placeholder=\"Brandon Smith\" value=\"\" type=\"text\" name=\"child-name\" \/><\/span><br \/>\n<label for=\"contact-mail\">E-mail Adresse<\/label><span class=\"wpcf7-form-control-wrap\" data-name=\"contact-mail\"><input size=\"40\" maxlength=\"400\" class=\"wpcf7-form-control wpcf7-email wpcf7-validates-as-required wpcf7-text wpcf7-validates-as-email\" id=\"contact-mail\" aria-required=\"true\" aria-invalid=\"false\" placeholder=\"&#x6a;&#x2e;&#x73;&#x6d;&#x69;&#x74;&#x68;&#x40;&#116;&#104;&#101;&#115;&#109;&#105;&#116;hs&#46;c&#x6f;&#x6d;\" value=\"\" type=\"email\" name=\"contact-mail\" \/><\/span><br \/>\n<label for=\"contact-phone\">Telefonnummer<\/label><span class=\"wpcf7-form-control-wrap\" data-name=\"contact-phone\"><input size=\"40\" maxlength=\"400\" class=\"wpcf7-form-control wpcf7-tel wpcf7-validates-as-required wpcf7-text wpcf7-validates-as-tel\" id=\"contact-phone\" aria-required=\"true\" aria-invalid=\"false\" placeholder=\"0041 673 652 738\" value=\"\" type=\"tel\" name=\"contact-phone\" \/><\/span>\n\t\t<\/p>\n\t<\/div>\n\t<div class=\"upload-documents\">\n\t\t<p class=\"title\">Ihre Anmeldungsunterlagen Hochladen:\n\t\t<\/p>\n\t\t<p class=\"details\">Ihr ausgef\u00fclltes Anmeldeformular\n\t\t<\/p>\n\t\t<p><span class=\"wpcf7-form-control-wrap\" data-name=\"application-document\"><input size=\"40\" class=\"wpcf7-form-control wpcf7-file wpcf7-validates-as-required\" accept=\".pdf,.txt,.doc,.docx,.odt\" aria-required=\"true\" aria-invalid=\"false\" type=\"file\" name=\"application-document\" \/><\/span>\n\t\t<\/p>\n\t\t<p class=\"details\" style=\"margin-bottom: 15px;\"><b>Die vollst\u00e4ndige Liste der erforderlichen Dokumente finden Sie unter <u><a href=\"..\/application-procedure-and-documents\/\">Anmeldungssverfahren und Dokumente<\/a><\/u><\/b>\n\t\t<\/p>\n\t\t<p class=\"details\">Anlage 1\n\t\t<\/p>\n\t\t<p><span class=\"wpcf7-form-control-wrap\" data-name=\"supporting-document-1\"><input size=\"40\" class=\"wpcf7-form-control wpcf7-file\" accept=\".pdf,.txt,.doc,.docx,.odt,.jpg,.png,.tiff,.jpeg\" aria-invalid=\"false\" type=\"file\" name=\"supporting-document-1\" \/><\/span>\n\t\t<\/p>\n\t\t<p class=\"details\">Anlage 2\n\t\t<\/p>\n\t\t<p><span class=\"wpcf7-form-control-wrap\" data-name=\"supporting-document-2\"><input size=\"40\" class=\"wpcf7-form-control wpcf7-file\" accept=\".pdf,.txt,.doc,.docx,.odt,.jpg,.png,.tiff,.jpeg\" aria-invalid=\"false\" type=\"file\" name=\"supporting-document-2\" \/><\/span>\n\t\t<\/p>\n\t\t<p class=\"details\">Anlage 3\n\t\t<\/p>\n\t\t<p><span class=\"wpcf7-form-control-wrap\" data-name=\"supporting-document-3\"><input size=\"40\" class=\"wpcf7-form-control wpcf7-file\" accept=\".pdf,.txt,.doc,.docx,.odt,.jpg,.png,.tiff,.jpeg\" aria-invalid=\"false\" type=\"file\" name=\"supporting-document-3\" \/><\/span>\n\t\t<\/p>\n\t\t<p class=\"details\">Anlage 4\n\t\t<\/p>\n\t\t<p><span class=\"wpcf7-form-control-wrap\" data-name=\"supporting-document-4\"><input size=\"40\" class=\"wpcf7-form-control wpcf7-file\" accept=\".pdf,.txt,.doc,.docx,.odt,.jpg,.png,.tiff,.jpeg\" aria-invalid=\"false\" type=\"file\" name=\"supporting-document-4\" \/><\/span>\n\t\t<\/p>\n\t\t<p class=\"details\">Anlage 5\n\t\t<\/p>\n\t\t<p><span class=\"wpcf7-form-control-wrap\" data-name=\"supporting-document-5\"><input size=\"40\" class=\"wpcf7-form-control wpcf7-file\" accept=\".pdf,.txt,.doc,.docx,.odt,.jpg,.png,.tiff,.jpeg\" aria-invalid=\"false\" type=\"file\" name=\"supporting-document-5\" \/><\/span>\n\t\t<\/p>\n\t<\/div>\n\t<div class=\"confirmation\">\n\t\t<p><span class=\"wpcf7-form-control-wrap\" data-name=\"confirm_01\"><span class=\"wpcf7-form-control wpcf7-checkbox wpcf7-validates-as-required\"><span class=\"wpcf7-list-item first last\"><label><input type=\"checkbox\" name=\"confirm_01[]\" value=\"Hiermit best\u00e4tige ich, dass ich die Liste der erforderlichen Dokumente gelesen habe und meine Dokumente damit \u00fcbereinstimmen.\" \/><span class=\"wpcf7-list-item-label\">Hiermit best\u00e4tige ich, dass ich die Liste der erforderlichen Dokumente gelesen habe und meine Dokumente damit \u00fcbereinstimmen.<\/span><\/label><\/span><\/span><\/span><br \/>\n<span class=\"wpcf7-form-control-wrap\" data-name=\"confirm_02\"><span class=\"wpcf7-form-control wpcf7-checkbox wpcf7-validates-as-required\"><span class=\"wpcf7-list-item first last\"><label><input type=\"checkbox\" name=\"confirm_02[]\" value=\"Hiermit best\u00e4tige ich, dass die obigen Informationen korrekt sind und nach bestem Gewissen erfolgten.\" \/><span class=\"wpcf7-list-item-label\">Hiermit best\u00e4tige ich, dass die obigen Informationen korrekt sind und nach bestem Gewissen erfolgten.<\/span><\/label><\/span><\/span><\/span>\n\t\t<\/p>\n\t<\/div>\n\t<div class=\"submit-button\">\n\t\t<p><span class=\"submit-container\"><input class=\"wpcf7-form-control wpcf7-submit has-spinner\" type=\"submit\" value=\"Anfrage Senden\" \/><\/span>\n\t\t<\/p>\n\t<\/div>\n<\/div><p style=\"display: none !important;\" class=\"akismet-fields-container\" data-prefix=\"_wpcf7_ak_\"><label>&#916;<textarea name=\"_wpcf7_ak_hp_textarea\" cols=\"45\" rows=\"8\" maxlength=\"100\"><\/textarea><\/label><input type=\"hidden\" id=\"ak_js_1\" name=\"_wpcf7_ak_js\" value=\"242\"\/><script>document.getElementById( \"ak_js_1\" ).setAttribute( \"value\", ( new Date() ).getTime() );<\/script><\/p><div class=\"wpcf7-response-output\" aria-hidden=\"true\"><\/div>\n<\/form>\n<\/div>\n\n<p style=\"text-align: center;\">Haben Sie etwas vergessen ?<br \/>\n<span class=\"custom-link left\"><a href=\"..\/application-procedure-and-documents\/\">Zur\u00fcck zu Schritt 4<\/a><\/span>\n","protected":false},"excerpt":{"rendered":"<p>Bevor Sie ihre Anmeldung schicken Bevor Sie Ihre Anmeldung einreichen, vergewissern Sie sich, dass Sie alle entsprechenden Informationen auf den Seiten 1 bis 4 dieses Abschnitts gelesen haben. 1. Struktur<a class=\"excerpt-read-more\" href=\"https:\/\/www.es-karlsruhe.eu\/de\/zulassung\/senden-sie-ihre-anmeldung-online\/\" title=\"LesenSenden Sie ihre Anmeldung online\">\u2026 weiterlesen &raquo;<\/a><\/p>\n","protected":false},"author":3,"featured_media":0,"parent":1388,"menu_order":0,"comment_status":"closed","ping_status":"closed","template":"template-admission-5.php","meta":{"footnotes":""},"class_list":["post-1398","page","type-page","status-publish","hentry"],"_links":{"self":[{"href":"https:\/\/www.es-karlsruhe.eu\/de\/wp-json\/wp\/v2\/pages\/1398","targetHints":{"allow":["GET"]}}],"collection":[{"href":"https:\/\/www.es-karlsruhe.eu\/de\/wp-json\/wp\/v2\/pages"}],"about":[{"href":"https:\/\/www.es-karlsruhe.eu\/de\/wp-json\/wp\/v2\/types\/page"}],"author":[{"embeddable":true,"href":"https:\/\/www.es-karlsruhe.eu\/de\/wp-json\/wp\/v2\/users\/3"}],"replies":[{"embeddable":true,"href":"https:\/\/www.es-karlsruhe.eu\/de\/wp-json\/wp\/v2\/comments?post=1398"}],"version-history":[{"count":5,"href":"https:\/\/www.es-karlsruhe.eu\/de\/wp-json\/wp\/v2\/pages\/1398\/revisions"}],"predecessor-version":[{"id":3087,"href":"https:\/\/www.es-karlsruhe.eu\/de\/wp-json\/wp\/v2\/pages\/1398\/revisions\/3087"}],"up":[{"embeddable":true,"href":"https:\/\/www.es-karlsruhe.eu\/de\/wp-json\/wp\/v2\/pages\/1388"}],"wp:attachment":[{"href":"https:\/\/www.es-karlsruhe.eu\/de\/wp-json\/wp\/v2\/media?parent=1398"}],"curies":[{"name":"wp","href":"https:\/\/api.w.org\/{rel}","templated":true}]}}