{"id":1402,"date":"2017-09-05T12:17:43","date_gmt":"2017-09-05T10:17:43","guid":{"rendered":"https:\/\/www.es-karlsruhe.eu\/?page_id=1402\/"},"modified":"2025-12-09T15:25:17","modified_gmt":"2025-12-09T14:25:17","slug":"my-esk","status":"publish","type":"page","link":"https:\/\/www.es-karlsruhe.eu\/de\/my-esk\/","title":{"rendered":"My ESK"},"content":{"rendered":"<p><strong>Disclaimer<\/strong>: Sie sind gerade dabei, die Seiten von <a href=\"https:\/\/www.es-karlsruhe.eu\/de\/\">http:\/\/www.es-karlsruhe.eu\/<\/a> zu verlassen. Die auf den folgenden Seiten enthaltenen Inhalte liegen somit nicht mehr in unserem Verantwortungsbereich.<\/p>\n<p>&nbsp;<\/p>\n<p><img loading=\"lazy\" decoding=\"async\" class=\"wp-image-172110 alignnone\" src=\"https:\/\/www.es-karlsruhe.eu\/wp-content\/uploads\/2025\/08\/Screenshot-2025-08-29-104519-300x197.png\" alt=\"\" width=\"80\" height=\"53\" srcset=\"https:\/\/www.es-karlsruhe.eu\/wp-content\/uploads\/2025\/08\/Screenshot-2025-08-29-104519-300x197.png 300w, https:\/\/www.es-karlsruhe.eu\/wp-content\/uploads\/2025\/08\/Screenshot-2025-08-29-104519.png 579w\" sizes=\"auto, (max-width: 80px) 100vw, 80px\" \/>\u00a0 \u00a0 \u00a0 \u00a0 &#8212;&gt; <span class=\"custom-link right\"><a href=\"https:\/\/passwordreset.eursc.eu\" target=\"_blank\">Passwort\u00e4nderung f\u00fcr alle Sch\u00fcler und Lehrer<\/a><\/span>\n<p style=\"text-align: left; margin-bottom: 30px;\"><img loading=\"lazy\" decoding=\"async\" class=\"alignnone size-full wp-image-2619\" src=\"https:\/\/www.es-karlsruhe.eu\/wp-content\/uploads\/2017\/08\/office-picture.jpg\" alt=\"\" width=\"110\" height=\"54\" \/> &#8212;&gt; <span class=\"custom-link right\"><a href=\"https:\/\/portal.office.com\" target=\"_blank\">Office 365 accounts<\/a><\/span>\n<p style=\"text-align: left; margin-bottom: 30px;\"><img loading=\"lazy\" decoding=\"async\" class=\"alignnone size-full wp-image-2624\" src=\"https:\/\/www.es-karlsruhe.eu\/wp-content\/uploads\/2017\/08\/sms-picture.jpg\" alt=\"\" width=\"110\" height=\"38\" \/> &#8212;&gt; <span class=\"custom-link right\"><a href=\"https:\/\/sms.eursc.eu\/login.php\" target=\"_blank\">S.M.S. &#8211; School Management System<\/a><\/span>\n<p><a href=\"https:\/\/anton.app\/de\/\" target=\"_blank\" rel=\"noopener\"><img loading=\"lazy\" decoding=\"async\" class=\"alignnone\" src=\"https:\/\/www.es-karlsruhe.eu\/wp-content\/uploads\/2021\/09\/Herunterladen.png\" width=\"63\" height=\"64\" \/><\/a>\u00a0 \u00a0 \u00a0 \u00a0 \u00a0 \u00a0 \u00a0 &#8212;&gt; <span class=\"custom-link right\"><a href=\"https:\/\/anton.app\/de\/\" target=\"_blank\">Login f\u00fcr die Anton App<\/a><\/span>\n<p style=\"text-align: left; margin-bottom: 30px;\"><img loading=\"lazy\" decoding=\"async\" class=\"alignnone size-full wp-image-2628\" src=\"https:\/\/www.es-karlsruhe.eu\/wp-content\/uploads\/2017\/08\/britannica-picture.jpg\" alt=\"\" width=\"110\" height=\"37\" \/> &#8212;&gt; <span class=\"custom-link right\"><a href=\"http:\/\/school.eb.co.uk\/storeschoolcard?id=eskarlsruhe\" target=\"_blank\">BRITANNICA &#8211; School<\/a><\/span>\n<p><img loading=\"lazy\" decoding=\"async\" class=\"alignnone wp-image-175977\" src=\"https:\/\/www.es-karlsruhe.eu\/wp-content\/uploads\/2025\/12\/Picture1-1-150x108.png\" alt=\"\" width=\"96\" height=\"69\" \/>\u00a0 \u00a0 &#8212;&gt; <span class=\"custom-link right\"><a href=\"https:\/\/cpd.eursc.eu\" target=\"_blank\">Online-Lernplattform CPD<\/a><\/span>\n<p style=\"text-align: left; margin-bottom: 30px;\"><img loading=\"lazy\" decoding=\"async\" class=\"alignnone size-full wp-image-2632\" src=\"https:\/\/www.es-karlsruhe.eu\/wp-content\/uploads\/2017\/08\/e-chalk-picture.png\" alt=\"\" width=\"110\" height=\"55\" \/> &#8212;&gt; <span class=\"custom-link right\"><a href=\"https:\/\/subscription.echalk.co.uk\/login\/login.aspx?status=1&amp;ReturnUrl=\/\" target=\"_blank\">e-chalk<\/a><\/span>\n<p style=\"text-align: left; margin-bottom: 30px;\"><img loading=\"lazy\" decoding=\"async\" class=\"alignnone size-full wp-image-2635\" src=\"https:\/\/www.es-karlsruhe.eu\/wp-content\/uploads\/2017\/08\/bo-picture.jpg\" alt=\"\" width=\"110\" height=\"28\" \/> &#8212;&gt; <span class=\"custom-link right\"><a href=\"https:\/\/bo.eursc.eu\/BOE\/BI\" target=\"_blank\">BO &#8211; BusinessObjects<\/a><\/span> <strong>*<\/strong><\/p>\n<p><strong>*<\/strong> der Zugang zu BO ist nur innerhalb des Verwaltungsnetzes, mit g\u00fcltigen Benutzerdaten,\u00a0erreichbar! Au\u00dferhalb des Verwaltungs-netzwerkes\u00a0wird eine Fehlermeldung angezeigt!<\/p>\n","protected":false},"excerpt":{"rendered":"<p>Disclaimer: Sie sind gerade dabei, die Seiten von http:\/\/www.es-karlsruhe.eu\/ zu verlassen. Die auf den folgenden Seiten enthaltenen Inhalte liegen somit nicht mehr in unserem Verantwortungsbereich. &nbsp; \u00a0 \u00a0 \u00a0 \u00a0<a class=\"excerpt-read-more\" href=\"https:\/\/www.es-karlsruhe.eu\/de\/my-esk\/\" title=\"LesenMy ESK\">\u2026 weiterlesen &raquo;<\/a><\/p>\n","protected":false},"author":3,"featured_media":0,"parent":0,"menu_order":0,"comment_status":"closed","ping_status":"closed","template":"","meta":{"footnotes":""},"class_list":["post-1402","page","type-page","status-publish","hentry"],"_links":{"self":[{"href":"https:\/\/www.es-karlsruhe.eu\/de\/wp-json\/wp\/v2\/pages\/1402","targetHints":{"allow":["GET"]}}],"collection":[{"href":"https:\/\/www.es-karlsruhe.eu\/de\/wp-json\/wp\/v2\/pages"}],"about":[{"href":"https:\/\/www.es-karlsruhe.eu\/de\/wp-json\/wp\/v2\/types\/page"}],"author":[{"embeddable":true,"href":"https:\/\/www.es-karlsruhe.eu\/de\/wp-json\/wp\/v2\/users\/3"}],"replies":[{"embeddable":true,"href":"https:\/\/www.es-karlsruhe.eu\/de\/wp-json\/wp\/v2\/comments?post=1402"}],"version-history":[{"count":12,"href":"https:\/\/www.es-karlsruhe.eu\/de\/wp-json\/wp\/v2\/pages\/1402\/revisions"}],"predecessor-version":[{"id":175987,"href":"https:\/\/www.es-karlsruhe.eu\/de\/wp-json\/wp\/v2\/pages\/1402\/revisions\/175987"}],"wp:attachment":[{"href":"https:\/\/www.es-karlsruhe.eu\/de\/wp-json\/wp\/v2\/media?parent=1402"}],"curies":[{"name":"wp","href":"https:\/\/api.w.org\/{rel}","templated":true}]}}