{"id":1416,"date":"2017-09-05T12:22:27","date_gmt":"2017-09-05T10:22:27","guid":{"rendered":"https:\/\/www.es-karlsruhe.eu\/?page_id=1416\/"},"modified":"2017-11-29T16:05:20","modified_gmt":"2017-11-29T15:05:20","slug":"unsere-ausstattung","status":"publish","type":"page","link":"https:\/\/www.es-karlsruhe.eu\/de\/kindergarten\/unsere-ausstattung\/","title":{"rendered":"Unsere Ausstattung"},"content":{"rendered":"<div class=\"title-deco\" id=\"\"><div class=\"blue-bloc\"><\/div><h2 class=\"title\">Unsere Ausstattung<\/h2><\/div>\n<h3>Klassenzimmer<\/h3>\n<p>Jeder Gruppenraum beinhaltet verschiedene\u00a0<strong>Bereiche<\/strong>\u00a0mit einem breit gef\u00e4cherten Angebot an Spiel- und Lernmaterial, um das Lernen attraktiver zu gestalten.<\/p>\n<p>Zu den Lernbereichen geh\u00f6ren:<\/p>\n<ul>\n<li>eine Leseecke<\/li>\n<li>eine Puppenecke<\/li>\n<li>eine Bauecke<\/li>\n<li>ein Mal- und Kreativ -Bereich<\/li>\n<li>Informatik<\/li>\n<li>Ein Schlaf\/Erholungsraum<\/li>\n<li>Mathematik-Ecke<\/li>\n<li>Musik<\/li>\n<li>Beobachten und Entdecken<\/li>\n<\/ul>\n\n\t\t<style type=\"text\/css\">\n\t\t\t#gallery-1 {\n\t\t\t\tmargin: auto;\n\t\t\t}\n\t\t\t#gallery-1 .gallery-item {\n\t\t\t\tfloat: left;\n\t\t\t\tmargin-top: 10px;\n\t\t\t\ttext-align: center;\n\t\t\t\twidth: 33%;\n\t\t\t}\n\t\t\t#gallery-1 img {\n\t\t\t\tborder: 2px solid #cfcfcf;\n\t\t\t}\n\t\t\t#gallery-1 .gallery-caption {\n\t\t\t\tmargin-left: 0;\n\t\t\t}\n\t\t\t\/* see gallery_shortcode() in wp-includes\/media.php *\/\n\t\t<\/style>\n\t\t<div id='gallery-1' class='gallery galleryid-1416 gallery-columns-3 gallery-size-medium'><dl class='gallery-item'>\n\t\t\t<dt class='gallery-icon landscape'>\n\t\t\t\t<a href='https:\/\/www.es-karlsruhe.eu\/wp-content\/uploads\/2017\/11\/nursery_classrooms_06.jpg'><img loading=\"lazy\" decoding=\"async\" width=\"300\" height=\"200\" src=\"https:\/\/www.es-karlsruhe.eu\/wp-content\/uploads\/2017\/11\/nursery_classrooms_06-300x200.jpg\" class=\"attachment-medium size-medium\" alt=\"\" srcset=\"https:\/\/www.es-karlsruhe.eu\/wp-content\/uploads\/2017\/11\/nursery_classrooms_06-300x200.jpg 300w, https:\/\/www.es-karlsruhe.eu\/wp-content\/uploads\/2017\/11\/nursery_classrooms_06-768x513.jpg 768w, https:\/\/www.es-karlsruhe.eu\/wp-content\/uploads\/2017\/11\/nursery_classrooms_06-1024x684.jpg 1024w\" sizes=\"auto, (max-width: 300px) 100vw, 300px\" \/><\/a>\n\t\t\t<\/dt><\/dl><dl class='gallery-item'>\n\t\t\t<dt class='gallery-icon landscape'>\n\t\t\t\t<a href='https:\/\/www.es-karlsruhe.eu\/wp-content\/uploads\/2017\/11\/nursery_classrooms_05.jpg'><img loading=\"lazy\" decoding=\"async\" width=\"300\" height=\"200\" src=\"https:\/\/www.es-karlsruhe.eu\/wp-content\/uploads\/2017\/11\/nursery_classrooms_05-300x200.jpg\" class=\"attachment-medium size-medium\" alt=\"\" srcset=\"https:\/\/www.es-karlsruhe.eu\/wp-content\/uploads\/2017\/11\/nursery_classrooms_05-300x200.jpg 300w, https:\/\/www.es-karlsruhe.eu\/wp-content\/uploads\/2017\/11\/nursery_classrooms_05-768x513.jpg 768w, https:\/\/www.es-karlsruhe.eu\/wp-content\/uploads\/2017\/11\/nursery_classrooms_05-1024x684.jpg 1024w\" sizes=\"auto, (max-width: 300px) 100vw, 300px\" \/><\/a>\n\t\t\t<\/dt><\/dl><dl class='gallery-item'>\n\t\t\t<dt class='gallery-icon landscape'>\n\t\t\t\t<a href='https:\/\/www.es-karlsruhe.eu\/wp-content\/uploads\/2017\/11\/nursery_classrooms_04.jpg'><img loading=\"lazy\" decoding=\"async\" width=\"300\" height=\"200\" src=\"https:\/\/www.es-karlsruhe.eu\/wp-content\/uploads\/2017\/11\/nursery_classrooms_04-300x200.jpg\" class=\"attachment-medium size-medium\" alt=\"\" srcset=\"https:\/\/www.es-karlsruhe.eu\/wp-content\/uploads\/2017\/11\/nursery_classrooms_04-300x200.jpg 300w, https:\/\/www.es-karlsruhe.eu\/wp-content\/uploads\/2017\/11\/nursery_classrooms_04-768x513.jpg 768w, https:\/\/www.es-karlsruhe.eu\/wp-content\/uploads\/2017\/11\/nursery_classrooms_04-1024x684.jpg 1024w\" sizes=\"auto, (max-width: 300px) 100vw, 300px\" \/><\/a>\n\t\t\t<\/dt><\/dl><br style=\"clear: both\" \/><dl class='gallery-item'>\n\t\t\t<dt class='gallery-icon landscape'>\n\t\t\t\t<a href='https:\/\/www.es-karlsruhe.eu\/wp-content\/uploads\/2017\/11\/nursery_classrooms_03.jpg'><img loading=\"lazy\" decoding=\"async\" width=\"300\" height=\"200\" src=\"https:\/\/www.es-karlsruhe.eu\/wp-content\/uploads\/2017\/11\/nursery_classrooms_03-300x200.jpg\" class=\"attachment-medium size-medium\" alt=\"\" srcset=\"https:\/\/www.es-karlsruhe.eu\/wp-content\/uploads\/2017\/11\/nursery_classrooms_03-300x200.jpg 300w, https:\/\/www.es-karlsruhe.eu\/wp-content\/uploads\/2017\/11\/nursery_classrooms_03-768x513.jpg 768w, https:\/\/www.es-karlsruhe.eu\/wp-content\/uploads\/2017\/11\/nursery_classrooms_03-1024x684.jpg 1024w\" sizes=\"auto, (max-width: 300px) 100vw, 300px\" \/><\/a>\n\t\t\t<\/dt><\/dl><dl class='gallery-item'>\n\t\t\t<dt class='gallery-icon landscape'>\n\t\t\t\t<a href='https:\/\/www.es-karlsruhe.eu\/wp-content\/uploads\/2017\/11\/nursery_classrooms_02.jpg'><img loading=\"lazy\" decoding=\"async\" width=\"300\" height=\"200\" src=\"https:\/\/www.es-karlsruhe.eu\/wp-content\/uploads\/2017\/11\/nursery_classrooms_02-300x200.jpg\" class=\"attachment-medium size-medium\" alt=\"\" srcset=\"https:\/\/www.es-karlsruhe.eu\/wp-content\/uploads\/2017\/11\/nursery_classrooms_02-300x200.jpg 300w, https:\/\/www.es-karlsruhe.eu\/wp-content\/uploads\/2017\/11\/nursery_classrooms_02-768x513.jpg 768w, https:\/\/www.es-karlsruhe.eu\/wp-content\/uploads\/2017\/11\/nursery_classrooms_02-1024x684.jpg 1024w\" sizes=\"auto, (max-width: 300px) 100vw, 300px\" \/><\/a>\n\t\t\t<\/dt><\/dl><dl class='gallery-item'>\n\t\t\t<dt class='gallery-icon landscape'>\n\t\t\t\t<a href='https:\/\/www.es-karlsruhe.eu\/wp-content\/uploads\/2017\/11\/nursery_classrooms_01.jpg'><img loading=\"lazy\" decoding=\"async\" width=\"300\" height=\"200\" src=\"https:\/\/www.es-karlsruhe.eu\/wp-content\/uploads\/2017\/11\/nursery_classrooms_01-300x200.jpg\" class=\"attachment-medium size-medium\" alt=\"\" srcset=\"https:\/\/www.es-karlsruhe.eu\/wp-content\/uploads\/2017\/11\/nursery_classrooms_01-300x200.jpg 300w, https:\/\/www.es-karlsruhe.eu\/wp-content\/uploads\/2017\/11\/nursery_classrooms_01-768x513.jpg 768w, https:\/\/www.es-karlsruhe.eu\/wp-content\/uploads\/2017\/11\/nursery_classrooms_01-1024x684.jpg 1024w\" sizes=\"auto, (max-width: 300px) 100vw, 300px\" \/><\/a>\n\t\t\t<\/dt><\/dl><br style=\"clear: both\" \/>\n\t\t<\/div>\n\n<p>Die Bereiche wurden gestaltet, damit die Kinder diese selbst\u00e4ndig nutzen k\u00f6nnen.<\/p>\n<h3>Gemeinschaftsspielbereich<\/h3>\n<p>Die Kinder haben auch Zugang zu dem gro\u00dfen Gemeinschaftsspielbereich, der alle Klassenzimmer miteinander verbindet. Es werden M\u00f6glichkeiten f\u00fcr Kinder aus jeder Sprachsektion angeboten, um gemeinsam Bau-und Rollenspielen zu entdecken und noch vieles mehr.<\/p>\n<p><img loading=\"lazy\" decoding=\"async\" src=\"https:\/\/www.es-karlsruhe.eu\/wp-content\/uploads\/2017\/11\/nursery_indoor_play_01-1024x684.jpg\" alt=\"\" width=\"500\" height=\"280\" class=\"aligncenter size-large wp-image-3542\" \/><\/p>\n<p><img loading=\"lazy\" decoding=\"async\" src=\"https:\/\/www.es-karlsruhe.eu\/wp-content\/uploads\/2017\/11\/nursery_indoor_play_02-1024x684.jpg\" alt=\"\" width=\"500\" height=\"280\" class=\"aligncenter size-large wp-image-3546\" \/><\/p>\n<h3>Au\u00dfenbereich<\/h3>\n<p>Unser Kindergarten verf\u00fcgt \u00fcber einen gro\u00dfen Au\u00dfenbereich, der sehr attraktiv gestaltet wurde. Diverse Spielger\u00e4te stehen den Kindern zur Verf\u00fcgung (eine Nestschaukel, einen Aussichtsturm mit Rutsche oder Spielh\u00e4uschen, Fahrr\u00e4der, Fu\u00dfb\u00e4lle und Plastikbausteine zum Bauen, Sandspielsachen, B\u00e4lle, Seile und vieles mehr), um das Balancieren, Klettern zur \u00fcben, Kinder zu unterhalten und ihre k\u00f6rperliche Entwicklung zu f\u00f6rdern.<\/p>\n<p><img loading=\"lazy\" decoding=\"async\" src=\"https:\/\/www.es-karlsruhe.eu\/wp-content\/uploads\/2017\/11\/nursery_playground-1024x684.jpg\" alt=\"\" width=\"500\" height=\"280\" class=\"aligncenter size-large wp-image-3529\" \/><\/p>\n<p>Wir gehen alle gemeinsam als Gruppe nach drau\u00dfen. Alle Klassen haben in der Regel dieselbe Outdoor-Zeit, dadurch besteht die M\u00f6glichkeit f\u00fcr die Kinder, in den gemischten Sprachsektionen zu spielen.<\/p>\n<p><img loading=\"lazy\" decoding=\"async\" src=\"https:\/\/www.es-karlsruhe.eu\/wp-content\/uploads\/2017\/11\/nursery_playground2-1024x684.jpg\" alt=\"\" width=\"500\" height=\"280\" class=\"aligncenter size-large wp-image-3533\" \/><\/p>\n<p>Unser Au\u00dfenbereich bietet Kindern zahlreiche M\u00f6glichkeiten, ihre sprachlichen und sozialen F\u00e4higkeiten durch Teamarbeit, Rollenspiele und Erforschung zu entwickeln. Sie sind in der Lage, ihre F\u00e4higkeiten des Balancierens, Kletterns, Rennens, Rollers fahren usw. zu \u00fcben.<\/p>\n<p>Lehrer und Assistenten k\u00f6nnen weiterhin das Verhalten von Kindern, ihre Unabh\u00e4ngigkeit, Kontakte und Konfliktl\u00f6sungen, Phantasie, Kreativit\u00e4t, feine und grobe motorische F\u00e4higkeiten weiter beobachten. Diese Beobachtungen werden dann in das Lernportfolio des Kindes eingef\u00fcgt.<\/p>\n","protected":false},"excerpt":{"rendered":"<p>Klassenzimmer Jeder Gruppenraum beinhaltet verschiedene\u00a0Bereiche\u00a0mit einem breit gef\u00e4cherten Angebot an Spiel- und Lernmaterial, um das Lernen attraktiver zu gestalten. Zu den Lernbereichen geh\u00f6ren: eine Leseecke eine Puppenecke eine Bauecke ein<a class=\"excerpt-read-more\" href=\"https:\/\/www.es-karlsruhe.eu\/de\/kindergarten\/unsere-ausstattung\/\" title=\"LesenUnsere Ausstattung\">\u2026 weiterlesen &raquo;<\/a><\/p>\n","protected":false},"author":3,"featured_media":0,"parent":1254,"menu_order":0,"comment_status":"closed","ping_status":"closed","template":"","meta":{"footnotes":""},"class_list":["post-1416","page","type-page","status-publish","hentry"],"_links":{"self":[{"href":"https:\/\/www.es-karlsruhe.eu\/de\/wp-json\/wp\/v2\/pages\/1416","targetHints":{"allow":["GET"]}}],"collection":[{"href":"https:\/\/www.es-karlsruhe.eu\/de\/wp-json\/wp\/v2\/pages"}],"about":[{"href":"https:\/\/www.es-karlsruhe.eu\/de\/wp-json\/wp\/v2\/types\/page"}],"author":[{"embeddable":true,"href":"https:\/\/www.es-karlsruhe.eu\/de\/wp-json\/wp\/v2\/users\/3"}],"replies":[{"embeddable":true,"href":"https:\/\/www.es-karlsruhe.eu\/de\/wp-json\/wp\/v2\/comments?post=1416"}],"version-history":[{"count":5,"href":"https:\/\/www.es-karlsruhe.eu\/de\/wp-json\/wp\/v2\/pages\/1416\/revisions"}],"predecessor-version":[{"id":3551,"href":"https:\/\/www.es-karlsruhe.eu\/de\/wp-json\/wp\/v2\/pages\/1416\/revisions\/3551"}],"up":[{"embeddable":true,"href":"https:\/\/www.es-karlsruhe.eu\/de\/wp-json\/wp\/v2\/pages\/1254"}],"wp:attachment":[{"href":"https:\/\/www.es-karlsruhe.eu\/de\/wp-json\/wp\/v2\/media?parent=1416"}],"curies":[{"name":"wp","href":"https:\/\/api.w.org\/{rel}","templated":true}]}}