{"id":1423,"date":"2017-09-05T12:25:20","date_gmt":"2017-09-05T10:25:20","guid":{"rendered":"https:\/\/www.es-karlsruhe.eu\/?page_id=1423\/"},"modified":"2023-05-02T09:10:36","modified_gmt":"2023-05-02T07:10:36","slug":"regeln-und-richtlinien","status":"publish","type":"page","link":"https:\/\/www.es-karlsruhe.eu\/de\/kindergarten\/nutzliche-informationen\/regeln-und-richtlinien\/","title":{"rendered":"Regeln und Richtlinien"},"content":{"rendered":"<p>Schulregeln (document 2014\u201004\u2010D\u201014\u2010de\u20101). Die Regeln der Europ\u00e4ischen Schulen k\u00f6nnen auch auf der Website der Europ\u00e4ischen Schulen aufgerufen werden (<a href=\"http:\/\/www.eursc.eu\" target=\"_blank\" rel=\"noopener noreferrer\">www.eursc.eu<\/a>)<\/p>\n<h3>Students Without A Language Section (SWALS)<\/h3>\n<p>Klicken Sie bitte auf das Dokument f\u00fcr weitere Informationen bez\u00fcglich Sch\u00fcler ohne eigene Sprachsektion (SWALS).<\/p>\n<p><a href=\"https:\/\/www.es-karlsruhe.eu\/wp-content\/uploads\/2017\/10\/SWALS_Richtlinie_fuer_die_Eltern.pdf\">SWALS Dokument<\/a><br \/>\n<a href=\"https:\/\/www.es-karlsruhe.eu\/wp-content\/uploads\/2018\/06\/Support_Programmes_Guidelines.pdf\">Support Programm<\/a><br \/>\n<a href=\"https:\/\/www.es-karlsruhe.eu\/wp-content\/uploads\/2018\/09\/Golden-Rules_v4_De.pdf\">Goldene Regeln<\/a><br \/>\n<a href=\"https:\/\/www.es-karlsruhe.eu\/wp-content\/uploads\/2023\/04\/2023-04-17_ESK-Internal-Suport-Policy-DE.pdf\">Unterst\u00fctzungsma\u00dfnahmen<\/a><\/p>\n","protected":false},"excerpt":{"rendered":"<p>Schulregeln (document 2014\u201004\u2010D\u201014\u2010de\u20101). Die Regeln der Europ\u00e4ischen Schulen k\u00f6nnen auch auf der Website der Europ\u00e4ischen Schulen aufgerufen werden (www.eursc.eu) Students Without A Language Section (SWALS) Klicken Sie bitte auf das<a class=\"excerpt-read-more\" href=\"https:\/\/www.es-karlsruhe.eu\/de\/kindergarten\/nutzliche-informationen\/regeln-und-richtlinien\/\" title=\"LesenRegeln und Richtlinien\">\u2026 weiterlesen &raquo;<\/a><\/p>\n","protected":false},"author":3,"featured_media":0,"parent":1419,"menu_order":0,"comment_status":"closed","ping_status":"closed","template":"","meta":{"footnotes":""},"class_list":["post-1423","page","type-page","status-publish","hentry"],"_links":{"self":[{"href":"https:\/\/www.es-karlsruhe.eu\/de\/wp-json\/wp\/v2\/pages\/1423","targetHints":{"allow":["GET"]}}],"collection":[{"href":"https:\/\/www.es-karlsruhe.eu\/de\/wp-json\/wp\/v2\/pages"}],"about":[{"href":"https:\/\/www.es-karlsruhe.eu\/de\/wp-json\/wp\/v2\/types\/page"}],"author":[{"embeddable":true,"href":"https:\/\/www.es-karlsruhe.eu\/de\/wp-json\/wp\/v2\/users\/3"}],"replies":[{"embeddable":true,"href":"https:\/\/www.es-karlsruhe.eu\/de\/wp-json\/wp\/v2\/comments?post=1423"}],"version-history":[{"count":5,"href":"https:\/\/www.es-karlsruhe.eu\/de\/wp-json\/wp\/v2\/pages\/1423\/revisions"}],"predecessor-version":[{"id":142482,"href":"https:\/\/www.es-karlsruhe.eu\/de\/wp-json\/wp\/v2\/pages\/1423\/revisions\/142482"}],"up":[{"embeddable":true,"href":"https:\/\/www.es-karlsruhe.eu\/de\/wp-json\/wp\/v2\/pages\/1419"}],"wp:attachment":[{"href":"https:\/\/www.es-karlsruhe.eu\/de\/wp-json\/wp\/v2\/media?parent=1423"}],"curies":[{"name":"wp","href":"https:\/\/api.w.org\/{rel}","templated":true}]}}