{"id":1427,"date":"2017-09-05T12:26:14","date_gmt":"2017-09-05T10:26:14","guid":{"rendered":"https:\/\/www.es-karlsruhe.eu\/?page_id=1427\/"},"modified":"2025-09-12T08:25:34","modified_gmt":"2025-09-12T06:25:34","slug":"kindergartenpersonal","status":"publish","type":"page","link":"https:\/\/www.es-karlsruhe.eu\/de\/kindergarten\/nutzliche-informationen\/kindergartenpersonal\/","title":{"rendered":"Kindergartenpersonal"},"content":{"rendered":"<div class=\"title-deco\" id=\"\"><div class=\"blue-bloc\"><\/div><h2 class=\"title\">Kindergartenpersonal<\/h2><\/div>\n<p>Es gibt derzeit 4 Klassen in der Kindergartenabteilung mit einem engagierten Team von Muttersprachlern und Assistenten, die den Kindern in ihrer Obhut ein breites Spektrum an Wissen Lernerfahrungen in einer anregenden und unterst\u00fctzenden Umgebung vermitteln. Jedes Jahr begr\u00fc\u00dft der Kindergarten 3 junge Leute, die ihr FSJ-Jahr beginnen. Die FSJs arbeiten gemeinsam mit dem Team in allen Sprachsektionen.<\/p>\n<p><strong><u>Stellvertretender Direktor der Grundschule und Kindergarten:<\/u><\/strong><\/p>\n<div class=\"staff-member\"><span class=\"name\">Herr Holger Klose<\/span><span class=\"job\">Stellvertretender Direktor Kindergarten und Grundschule<\/span><a href=\"m&#97;&#x69;&#x6c;t&#111;&#58;&#x6b;&#x61;r&#45;&#x64;&#x65;p&#117;&#116;&#x79;&#x2d;d&#105;&#x72;&#x65;c&#116;&#111;&#x72;&#x2d;n&#117;&#x72;&#x73;e&#114;&#121;&#x2d;&#x61;n&#100;&#x2d;&#x70;ri&#109;&#x61;&#x72;y&#45;&#x63;&#x79;&#x63;l&#101;&#x40;&#x65;u&#114;&#115;&#x63;&#x2e;e&#117;\" class=\"mail\">&#x6b;&#97;r&#x2d;&#x64;&#101;p&#x75;&#x74;&#121;-&#x64;&#105;r&#x65;&#x63;&#116;o&#x72;&#x2d;&#110;u&#x72;&#115;&#101;&#x72;&#x79;&#45;a&#x6e;&#x64;&#45;p&#x72;&#105;&#109;a&#x72;&#121;-&#x63;&#x79;&#99;l&#x65;&#x40;&#101;u&#x72;&#115;c&#x2e;&#x65;&#117;<\/a><span class=\"phone\">+49 721 6800915<\/span><\/div>\n<div class=\"staff-member\"><span class=\"name\">Frau Rachel Weller<\/span><span class=\"job\">Kommissarische Referentin des stellv. Direktors Kindergarten und Grundschule <\/span><a href=\"mailto:k&#97;&#114;&#45;&#97;&#115;&#115;&#105;&#115;&#116;&#97;&#x6e;&#x74;&#x2d;&#x64;&#x65;&#x70;&#x75;&#x74;&#x79;&#x2d;&#x64;&#x69;&#x72;&#x65;&#x63;tor-nurs&#101;&#114;&#121;&#45;&#97;&#110;&#100;&#45;&#112;&#114;&#x69;&#x6d;&#x61;&#x72;&#x79;&#x2d;&#x63;&#x79;&#x63;&#x6c;&#x65;&#x40;&#x65;&#x75;&#x72;sc&#46;eu\" class=\"mail\">&#107;&#x61;r&#x2d;a&#115;&#x73;&#105;&#x73;t&#97;&#x6e;&#116;&#x2d;d&#x65;&#x70;&#117;&#x74;y&#x2d;d&#105;&#x72;&#101;&#x63;t&#111;&#x72;&#45;&#x6e;u&#114;&#x73;&#101;&#x72;y&#x2d;&#x61;&#110;&#x64;-&#x70;r&#105;&#x6d;&#97;&#x72;y&#45;&#x63;&#121;&#x63;l&#101;&#x40;&#101;&#x75;r&#x73;c&#46;&#x65;u<\/a><span class=\"phone\">+49 721 6800943<\/span><\/div>\n<div class=\"staff-member\"><span class=\"name\">Frau Marie Allmann<\/span><span class=\"job\">Sekret\u00e4rin<\/span><a href=\"mai&#108;&#116;&#111;&#x3a;&#x6d;&#x61;&#x72;&#x69;&#x65;&#46;al&#108;&#109;&#97;&#110;&#x6e;&#x40;&#x65;&#x75;&#x72;&#x73;c&#46;e&#117;\" class=\"mail\">&#x6d;a&#x72;i&#x65;&#46;&#x61;&#108;l&#x6d;a&#x6e;&#110;&#x40;&#101;&#x75;&#114;s&#x63;&#46;&#x65;&#117;<\/a><span class=\"phone\">+49 721 6800915<\/span><\/div>\n<div class=\"title-deco\" id=\"\"><div class=\"blue-bloc\"><\/div><h2 class=\"title\">Klassenverteilung &#8211; Schuljahr 2025\/2026<\/h2><\/div>\n<div class=\"staff-member\"><span class=\"name\">Kindergarten, Deutsche Sektion<\/span><span class=\"job\">Frau Toalster\/Frau Hofheinz<\/span><a href=\"&#x6d;a&#x69;&#108;&#x74;&#111;:&#x61;&#110;&#x64;&#114;e&#x61;&#46;&#x74;&#111;a&#x6c;s&#x74;&#101;&#x72;&#x40;t&#x65;&#97;&#x63;&#104;e&#x72;&#46;&#x65;&#117;r&#x73;c&#x2e;&#101;u\" class=\"mail\">&#97;&#x6e;&#x64;&#114;&#x65;&#x61;&#46;&#x74;&#x6f;a&#108;&#x73;t&#101;&#x72;&#64;&#116;&#x65;a&#99;&#x68;e&#114;&#x2e;&#x65;&#117;&#x72;&#x73;&#99;&#x2e;&#x65;u<\/a><span class=\"phone\">Raum 027 A<\/span><\/div>\n<div class=\"staff-member\"><span class=\"name\">Kindergarten, Deutsche Sektion<\/span><span class=\"job\">Frau Barbiera\/Frau Demuynck\/ Frau Angotti<\/span><a href=\"&#109;&#x61;&#105;&#x6c;&#116;&#x6f;:&#x74;a&#109;&#x61;&#114;&#x61;&#46;&#x62;a&#x72;b&#105;&#x65;&#114;&#x61;&#64;&#x74;&#101;&#x61;c&#x68;e&#114;&#x2e;&#101;&#x75;&#114;&#x73;c&#x2e;e&#117;\" class=\"mail\">&#116;&#x61;m&#97;&#x72;a&#x2e;&#x62;&#97;&#x72;b&#105;&#x65;r&#97;&#x40;&#116;&#x65;a&#99;&#x68;e&#114;&#x2e;&#101;&#x75;&#x72;&#115;&#x63;&#46;&#101;&#x75;<\/a><span class=\"phone\">Raum 025 A<\/span><\/div>\n<div class=\"staff-member\"><span class=\"name\">Kindergarten, Englische Sektion<\/span><span class=\"job\">Frau Johnson\/Frau Taylor<\/span><a href=\"&#x6d;a&#x69;&#108;&#x74;&#111;:&#x72;&#101;&#x62;&#101;c&#x63;&#97;&#x2e;&#106;o&#x68;n&#x73;&#111;&#x6e;&#x40;t&#x65;&#97;&#x63;&#104;e&#x72;&#46;&#x65;&#117;r&#x73;c&#x2e;&#101;u\" class=\"mail\">&#x72;&#x65;&#x62;&#x65;&#x63;&#x63;&#x61;&#x2e;&#x6a;&#x6f;&#x68;&#x6e;&#x73;&#x6f;&#110;&#64;&#116;&#101;&#97;&#99;&#104;&#101;&#114;&#46;&#101;ursc&#46;eu<\/a><span class=\"phone\">Raum 029 A<\/span><\/div>\n<div class=\"staff-member\"><span class=\"name\">Kindergarten, Franz\u00f6sische Sektion<\/span><span class=\"job\">Frau Staub\/Frau Houam<\/span><a href=\"&#x6d;&#97;&#x69;&#108;t&#x6f;&#58;j&#x6f;&#97;&#x6e;&#x6e;a&#x2e;&#115;t&#x61;&#117;&#x62;&#x40;t&#x65;&#97;c&#x68;&#101;r&#x2e;&#101;&#x75;&#114;s&#x63;&#46;e&#x75;\" class=\"mail\">&#x6a;&#111;&#x61;&#x6e;&#110;&#x61;&#46;s&#x74;&#97;u&#x62;&#64;t&#x65;&#97;c&#x68;&#101;&#x72;&#x2e;&#101;&#x75;&#x72;&#115;&#x63;&#46;e&#x75;<\/a><span class=\"phone\">Raum 003 A<\/span><\/div>\n<div class=\"title-deco\" id=\"\"><div class=\"blue-bloc\"><\/div><h2 class=\"title\">Abwesenheit<\/h2><\/div>\n<p>Bitte informieren Sie vor 8.30 Uhr <strong>die Klassenlehrkraft<\/strong> per E-Mail \u00fcber die Abwesenheit Ihres Kindergartenkindes.<\/p>\n<p>&nbsp;<\/p>\n<p>&nbsp;<\/p>\n","protected":false},"excerpt":{"rendered":"<p>Es gibt derzeit 4 Klassen in der Kindergartenabteilung mit einem engagierten Team von Muttersprachlern und Assistenten, die den Kindern in ihrer Obhut ein breites Spektrum an Wissen Lernerfahrungen in einer<a class=\"excerpt-read-more\" href=\"https:\/\/www.es-karlsruhe.eu\/de\/kindergarten\/nutzliche-informationen\/kindergartenpersonal\/\" title=\"LesenKindergartenpersonal\">\u2026 weiterlesen &raquo;<\/a><\/p>\n","protected":false},"author":3,"featured_media":0,"parent":1419,"menu_order":0,"comment_status":"closed","ping_status":"closed","template":"","meta":{"footnotes":""},"class_list":["post-1427","page","type-page","status-publish","hentry"],"_links":{"self":[{"href":"https:\/\/www.es-karlsruhe.eu\/de\/wp-json\/wp\/v2\/pages\/1427","targetHints":{"allow":["GET"]}}],"collection":[{"href":"https:\/\/www.es-karlsruhe.eu\/de\/wp-json\/wp\/v2\/pages"}],"about":[{"href":"https:\/\/www.es-karlsruhe.eu\/de\/wp-json\/wp\/v2\/types\/page"}],"author":[{"embeddable":true,"href":"https:\/\/www.es-karlsruhe.eu\/de\/wp-json\/wp\/v2\/users\/3"}],"replies":[{"embeddable":true,"href":"https:\/\/www.es-karlsruhe.eu\/de\/wp-json\/wp\/v2\/comments?post=1427"}],"version-history":[{"count":10,"href":"https:\/\/www.es-karlsruhe.eu\/de\/wp-json\/wp\/v2\/pages\/1427\/revisions"}],"predecessor-version":[{"id":172686,"href":"https:\/\/www.es-karlsruhe.eu\/de\/wp-json\/wp\/v2\/pages\/1427\/revisions\/172686"}],"up":[{"embeddable":true,"href":"https:\/\/www.es-karlsruhe.eu\/de\/wp-json\/wp\/v2\/pages\/1419"}],"wp:attachment":[{"href":"https:\/\/www.es-karlsruhe.eu\/de\/wp-json\/wp\/v2\/media?parent=1427"}],"curies":[{"name":"wp","href":"https:\/\/api.w.org\/{rel}","templated":true}]}}