{"id":1439,"date":"2017-09-05T12:29:19","date_gmt":"2017-09-05T10:29:19","guid":{"rendered":"https:\/\/www.es-karlsruhe.eu\/?page_id=1439\/"},"modified":"2021-03-10T09:46:55","modified_gmt":"2021-03-10T08:46:55","slug":"unsere-ausstattung","status":"publish","type":"page","link":"https:\/\/www.es-karlsruhe.eu\/de\/grundschule\/unsere-ausstattung\/","title":{"rendered":"Unsere Ausstattung"},"content":{"rendered":"<div class=\"title-deco\" id=\"\"><div class=\"blue-bloc\"><\/div><h2 class=\"title\">Unsere Ausstattung<\/h2><\/div>\n<h3>Klassenzimmer<\/h3>\n<p>Jeder Gruppenraum beinhaltet verschiedene <strong>Bereiche<\/strong> mit einem breit gef\u00e4cherten Angebot an Aktivit\u00e4ten und Lernmaterial, um das Lernen attraktiver zu gestalten.<\/p>\n<p>Zu den Lernbereichen geh\u00f6ren:<\/p>\n<ul>\n<li>eine Leseecke<\/li>\n<li>ein Mal- und Kreativ -Bereich<\/li>\n<li>Mathematik-Ecke<\/li>\n<li>Musik<\/li>\n<\/ul>\n\n\t\t<style type=\"text\/css\">\n\t\t\t#gallery-1 {\n\t\t\t\tmargin: auto;\n\t\t\t}\n\t\t\t#gallery-1 .gallery-item {\n\t\t\t\tfloat: left;\n\t\t\t\tmargin-top: 10px;\n\t\t\t\ttext-align: center;\n\t\t\t\twidth: 33%;\n\t\t\t}\n\t\t\t#gallery-1 img {\n\t\t\t\tborder: 2px solid #cfcfcf;\n\t\t\t}\n\t\t\t#gallery-1 .gallery-caption {\n\t\t\t\tmargin-left: 0;\n\t\t\t}\n\t\t\t\/* see gallery_shortcode() in wp-includes\/media.php *\/\n\t\t<\/style>\n\t\t<div id='gallery-1' class='gallery galleryid-1439 gallery-columns-3 gallery-size-medium'><dl class='gallery-item'>\n\t\t\t<dt class='gallery-icon landscape'>\n\t\t\t\t<a href='https:\/\/www.es-karlsruhe.eu\/wp-content\/uploads\/2017\/11\/primary_library_02.jpg'><img loading=\"lazy\" decoding=\"async\" width=\"300\" height=\"200\" src=\"https:\/\/www.es-karlsruhe.eu\/wp-content\/uploads\/2017\/11\/primary_library_02-300x200.jpg\" class=\"attachment-medium size-medium\" alt=\"\" srcset=\"https:\/\/www.es-karlsruhe.eu\/wp-content\/uploads\/2017\/11\/primary_library_02-300x200.jpg 300w, https:\/\/www.es-karlsruhe.eu\/wp-content\/uploads\/2017\/11\/primary_library_02-768x513.jpg 768w, https:\/\/www.es-karlsruhe.eu\/wp-content\/uploads\/2017\/11\/primary_library_02-1024x684.jpg 1024w\" sizes=\"auto, (max-width: 300px) 100vw, 300px\" \/><\/a>\n\t\t\t<\/dt><\/dl><dl class='gallery-item'>\n\t\t\t<dt class='gallery-icon landscape'>\n\t\t\t\t<a href='https:\/\/www.es-karlsruhe.eu\/wp-content\/uploads\/2017\/11\/primary_classrooms_02.jpg'><img loading=\"lazy\" decoding=\"async\" width=\"300\" height=\"200\" src=\"https:\/\/www.es-karlsruhe.eu\/wp-content\/uploads\/2017\/11\/primary_classrooms_02-300x200.jpg\" class=\"attachment-medium size-medium\" alt=\"\" srcset=\"https:\/\/www.es-karlsruhe.eu\/wp-content\/uploads\/2017\/11\/primary_classrooms_02-300x200.jpg 300w, https:\/\/www.es-karlsruhe.eu\/wp-content\/uploads\/2017\/11\/primary_classrooms_02-768x513.jpg 768w, https:\/\/www.es-karlsruhe.eu\/wp-content\/uploads\/2017\/11\/primary_classrooms_02-1024x684.jpg 1024w\" sizes=\"auto, (max-width: 300px) 100vw, 300px\" \/><\/a>\n\t\t\t<\/dt><\/dl><dl class='gallery-item'>\n\t\t\t<dt class='gallery-icon landscape'>\n\t\t\t\t<a href='https:\/\/www.es-karlsruhe.eu\/wp-content\/uploads\/2017\/11\/primary_classrooms_01.jpg'><img loading=\"lazy\" decoding=\"async\" width=\"300\" height=\"200\" src=\"https:\/\/www.es-karlsruhe.eu\/wp-content\/uploads\/2017\/11\/primary_classrooms_01-300x200.jpg\" class=\"attachment-medium size-medium\" alt=\"\" srcset=\"https:\/\/www.es-karlsruhe.eu\/wp-content\/uploads\/2017\/11\/primary_classrooms_01-300x200.jpg 300w, https:\/\/www.es-karlsruhe.eu\/wp-content\/uploads\/2017\/11\/primary_classrooms_01-768x513.jpg 768w, https:\/\/www.es-karlsruhe.eu\/wp-content\/uploads\/2017\/11\/primary_classrooms_01-1024x684.jpg 1024w\" sizes=\"auto, (max-width: 300px) 100vw, 300px\" \/><\/a>\n\t\t\t<\/dt><\/dl><br style=\"clear: both\" \/>\n\t\t<\/div>\n\n<h3>Au\u00dfenbereich<\/h3>\n<p>Unsere Grundschule verf\u00fcgt \u00fcber einen gro\u00dfen Au\u00dfenbereich, der sehr attraktiv gestaltet wurde. Diverse Spielger\u00e4te stehen den Kindern zur Verf\u00fcgung (Fu\u00dfballpl\u00e4tze, Basket-ball..) und vieles mehr<\/p>\n<p>Diese befinden sich an strategischen Pl\u00e4tzen.<\/p>\n<p>Unser Au\u00dfenbereich bietet Kindern zahlreiche M\u00f6glichkeiten, ihre sprachlichen und sozialen F\u00e4higkeiten durch Teamarbeit, Rollenspiele und Erforschung zu entwickeln.<\/p>\n<p><img loading=\"lazy\" decoding=\"async\" class=\"aligncenter size-large wp-image-3556\" src=\"https:\/\/www.es-karlsruhe.eu\/wp-content\/uploads\/2017\/11\/primary_playground-1024x684.jpg\" alt=\"\" width=\"500\" height=\"280\" \/><br \/>\n<img loading=\"lazy\" decoding=\"async\" class=\"aligncenter size-large wp-image-3556\" src=\"https:\/\/www.es-karlsruhe.eu\/wp-content\/uploads\/2018\/01\/Bilder-Au\u00dfen.bmp\" alt=\"\" width=\"500\" height=\"280\" \/><\/p>\n<p><img loading=\"lazy\" decoding=\"async\" class=\"aligncenter size-large wp-image-3556\" src=\"https:\/\/www.es-karlsruhe.eu\/wp-content\/uploads\/2018\/01\/Sport.bmp\" alt=\"\" width=\"500\" height=\"280\" \/><\/p>\n\n\t\t<style type=\"text\/css\">\n\t\t\t#gallery-2 {\n\t\t\t\tmargin: auto;\n\t\t\t}\n\t\t\t#gallery-2 .gallery-item {\n\t\t\t\tfloat: left;\n\t\t\t\tmargin-top: 10px;\n\t\t\t\ttext-align: center;\n\t\t\t\twidth: 33%;\n\t\t\t}\n\t\t\t#gallery-2 img {\n\t\t\t\tborder: 2px solid #cfcfcf;\n\t\t\t}\n\t\t\t#gallery-2 .gallery-caption {\n\t\t\t\tmargin-left: 0;\n\t\t\t}\n\t\t\t\/* see gallery_shortcode() in wp-includes\/media.php *\/\n\t\t<\/style>\n\t\t<div id='gallery-2' class='gallery galleryid-1439 gallery-columns-3 gallery-size-medium'><dl class='gallery-item'>\n\t\t\t<dt class='gallery-icon landscape'>\n\t\t\t\t<a href='https:\/\/www.es-karlsruhe.eu\/wp-content\/uploads\/2021\/03\/IMG_2920_Grunflache-scaled.jpg'><img loading=\"lazy\" decoding=\"async\" width=\"300\" height=\"200\" src=\"https:\/\/www.es-karlsruhe.eu\/wp-content\/uploads\/2021\/03\/IMG_2920_Grunflache-300x200.jpg\" class=\"attachment-medium size-medium\" alt=\"\" srcset=\"https:\/\/www.es-karlsruhe.eu\/wp-content\/uploads\/2021\/03\/IMG_2920_Grunflache-300x200.jpg 300w, https:\/\/www.es-karlsruhe.eu\/wp-content\/uploads\/2021\/03\/IMG_2920_Grunflache-1024x683.jpg 1024w, https:\/\/www.es-karlsruhe.eu\/wp-content\/uploads\/2021\/03\/IMG_2920_Grunflache-768x512.jpg 768w, https:\/\/www.es-karlsruhe.eu\/wp-content\/uploads\/2021\/03\/IMG_2920_Grunflache-1536x1024.jpg 1536w, https:\/\/www.es-karlsruhe.eu\/wp-content\/uploads\/2021\/03\/IMG_2920_Grunflache-2048x1365.jpg 2048w\" sizes=\"auto, (max-width: 300px) 100vw, 300px\" \/><\/a>\n\t\t\t<\/dt><\/dl><dl class='gallery-item'>\n\t\t\t<dt class='gallery-icon landscape'>\n\t\t\t\t<a href='https:\/\/www.es-karlsruhe.eu\/wp-content\/uploads\/2021\/03\/IMG_2414_KG_Primary-scaled.jpg'><img loading=\"lazy\" decoding=\"async\" width=\"300\" height=\"200\" src=\"https:\/\/www.es-karlsruhe.eu\/wp-content\/uploads\/2021\/03\/IMG_2414_KG_Primary-300x200.jpg\" class=\"attachment-medium size-medium\" alt=\"\" srcset=\"https:\/\/www.es-karlsruhe.eu\/wp-content\/uploads\/2021\/03\/IMG_2414_KG_Primary-300x200.jpg 300w, https:\/\/www.es-karlsruhe.eu\/wp-content\/uploads\/2021\/03\/IMG_2414_KG_Primary-1024x683.jpg 1024w, https:\/\/www.es-karlsruhe.eu\/wp-content\/uploads\/2021\/03\/IMG_2414_KG_Primary-768x512.jpg 768w, https:\/\/www.es-karlsruhe.eu\/wp-content\/uploads\/2021\/03\/IMG_2414_KG_Primary-1536x1024.jpg 1536w, https:\/\/www.es-karlsruhe.eu\/wp-content\/uploads\/2021\/03\/IMG_2414_KG_Primary-2048x1365.jpg 2048w\" sizes=\"auto, (max-width: 300px) 100vw, 300px\" \/><\/a>\n\t\t\t<\/dt><\/dl><dl class='gallery-item'>\n\t\t\t<dt class='gallery-icon landscape'>\n\t\t\t\t<a href='https:\/\/www.es-karlsruhe.eu\/wp-content\/uploads\/2021\/03\/IMG_2397_Spielflache-scaled.jpg'><img loading=\"lazy\" decoding=\"async\" width=\"300\" height=\"200\" src=\"https:\/\/www.es-karlsruhe.eu\/wp-content\/uploads\/2021\/03\/IMG_2397_Spielflache-300x200.jpg\" class=\"attachment-medium size-medium\" alt=\"\" srcset=\"https:\/\/www.es-karlsruhe.eu\/wp-content\/uploads\/2021\/03\/IMG_2397_Spielflache-300x200.jpg 300w, https:\/\/www.es-karlsruhe.eu\/wp-content\/uploads\/2021\/03\/IMG_2397_Spielflache-1024x683.jpg 1024w, https:\/\/www.es-karlsruhe.eu\/wp-content\/uploads\/2021\/03\/IMG_2397_Spielflache-768x512.jpg 768w, https:\/\/www.es-karlsruhe.eu\/wp-content\/uploads\/2021\/03\/IMG_2397_Spielflache-1536x1024.jpg 1536w, https:\/\/www.es-karlsruhe.eu\/wp-content\/uploads\/2021\/03\/IMG_2397_Spielflache-2048x1365.jpg 2048w\" sizes=\"auto, (max-width: 300px) 100vw, 300px\" \/><\/a>\n\t\t\t<\/dt><\/dl><br style=\"clear: both\" \/><dl class='gallery-item'>\n\t\t\t<dt class='gallery-icon landscape'>\n\t\t\t\t<a href='https:\/\/www.es-karlsruhe.eu\/wp-content\/uploads\/2021\/03\/GS-Classroom.png'><img loading=\"lazy\" decoding=\"async\" width=\"300\" height=\"176\" src=\"https:\/\/www.es-karlsruhe.eu\/wp-content\/uploads\/2021\/03\/GS-Classroom-300x176.png\" class=\"attachment-medium size-medium\" alt=\"\" srcset=\"https:\/\/www.es-karlsruhe.eu\/wp-content\/uploads\/2021\/03\/GS-Classroom-300x176.png 300w, https:\/\/www.es-karlsruhe.eu\/wp-content\/uploads\/2021\/03\/GS-Classroom-768x449.png 768w, https:\/\/www.es-karlsruhe.eu\/wp-content\/uploads\/2021\/03\/GS-Classroom.png 827w\" sizes=\"auto, (max-width: 300px) 100vw, 300px\" \/><\/a>\n\t\t\t<\/dt><\/dl><dl class='gallery-item'>\n\t\t\t<dt class='gallery-icon portrait'>\n\t\t\t\t<a href='https:\/\/www.es-karlsruhe.eu\/wp-content\/uploads\/2021\/03\/ESK-Open-Day-2019_2.jpg'><img loading=\"lazy\" decoding=\"async\" width=\"225\" height=\"300\" src=\"https:\/\/www.es-karlsruhe.eu\/wp-content\/uploads\/2021\/03\/ESK-Open-Day-2019_2-225x300.jpg\" class=\"attachment-medium size-medium\" alt=\"\" srcset=\"https:\/\/www.es-karlsruhe.eu\/wp-content\/uploads\/2021\/03\/ESK-Open-Day-2019_2-225x300.jpg 225w, https:\/\/www.es-karlsruhe.eu\/wp-content\/uploads\/2021\/03\/ESK-Open-Day-2019_2-768x1024.jpg 768w, https:\/\/www.es-karlsruhe.eu\/wp-content\/uploads\/2021\/03\/ESK-Open-Day-2019_2-1152x1536.jpg 1152w, https:\/\/www.es-karlsruhe.eu\/wp-content\/uploads\/2021\/03\/ESK-Open-Day-2019_2.jpg 1350w\" sizes=\"auto, (max-width: 225px) 100vw, 225px\" \/><\/a>\n\t\t\t<\/dt><\/dl>\n\t\t\t<br style='clear: both' \/>\n\t\t<\/div>\n\n","protected":false},"excerpt":{"rendered":"<p>Klassenzimmer Jeder Gruppenraum beinhaltet verschiedene Bereiche mit einem breit gef\u00e4cherten Angebot an Aktivit\u00e4ten und Lernmaterial, um das Lernen attraktiver zu gestalten. Zu den Lernbereichen geh\u00f6ren: eine Leseecke ein Mal- und<a class=\"excerpt-read-more\" href=\"https:\/\/www.es-karlsruhe.eu\/de\/grundschule\/unsere-ausstattung\/\" title=\"LesenUnsere Ausstattung\">\u2026 weiterlesen &raquo;<\/a><\/p>\n","protected":false},"author":3,"featured_media":0,"parent":1256,"menu_order":0,"comment_status":"closed","ping_status":"closed","template":"","meta":{"footnotes":""},"class_list":["post-1439","page","type-page","status-publish","hentry"],"_links":{"self":[{"href":"https:\/\/www.es-karlsruhe.eu\/de\/wp-json\/wp\/v2\/pages\/1439","targetHints":{"allow":["GET"]}}],"collection":[{"href":"https:\/\/www.es-karlsruhe.eu\/de\/wp-json\/wp\/v2\/pages"}],"about":[{"href":"https:\/\/www.es-karlsruhe.eu\/de\/wp-json\/wp\/v2\/types\/page"}],"author":[{"embeddable":true,"href":"https:\/\/www.es-karlsruhe.eu\/de\/wp-json\/wp\/v2\/users\/3"}],"replies":[{"embeddable":true,"href":"https:\/\/www.es-karlsruhe.eu\/de\/wp-json\/wp\/v2\/comments?post=1439"}],"version-history":[{"count":5,"href":"https:\/\/www.es-karlsruhe.eu\/de\/wp-json\/wp\/v2\/pages\/1439\/revisions"}],"predecessor-version":[{"id":96994,"href":"https:\/\/www.es-karlsruhe.eu\/de\/wp-json\/wp\/v2\/pages\/1439\/revisions\/96994"}],"up":[{"embeddable":true,"href":"https:\/\/www.es-karlsruhe.eu\/de\/wp-json\/wp\/v2\/pages\/1256"}],"wp:attachment":[{"href":"https:\/\/www.es-karlsruhe.eu\/de\/wp-json\/wp\/v2\/media?parent=1439"}],"curies":[{"name":"wp","href":"https:\/\/api.w.org\/{rel}","templated":true}]}}