{"id":1445,"date":"2017-09-05T12:30:55","date_gmt":"2017-09-05T10:30:55","guid":{"rendered":"https:\/\/www.es-karlsruhe.eu\/?page_id=1445\/"},"modified":"2025-09-23T11:21:08","modified_gmt":"2025-09-23T09:21:08","slug":"schulregeln-und-richtlinien","status":"publish","type":"page","link":"https:\/\/www.es-karlsruhe.eu\/de\/grundschule\/nutzliche-informationen\/schulregeln-und-richtlinien\/","title":{"rendered":"Schulregeln und Richtlinien"},"content":{"rendered":"<div class=\"title-deco\" id=\"\"><div class=\"blue-bloc\"><\/div><h2 class=\"title\"> Richtlinien der Grundschule<\/h2><\/div>\n<p><a href=\"https:\/\/www.es-karlsruhe.eu\/wp-content\/uploads\/2018\/07\/Reflection-forms.pdf\">Reflection Form<\/a><br \/>\n<a href=\"https:\/\/www.es-karlsruhe.eu\/wp-content\/uploads\/2022\/06\/HSA_DE622.rtf.pdf\">Home School Vereinbarung<\/a><br \/>\n<a href=\"https:\/\/www.es-karlsruhe.eu\/wp-content\/uploads\/2024\/06\/2024.06.12-ESK_Homework-Policy_KG_GS_OS_DE-EN-FR_June-2024.pdf\">Regeln f\u00fcr die Hausaufgaben<\/a><br \/>\n<a href=\"https:\/\/www.es-karlsruhe.eu\/wp-content\/uploads\/2018\/07\/Disziplinblatt-auf-englisch.pdf\">Disziplinma\u00dfnahmen<\/a><br \/>\n<a href=\"https:\/\/www.es-karlsruhe.eu\/wp-content\/uploads\/2018\/07\/Disziplinblatt-auf-deutsch.pdf\">Disziplinblatt<\/a><br \/>\n<a href=\"https:\/\/www.es-karlsruhe.eu\/wp-content\/uploads\/2018\/09\/Golden-Rules_v4_De.pdf\">Goldene Regeln<\/a><br \/>\n<a href=\"https:\/\/www.es-karlsruhe.eu\/wp-content\/uploads\/2025\/09\/Social-Climate-Policy-KG-GS-and-OS-de-24.-Juni-2025n.pdf\">Social Climate<\/a><\/p>\n<p><span style=\"display: inline !important; float: none; background-color: #ffffff; color: #333333; cursor: text; font-family: Georgia,'Times New Roman','Bitstream Charter',Times,serif; font-size: 16px; font-style: normal; font-variant: normal; font-weight: 400; letter-spacing: normal; orphans: 2; text-align: left; text-decoration: none; text-indent: 0px; text-transform: none; -webkit-text-stroke-width: 0px; white-space: normal; word-spacing: 0px;\"><div class=\"title-deco\" id=\"\"><div class=\"blue-bloc\"><\/div><h2 class=\"title\"> Support <\/h2><\/div><\/span><\/p>\n<p>Diese Unterst\u00fctzung wird in unterschiedlichen Formen und in unterschiedlichem Umfang zur Verf\u00fcgung gestellt und soll Sch\u00fclern mit Schwierigkeiten und besonderem p\u00e4dagogischen F\u00f6rderbedarf zu einem beliebigen Zeitpunkt w\u00e4hrend ihrer schulischen Laufbahn geeignete Hilfe anbieten, damit sie sich entsprechend ihrem Potential entwickeln und vorankommen und erfolgreich integriert werden k\u00f6nnen.<\/p>\n<p>Aus den nachstehenden Dokumenten wird ersichtlich, wie die Europ\u00e4ischen Schulen den besonderen Verh\u00e4ltnissen dieser Kinder gerecht werden:<\/p>\n<p>Politik zur Bereitstellung von p\u00e4dagogischen Unterst\u00fctzungsma\u00dfnahmen an den Europ\u00e4ischen Schulen &#8211;<a href=\"https:\/\/www.es-karlsruhe.eu\/wp-content\/uploads\/2023\/09\/2012-05-D-15-de-13.pdf\"> 2012-05-D-15-de-13<\/a><\/p>\n<p><a href=\"https:\/\/www.es-karlsruhe.eu\/wp-content\/uploads\/2023\/09\/ToPublishOnline-ESK-Internal-Support-Policy-EN-SEPTEMBER-2023.pdf\">ESK interne p\u00e4dagogische Unterst\u00fctzungsma\u00dfnahmen<\/a><\/p>\n<div class=\"title-deco\" id=\"\"><div class=\"blue-bloc\"><\/div><h2 class=\"title\">Kommunikation in der ESK<\/h2><\/div>\n<h3>Philosophie der Schule<\/h3>\n<p>Die Europ\u00e4ische Schule Karlsruhe strebt eine enge Partnerschaft mit allen Mitgliedern der Schulgemeinschaft an und bietet dabei einen hohen Bildungsstandard. Kommunikation und Transparenz sind Grunds\u00e4tze unseres Schulethos. Bei Unstimmigkeiten ist es entscheidend, dass ein konstruktiver Dialog die Kl\u00e4rung von Fragen erleichtert und die Zufriedenheit unserer Sch\u00fcler, Eltern und\/ oder Mitarbeiter wiederherstellt. Unsere Aufgabe ist es, eine tolerante und respektvolle Atmosph\u00e4re zu gew\u00e4hrleisten, in der Verschiedenheit als einer unserer wertvollsten Werte anerkannt wird.<\/p>\n<h3>Woher erhalten Sie allgemeine Informationen der Schule?<\/h3>\n<ul>\n<li>E-mail: <a href=\"&#x6d;&#97;&#105;l&#x74;&#x6f;&#58;i&#x6e;&#x66;&#111;&#64;&#x65;&#x73;&#107;a&#x72;&#x2e;&#111;r&#x67;\">i&#110;&#x66;&#x6f;&#64;&#101;&#115;&#x2d;&#x6b;a&#114;&#108;&#x73;&#x72;u&#104;&#x65;&#x2e;&#x65;u<\/a><\/li>\n<li>Informationsschreiben \/ Elternbriefe<\/li>\n<li><a href=\"https:\/\/www.esk-eltern.de\/\" target=\"_blank\" rel=\"noopener noreferrer\">Webseite der Elternvereinigung<\/a><\/li>\n<\/ul>\n<h3>Wie nehmen Sie Kontakt zu den Lehrerinnen und Lehrern auf?<\/h3>\n<ul>\n<li>Elternabende (2mal im Jahr, von der Schule organisiert)<\/li>\n<li>Einzelgespr\u00e4che w\u00e4hrend der Sprechstunde der Lehrer (nach Vereinbarung)<\/li>\n<li>Per Email oder Brief<\/li>\n<li>Termine inner- und au\u00dferhalb der Unterrichtszeit nach Vereinbarung<\/li>\n<\/ul>\n<h3>Wie nehmen Sie Kontakt zum Direktor KG\/GS auf?<\/h3>\n<ul>\n<li>Gespr\u00e4chstermine nach Vereinbarung (Bitte Termine mit der Sekret\u00e4rin vereinbaren Tel. 0721 6890015, <a href=\"&#109;&#x61;i&#x6c;t&#111;&#x3a;&#109;&#x61;r&#105;&#x65;&#46;&#x61;l&#x6c;&#x6d;&#97;&#x6e;n&#x40;e&#117;&#x72;&#115;&#x63;&#46;&#101;&#x75;\">&#109;&#x61;r&#105;&#x65;&#46;&#97;&#x6c;l&#x6d;&#x61;&#110;&#x6e;&#64;&#101;&#x75;r&#115;&#x63;&#46;&#x65;&#x75;)<\/a><\/li>\n<li>Email: <a href=\"&#x6d;&#x61;&#x69;&#x6c;&#x74;&#x6f;&#x3a;&#x4b;&#x41;&#x52;&#x2d;&#x44;&#x45;&#x50;&#x55;&#x54;&#x59;&#x2d;&#x44;&#x49;&#x52;&#x45;&#x43;&#x54;&#x4f;&#x52;&#x2d;&#x4e;&#x55;&#x52;&#x53;&#x45;&#x52;&#x59;&#x2d;&#x41;&#x4e;&#x44;&#x2d;&#x50;&#x52;&#x49;&#x4d;&#x41;&#82;&#89;&#45;&#67;&#89;&#67;&#76;&#69;&#64;&#101;&#117;&#114;&#115;&#99;&#46;&#101;&#117;\">&#x4b;&#x41;&#x52;&#x2d;&#x44;&#x45;&#x50;&#x55;&#x54;&#x59;&#x2d;&#x44;&#x49;&#x52;&#x45;&#x43;&#x54;&#x4f;&#x52;&#x2d;&#x4e;&#x55;&#x52;&#x53;&#x45;&#x52;&#x59;&#x2d;&#x41;&#x4e;&#x44;&#x2d;&#x50;&#x52;&#x49;&#x4d;&#x41;&#x52;&#x59;&#x2d;&#x43;&#x59;&#x43;&#x4c;&#69;&#64;&#101;&#117;&#114;&#115;&#99;&#46;&#101;&#117;<\/a><\/li>\n<li>Per Brief<\/li>\n<\/ul>\n","protected":false},"excerpt":{"rendered":"<p>Reflection Form Home School Vereinbarung Regeln f\u00fcr die Hausaufgaben Disziplinma\u00dfnahmen Disziplinblatt Goldene Regeln Social Climate Diese Unterst\u00fctzung wird in unterschiedlichen Formen und in unterschiedlichem Umfang zur Verf\u00fcgung gestellt und soll<a class=\"excerpt-read-more\" href=\"https:\/\/www.es-karlsruhe.eu\/de\/grundschule\/nutzliche-informationen\/schulregeln-und-richtlinien\/\" title=\"LesenSchulregeln und Richtlinien\">\u2026 weiterlesen &raquo;<\/a><\/p>\n","protected":false},"author":3,"featured_media":0,"parent":1441,"menu_order":0,"comment_status":"closed","ping_status":"closed","template":"","meta":{"footnotes":""},"class_list":["post-1445","page","type-page","status-publish","hentry"],"_links":{"self":[{"href":"https:\/\/www.es-karlsruhe.eu\/de\/wp-json\/wp\/v2\/pages\/1445","targetHints":{"allow":["GET"]}}],"collection":[{"href":"https:\/\/www.es-karlsruhe.eu\/de\/wp-json\/wp\/v2\/pages"}],"about":[{"href":"https:\/\/www.es-karlsruhe.eu\/de\/wp-json\/wp\/v2\/types\/page"}],"author":[{"embeddable":true,"href":"https:\/\/www.es-karlsruhe.eu\/de\/wp-json\/wp\/v2\/users\/3"}],"replies":[{"embeddable":true,"href":"https:\/\/www.es-karlsruhe.eu\/de\/wp-json\/wp\/v2\/comments?post=1445"}],"version-history":[{"count":10,"href":"https:\/\/www.es-karlsruhe.eu\/de\/wp-json\/wp\/v2\/pages\/1445\/revisions"}],"predecessor-version":[{"id":173499,"href":"https:\/\/www.es-karlsruhe.eu\/de\/wp-json\/wp\/v2\/pages\/1445\/revisions\/173499"}],"up":[{"embeddable":true,"href":"https:\/\/www.es-karlsruhe.eu\/de\/wp-json\/wp\/v2\/pages\/1441"}],"wp:attachment":[{"href":"https:\/\/www.es-karlsruhe.eu\/de\/wp-json\/wp\/v2\/media?parent=1445"}],"curies":[{"name":"wp","href":"https:\/\/api.w.org\/{rel}","templated":true}]}}