{"id":1449,"date":"2017-09-05T12:32:01","date_gmt":"2017-09-05T10:32:01","guid":{"rendered":"https:\/\/www.es-karlsruhe.eu\/?page_id=1449\/"},"modified":"2026-02-25T16:22:36","modified_gmt":"2026-02-25T15:22:36","slug":"personal","status":"publish","type":"page","link":"https:\/\/www.es-karlsruhe.eu\/de\/grundschule\/nutzliche-informationen\/personal\/","title":{"rendered":"Personal"},"content":{"rendered":"<div class=\"staff-member\"><span class=\"name\">Herr Holger Klose<\/span><span class=\"job\">Stellvertretender Direktor<br \/>\nKindergarten &amp; Grundschule<\/span><a href=\"&#x6d;&#x61;&#x69;&#108;&#116;&#111;:K&#x41;&#x52;&#x2d;&#x44;&#69;&#80;UT&#x59;&#x2d;&#x44;&#x49;&#82;&#69;CT&#x4f;&#x52;&#x2d;&#x4e;&#85;&#82;&#83;ER&#x59;&#x2d;&#x41;&#x4e;&#68;&#45;PR&#x49;&#x4d;&#x41;&#x52;&#89;&#45;CY&#x43;&#x4c;&#x45;&#x40;&#101;&#117;&#114;sc&#x2e;&#x65;&#x75;\" class=\"mail\">&#75;&#x41;&#82;&#x2d;&#68;&#x45;P&#x55;T&#89;&#x2d;&#68;&#x49;&#82;&#x45;C&#x54;O&#82;&#x2d;&#78;&#x55;&#82;&#x53;&#69;&#x52;Y&#x2d;A&#78;&#x44;&#45;&#x50;&#82;&#x49;M&#x41;R&#89;&#x2d;&#67;&#x59;&#67;&#x4c;&#69;&#x40;e&#x75;r&#115;&#x63;&#46;&#x65;&#117;<\/a><span class=\"phone\">+49 (0) 7 21 6 80 09-15<\/span><\/div>\n<div class=\"staff-member\"><span class=\"name\">Frau Marie Allmann<\/span><span class=\"job\">Sekret\u00e4rin<\/span><a href=\"&#x6d;&#97;i&#x6c;&#116;&#111;&#x3a;&#x6d;&#97;r&#x69;&#101;&#46;&#x61;&#x6c;&#108;m&#x61;&#110;n&#x40;&#x65;&#117;r&#x73;&#99;&#46;&#x65;&#x75;\" class=\"mail\">&#x6d;&#x61;&#114;i&#x65;&#x2e;&#97;ll&#x6d;&#x61;&#110;n&#x40;&#x65;&#117;&#114;s&#x63;&#x2e;&#101;u<\/a><span class=\"phone\">+49 (0) 7 21 6 80 09-15<\/span><\/div>\n<div class=\"staff-member\"><span class=\"name\">Frau Rachel Weller<\/span><span class=\"job\">Kommissarische Referentin des stellv. Direktors Kindergarten und Grundschule<\/span><a href=\"&#109;&#x61;i&#108;&#x74;o&#58;&#x6b;a&#114;&#x2d;a&#115;&#x73;&#105;&#x73;&#x74;&#97;&#x6e;&#x74;&#45;&#x64;e&#112;&#x75;t&#121;&#x2d;d&#105;&#x72;e&#99;&#x74;&#111;&#x72;&#x2d;&#110;&#x75;&#x72;&#115;&#x65;r&#121;&#x2d;a&#110;&#x64;-&#112;&#x72;i&#109;&#x61;&#114;&#x79;&#x2d;&#99;&#x79;&#x63;&#108;&#x65;&#64;&#101;&#x75;r&#115;&#x63;&#46;&#101;&#x75;\" class=\"mail\">&#107;a&#x72;-&#x61;s&#x73;&#105;&#x73;&#116;&#x61;&#110;t&#x2d;d&#x65;p&#x75;&#116;&#x79;&#45;&#x64;&#105;&#x72;&#101;c&#x74;o&#x72;-&#x6e;&#117;&#x72;&#115;&#x65;&#114;&#x79;&#45;a&#x6e;d&#x2d;p&#x72;&#105;&#x6d;&#97;&#x72;&#121;&#x2d;&#99;y&#x63;l&#x65;&#64;&#x65;&#117;&#x72;&#115;&#x63;&#46;e&#x75;<\/a><span class=\"phone\">Tel. +49 (0)7 21-6 80 09-43<\/span><\/div>\n<div class=\"staff-member\"><span class=\"name\">Frau Joanne Molloy<\/span><span class=\"job\">Krankenschwester<\/span><a href=\"&#x6d;&#x61;&#x69;&#x6c;&#x74;&#x6f;&#x3a;&#x6a;&#x6f;&#x61;&#x6e;&#x6e;&#x65;&#x2e;&#109;&#111;&#108;&#108;&#111;&#121;&#64;&#101;&#117;&#114;&#115;c&#46;eu\" class=\"mail\">&#106;&#x6f;a&#110;&#x6e;e&#46;&#x6d;o&#x6c;&#x6c;&#111;&#x79;&#64;&#101;&#x75;r&#115;&#x63;&#46;&#x65;&#x75;<\/a><span class=\"phone\">+49 7 21 6 80 09-23 oder +49 160 3063697<\/span><\/div>\n<div class=\"staff-member\"><span class=\"name\">Frau Karina Mander<\/span><span class=\"job\">Bibliothekarin<\/span><a href=\"&#109;&#x61;&#x69;l&#116;&#x6f;:&#107;&#x61;&#x72;&#105;&#x6e;&#x61;&#46;&#109;&#x61;n&#100;&#x65;&#x72;&#64;&#x65;&#x64;u&#46;&#x65;u&#114;&#x73;&#x63;&#46;&#x65;&#x75;\" class=\"mail\">k&#97;&#x72;&#x69;&#x6e;a&#46;&#109;&#x61;&#x6e;d&#101;&#114;&#x40;&#x65;du&#46;&#x65;&#x75;&#x72;s&#99;&#x2e;&#x65;&#x75;<\/a><span class=\"phone\">+49 (0) 7 21 6 80 09-22<\/span><\/div>\n<div class=\"staff-member\"><span class=\"name\">Herr Rafael Ledwig<\/span><span class=\"job\">Hausmeister<\/span><a href=\"&#x6d;&#x61;&#105;&#108;&#116;o&#x3a;&#x72;&#x61;&#102;&#97;el&#x2e;&#x6c;&#x65;&#100;&#119;i&#x67;&#x40;&#x73;&#116;&#97;&#102;f&#x2e;&#x65;&#x75;&#114;&#115;c&#46;&#x65;&#x75;\" class=\"mail\">&#x72;&#97;f&#x61;&#x65;&#108;&#46;&#x6c;&#101;d&#x77;&#x69;&#103;&#64;&#x73;&#116;a&#x66;&#x66;&#46;e&#x75;&#x72;&#115;&#x63;&#x2e;&#101;u<\/a><span class=\"phone\">+49 (0) 7 21 6 80 09-61<\/span><\/div>\n<div class=\"title-deco\" id=\"\"><div class=\"blue-bloc\"><\/div><h2 class=\"title\"> Abwesenheiten<\/h2><\/div>\n<p>Bitte informieren Sie vor 8.30 Uhr <strong>die Schule + die Klassenlehrkraft<\/strong> per E-Mail \u00fcber die Abwesenheit Ihres Kindes.<br \/>\nDie E-Mailadresse der Schule f\u00fcr Abwesenheiten von Grundsch\u00fclern lautet:<\/p>\n<p><a href=\"&#x6d;a&#x69;&#108;&#x74;&#111;:&#x6c;&#105;&#x73;&#116;-&#x6b;&#97;&#x72;&#45;g&#x73;a&#x62;&#115;&#x65;&#x6e;c&#x65;&#64;&#x65;&#117;r&#x73;&#99;&#x2e;&#101;u\">&#x6c;i&#x73;&#116;&#x2d;&#107;a&#x72;-&#x67;&#115;&#x61;&#98;s&#x65;&#110;&#x63;&#101;&#64;&#x65;u&#x72;&#115;&#x63;&#46;e&#x75;<\/a><\/p>\n<div class=\"title-deco\" id=\"\"><div class=\"blue-bloc\"><\/div><h2 class=\"title\">Klassenverteilung- Schuljahr 2025\/2026<\/h2><\/div>\n<p><strong>Deutsche Sektion<\/strong><\/p>\n<div class=\"staff-member\"><span class=\"name\">1 Da<\/span><span class=\"job\">Frau Kraemer<\/span><a href=\"&#x6d;&#x61;&#x69;&#x6c;&#116;&#111;&#58;&#98;rit&#x74;&#x61;&#x2e;&#x6b;&#x72;&#97;&#101;&#109;er&#64;&#x74;&#x65;&#x61;&#x63;&#x68;&#101;&#114;&#46;eur&#x73;&#x63;&#x2e;&#x65;&#x75;\" class=\"mail\">&#x62;&#x72;&#x69;&#x74;&#116;&#97;&#46;kr&#x61;&#x65;&#x6d;&#x65;&#114;&#64;tea&#x63;&#x68;&#x65;&#x72;&#46;&#101;&#117;rs&#x63;&#x2e;&#x65;&#x75;<\/a><span class=\"phone\">Raum 008 A<\/span><\/div>\n<div class=\"staff-member\"><span class=\"name\">1 Db<\/span><span class=\"job\">Frau Wei\u00df<\/span><a href=\"mailto&#58;&#100;&#111;&#114;&#111;&#116;&#104;&#x65;&#x61;&#x2e;&#x77;&#x65;&#x69;&#x73;&#x73;&#x40;&#x74;&#x65;&#x61;cher&#46;e&#117;&#114;&#115;&#99;&#46;&#101;&#117;\" class=\"mail\">&#100;&#x6f;&#114;&#x6f;t&#104;&#x65;&#97;&#x2e;w&#x65;i&#115;&#x73;&#64;&#x74;e&#x61;&#x63;&#104;&#x65;r&#x2e;e&#117;&#x72;&#115;&#x63;&#46;&#x65;u<\/a><span class=\"phone\">Raum 004 A<\/span><\/div>\n<div class=\"staff-member\"><span class=\"name\">2 Da<\/span><span class=\"job\">Frau Pieper<\/span><a href=\"&#109;&#x61;i&#x6c;&#x74;&#111;&#x3a;m&#97;&#x72;&#105;&#x61;&#46;&#112;&#x69;e&#x70;e&#114;&#x40;t&#x65;&#x61;&#99;&#x68;e&#114;&#x2e;&#101;&#x75;r&#115;&#x63;&#46;&#x65;u\" class=\"mail\">m&#97;&#114;&#x69;&#x61;&#46;&#112;&#105;&#x65;&#x70;&#x65;r&#64;&#116;&#x65;&#x61;ch&#101;&#x72;&#x2e;&#x65;u&#114;&#115;&#x63;&#x2e;eu<\/a><span class=\"phone\">Raum 011 A<\/span><\/div>\n<div class=\"staff-member\"><span class=\"name\">2 Db<\/span><span class=\"job\">Herr Keller<\/span><a href=\"ma&#105;&#108;&#116;&#111;&#x3a;&#x62;&#x6f;&#x72;&#x69;s&#46;&#107;&#101;&#108;&#108;&#x65;&#x72;&#x40;&#x74;&#x65;ac&#104;&#101;&#114;&#46;&#x65;&#x75;&#x72;&#x73;&#x63;&#46;eu\" class=\"mail\">&#x62;o&#x72;&#105;s&#x2e;&#107;&#x65;&#x6c;l&#x65;&#114;&#64;&#x74;&#101;&#x61;&#99;h&#x65;&#114;&#46;&#x65;&#117;&#x72;&#115;c&#x2e;&#101;&#x75;<\/a><span class=\"phone\">Raum 004 A<\/span><\/div>\n<div class=\"staff-member\"><span class=\"name\">3 Da<\/span><span class=\"job\">Frau Holl\u00e4nder<\/span><a href=\"ma&#105;&#108;&#x74;&#x6f;&#x3a;&#x72;eb&#101;&#107;&#x6b;&#x61;&#x2e;&#x68;ol&#108;&#97;&#101;&#x6e;&#x64;&#x65;&#x72;&#64;t&#101;&#97;&#x63;&#x68;&#x65;&#x72;&#46;e&#117;&#114;&#x73;&#x63;&#x2e;&#x65;u\" class=\"mail\">r&#101;&#x62;&#x65;&#x6b;k&#97;&#x2e;&#x68;&#x6f;l&#108;&#x61;&#x65;&#x6e;d&#101;&#x72;&#x40;&#x74;e&#97;&#x63;&#x68;&#x65;r&#46;&#x65;&#x75;&#x72;s&#99;&#x2e;&#x65;&#x75;<\/a><span class=\"phone\">Raum 014 B<\/span><\/div>\n<div class=\"staff-member\"><span class=\"name\">3 Db<\/span><span class=\"job\">Frau Braun<\/span><a href=\"&#109;&#x61;&#105;&#x6c;&#116;&#x6f;&#58;&#x6d;&#97;&#x72;&#105;&#x6f;&#110;&#x2e;&#98;&#x72;&#97;&#x75;&#110;&#x40;&#116;&#x65;&#97;&#x63;&#104;&#x65;&#114;&#x2e;&#101;&#x75;&#114;&#x73;&#99;&#x2e;&#101;&#x75;\" class=\"mail\">&#109;&#x61;r&#105;&#x6f;n&#46;&#x62;r&#97;&#x75;n&#64;&#x74;&#101;&#x61;&#x63;&#104;&#x65;&#x72;&#46;&#x65;u&#114;&#x73;c&#46;&#x65;u<\/a><span class=\"phone\">Raum 010 B<\/span><\/div>\n<div class=\"staff-member\"><span class=\"name\">4 Da<\/span><span class=\"job\">Frau Rausch<\/span><a href=\"&#x6d;&#97;i&#x6c;&#116;&#111;&#x3a;&#x6a;&#111;h&#x61;&#110;n&#x61;&#x2e;&#98;a&#x68;&#97;d&#x6f;&#x72;&#105;-&#x72;&#97;u&#x73;&#x63;&#104;&#64;&#x74;&#101;a&#x63;&#x68;&#101;&#x72;&#x2e;&#101;u&#x72;&#115;c&#x2e;&#x65;&#117;\" class=\"mail\">&#106;&#x6f;h&#97;&#x6e;n&#97;&#x2e;b&#x61;&#x68;&#97;&#x64;o&#114;&#x69;-&#114;&#x61;u&#x73;&#x63;&#104;&#x40;&#x74;&#101;&#x61;c&#104;&#x65;r&#46;&#x65;u&#x72;&#x73;&#99;&#x2e;e&#117;<\/a><span class=\"phone\">Raum 102 B<\/span><\/div>\n<div class=\"staff-member\"><span class=\"name\">4 Db<\/span><span class=\"job\">Frau Geenen<\/span><a href=\"&#109;&#x61;i&#x6c;&#x74;&#111;&#x3a;o&#x6b;&#x73;&#97;&#x6e;a&#x2e;&#x67;&#101;&#x65;n&#x65;&#x6e;&#64;&#x74;e&#x61;&#x63;&#104;&#x65;r&#x2e;&#x65;&#117;&#x72;s&#x63;&#x2e;&#101;&#x75;\" class=\"mail\">&#x6f;&#107;&#x73;&#x61;&#110;&#x61;&#46;g&#x65;&#101;n&#x65;&#110;&#64;&#x74;&#101;a&#x63;&#104;&#x65;&#x72;&#46;&#x65;&#x75;&#114;&#x73;&#99;&#46;&#x65;&#117;<\/a><span class=\"phone\">Raum 116 B<\/span><\/div>\n<div class=\"staff-member\"><span class=\"name\">5 Da<\/span><span class=\"job\">Frau Shukla<\/span><a href=\"&#109;&#x61;i&#x6c;&#x74;&#111;&#x3a;i&#114;&#x69;&#110;&#x61;&#46;&#115;&#x68;u&#x6b;l&#97;&#x40;t&#x65;&#x61;&#99;&#x68;e&#114;&#x2e;&#101;&#x75;r&#115;&#x63;&#46;&#x65;u\" class=\"mail\">&#x69;&#x72;&#105;&#110;&#97;&#46;&#x73;&#x68;&#x75;&#107;&#108;a&#64;&#x74;&#x65;&#x61;&#99;&#104;e&#x72;&#x2e;&#x65;&#117;&#114;&#115;c&#x2e;&#x65;&#x75;<\/a><span class=\"phone\">Raum  107 B<\/span><\/div>\n<div class=\"staff-member\"><span class=\"name\">5 Db<\/span><span class=\"job\">Herr Kohlwes<\/span><a href=\"&#109;a&#x69;l&#x74;o&#x3a;&#115;&#x74;&#101;&#x66;&#102;e&#x6e;&#46;&#x6b;o&#x68;&#108;&#x77;&#101;&#x73;&#64;&#x74;&#101;a&#x63;h&#x65;r&#x2e;&#101;&#x75;&#114;&#x73;&#99;&#x2e;&#101;u\" class=\"mail\">&#x73;&#x74;&#101;&#102;&#102;e&#x6e;&#x2e;&#x6b;&#111;&#104;lw&#x65;&#x73;&#x40;&#116;&#101;a&#x63;&#x68;&#x65;&#114;&#46;&#101;u&#x72;&#x73;&#x63;&#46;&#101;u<\/a><span class=\"phone\">Raum 108 B<\/span><\/div>\n<p>&nbsp;<\/p>\n<p><strong>Englische Sektion<\/strong><\/p>\n<div class=\"staff-member\"><span class=\"name\">1 E<\/span><span class=\"job\">Frau Biffar-McLean<\/span><a href=\"&#109;&#x61;i&#108;&#x74;o&#58;&#x63;a&#116;&#x72;i&#111;&#x6e;&#97;&#x2e;&#x62;&#105;&#x66;&#x66;&#97;&#x72;-&#109;&#x63;l&#101;&#x61;n&#64;&#x74;e&#97;&#x63;&#104;&#x65;&#x72;&#46;&#x65;&#x75;&#114;&#x73;c&#46;&#x65;u\" class=\"mail\">&#99;&#x61;t&#114;&#x69;o&#110;&#x61;&#46;&#98;&#x69;f&#102;&#x61;&#114;&#x2d;&#x6d;&#99;&#x6c;&#x65;&#97;&#x6e;&#64;&#116;&#x65;a&#99;&#x68;e&#114;&#x2e;e&#117;&#x72;&#115;&#x63;&#x2e;&#101;&#x75;<\/a><span class=\"phone\">Raum 007 A<\/span><\/div>\n<div class=\"staff-member\"><span class=\"name\">2 E<\/span><span class=\"job\">Frau Abdullah<\/span><a href=\"&#x6d;&#x61;&#105;&#108;&#116;o&#x3a;&#x6e;&#x6f;&#111;&#114;&#46;a&#x62;&#x64;&#x75;&#108;&#108;a&#x68;&#x40;&#x74;&#101;&#97;&#99;h&#x65;&#x72;&#x2e;&#101;&#117;rs&#x63;&#x2e;&#x65;&#117;\" class=\"mail\">&#x6e;&#x6f;&#x6f;&#114;&#46;ab&#x64;&#x75;&#x6c;&#x6c;&#97;&#104;&#64;t&#x65;&#x61;&#x63;&#104;&#101;&#114;&#46;e&#x75;&#x72;&#x73;&#99;&#46;eu<\/a><span class=\"phone\"> Raum 009 A<\/span><\/div>\n<div class=\"staff-member\"><span class=\"name\">3 E<\/span><span class=\"job\">Frau Lauinger<\/span><a href=\"&#x6d;&#97;&#105;l&#x74;&#x6f;&#58;a&#x64;&#x72;&#105;an&#x61;&#46;&#108;a&#x75;&#x69;&#110;g&#x65;&#x72;&#64;&#116;e&#x61;&#x63;&#104;e&#x72;&#x2e;&#101;u&#x72;&#x73;&#99;&#46;e&#x75;\" class=\"mail\">&#x61;&#x64;&#114;&#105;an&#x61;&#x2e;&#x6c;&#97;ui&#x6e;&#x67;&#x65;&#114;&#64;t&#x65;&#x61;&#x63;&#104;&#101;r&#x2e;&#x65;&#x75;&#114;&#115;c&#46;&#x65;&#x75;<\/a><span class=\"phone\"> Raum 009 B<\/span><\/div>\n<div class=\"staff-member\"><span class=\"name\">4 E<\/span><span class=\"job\">Frau Finden<\/span><a href=\"&#109;&#x61;&#105;&#x6c;&#116;&#x6f;&#58;&#x70;&#101;&#x74;&#97;&#x2d;j&#x6f;y&#x2e;f&#x69;n&#x64;e&#x6e;&#64;&#116;&#x65;&#97;&#x63;&#104;&#x65;&#114;&#x2e;&#101;&#x75;&#114;&#x73;&#99;&#x2e;e&#x75;\" class=\"mail\">&#x70;&#x65;&#116;a-&#x6a;&#x6f;&#121;&#46;f&#x69;&#x6e;&#100;&#101;n&#x40;&#x74;&#x65;&#97;ch&#x65;&#x72;&#46;&#101;u&#x72;&#x73;&#99;&#46;e&#x75;<\/a><span class=\"phone\"> Raum 004 B<\/span><\/div>\n<div class=\"staff-member\"><span class=\"name\">5 E<\/span><span class=\"job\">Herr Smithers<\/span><a href=\"&#x6d;a&#x69;&#108;&#x74;&#111;:&#x65;o&#x69;&#110;&#x2e;&#115;m&#x69;&#116;&#x68;&#101;r&#x73;&#64;&#x74;&#101;&#x61;&#99;h&#x65;r&#x2e;&#101;&#x75;&#x72;s&#x63;&#46;&#x65;&#117;\" class=\"mail\">&#x65;&#111;i&#x6e;&#46;s&#x6d;&#105;t&#x68;&#x65;&#114;&#x73;&#x40;&#116;e&#x61;&#99;h&#x65;&#114;&#46;&#x65;&#x75;&#114;&#x73;&#x63;&#46;e&#x75;<\/a><span class=\"phone\">Raum 112 B<\/span><\/div>\n<p>&nbsp;<\/p>\n<p><strong>Franz\u00f6sische Sektion<\/strong><\/p>\n<div class=\"staff-member\"><span class=\"name\">1\/2F<\/span><span class=\"job\">Frau We\u00dfbecher<\/span><a href=\"m&#97;&#105;&#x6c;&#x74;&#x6f;:&#118;&#97;&#x6e;&#x65;&#x73;sa&#46;&#x77;&#x65;&#x73;sb&#101;&#99;&#x68;&#x65;&#x72;&#64;&#116;&#101;&#x61;&#x63;&#x68;e&#114;&#46;&#x65;&#x75;&#x72;sc&#46;&#x65;&#x75;\" class=\"mail\">&#x76;a&#x6e;&#101;&#x73;&#115;a&#x2e;&#119;&#x65;&#115;s&#x62;&#101;&#x63;&#104;e&#x72;&#64;&#x74;&#101;&#x61;&#x63;h&#x65;&#114;&#x2e;&#101;u&#x72;&#115;&#x63;&#46;e&#x75;<\/a><span class=\"phone\">Raum 014 A<\/span><\/div>\n<div class=\"staff-member\"><span class=\"name\">3 F<\/span><span class=\"job\">Frau Dufour<\/span><a href=\"&#109;&#x61;i&#108;&#x74;o&#x3a;&#x6c;&#97;&#x65;t&#105;&#x74;i&#97;&#x2e;&#100;&#x75;f&#111;&#x75;r&#64;&#x74;&#101;&#x61;&#x63;&#104;&#x65;r&#46;&#x65;u&#x72;&#x73;&#99;&#x2e;e&#117;\" class=\"mail\">la&#101;&#116;&#105;&#x74;&#x69;&#x61;&#x2e;&#x64;uf&#111;&#117;&#114;&#x40;&#x74;&#x65;&#x61;&#x63;he&#114;&#46;&#101;&#x75;&#x72;&#x73;&#x63;&#x2e;eu<\/a><span class=\"phone\">Raum 117 B<\/span><\/div>\n<div class=\"staff-member\"><span class=\"name\">4 F<\/span><span class=\"job\">Frau Hinckel-Kretz<\/span><a href=\"&#109;a&#x69;l&#x74;o&#x3a;&#103;&#x65;&#114;&#x61;&#108;d&#x69;n&#x65;&#46;&#x68;&#105;&#x6e;&#99;&#x6b;&#101;&#x6c;&#45;k&#x72;e&#x74;z&#x40;&#116;&#x65;&#97;&#x63;&#104;&#x65;&#114;&#46;&#x65;u&#x72;s&#x63;&#46;&#x65;&#117;\" class=\"mail\">&#x67;e&#x72;&#97;&#x6c;&#100;i&#x6e;e&#x2e;&#104;&#x69;&#110;c&#x6b;&#101;&#x6c;&#45;k&#x72;e&#x74;&#122;&#x40;&#116;e&#x61;c&#x68;&#101;&#x72;&#x2e;e&#x75;&#114;&#x73;&#99;&#46;&#x65;u<\/a><span class=\"phone\">Raum 114 B<\/span><\/div>\n<div class=\"staff-member\"><span class=\"name\">5 F<\/span><span class=\"job\">Frau Wellems <\/span><a href=\"mai&#108;&#116;&#111;&#x3a;&#x6c;&#x61;&#x75;&#x72;&#x61;&#46;we&#108;&#108;&#101;&#109;&#x73;&#x40;&#x74;&#x65;&#x61;&#x63;her&#46;&#101;&#117;&#x72;&#x73;&#x63;&#x2e;&#x65;&#x75;\" class=\"mail\">&#x6c;&#97;u&#x72;&#97;&#46;&#x77;&#101;l&#x6c;&#x65;&#109;&#x73;&#x40;&#116;e&#x61;&#99;h&#x65;&#114;&#46;&#x65;&#x75;&#114;&#x73;&#x63;&#46;e&#x75;<\/a><span class=\"phone\">Raum 115 B<\/span><\/div>\n<p>&nbsp;<\/p>\n<div class=\"staff-member\"><span class=\"name\">Frau AMANATIDOU Rafaela<\/span><span class=\"job\">L1 Griechisch, Fachlehrerin<\/span><\/div>\n<div class=\"staff-member\"><span class=\"name\">Frau BAUER Java<\/span><span class=\"job\">Support<\/span><\/div>\n<div class=\"staff-member\"><span class=\"name\">Frau BAYLESS Ingrid<\/span><span class=\"job\">Support-Koordinatorin DE \/ EN \/ FR<\/span><\/div>\n<div class=\"staff-member\"><span class=\"name\">Herr BEAUPOIL Julien<\/span><span class=\"job\">Support, Fachlehrer<\/span><\/div>\n<div class=\"staff-member\"><span class=\"name\">Frau BRANCO ALVES Fernanda<\/span><span class=\"job\">L1 Portugiesisch <\/span><\/div>\n<div class=\"staff-member\"><span class=\"name\">Frau CARTER Marianna<\/span><span class=\"job\">L1 Ungarisch<\/span><\/div>\n<div class=\"staff-member\"><span class=\"name\">Frau DAVIES Alexandra<\/span><span class=\"job\">P\u00e4dagogische Assistentin<\/span><\/div>\n<div class=\"staff-member\"><span class=\"name\">Frau de MONNERON Jeannette<\/span><span class=\"job\">Religion, Support<\/span><\/div>\n<div class=\"staff-member\"><span class=\"name\">Frau DE NOVA Maria Victoria<\/span><span class=\"job\">Fachlehrerin<\/span><\/div>\n<div class=\"staff-member\"><span class=\"name\">Frau GABRIEL Dagmar<\/span><span class=\"job\">Ev. Religion<\/span><\/div>\n<div class=\"staff-member\"><span class=\"name\">Frau HABITZREITHER Priska<\/span><span class=\"job\">Kath. Religion<\/span><\/div>\n<div class=\"staff-member\"><span class=\"name\">Frau HORNAR Christina<\/span><span class=\"job\">Support, Fachlehrerin <\/span><\/div>\n<div class=\"staff-member\"><span class=\"name\">Frau IMOLYA Melitta<\/span><span class=\"job\">L2 Englisch<\/span><\/div>\n<div class=\"staff-member\"><span class=\"name\">Frau KAYA Muna<\/span><span class=\"job\">Support<\/span><\/div>\n<div class=\"staff-member\"><span class=\"name\">Frau KLEMOLA Mailis<\/span><span class=\"job\">Sport, Garten, Biotop<\/span><\/div>\n<div class=\"staff-member\"><span class=\"name\">Herr KROL Piotr<\/span><span class=\"job\">L1 Polnisch<\/span><\/div>\n<div class=\"staff-member\"><span class=\"name\">Frau LABAN Marcia<\/span><span class=\"job\">P\u00e4dagogische Assistentin<\/span><\/div>\n<div class=\"staff-member\"><span class=\"name\">Frau MAYER Corina<\/span><span class=\"job\">Ev. Religion<\/span><\/div>\n<div class=\"staff-member\"><span class=\"name\">Frau MAYER Ines<\/span><span class=\"job\">Support<\/span><\/div>\n<div class=\"staff-member\"><span class=\"name\">Frau MENGOZZI-REHMANN Valeria<\/span><span class=\"job\">L1 Italienisch, Kunst, Musik<\/span><\/div>\n<div class=\"staff-member\"><span class=\"name\">Frau MORLANG Oxana<\/span><span class=\"job\">Sport, Europ\u00e4ische Stunden<\/span><\/div>\n<div class=\"staff-member\"><span class=\"name\">Frau PERRIER Barbara<\/span><span class=\"job\">P\u00e4dagogische Assistentin<\/span><\/div>\n<div class=\"staff-member\"><span class=\"name\">Frau POL-ABEL Judit <\/span><span class=\"job\">L1 Spanisch, P\u00e4dagogische Assistentin<\/span><\/div>\n<div class=\"staff-member\"><span class=\"name\">Frau POUTIAINEN Tessa <\/span><span class=\"job\">P\u00e4dagogische Assistentin<\/span><\/div>\n<div class=\"staff-member\"><span class=\"name\">Frau RAUBACH Ute<\/span><span class=\"job\">Sport, Koordinatorin<\/span><\/div>\n<div class=\"staff-member\"><span class=\"name\">Frau ROTHARDT Kayla<\/span><span class=\"job\">P\u00e4dagogische Assistentin<\/span><\/div>\n<div class=\"staff-member\"><span class=\"name\">Frau SAFRANYOS Maria<\/span><span class=\"job\">Sport<\/span><\/div>\n<div class=\"staff-member\"><span class=\"name\">Frau SCHREIBER Tara<\/span><span class=\"job\">L2 Englisch, Kunst<\/span><\/div>\n<div class=\"staff-member\"><span class=\"name\">Frau SERRES DALMAU Lucia<\/span><span class=\"job\">Support<\/span><\/div>\n<div class=\"staff-member\"><span class=\"name\">Frau VALLONE Daniela <\/span><span class=\"job\">Challenge Programm<\/span><\/div>\n<div class=\"staff-member\"><span class=\"name\">Frau VALU Oana <\/span><span class=\"job\">L1 Rum\u00e4nisch<\/span><\/div>\n<div class=\"staff-member\"><span class=\"name\">Frau WELLER Rachel<\/span><span class=\"job\">AADD, Support<\/span><\/div>\n<p>&nbsp;<\/p>\n<p>&nbsp;<\/p>\n","protected":false},"excerpt":{"rendered":"<p>Bitte informieren Sie vor 8.30 Uhr die Schule + die Klassenlehrkraft per E-Mail \u00fcber die Abwesenheit Ihres Kindes. Die E-Mailadresse der Schule f\u00fcr Abwesenheiten von Grundsch\u00fclern lautet: list-kar&#45;&#103;&#115;&#97;&#98;&#115;&#101;&#110;&#99;&#101;&#x40;&#x65;&#x75;&#x72;&#x73;&#x63;&#x2e;&#x65;&#x75; Deutsche Sektion<a class=\"excerpt-read-more\" href=\"https:\/\/www.es-karlsruhe.eu\/de\/grundschule\/nutzliche-informationen\/personal\/\" title=\"LesenPersonal\">\u2026 weiterlesen &raquo;<\/a><\/p>\n","protected":false},"author":3,"featured_media":0,"parent":1441,"menu_order":0,"comment_status":"closed","ping_status":"closed","template":"","meta":{"footnotes":""},"class_list":["post-1449","page","type-page","status-publish","hentry"],"_links":{"self":[{"href":"https:\/\/www.es-karlsruhe.eu\/de\/wp-json\/wp\/v2\/pages\/1449","targetHints":{"allow":["GET"]}}],"collection":[{"href":"https:\/\/www.es-karlsruhe.eu\/de\/wp-json\/wp\/v2\/pages"}],"about":[{"href":"https:\/\/www.es-karlsruhe.eu\/de\/wp-json\/wp\/v2\/types\/page"}],"author":[{"embeddable":true,"href":"https:\/\/www.es-karlsruhe.eu\/de\/wp-json\/wp\/v2\/users\/3"}],"replies":[{"embeddable":true,"href":"https:\/\/www.es-karlsruhe.eu\/de\/wp-json\/wp\/v2\/comments?post=1449"}],"version-history":[{"count":50,"href":"https:\/\/www.es-karlsruhe.eu\/de\/wp-json\/wp\/v2\/pages\/1449\/revisions"}],"predecessor-version":[{"id":177639,"href":"https:\/\/www.es-karlsruhe.eu\/de\/wp-json\/wp\/v2\/pages\/1449\/revisions\/177639"}],"up":[{"embeddable":true,"href":"https:\/\/www.es-karlsruhe.eu\/de\/wp-json\/wp\/v2\/pages\/1441"}],"wp:attachment":[{"href":"https:\/\/www.es-karlsruhe.eu\/de\/wp-json\/wp\/v2\/media?parent=1449"}],"curies":[{"name":"wp","href":"https:\/\/api.w.org\/{rel}","templated":true}]}}