{"id":1459,"date":"2017-09-05T12:34:31","date_gmt":"2017-09-05T10:34:31","guid":{"rendered":"https:\/\/www.es-karlsruhe.eu\/?page_id=1459\/"},"modified":"2018-04-12T10:03:11","modified_gmt":"2018-04-12T08:03:11","slug":"subjects-and-syllabus","status":"publish","type":"page","link":"https:\/\/www.es-karlsruhe.eu\/de\/oberschule\/lernen\/subjects-and-syllabus\/","title":{"rendered":"F\u00e4cher und Syllabi"},"content":{"rendered":"<p>Die Sekundarstufe, die sieben Klassen umfasst, gliedert sich folgenderma\u00dfen: In den ersten drei Jahren werden die Sch\u00fcler nach einem gemeinsamen Lehrplan unterrichtet, der als \u201eBeobachtungsstufe\u201c bezeichnet wird. Die meisten F\u00e4cher werden in der Muttersprache unterrichtet. Ab dem Schuljahr 2014-2015 erlernen alle Sch\u00fcler ab der ersten Klasse der Sekundarstufe eine zweite Fremdsprache (LIII).<br \/>\nIn der dritten Klasse der Sekundarstufe werden alle in Humanwissenschaften sowie in Religion oder Moral in ihrer ersten Fremdsprache (LII) unterrichtet. Latein wird in der zweiten Klasse fakultativ angeboten.<br \/>\nIn der dritten Klasse der Sekundarstufe werden diejenigen Sch\u00fcler, die in der zweiten Klasse Latein gew\u00e4hlt haben, weiterhin in diesem Fach unterrichtet.<br \/>\nDen \u00fcbrigen Sch\u00fclern wird fakultativ Informatik\/EDV (IKT) angeboten.<\/p>\n<p>In der vierten und f\u00fcnften Klasse sind die Pflichtf\u00e4cher in den integrierten Naturwissenschaften unterteilt in Physik, Chemie und Biologie, und die Sch\u00fcler k\u00f6nnen zwischen Intensiv- oder Grundkurs in Mathematik w\u00e4hlen.<br \/>\nWeitere Wahlm\u00f6glichkeiten sind Wirtschaftskunde, eine dritte Fremdsprache (LIV) und Altgriechisch.<\/p>\n<p>Die sechste und siebte Klasse bilden eine Einheit und f\u00fchren zum <a href=\"https:\/\/www.eursc.eu\/de\/European-Schools\/European-Baccalaureate\" target=\"_blank\" rel=\"noopener\">Abitur<\/a>. Auch wenn eine Reihe von Pflichtf\u00e4chern vorgeschrieben sind (Muttersprache, LII, ein naturwissenschaftliches Fach, Philosophie, Sport, Geschichte und Geographie), haben die Sch\u00fcler(innen) ein breites Spektrum an weiteren Wahlm\u00f6glichkeiten, wobei sie zus\u00e4tzlich unter zweist\u00fcndigen, vierst\u00fcndigen oder sog. Vertiefungskursen w\u00e4hlen k\u00f6nnen.<\/p>\n<p>Das nach Abschluss der Pr\u00fcfung ausgestellte Zeugnis wird in allen L\u00e4ndern der Europ\u00e4ischen Union sowie in einer Reihe weiterer L\u00e4nder anerkannt. Inhaber des Abiturs genie\u00dfen in ihrem Herkunftsland dieselben Rechte und Vorteile wie die Inhaber eines Diploms oder Zeugnisses nach Abschluss des Sekundarschulunterrichts in diesem Land. Sie erf\u00fcllen dieselben Voraussetzungen f\u00fcr die Zulassung an Hochschulen oder Universit\u00e4ten in allen L\u00e4ndern der Europ\u00e4ischen Union wie die B\u00fcrger dieser Mitgliedstaaten, die im Besitz entsprechender Bef\u00e4higungsnachweise sind.<br \/>\n<a href=\"https:\/\/www.eursc.eu\/de\/European-Schools\/studies\/syllabuses\" target=\"_blank\" rel=\"noopener\">https:\/\/www.eursc.eu\/de\/European-Schools\/studies\/syllabuses<\/a><\/p>\n","protected":false},"excerpt":{"rendered":"<p>Die Sekundarstufe, die sieben Klassen umfasst, gliedert sich folgenderma\u00dfen: In den ersten drei Jahren werden die Sch\u00fcler nach einem gemeinsamen Lehrplan unterrichtet, der als \u201eBeobachtungsstufe\u201c bezeichnet wird. Die meisten F\u00e4cher<a class=\"excerpt-read-more\" href=\"https:\/\/www.es-karlsruhe.eu\/de\/oberschule\/lernen\/subjects-and-syllabus\/\" title=\"LesenF\u00e4cher und Syllabi\">\u2026 weiterlesen &raquo;<\/a><\/p>\n","protected":false},"author":3,"featured_media":15343,"parent":1451,"menu_order":0,"comment_status":"closed","ping_status":"closed","template":"","meta":{"footnotes":""},"class_list":["post-1459","page","type-page","status-publish","has-post-thumbnail","hentry"],"_links":{"self":[{"href":"https:\/\/www.es-karlsruhe.eu\/de\/wp-json\/wp\/v2\/pages\/1459","targetHints":{"allow":["GET"]}}],"collection":[{"href":"https:\/\/www.es-karlsruhe.eu\/de\/wp-json\/wp\/v2\/pages"}],"about":[{"href":"https:\/\/www.es-karlsruhe.eu\/de\/wp-json\/wp\/v2\/types\/page"}],"author":[{"embeddable":true,"href":"https:\/\/www.es-karlsruhe.eu\/de\/wp-json\/wp\/v2\/users\/3"}],"replies":[{"embeddable":true,"href":"https:\/\/www.es-karlsruhe.eu\/de\/wp-json\/wp\/v2\/comments?post=1459"}],"version-history":[{"count":5,"href":"https:\/\/www.es-karlsruhe.eu\/de\/wp-json\/wp\/v2\/pages\/1459\/revisions"}],"predecessor-version":[{"id":15340,"href":"https:\/\/www.es-karlsruhe.eu\/de\/wp-json\/wp\/v2\/pages\/1459\/revisions\/15340"}],"up":[{"embeddable":true,"href":"https:\/\/www.es-karlsruhe.eu\/de\/wp-json\/wp\/v2\/pages\/1451"}],"wp:featuredmedia":[{"embeddable":true,"href":"https:\/\/www.es-karlsruhe.eu\/de\/wp-json\/wp\/v2\/media\/15343"}],"wp:attachment":[{"href":"https:\/\/www.es-karlsruhe.eu\/de\/wp-json\/wp\/v2\/media?parent=1459"}],"curies":[{"name":"wp","href":"https:\/\/api.w.org\/{rel}","templated":true}]}}