{"id":1461,"date":"2017-09-05T12:35:08","date_gmt":"2017-09-05T10:35:08","guid":{"rendered":"https:\/\/www.es-karlsruhe.eu\/?page_id=1461\/"},"modified":"2021-03-10T09:49:52","modified_gmt":"2021-03-10T08:49:52","slug":"unsere-raumlichkeiten","status":"publish","type":"page","link":"https:\/\/www.es-karlsruhe.eu\/de\/oberschule\/unsere-raumlichkeiten\/","title":{"rendered":"Unsere R\u00e4umlichkeiten"},"content":{"rendered":"<p>Die Schule verf\u00fcgt \u00fcber eine gut ausgestatte Bibliothek mit einem bemerkenswerten Verzeichnis von Titeln, das regelm\u00e4\u00dfig aktualisiert wird und sowohl Fiktion- als auch Sachliteratur, Nachschlagewerke sowie Zeitschriften umfasst. Dar\u00fcber hinaus verf\u00fcgt die Bibliothek \u00fcber vernetzte Computer, die f\u00fcr Lehrer und Sch\u00fcler zur Verf\u00fcgung stehen.<\/p>\n<p>ICT ist im Lehrplan als Lehrmittel integriert. Die Schule verf\u00fcgt \u00fcber drei ICT-Multimedia-R\u00e4ume, die f\u00fcr den ICT-Unterricht genutzt werden, aber auch von Lehrkr\u00e4ften aller Fachrichtungen, wenn sie mit ihren Gruppen an ICT-Projekten arbeiten.<\/p>\n<p>Dar\u00fcber hinaus sind alle Klassenr\u00e4ume mit einem Computer ausgestattet, der an einen Projektor oder an ein Active Board mit Touchscreen angeschlossen ist, der eine dynamische interaktive Lernumgebung erm\u00f6glicht. Andere Ger\u00e4te wie Digitalkameras, Laptops und iPADs unterst\u00fctzen den Unterricht.<\/p>\n<p>Das Glasfasernetz verbindet jeden Bereich der Schule und bietet Sch\u00fclern und Lehrern aus allen ICT-Labors, Personalr\u00e4umen, der Bibliothek und der Verwaltung Netzwerk- und Internetzugang.<\/p>\n<p>Lego-Mindstorms: als Basis benutzen wir in der Oberschule die Bauk\u00e4sten von Lego-Mindstorms, deren Ausstattung auf das gezielte Lernen im Umgang von Technik und Programmierung angelegt ist.<\/p>\n<p>Zu den Sportanlagen unserer Schule geh\u00f6ren zwei Sporthallen, ein Fu\u00dfballfeld, eine 100 m lange synthetische Laufbahn, zwei Weitsprung-Landepl\u00e4tze mit Laufbahn, ein Beachvolleyballplatz und ein Spielplatz mit Basketball-, Volleyball- und Handballpl\u00e4tzen.<\/p>\n<p>Zwei speziell ausgestattete Kunstr\u00e4ume bieten den Sch\u00fclern alle erforderlichen Tools, um ihr angeborenes Talent zu erkunden und auszudr\u00fccken.<\/p>\n<p>Zwei gut ausgestattete Musikr\u00e4ume stellen eine Vielzahl von Instrumenten zur Verf\u00fcgung. Darunter Gitarren, Keyboards, Violinen, Schlagzeug-Sets, Harmonien f\u00fcr Sch\u00fcler, die Musik m\u00f6gen. W\u00e4hrend der Konzerte zeigt das Schulorchester, wie alle Instrumente zusammen harmonieren.<\/p>\n<p>Der naturwissenschaftliche Unterricht findet in speziell ausger\u00fcsteten Laboratorien statt. Die R\u00e4umlichkeiten geben den Sch\u00fclern die M\u00f6glichkeit neben der Theorie, praktische Experimente in Physik, Chemie und Biologie auszu\u00fcben.<br \/>\nFotolabore sind auch vorhanden, damit den Sch\u00fclern alle notwendigen Mittel zur Verf\u00fcgung stehen.<\/p>\n\n\n\t\t<style type=\"text\/css\">\n\t\t\t#gallery-1 {\n\t\t\t\tmargin: auto;\n\t\t\t}\n\t\t\t#gallery-1 .gallery-item {\n\t\t\t\tfloat: left;\n\t\t\t\tmargin-top: 10px;\n\t\t\t\ttext-align: center;\n\t\t\t\twidth: 33%;\n\t\t\t}\n\t\t\t#gallery-1 img {\n\t\t\t\tborder: 2px solid #cfcfcf;\n\t\t\t}\n\t\t\t#gallery-1 .gallery-caption {\n\t\t\t\tmargin-left: 0;\n\t\t\t}\n\t\t\t\/* see gallery_shortcode() in wp-includes\/media.php *\/\n\t\t<\/style>\n\t\t<div id='gallery-1' class='gallery galleryid-1461 gallery-columns-3 gallery-size-medium'><dl class='gallery-item'>\n\t\t\t<dt class='gallery-icon landscape'>\n\t\t\t\t<a href='https:\/\/www.es-karlsruhe.eu\/wp-content\/uploads\/2017\/11\/secondary_outdoor_04.jpg'><img loading=\"lazy\" decoding=\"async\" width=\"300\" height=\"200\" src=\"https:\/\/www.es-karlsruhe.eu\/wp-content\/uploads\/2017\/11\/secondary_outdoor_04-300x200.jpg\" class=\"attachment-medium size-medium\" alt=\"\" srcset=\"https:\/\/www.es-karlsruhe.eu\/wp-content\/uploads\/2017\/11\/secondary_outdoor_04-300x200.jpg 300w, https:\/\/www.es-karlsruhe.eu\/wp-content\/uploads\/2017\/11\/secondary_outdoor_04-768x513.jpg 768w, https:\/\/www.es-karlsruhe.eu\/wp-content\/uploads\/2017\/11\/secondary_outdoor_04-1024x684.jpg 1024w\" sizes=\"auto, (max-width: 300px) 100vw, 300px\" \/><\/a>\n\t\t\t<\/dt><\/dl><dl class='gallery-item'>\n\t\t\t<dt class='gallery-icon landscape'>\n\t\t\t\t<a href='https:\/\/www.es-karlsruhe.eu\/wp-content\/uploads\/2017\/11\/secondary_outdoor_03.jpg'><img loading=\"lazy\" decoding=\"async\" width=\"300\" height=\"200\" src=\"https:\/\/www.es-karlsruhe.eu\/wp-content\/uploads\/2017\/11\/secondary_outdoor_03-300x200.jpg\" class=\"attachment-medium size-medium\" alt=\"\" srcset=\"https:\/\/www.es-karlsruhe.eu\/wp-content\/uploads\/2017\/11\/secondary_outdoor_03-300x200.jpg 300w, https:\/\/www.es-karlsruhe.eu\/wp-content\/uploads\/2017\/11\/secondary_outdoor_03-768x513.jpg 768w, https:\/\/www.es-karlsruhe.eu\/wp-content\/uploads\/2017\/11\/secondary_outdoor_03-1024x684.jpg 1024w\" sizes=\"auto, (max-width: 300px) 100vw, 300px\" \/><\/a>\n\t\t\t<\/dt><\/dl><dl class='gallery-item'>\n\t\t\t<dt class='gallery-icon landscape'>\n\t\t\t\t<a href='https:\/\/www.es-karlsruhe.eu\/wp-content\/uploads\/2017\/11\/secondary_outdoor_02.jpg'><img loading=\"lazy\" decoding=\"async\" width=\"300\" height=\"200\" src=\"https:\/\/www.es-karlsruhe.eu\/wp-content\/uploads\/2017\/11\/secondary_outdoor_02-300x200.jpg\" class=\"attachment-medium size-medium\" alt=\"\" srcset=\"https:\/\/www.es-karlsruhe.eu\/wp-content\/uploads\/2017\/11\/secondary_outdoor_02-300x200.jpg 300w, https:\/\/www.es-karlsruhe.eu\/wp-content\/uploads\/2017\/11\/secondary_outdoor_02-768x513.jpg 768w, https:\/\/www.es-karlsruhe.eu\/wp-content\/uploads\/2017\/11\/secondary_outdoor_02-1024x684.jpg 1024w\" sizes=\"auto, (max-width: 300px) 100vw, 300px\" \/><\/a>\n\t\t\t<\/dt><\/dl><br style=\"clear: both\" \/><dl class='gallery-item'>\n\t\t\t<dt class='gallery-icon landscape'>\n\t\t\t\t<a href='https:\/\/www.es-karlsruhe.eu\/wp-content\/uploads\/2017\/11\/secondary_outdoor_01.jpg'><img loading=\"lazy\" decoding=\"async\" width=\"300\" height=\"200\" src=\"https:\/\/www.es-karlsruhe.eu\/wp-content\/uploads\/2017\/11\/secondary_outdoor_01-300x200.jpg\" class=\"attachment-medium size-medium\" alt=\"\" srcset=\"https:\/\/www.es-karlsruhe.eu\/wp-content\/uploads\/2017\/11\/secondary_outdoor_01-300x200.jpg 300w, https:\/\/www.es-karlsruhe.eu\/wp-content\/uploads\/2017\/11\/secondary_outdoor_01-768x513.jpg 768w, https:\/\/www.es-karlsruhe.eu\/wp-content\/uploads\/2017\/11\/secondary_outdoor_01-1024x684.jpg 1024w\" sizes=\"auto, (max-width: 300px) 100vw, 300px\" \/><\/a>\n\t\t\t<\/dt><\/dl><dl class='gallery-item'>\n\t\t\t<dt class='gallery-icon landscape'>\n\t\t\t\t<a href='https:\/\/www.es-karlsruhe.eu\/wp-content\/uploads\/2017\/11\/secondary_building_02.jpg'><img loading=\"lazy\" decoding=\"async\" width=\"300\" height=\"200\" src=\"https:\/\/www.es-karlsruhe.eu\/wp-content\/uploads\/2017\/11\/secondary_building_02-300x200.jpg\" class=\"attachment-medium size-medium\" alt=\"\" srcset=\"https:\/\/www.es-karlsruhe.eu\/wp-content\/uploads\/2017\/11\/secondary_building_02-300x200.jpg 300w, https:\/\/www.es-karlsruhe.eu\/wp-content\/uploads\/2017\/11\/secondary_building_02-768x513.jpg 768w, https:\/\/www.es-karlsruhe.eu\/wp-content\/uploads\/2017\/11\/secondary_building_02-1024x684.jpg 1024w\" sizes=\"auto, (max-width: 300px) 100vw, 300px\" \/><\/a>\n\t\t\t<\/dt><\/dl><dl class='gallery-item'>\n\t\t\t<dt class='gallery-icon landscape'>\n\t\t\t\t<a href='https:\/\/www.es-karlsruhe.eu\/wp-content\/uploads\/2017\/11\/secondary_building_01.jpg'><img loading=\"lazy\" decoding=\"async\" width=\"300\" height=\"200\" src=\"https:\/\/www.es-karlsruhe.eu\/wp-content\/uploads\/2017\/11\/secondary_building_01-300x200.jpg\" class=\"attachment-medium size-medium\" alt=\"\" srcset=\"https:\/\/www.es-karlsruhe.eu\/wp-content\/uploads\/2017\/11\/secondary_building_01-300x200.jpg 300w, https:\/\/www.es-karlsruhe.eu\/wp-content\/uploads\/2017\/11\/secondary_building_01-768x513.jpg 768w, https:\/\/www.es-karlsruhe.eu\/wp-content\/uploads\/2017\/11\/secondary_building_01-1024x684.jpg 1024w\" sizes=\"auto, (max-width: 300px) 100vw, 300px\" \/><\/a>\n\t\t\t<\/dt><\/dl><br style=\"clear: both\" \/>\n\t\t<\/div>\n\n\n\t\t<style type=\"text\/css\">\n\t\t\t#gallery-2 {\n\t\t\t\tmargin: auto;\n\t\t\t}\n\t\t\t#gallery-2 .gallery-item {\n\t\t\t\tfloat: left;\n\t\t\t\tmargin-top: 10px;\n\t\t\t\ttext-align: center;\n\t\t\t\twidth: 33%;\n\t\t\t}\n\t\t\t#gallery-2 img {\n\t\t\t\tborder: 2px solid #cfcfcf;\n\t\t\t}\n\t\t\t#gallery-2 .gallery-caption {\n\t\t\t\tmargin-left: 0;\n\t\t\t}\n\t\t\t\/* see gallery_shortcode() in wp-includes\/media.php *\/\n\t\t<\/style>\n\t\t<div id='gallery-2' class='gallery galleryid-1461 gallery-columns-3 gallery-size-medium'><dl class='gallery-item'>\n\t\t\t<dt class='gallery-icon landscape'>\n\t\t\t\t<a href='https:\/\/www.es-karlsruhe.eu\/wp-content\/uploads\/2021\/03\/chem-lab-06-scaled.jpg'><img loading=\"lazy\" decoding=\"async\" width=\"300\" height=\"225\" src=\"https:\/\/www.es-karlsruhe.eu\/wp-content\/uploads\/2021\/03\/chem-lab-06-300x225.jpg\" class=\"attachment-medium size-medium\" alt=\"\" srcset=\"https:\/\/www.es-karlsruhe.eu\/wp-content\/uploads\/2021\/03\/chem-lab-06-300x225.jpg 300w, https:\/\/www.es-karlsruhe.eu\/wp-content\/uploads\/2021\/03\/chem-lab-06-1024x768.jpg 1024w, https:\/\/www.es-karlsruhe.eu\/wp-content\/uploads\/2021\/03\/chem-lab-06-768x576.jpg 768w, https:\/\/www.es-karlsruhe.eu\/wp-content\/uploads\/2021\/03\/chem-lab-06-1536x1152.jpg 1536w, https:\/\/www.es-karlsruhe.eu\/wp-content\/uploads\/2021\/03\/chem-lab-06-2048x1536.jpg 2048w\" sizes=\"auto, (max-width: 300px) 100vw, 300px\" \/><\/a>\n\t\t\t<\/dt><\/dl><dl class='gallery-item'>\n\t\t\t<dt class='gallery-icon landscape'>\n\t\t\t\t<a href='https:\/\/www.es-karlsruhe.eu\/wp-content\/uploads\/2021\/03\/IMG_3260-scaled.jpg'><img loading=\"lazy\" decoding=\"async\" width=\"300\" height=\"200\" src=\"https:\/\/www.es-karlsruhe.eu\/wp-content\/uploads\/2021\/03\/IMG_3260-300x200.jpg\" class=\"attachment-medium size-medium\" alt=\"\" srcset=\"https:\/\/www.es-karlsruhe.eu\/wp-content\/uploads\/2021\/03\/IMG_3260-300x200.jpg 300w, https:\/\/www.es-karlsruhe.eu\/wp-content\/uploads\/2021\/03\/IMG_3260-1024x683.jpg 1024w, https:\/\/www.es-karlsruhe.eu\/wp-content\/uploads\/2021\/03\/IMG_3260-768x512.jpg 768w, https:\/\/www.es-karlsruhe.eu\/wp-content\/uploads\/2021\/03\/IMG_3260-1536x1024.jpg 1536w, https:\/\/www.es-karlsruhe.eu\/wp-content\/uploads\/2021\/03\/IMG_3260-2048x1365.jpg 2048w\" sizes=\"auto, (max-width: 300px) 100vw, 300px\" \/><\/a>\n\t\t\t<\/dt><\/dl><dl class='gallery-item'>\n\t\t\t<dt class='gallery-icon landscape'>\n\t\t\t\t<a href='https:\/\/www.es-karlsruhe.eu\/wp-content\/uploads\/2021\/03\/20191105_171505644_iOS-scaled.jpg'><img loading=\"lazy\" decoding=\"async\" width=\"300\" height=\"225\" src=\"https:\/\/www.es-karlsruhe.eu\/wp-content\/uploads\/2021\/03\/20191105_171505644_iOS-300x225.jpg\" class=\"attachment-medium size-medium\" alt=\"\" srcset=\"https:\/\/www.es-karlsruhe.eu\/wp-content\/uploads\/2021\/03\/20191105_171505644_iOS-300x225.jpg 300w, https:\/\/www.es-karlsruhe.eu\/wp-content\/uploads\/2021\/03\/20191105_171505644_iOS-1024x768.jpg 1024w, https:\/\/www.es-karlsruhe.eu\/wp-content\/uploads\/2021\/03\/20191105_171505644_iOS-768x576.jpg 768w, https:\/\/www.es-karlsruhe.eu\/wp-content\/uploads\/2021\/03\/20191105_171505644_iOS-1536x1152.jpg 1536w, https:\/\/www.es-karlsruhe.eu\/wp-content\/uploads\/2021\/03\/20191105_171505644_iOS-2048x1536.jpg 2048w\" sizes=\"auto, (max-width: 300px) 100vw, 300px\" \/><\/a>\n\t\t\t<\/dt><\/dl><br style=\"clear: both\" \/><dl class='gallery-item'>\n\t\t\t<dt class='gallery-icon portrait'>\n\t\t\t\t<a href='https:\/\/www.es-karlsruhe.eu\/wp-content\/uploads\/2021\/03\/IMG_0563_3.jpg'><img loading=\"lazy\" decoding=\"async\" width=\"231\" height=\"300\" src=\"https:\/\/www.es-karlsruhe.eu\/wp-content\/uploads\/2021\/03\/IMG_0563_3-231x300.jpg\" class=\"attachment-medium size-medium\" alt=\"\" srcset=\"https:\/\/www.es-karlsruhe.eu\/wp-content\/uploads\/2021\/03\/IMG_0563_3-231x300.jpg 231w, https:\/\/www.es-karlsruhe.eu\/wp-content\/uploads\/2021\/03\/IMG_0563_3-787x1024.jpg 787w, https:\/\/www.es-karlsruhe.eu\/wp-content\/uploads\/2021\/03\/IMG_0563_3-768x999.jpg 768w, https:\/\/www.es-karlsruhe.eu\/wp-content\/uploads\/2021\/03\/IMG_0563_3-1180x1536.jpg 1180w, https:\/\/www.es-karlsruhe.eu\/wp-content\/uploads\/2021\/03\/IMG_0563_3.jpg 1400w\" sizes=\"auto, (max-width: 231px) 100vw, 231px\" \/><\/a>\n\t\t\t<\/dt><\/dl>\n\t\t\t<br style='clear: both' \/>\n\t\t<\/div>\n\n","protected":false},"excerpt":{"rendered":"<p>Die Schule verf\u00fcgt \u00fcber eine gut ausgestatte Bibliothek mit einem bemerkenswerten Verzeichnis von Titeln, das regelm\u00e4\u00dfig aktualisiert wird und sowohl Fiktion- als auch Sachliteratur, Nachschlagewerke sowie Zeitschriften umfasst. Dar\u00fcber hinaus<a class=\"excerpt-read-more\" href=\"https:\/\/www.es-karlsruhe.eu\/de\/oberschule\/unsere-raumlichkeiten\/\" title=\"LesenUnsere R\u00e4umlichkeiten\">\u2026 weiterlesen &raquo;<\/a><\/p>\n","protected":false},"author":3,"featured_media":3587,"parent":1258,"menu_order":0,"comment_status":"closed","ping_status":"closed","template":"","meta":{"footnotes":""},"class_list":["post-1461","page","type-page","status-publish","has-post-thumbnail","hentry"],"_links":{"self":[{"href":"https:\/\/www.es-karlsruhe.eu\/de\/wp-json\/wp\/v2\/pages\/1461","targetHints":{"allow":["GET"]}}],"collection":[{"href":"https:\/\/www.es-karlsruhe.eu\/de\/wp-json\/wp\/v2\/pages"}],"about":[{"href":"https:\/\/www.es-karlsruhe.eu\/de\/wp-json\/wp\/v2\/types\/page"}],"author":[{"embeddable":true,"href":"https:\/\/www.es-karlsruhe.eu\/de\/wp-json\/wp\/v2\/users\/3"}],"replies":[{"embeddable":true,"href":"https:\/\/www.es-karlsruhe.eu\/de\/wp-json\/wp\/v2\/comments?post=1461"}],"version-history":[{"count":5,"href":"https:\/\/www.es-karlsruhe.eu\/de\/wp-json\/wp\/v2\/pages\/1461\/revisions"}],"predecessor-version":[{"id":96995,"href":"https:\/\/www.es-karlsruhe.eu\/de\/wp-json\/wp\/v2\/pages\/1461\/revisions\/96995"}],"up":[{"embeddable":true,"href":"https:\/\/www.es-karlsruhe.eu\/de\/wp-json\/wp\/v2\/pages\/1258"}],"wp:featuredmedia":[{"embeddable":true,"href":"https:\/\/www.es-karlsruhe.eu\/de\/wp-json\/wp\/v2\/media\/3587"}],"wp:attachment":[{"href":"https:\/\/www.es-karlsruhe.eu\/de\/wp-json\/wp\/v2\/media?parent=1461"}],"curies":[{"name":"wp","href":"https:\/\/api.w.org\/{rel}","templated":true}]}}