{"id":146636,"date":"2023-09-12T15:04:06","date_gmt":"2023-09-12T13:04:06","guid":{"rendered":"https:\/\/www.es-karlsruhe.eu\/?page_id=146636"},"modified":"2023-09-12T16:16:18","modified_gmt":"2023-09-12T14:16:18","slug":"european-schools-science-symposium-esss","status":"publish","type":"page","link":"https:\/\/www.es-karlsruhe.eu\/de\/oberschule\/lernen\/european-schools-science-symposium-esss\/","title":{"rendered":"European Schools&#8216; Science Symposium (ESSS)"},"content":{"rendered":"<p>Das <a href=\"http:\/\/esss.wp.eursc.eu\/\">European School Science Symposium<\/a> ist ein renommierter Wettbewerb, der Sch\u00fclern der Europ\u00e4ischen Schulen der Jahrg\u00e4nge S1 bis S7 offen steht. Hier haben Einzelpersonen oder Gruppen von bis zu 3 Sch\u00fclern die M\u00f6glichkeit, von einem Lehrer-Mentor begleitet und ermutigt, ein Gebiet wissenschaftlichen Interesses ihrer Wahl zu erforschen. Es geht dabei um Themen, die normalerweise nicht im Lehrplan der Europ\u00e4ischen Schulen behandelt werden &#8211; Eine echte freie und spannende wissenschaftliche Forschung!<\/p>\n<p>Die ausgew\u00e4hlten Projekte werden einmal j\u00e4hrlich w\u00e4hrend des Symposiums pr\u00e4sentiert und von Lehrern und Fachexperten bewertet. Die jungen Talente werden nach Alter getrennt bewertet, die besten Projekte in der Junior- und Senior-Kategorie werden mit Preisen ausgezeichnet.<\/p>\n<p>Das insgesamt beste Projekt in der Kategorie \u201eSenior\u201c wird die Europ\u00e4ischen Schulen beim European Union Contest for Young Scientists (<a href=\"https:\/\/research-and-innovation.ec.europa.eu\/funding\/funding-opportunities\/eucys_en\">EUCYS<\/a>) sp\u00e4ter im Jahr vertreten.<\/p>\n<p>In den letzten Jahren haben sich die Projekte der Europ\u00e4ischen Schule in Karlsruhe durch ihre Originalit\u00e4t und die Sorgfalt bei der Erforschung der behandelten Themen ausgezeichnet und uns zahlreiche Preise in beiden Kategorien eingebracht.<\/p>\n<p>Neben der wissenschaftlichen und p\u00e4dagogischen Bedeutung dieses Wettbewerbs ist es wichtig zu betonen, dass das Symposium eine einmalige Gelegenheit ist, Experten aus den verschiedenen wissenschaftlichen Disziplinen zu treffen und ihre Aussagen zu h\u00f6ren sowie ein Netzwerk von Kontakten aufzubauen, das f\u00fcr die weitere Entwicklung junger wissenschaftlicher Talente wichtig ist.<\/p>\n<p>Nachfolgend finden Sie die Worte einiger Studenten, die teilgenommen haben.<br \/>\nIsaia P. (S6EN) : &#8222;Eine erstaunliche Erfahrung! Es gab so viele intelligente Leute, interessante Veranstaltungen und inspirierende Ideen. Wenn man auch nur das geringste Interesse an Wissenschaft und Projekten hat, kann ich nur empfehlen, es zu versuchen. Es war bombastisch!&#8220;<\/p>\n<p>Laura V. (S3EN): &#8222;Insgesamt glaube ich, dass das European School Science Symposium eine wunderbare Erfahrung f\u00fcr uns Sch\u00fcler ist. Beim ESSS werden wir mit vielen verschiedenen Experimenten konfrontiert, die von Sch\u00fclern aus verschiedenen europ\u00e4ischen Schulen durchgef\u00fchrt werden. Au\u00dferdem hat beim ESSS nicht alles mit Wissenschaft zu tun, da wir viele lustige Aktivit\u00e4ten wie Schlittschuhlaufen, eine Disco usw. unternehmen k\u00f6nnen. Das ist auch eine Chance f\u00fcr uns Teilnehmer, neue Freunde zu finden (ich halte immer noch Kontakt zu meinen!). Ich habe an der ESSS in einer Gruppe teilgenommen, die aus zwei meiner Klassenkameraden bestand, aber man kann auch alleine arbeiten. Wir haben 2022 zum ersten Mal an der ESSS teilgenommen, die in Stra\u00dfburg stattfand, und es hat uns so gut gefallen, dass wir beschlossen haben, 2023 erneut teilzunehmen! Ich w\u00fcrde sagen, beide Male waren gro\u00dfartig, begleitet von vielen neuen Erfahrungen, Wissen und Essen. Obwohl man viel Arbeit und Zeit in sein Projekt stecken muss und manchmal sogar Abende in der Schule verbringen muss, um Experimente durchzuf\u00fchren, ist es das meiner Meinung nach wert. Man lernt viele Dinge, die man sonst im Unterricht nicht kennen lernt, und hat sogar die Freiheit, sein eigenes Experiment zu w\u00e4hlen! Au\u00dferdem kann man seine Pr\u00e4sentationsf\u00e4higkeiten verbessern, wenn man vor Publikum spricht, was in der Schule sehr hilfreich ist (ich habe festgestellt, dass ich jetzt viel selbstbewusster vor einer Menschenmenge spreche). Ich w\u00fcrde jeden, der ein kreatives Umfeld hat, ermutigen, sich ein Experiment auszudenken und die ESSS auszuprobieren!<\/p>\n<p>Mila S. (S6DE): &#8222;F\u00fcr mich war die ESSS eine gro\u00dfartige Erfahrung.<\/p>\n<p>Am Vormittag hatten wir die M\u00f6glichkeit, mit anderen Studenten zu diskutieren und Ideen und Erkenntnisse \u00fcber unsere Projekte auszutauschen. Am Nachmittag hatten wir die Gelegenheit, uns zu entspannen und Kontakte zu kn\u00fcpfen, z. B. beim Schlittschuhlaufen, und Verbindungen \u00fcber die akademische Ebene hinaus zu kn\u00fcpfen.<\/p>\n<p>Die ESSS bringt Studierende aus verschiedenen Teilen der Welt durch unseren gemeinsamen Eifer und Enthusiasmus f\u00fcr die Wissenschaft erfolgreich zusammen.&#8220;<\/p>\n<p>Laura P. (S6DE): &#8222;ESSS 2023, drei Tage voller Wissenschaft, Reden und Geselligkeit.<\/p>\n<p>Die gemeinsame Langeweile zwischen uns Sch\u00fclern bei der Er\u00f6ffnungszeremonie brachte<\/p>\n<p>uns dazu, mit den anderen Schulen zu interagieren. Es wurde mit den Augen gerollt, die Redner wurden verspottet<\/p>\n<p>und soziale Kontakte ausgetauscht.<\/p>\n<p>Der n\u00e4chste Morgen stand ganz im Zeichen der Posterausstellung. Etwa 150 Sch\u00fcler packten nerv\u00f6s ihr Endprodukt aus, das das Ergebnis monatelanger Frustration, Forschung und Anstrengung war. Nat\u00fcrlich waren wir alle neugierig, was die Konkurrenz vorhatte, und so begannen die pr\u00fcfenden Blicke und gefl\u00fcsterten Vergleiche. Es wurden Allianzen geschlossen und Rivalit\u00e4ten gebildet. (Aber nat\u00fcrlich #nohate)<\/p>\n<p>Nach einem Rundgang \u00fcber den GFS-Campus sp\u00fcrten die Senioren, wie die Nervosit\u00e4t in Bezug auf ihre Pr\u00e4sentationen immer gr\u00f6\u00dfer wurde. Sie wurden in einen Raum mit einer riesigen Leinwand im Hintergrund und einer Gruppe von Richtern vor ihnen gebracht. Nach der Pr\u00e4sentation wurden einem Fragen gestellt, und im besten Fall wusste man, wor\u00fcber man sprach, und verlie\u00df den Raum mit einem Gef\u00fchl der Erleichterung.<\/p>\n<p>An diesem Abend waren wir in der Europ\u00e4ischen Schule von Varese eingeladen. Die Lehrerband spielte, Herr Agoston tanzte, Isaia tauchte seinen Kopf in eine Sch\u00fcssel mit Wasser und wir trafen weitere Mitsch\u00fcler. Die Finalisten sollten sp\u00e4ter am Abend bei der &#8222;Ice Skating Fun Night&#8220; bekannt gegeben werden, und obwohl das Karlsruher Team zu sp\u00e4t kam, retteten unsere Verbindungen zu den Varese-Sch\u00fclern unseren Abend. Zwei Karlsruher Teams schafften es ins Finale. Was f\u00fcr ein Abend!<\/p>\n<p>Der n\u00e4chste Tag verging wie im Flug. F\u00fcnf Senior- und f\u00fcnf Junior-Teams pr\u00e4sentierten sich vor allen. Vitaminpflaster, &#8222;M\u00fcllmaschinen&#8220;, ferngesteuerte Papierflieger, selbstgemachter D\u00fcnger und Schmerzmittel. Ein Projekt so faszinierend wie das andere. Nach einer feenhaften Bootstour \u00fcber den Lago Maggiore nahm der Abend eine gewaltige Wendung, als drei der Karlsruher irgendwie bei einer Gruppe belgischer Studenten landeten. Nach einem Spaziergang zum n\u00e4chstgelegenen McDonalds kehrten wir ins Hotel zur\u00fcck, aber es gab noch so viel zu besprechen.<\/p>\n<p>Der letzte Morgen begann mit der Abschlusszeremonie. Eine Reihe von mehr oder weniger wichtigen Akteuren hielten Reden, und wir wollten nur noch die Rangliste h\u00f6ren, die die Jury beschlossen hatte. Als es endlich soweit war, konnte Arman es nicht fassen, Frau Valdiserri h\u00fcpfte auf und ab, Frau Santos konnte nicht aufh\u00f6ren zu l\u00e4cheln und sogar Isaia schien gl\u00fccklich zu sein. Karlsruhe hat gewonnen!<\/p>\n<p>Nach der Zugfahrt zur\u00fcck nach Karlsruhe waren wir uns alle einig, dass: Dieses Ereignis hat uns alle wieder einmal in unserer Vielfalt vereint!&#8220;<\/p>\n<p>Isabella R. (S3EN): &#8222;Auf dem Europ\u00e4ischen Wissenschaftssymposium f\u00fcr Schulen kann man nicht nur seine einzigartigen Ideen verwirklichen, sondern auch reisen und neue Leute kennenlernen. Jedes Jahr plant die gastgebende Schule eine Vielzahl von Aktivit\u00e4ten, an denen die ESSS-Teilnehmer teilnehmen k\u00f6nnen. In diesem Jahr durften wir nach Varese, Italien, fahren und die GFS besuchen. W\u00e4hrend unserer Reise konnten wir nicht nur unsere Projekte vor einer Jury pr\u00e4sentieren, sondern auch die GFS besichtigen, die Europ\u00e4ische Schule von Varese besuchen und an einem Abend Schlittschuhlaufen gehen. &#8220;<\/p>\n<p>Arman P. (S6EN): &#8222;Die ESSS 2023 in Varese war in vielerlei Hinsicht eine \u00e4u\u00dferst wertvolle Erfahrung. Von dem Moment an, als wir im November eine Idee hatten, bis zum letzten Tag des Symposiums haben wir so viele neue Dinge erlebt: lange Sitzungen, um die n\u00e4chsten Schritte des Projekts anzupassen und zu planen, die Verwendung neuer Ger\u00e4te in Laboreinrichtungen, von denen wir nie gedacht h\u00e4tten, dass wir Zugang zu ihnen haben w\u00fcrden, die Analyse und das Verfassen dieser Ergebnisse zu einem koh\u00e4renten Endprodukt und schlie\u00dflich die Reise nach Varese. Es war ein \u00e4u\u00dferst lohnender Prozess, zu sehen, wie all unsere Arbeit zu etwas zusammengef\u00fcgt wurde, auf das wir stolz sind. In den drei Tagen, die wir dort verbrachten, lernten wir nicht nur, wie eine wissenschaftliche Konferenz abl\u00e4uft, sondern wir verbrachten auch Zeit mit Gleichgesinnten und hatten sogar Zeit, die Gegend auf einer F\u00e4hrfahrt zu erkunden.<\/p>\n<p>Florence H. (S3EN): Mir hat die ESSS sehr gut gefallen, vor allem das Kennenlernen der Projekte der anderen und das Schlittschuhlaufen. Obwohl wir es nicht in die Endrunde geschafft haben, hatte ich viel Spa\u00df auf der Reise!<\/p>\n\n\t\t<style type=\"text\/css\">\n\t\t\t#gallery-1 {\n\t\t\t\tmargin: auto;\n\t\t\t}\n\t\t\t#gallery-1 .gallery-item {\n\t\t\t\tfloat: left;\n\t\t\t\tmargin-top: 10px;\n\t\t\t\ttext-align: center;\n\t\t\t\twidth: 33%;\n\t\t\t}\n\t\t\t#gallery-1 img {\n\t\t\t\tborder: 2px solid #cfcfcf;\n\t\t\t}\n\t\t\t#gallery-1 .gallery-caption {\n\t\t\t\tmargin-left: 0;\n\t\t\t}\n\t\t\t\/* see gallery_shortcode() in wp-includes\/media.php *\/\n\t\t<\/style>\n\t\t<div id='gallery-1' class='gallery galleryid-146636 gallery-columns-3 gallery-size-medium'><dl class='gallery-item'>\n\t\t\t<dt class='gallery-icon landscape'>\n\t\t\t\t<a href='https:\/\/www.es-karlsruhe.eu\/wp-content\/uploads\/2023\/09\/2023-09-12-161025.png'><img loading=\"lazy\" decoding=\"async\" width=\"300\" height=\"188\" src=\"https:\/\/www.es-karlsruhe.eu\/wp-content\/uploads\/2023\/09\/2023-09-12-161025-300x188.png\" class=\"attachment-medium size-medium\" alt=\"\" srcset=\"https:\/\/www.es-karlsruhe.eu\/wp-content\/uploads\/2023\/09\/2023-09-12-161025-300x188.png 300w, https:\/\/www.es-karlsruhe.eu\/wp-content\/uploads\/2023\/09\/2023-09-12-161025-768x482.png 768w, https:\/\/www.es-karlsruhe.eu\/wp-content\/uploads\/2023\/09\/2023-09-12-161025.png 823w\" sizes=\"auto, (max-width: 300px) 100vw, 300px\" \/><\/a>\n\t\t\t<\/dt><\/dl><dl class='gallery-item'>\n\t\t\t<dt class='gallery-icon landscape'>\n\t\t\t\t<a href='https:\/\/www.es-karlsruhe.eu\/wp-content\/uploads\/2023\/09\/2023-09-12-161002.png'><img loading=\"lazy\" decoding=\"async\" width=\"300\" height=\"173\" src=\"https:\/\/www.es-karlsruhe.eu\/wp-content\/uploads\/2023\/09\/2023-09-12-161002-300x173.png\" class=\"attachment-medium size-medium\" alt=\"\" srcset=\"https:\/\/www.es-karlsruhe.eu\/wp-content\/uploads\/2023\/09\/2023-09-12-161002-300x173.png 300w, https:\/\/www.es-karlsruhe.eu\/wp-content\/uploads\/2023\/09\/2023-09-12-161002-768x444.png 768w, https:\/\/www.es-karlsruhe.eu\/wp-content\/uploads\/2023\/09\/2023-09-12-161002.png 896w\" sizes=\"auto, (max-width: 300px) 100vw, 300px\" \/><\/a>\n\t\t\t<\/dt><\/dl><dl class='gallery-item'>\n\t\t\t<dt class='gallery-icon landscape'>\n\t\t\t\t<a href='https:\/\/www.es-karlsruhe.eu\/wp-content\/uploads\/2023\/09\/2023-09-12-160939.png'><img loading=\"lazy\" decoding=\"async\" width=\"300\" height=\"176\" src=\"https:\/\/www.es-karlsruhe.eu\/wp-content\/uploads\/2023\/09\/2023-09-12-160939-300x176.png\" class=\"attachment-medium size-medium\" alt=\"\" srcset=\"https:\/\/www.es-karlsruhe.eu\/wp-content\/uploads\/2023\/09\/2023-09-12-160939-300x176.png 300w, https:\/\/www.es-karlsruhe.eu\/wp-content\/uploads\/2023\/09\/2023-09-12-160939-768x450.png 768w, https:\/\/www.es-karlsruhe.eu\/wp-content\/uploads\/2023\/09\/2023-09-12-160939.png 898w\" sizes=\"auto, (max-width: 300px) 100vw, 300px\" \/><\/a>\n\t\t\t<\/dt><\/dl><br style=\"clear: both\" \/><dl class='gallery-item'>\n\t\t\t<dt class='gallery-icon landscape'>\n\t\t\t\t<a href='https:\/\/www.es-karlsruhe.eu\/wp-content\/uploads\/2023\/09\/2023-09-12-160915.png'><img loading=\"lazy\" decoding=\"async\" width=\"300\" height=\"174\" src=\"https:\/\/www.es-karlsruhe.eu\/wp-content\/uploads\/2023\/09\/2023-09-12-160915-300x174.png\" class=\"attachment-medium size-medium\" alt=\"\" srcset=\"https:\/\/www.es-karlsruhe.eu\/wp-content\/uploads\/2023\/09\/2023-09-12-160915-300x174.png 300w, https:\/\/www.es-karlsruhe.eu\/wp-content\/uploads\/2023\/09\/2023-09-12-160915-768x446.png 768w, https:\/\/www.es-karlsruhe.eu\/wp-content\/uploads\/2023\/09\/2023-09-12-160915.png 891w\" sizes=\"auto, (max-width: 300px) 100vw, 300px\" \/><\/a>\n\t\t\t<\/dt><\/dl><dl class='gallery-item'>\n\t\t\t<dt class='gallery-icon landscape'>\n\t\t\t\t<a href='https:\/\/www.es-karlsruhe.eu\/wp-content\/uploads\/2023\/09\/2023-09-12-160851.png'><img loading=\"lazy\" decoding=\"async\" width=\"300\" height=\"174\" src=\"https:\/\/www.es-karlsruhe.eu\/wp-content\/uploads\/2023\/09\/2023-09-12-160851-300x174.png\" class=\"attachment-medium size-medium\" alt=\"\" srcset=\"https:\/\/www.es-karlsruhe.eu\/wp-content\/uploads\/2023\/09\/2023-09-12-160851-300x174.png 300w, https:\/\/www.es-karlsruhe.eu\/wp-content\/uploads\/2023\/09\/2023-09-12-160851-768x445.png 768w, https:\/\/www.es-karlsruhe.eu\/wp-content\/uploads\/2023\/09\/2023-09-12-160851.png 897w\" sizes=\"auto, (max-width: 300px) 100vw, 300px\" \/><\/a>\n\t\t\t<\/dt><\/dl><dl class='gallery-item'>\n\t\t\t<dt class='gallery-icon landscape'>\n\t\t\t\t<a href='https:\/\/www.es-karlsruhe.eu\/wp-content\/uploads\/2023\/09\/2023-09-12-160825.png'><img loading=\"lazy\" decoding=\"async\" width=\"300\" height=\"172\" src=\"https:\/\/www.es-karlsruhe.eu\/wp-content\/uploads\/2023\/09\/2023-09-12-160825-300x172.png\" class=\"attachment-medium size-medium\" alt=\"\" srcset=\"https:\/\/www.es-karlsruhe.eu\/wp-content\/uploads\/2023\/09\/2023-09-12-160825-300x172.png 300w, https:\/\/www.es-karlsruhe.eu\/wp-content\/uploads\/2023\/09\/2023-09-12-160825-768x439.png 768w, https:\/\/www.es-karlsruhe.eu\/wp-content\/uploads\/2023\/09\/2023-09-12-160825.png 897w\" sizes=\"auto, (max-width: 300px) 100vw, 300px\" \/><\/a>\n\t\t\t<\/dt><\/dl><br style=\"clear: both\" \/><dl class='gallery-item'>\n\t\t\t<dt class='gallery-icon landscape'>\n\t\t\t\t<a href='https:\/\/www.es-karlsruhe.eu\/wp-content\/uploads\/2023\/09\/2023-09-12-160754.png'><img loading=\"lazy\" decoding=\"async\" width=\"300\" height=\"162\" src=\"https:\/\/www.es-karlsruhe.eu\/wp-content\/uploads\/2023\/09\/2023-09-12-160754-300x162.png\" class=\"attachment-medium size-medium\" alt=\"\" srcset=\"https:\/\/www.es-karlsruhe.eu\/wp-content\/uploads\/2023\/09\/2023-09-12-160754-300x162.png 300w, https:\/\/www.es-karlsruhe.eu\/wp-content\/uploads\/2023\/09\/2023-09-12-160754-768x414.png 768w, https:\/\/www.es-karlsruhe.eu\/wp-content\/uploads\/2023\/09\/2023-09-12-160754.png 902w\" sizes=\"auto, (max-width: 300px) 100vw, 300px\" \/><\/a>\n\t\t\t<\/dt><\/dl><dl class='gallery-item'>\n\t\t\t<dt class='gallery-icon landscape'>\n\t\t\t\t<a href='https:\/\/www.es-karlsruhe.eu\/wp-content\/uploads\/2023\/09\/2023-09-12-160729.png'><img loading=\"lazy\" decoding=\"async\" width=\"300\" height=\"172\" src=\"https:\/\/www.es-karlsruhe.eu\/wp-content\/uploads\/2023\/09\/2023-09-12-160729-300x172.png\" class=\"attachment-medium size-medium\" alt=\"\" srcset=\"https:\/\/www.es-karlsruhe.eu\/wp-content\/uploads\/2023\/09\/2023-09-12-160729-300x172.png 300w, https:\/\/www.es-karlsruhe.eu\/wp-content\/uploads\/2023\/09\/2023-09-12-160729-768x441.png 768w, https:\/\/www.es-karlsruhe.eu\/wp-content\/uploads\/2023\/09\/2023-09-12-160729.png 906w\" sizes=\"auto, (max-width: 300px) 100vw, 300px\" \/><\/a>\n\t\t\t<\/dt><\/dl><dl class='gallery-item'>\n\t\t\t<dt class='gallery-icon landscape'>\n\t\t\t\t<a href='https:\/\/www.es-karlsruhe.eu\/wp-content\/uploads\/2023\/09\/2023-09-12-160658.png'><img loading=\"lazy\" decoding=\"async\" width=\"300\" height=\"175\" src=\"https:\/\/www.es-karlsruhe.eu\/wp-content\/uploads\/2023\/09\/2023-09-12-160658-300x175.png\" class=\"attachment-medium size-medium\" alt=\"\" srcset=\"https:\/\/www.es-karlsruhe.eu\/wp-content\/uploads\/2023\/09\/2023-09-12-160658-300x175.png 300w, https:\/\/www.es-karlsruhe.eu\/wp-content\/uploads\/2023\/09\/2023-09-12-160658-768x448.png 768w, https:\/\/www.es-karlsruhe.eu\/wp-content\/uploads\/2023\/09\/2023-09-12-160658.png 877w\" sizes=\"auto, (max-width: 300px) 100vw, 300px\" \/><\/a>\n\t\t\t<\/dt><\/dl><br style=\"clear: both\" \/><dl class='gallery-item'>\n\t\t\t<dt class='gallery-icon landscape'>\n\t\t\t\t<a href='https:\/\/www.es-karlsruhe.eu\/wp-content\/uploads\/2023\/09\/2023-09-12-160559.png'><img loading=\"lazy\" decoding=\"async\" width=\"300\" height=\"170\" src=\"https:\/\/www.es-karlsruhe.eu\/wp-content\/uploads\/2023\/09\/2023-09-12-160559-300x170.png\" class=\"attachment-medium size-medium\" alt=\"\" srcset=\"https:\/\/www.es-karlsruhe.eu\/wp-content\/uploads\/2023\/09\/2023-09-12-160559-300x170.png 300w, https:\/\/www.es-karlsruhe.eu\/wp-content\/uploads\/2023\/09\/2023-09-12-160559-768x436.png 768w, https:\/\/www.es-karlsruhe.eu\/wp-content\/uploads\/2023\/09\/2023-09-12-160559.png 887w\" sizes=\"auto, (max-width: 300px) 100vw, 300px\" \/><\/a>\n\t\t\t<\/dt><\/dl><dl class='gallery-item'>\n\t\t\t<dt class='gallery-icon landscape'>\n\t\t\t\t<a href='https:\/\/www.es-karlsruhe.eu\/wp-content\/uploads\/2023\/09\/2023-09-12-160410.png'><img loading=\"lazy\" decoding=\"async\" width=\"300\" height=\"185\" src=\"https:\/\/www.es-karlsruhe.eu\/wp-content\/uploads\/2023\/09\/2023-09-12-160410-300x185.png\" class=\"attachment-medium size-medium\" alt=\"\" srcset=\"https:\/\/www.es-karlsruhe.eu\/wp-content\/uploads\/2023\/09\/2023-09-12-160410-300x185.png 300w, https:\/\/www.es-karlsruhe.eu\/wp-content\/uploads\/2023\/09\/2023-09-12-160410-1024x630.png 1024w, https:\/\/www.es-karlsruhe.eu\/wp-content\/uploads\/2023\/09\/2023-09-12-160410-768x473.png 768w, https:\/\/www.es-karlsruhe.eu\/wp-content\/uploads\/2023\/09\/2023-09-12-160410.png 1150w\" sizes=\"auto, (max-width: 300px) 100vw, 300px\" \/><\/a>\n\t\t\t<\/dt><\/dl><dl class='gallery-item'>\n\t\t\t<dt class='gallery-icon landscape'>\n\t\t\t\t<a href='https:\/\/www.es-karlsruhe.eu\/wp-content\/uploads\/2023\/09\/2023-09-12-161134.png'><img loading=\"lazy\" decoding=\"async\" width=\"300\" height=\"171\" src=\"https:\/\/www.es-karlsruhe.eu\/wp-content\/uploads\/2023\/09\/2023-09-12-161134-300x171.png\" class=\"attachment-medium size-medium\" alt=\"\" srcset=\"https:\/\/www.es-karlsruhe.eu\/wp-content\/uploads\/2023\/09\/2023-09-12-161134-300x171.png 300w, https:\/\/www.es-karlsruhe.eu\/wp-content\/uploads\/2023\/09\/2023-09-12-161134-768x438.png 768w, https:\/\/www.es-karlsruhe.eu\/wp-content\/uploads\/2023\/09\/2023-09-12-161134.png 905w\" sizes=\"auto, (max-width: 300px) 100vw, 300px\" \/><\/a>\n\t\t\t<\/dt><\/dl><br style=\"clear: both\" \/><dl class='gallery-item'>\n\t\t\t<dt class='gallery-icon landscape'>\n\t\t\t\t<a href='https:\/\/www.es-karlsruhe.eu\/wp-content\/uploads\/2023\/09\/2023-09-12-161104.png'><img loading=\"lazy\" decoding=\"async\" width=\"300\" height=\"184\" src=\"https:\/\/www.es-karlsruhe.eu\/wp-content\/uploads\/2023\/09\/2023-09-12-161104-300x184.png\" class=\"attachment-medium size-medium\" alt=\"\" srcset=\"https:\/\/www.es-karlsruhe.eu\/wp-content\/uploads\/2023\/09\/2023-09-12-161104-300x184.png 300w, https:\/\/www.es-karlsruhe.eu\/wp-content\/uploads\/2023\/09\/2023-09-12-161104-768x472.png 768w, https:\/\/www.es-karlsruhe.eu\/wp-content\/uploads\/2023\/09\/2023-09-12-161104.png 843w\" sizes=\"auto, (max-width: 300px) 100vw, 300px\" \/><\/a>\n\t\t\t<\/dt><\/dl>\n\t\t\t<br style='clear: both' \/>\n\t\t<\/div>\n\n","protected":false},"excerpt":{"rendered":"<p>Das European School Science Symposium ist ein renommierter Wettbewerb, der Sch\u00fclern der Europ\u00e4ischen Schulen der Jahrg\u00e4nge S1 bis S7 offen steht. Hier haben Einzelpersonen oder Gruppen von bis zu 3<a class=\"excerpt-read-more\" href=\"https:\/\/www.es-karlsruhe.eu\/de\/oberschule\/lernen\/european-schools-science-symposium-esss\/\" title=\"LesenEuropean Schools&#8216; Science Symposium (ESSS)\">\u2026 weiterlesen &raquo;<\/a><\/p>\n","protected":false},"author":4,"featured_media":0,"parent":1451,"menu_order":0,"comment_status":"closed","ping_status":"closed","template":"","meta":{"footnotes":""},"class_list":["post-146636","page","type-page","status-publish","hentry"],"_links":{"self":[{"href":"https:\/\/www.es-karlsruhe.eu\/de\/wp-json\/wp\/v2\/pages\/146636","targetHints":{"allow":["GET"]}}],"collection":[{"href":"https:\/\/www.es-karlsruhe.eu\/de\/wp-json\/wp\/v2\/pages"}],"about":[{"href":"https:\/\/www.es-karlsruhe.eu\/de\/wp-json\/wp\/v2\/types\/page"}],"author":[{"embeddable":true,"href":"https:\/\/www.es-karlsruhe.eu\/de\/wp-json\/wp\/v2\/users\/4"}],"replies":[{"embeddable":true,"href":"https:\/\/www.es-karlsruhe.eu\/de\/wp-json\/wp\/v2\/comments?post=146636"}],"version-history":[{"count":2,"href":"https:\/\/www.es-karlsruhe.eu\/de\/wp-json\/wp\/v2\/pages\/146636\/revisions"}],"predecessor-version":[{"id":146696,"href":"https:\/\/www.es-karlsruhe.eu\/de\/wp-json\/wp\/v2\/pages\/146636\/revisions\/146696"}],"up":[{"embeddable":true,"href":"https:\/\/www.es-karlsruhe.eu\/de\/wp-json\/wp\/v2\/pages\/1451"}],"wp:attachment":[{"href":"https:\/\/www.es-karlsruhe.eu\/de\/wp-json\/wp\/v2\/media?parent=146636"}],"curies":[{"name":"wp","href":"https:\/\/api.w.org\/{rel}","templated":true}]}}