{"id":1467,"date":"2017-09-05T12:36:49","date_gmt":"2017-09-05T10:36:49","guid":{"rendered":"https:\/\/www.es-karlsruhe.eu\/?page_id=1467\/"},"modified":"2025-10-28T11:37:28","modified_gmt":"2025-10-28T10:37:28","slug":"regeln-und-richtlinien","status":"publish","type":"page","link":"https:\/\/www.es-karlsruhe.eu\/de\/oberschule\/nutzliche-informationen\/regeln-und-richtlinien\/","title":{"rendered":"Regeln und Richtlinien"},"content":{"rendered":"<ul>\n<li><a href=\"https:\/\/www.es-karlsruhe.eu\/wp-content\/uploads\/2025\/07\/KAR_OS_Schulordnung_DE_Juni-2025.pdf\" target=\"_blank\" rel=\"noopener noreferrer\">Schulregeln<\/a><\/li>\n<li><a href=\"https:\/\/www.es-karlsruhe.eu\/wp-content\/uploads\/2017\/10\/SWALS_Richtlinie_fuer_die_Eltern.pdf\" target=\"_blank\" rel=\"noopener noreferrer\">SWALS Richtlinie f\u00fcr die Eltern<\/a><\/li>\n<li><a href=\"https:\/\/www.es-karlsruhe.eu\/wp-content\/uploads\/2019\/09\/2019-05-D-23-de-2.pdf\" target=\"_blank\" rel=\"noopener noreferrer\">Der unverf\u00e4lschte Pr\u00fcfungsmodus -2019-05-D-23-de-2<\/a><\/li>\n<li><a href=\"https:\/\/www.es-karlsruhe.eu\/wp-content\/uploads\/2021\/09\/ATTESTATION-ELEVES-2021-2022-DE1.pdf\" target=\"_blank\" rel=\"noopener noreferrer\">Richtlinien f\u00fcr den Taschenrechner -Bescheinigung des Sch\u00fclers<\/a><\/li>\n<li><a href=\"https:\/\/www.es-karlsruhe.eu\/wp-content\/uploads\/2017\/10\/ICT_Policy-1_01_EN_.pdf\" target=\"_blank\" rel=\"noopener noreferrer\">ICT Policy<\/a><\/li>\n<li><a href=\"https:\/\/www.es-karlsruhe.eu\/wp-content\/uploads\/2025\/09\/Social-Climate-Policy-KG-GS-and-OS-de-24.-Juni-2025_new.pdf\">Social Climate Policy<\/a><\/li>\n<li><a href=\"https:\/\/www.es-karlsruhe.eu\/wp-content\/uploads\/2017\/10\/Assessment_Policy_ESK_2-psrtA.pdf\" target=\"_blank\" rel=\"noopener noreferrer\">Assessment Policy ESK<\/a><\/li>\n<li><a href=\"https:\/\/www.es-karlsruhe.eu\/wp-content\/uploads\/2017\/10\/Annex_V-Assessment_policy_Version_March_2015-2016.pdf\" target=\"_blank\" rel=\"noopener noreferrer\">Annex V-Assessment policy<\/a><\/li>\n<li><a href=\"https:\/\/www.es-karlsruhe.eu\/wp-content\/uploads\/2024\/06\/2024.06.12-ESK_Homework-Policy_KG_GS_OS_DE-EN-FR_June-2024.pdf\">Regeln f\u00fcr die Hausaufgaben<\/a><\/li>\n<li><a href=\"https:\/\/www.es-karlsruhe.eu\/wp-content\/uploads\/2017\/10\/Regeln_in_der_Kantine.pdf\" target=\"_blank\" rel=\"noopener noreferrer\">Regeln f\u00fcr die Kantine\/Mensa<\/a><\/li>\n<li><a href=\"https:\/\/www.es-karlsruhe.eu\/wp-content\/uploads\/2025\/10\/25.10.2025-ESK-Internal-Support-Policy-EN.pdf\">Politik zu den Unterst\u00fctzungsma\u00dfnahmen<\/a><\/li>\n<li><a href=\"https:\/\/www.es-karlsruhe.eu\/wp-content\/uploads\/2023\/03\/2023.01.11-Distance-learning-and-teaching-ESK-policy.pdf\">Richtlinie f\u00fcr Fernunterricht und Fernlernen<\/a><\/li>\n<\/ul>\n","protected":false},"excerpt":{"rendered":"<p>Schulregeln SWALS Richtlinie f\u00fcr die Eltern Der unverf\u00e4lschte Pr\u00fcfungsmodus -2019-05-D-23-de-2 Richtlinien f\u00fcr den Taschenrechner -Bescheinigung des Sch\u00fclers ICT Policy Social Climate Policy Assessment Policy ESK Annex V-Assessment policy Regeln f\u00fcr<a class=\"excerpt-read-more\" href=\"https:\/\/www.es-karlsruhe.eu\/de\/oberschule\/nutzliche-informationen\/regeln-und-richtlinien\/\" title=\"LesenRegeln und Richtlinien\">\u2026 weiterlesen &raquo;<\/a><\/p>\n","protected":false},"author":3,"featured_media":15210,"parent":1463,"menu_order":0,"comment_status":"closed","ping_status":"closed","template":"","meta":{"footnotes":""},"class_list":["post-1467","page","type-page","status-publish","has-post-thumbnail","hentry"],"_links":{"self":[{"href":"https:\/\/www.es-karlsruhe.eu\/de\/wp-json\/wp\/v2\/pages\/1467","targetHints":{"allow":["GET"]}}],"collection":[{"href":"https:\/\/www.es-karlsruhe.eu\/de\/wp-json\/wp\/v2\/pages"}],"about":[{"href":"https:\/\/www.es-karlsruhe.eu\/de\/wp-json\/wp\/v2\/types\/page"}],"author":[{"embeddable":true,"href":"https:\/\/www.es-karlsruhe.eu\/de\/wp-json\/wp\/v2\/users\/3"}],"replies":[{"embeddable":true,"href":"https:\/\/www.es-karlsruhe.eu\/de\/wp-json\/wp\/v2\/comments?post=1467"}],"version-history":[{"count":14,"href":"https:\/\/www.es-karlsruhe.eu\/de\/wp-json\/wp\/v2\/pages\/1467\/revisions"}],"predecessor-version":[{"id":174375,"href":"https:\/\/www.es-karlsruhe.eu\/de\/wp-json\/wp\/v2\/pages\/1467\/revisions\/174375"}],"up":[{"embeddable":true,"href":"https:\/\/www.es-karlsruhe.eu\/de\/wp-json\/wp\/v2\/pages\/1463"}],"wp:featuredmedia":[{"embeddable":true,"href":"https:\/\/www.es-karlsruhe.eu\/de\/wp-json\/wp\/v2\/media\/15210"}],"wp:attachment":[{"href":"https:\/\/www.es-karlsruhe.eu\/de\/wp-json\/wp\/v2\/media?parent=1467"}],"curies":[{"name":"wp","href":"https:\/\/api.w.org\/{rel}","templated":true}]}}