{"id":1571,"date":"2017-09-05T14:43:08","date_gmt":"2017-09-05T12:43:08","guid":{"rendered":"https:\/\/www.es-karlsruhe.eu\/?page_id=1571\/"},"modified":"2023-11-08T09:06:21","modified_gmt":"2023-11-08T08:06:21","slug":"europaische-stunde","status":"publish","type":"page","link":"https:\/\/www.es-karlsruhe.eu\/de\/grundschule\/lernen\/europaische-stunde\/","title":{"rendered":"Europ\u00e4ische Stunde"},"content":{"rendered":"<div class=\"title-deco\" id=\"\"><div class=\"blue-bloc\"><\/div><h2 class=\"title\">Film Club<\/h2><\/div>\n<p><a href=\"https:\/\/www.es-karlsruhe.eu\/wp-content\/uploads\/2018\/07\/Allgemeine_Infos_EU_Stunden_NEW.pdf\">Europ\u00e4ische Stunden: Angebot<\/a><\/p>\n<div data-mode=\"normal\" data-oembed=\"1\" data-provider=\"youtube\" id=\"arve-youtube-8kwiem7qkew\" style=\"max-width:1200px;\" class=\"arve\">\n<div class=\"arve-inner\">\n<div class=\"arve-embed arve-embed--has-aspect-ratio\">\n<div class=\"arve-ar\" style=\"padding-top:56.250000%\"><\/div>\n<p>\t\t\t<iframe allow=\"accelerometer &#039;none&#039;;autoplay &#039;none&#039;;bluetooth &#039;none&#039;;browsing-topics &#039;none&#039;;camera &#039;none&#039;;clipboard-read &#039;none&#039;;clipboard-write;display-capture &#039;none&#039;;encrypted-media &#039;none&#039;;gamepad &#039;none&#039;;geolocation &#039;none&#039;;gyroscope &#039;none&#039;;hid &#039;none&#039;;identity-credentials-get &#039;none&#039;;idle-detection &#039;none&#039;;keyboard-map &#039;none&#039;;local-fonts;magnetometer &#039;none&#039;;microphone &#039;none&#039;;midi &#039;none&#039;;otp-credentials &#039;none&#039;;payment &#039;none&#039;;picture-in-picture;publickey-credentials-create &#039;none&#039;;publickey-credentials-get &#039;none&#039;;screen-wake-lock &#039;none&#039;;serial &#039;none&#039;;summarizer &#039;none&#039;;sync-xhr;usb &#039;none&#039;;web-share;window-management &#039;none&#039;;xr-spatial-tracking &#039;none&#039;;\" allowfullscreen=\"\" class=\"arve-iframe fitvidsignore\" credentialless data-arve=\"arve-youtube-8kwiem7qkew\" data-lenis-prevent=\"\" data-src-no-ap=\"https:\/\/www.youtube-nocookie.com\/embed\/8kwiEM7qkew?feature=oembed&amp;iv_load_policy=3&amp;modestbranding=1&amp;rel=0&amp;autohide=1&amp;playsinline=0&amp;autoplay=0\" frameborder=\"0\" height=\"675\" loading=\"lazy\" name=\"\" referrerpolicy=\"strict-origin-when-cross-origin\" sandbox=\"allow-scripts allow-same-origin allow-presentation allow-popups allow-popups-to-escape-sandbox\" scrolling=\"no\" src=\"https:\/\/www.youtube-nocookie.com\/embed\/8kwiEM7qkew?feature=oembed&#038;iv_load_policy=3&#038;modestbranding=1&#038;rel=0&#038;autohide=1&#038;playsinline=0&#038;autoplay=0\" title=\"\" width=\"1200\"><\/iframe><\/p><\/div>\n<\/p><\/div>\n<p>\t<script type=\"application\/ld+json\">{\"@context\":\"http:\\\/\\\/schema.org\\\/\",\"@id\":\"https:\\\/\\\/www.es-karlsruhe.eu\\\/de\\\/grundschule\\\/lernen\\\/europaische-stunde\\\/#arve-youtube-8kwiem7qkew\",\"type\":\"VideoObject\",\"embedURL\":\"https:\\\/\\\/www.youtube-nocookie.com\\\/embed\\\/8kwiEM7qkew?feature=oembed&iv_load_policy=3&modestbranding=1&rel=0&autohide=1&playsinline=0&autoplay=0\"}<\/script><\/p>\n<\/div>\n<p><img loading=\"lazy\" decoding=\"async\" class=\"alignnone size-full wp-image-2503\" src=\"https:\/\/www.es-karlsruhe.eu\/wp-content\/uploads\/2017\/09\/club-film.jpg\" alt=\"\" width=\"932\" height=\"659\" srcset=\"https:\/\/www.es-karlsruhe.eu\/wp-content\/uploads\/2017\/09\/club-film.jpg 932w, https:\/\/www.es-karlsruhe.eu\/wp-content\/uploads\/2017\/09\/club-film-300x212.jpg 300w, https:\/\/www.es-karlsruhe.eu\/wp-content\/uploads\/2017\/09\/club-film-768x543.jpg 768w\" sizes=\"auto, (max-width: 932px) 100vw, 932px\" \/><\/p>\n<div class=\"title-deco\" id=\"\"><div class=\"blue-bloc\"><\/div><h2 class=\"title\">Europ\u00e4ische Stunden f\u00fcr P3 Sch\u00fcler<\/h2><\/div>\n<p><img loading=\"lazy\" decoding=\"async\" class=\"alignnone size-full wp-image-2507\" src=\"https:\/\/www.es-karlsruhe.eu\/wp-content\/uploads\/2017\/09\/european-hours-p3-students.jpg\" alt=\"\" width=\"800\" height=\"600\" srcset=\"https:\/\/www.es-karlsruhe.eu\/wp-content\/uploads\/2017\/09\/european-hours-p3-students.jpg 800w, https:\/\/www.es-karlsruhe.eu\/wp-content\/uploads\/2017\/09\/european-hours-p3-students-300x225.jpg 300w, https:\/\/www.es-karlsruhe.eu\/wp-content\/uploads\/2017\/09\/european-hours-p3-students-768x576.jpg 768w\" sizes=\"auto, (max-width: 800px) 100vw, 800px\" \/><\/p>\n<p>Die Kinder der dritten Klasse besch\u00e4ftigen sich mit verschiedenen Aktivit\u00e4ten in Zusammenhang mit den L\u00e4ndern der Europ\u00e4ischen Union. Sie lernen Landeskunde\/Geografie, Geschichte und Kultur inklusive der Sprachen mittels verschiedener Medien.<\/p>\n<p>Dies kann Kunst, Musik, Kochen und Backen, Diskussionen und Recherche umfassen. Dieses Jahr haben wir \u00fcber das Brotbacken, die Euro-M\u00fcnzen und europ\u00e4ische Schl\u00f6sser gelernt. Wir haben dabei auch verschiedene L\u00e4nder ,,besucht\u201d, wie Deutschland, Frankreich, Spanien, und Italien.<\/p>\n<p>Die Klassen sind interaktiv und werden in zwei Sprachen unterrichtet, damit alle Kinder das Thema verstehen k\u00f6nnen und Zugriff auf das Thema haben.<\/p>\n<div class=\"title-deco\" id=\"\"><div class=\"blue-bloc\"><\/div><h2 class=\"title\">E.S.: Europ\u00e4ische Spiele<\/h2><\/div>\n<p>Die \u201eeurop\u00e4ischen Spiele\u201c sind Teil der Europ\u00e4ischen Stunden. In diesen Unterrichtstunden k\u00f6nnen die Kinder die verschiedenen europ\u00e4ischen Spiele kennenlernen und ausprobieren. Ein breites Spektrum an Aktivit\u00e4ten wird angeboten, u.a. Tischtennis, Feder-, Hand-, und Basketball, Leichtathletik, Ger\u00e4teturnen. Nat\u00fcrlich darf Fu\u00dfball auch nicht fehlen! Mit viel Spa\u00df k\u00f6nnen die Kinder die verschiedenen Techniken weiterentwickeln.<\/p>\n<p><img loading=\"lazy\" decoding=\"async\" class=\"alignnone size-full wp-image-2511\" src=\"https:\/\/www.es-karlsruhe.eu\/wp-content\/uploads\/2017\/09\/european-games.jpg\" alt=\"\" width=\"800\" height=\"450\" srcset=\"https:\/\/www.es-karlsruhe.eu\/wp-content\/uploads\/2017\/09\/european-games.jpg 800w, https:\/\/www.es-karlsruhe.eu\/wp-content\/uploads\/2017\/09\/european-games-300x169.jpg 300w, https:\/\/www.es-karlsruhe.eu\/wp-content\/uploads\/2017\/09\/european-games-768x432.jpg 768w\" sizes=\"auto, (max-width: 800px) 100vw, 800px\" \/><\/p>\n<div class=\"title-deco\" id=\"\"><div class=\"blue-bloc\"><\/div><h2 class=\"title\">Drama<\/h2><\/div>\n<p>Im Drama erforschen wir Spiele, Theater, Poesie, Puppen- und Schattentheater sowie Bewegungen, um k\u00f6rperliche und kin\u00e4sthetische F\u00e4higkeiten, Kreativit\u00e4t und soziale F\u00e4higkeiten in einer unterhaltsamen Umgebung zu entwickeln.<\/p>\n<div class=\"title-deco\" id=\"\"><div class=\"blue-bloc\"><\/div><h2 class=\"title\">Zeitung<\/h2><\/div>\n\n\t\t<style type=\"text\/css\">\n\t\t\t#gallery-1 {\n\t\t\t\tmargin: auto;\n\t\t\t}\n\t\t\t#gallery-1 .gallery-item {\n\t\t\t\tfloat: left;\n\t\t\t\tmargin-top: 10px;\n\t\t\t\ttext-align: center;\n\t\t\t\twidth: 33%;\n\t\t\t}\n\t\t\t#gallery-1 img {\n\t\t\t\tborder: 2px solid #cfcfcf;\n\t\t\t}\n\t\t\t#gallery-1 .gallery-caption {\n\t\t\t\tmargin-left: 0;\n\t\t\t}\n\t\t\t\/* see gallery_shortcode() in wp-includes\/media.php *\/\n\t\t<\/style>\n\t\t<div id='gallery-1' class='gallery galleryid-1571 gallery-columns-3 gallery-size-thumbnail'><dl class='gallery-item'>\n\t\t\t<dt class='gallery-icon landscape'>\n\t\t\t\t<a href='https:\/\/www.es-karlsruhe.eu\/wp-content\/uploads\/2018\/01\/zeitung05.png'><img loading=\"lazy\" decoding=\"async\" width=\"150\" height=\"150\" src=\"https:\/\/www.es-karlsruhe.eu\/wp-content\/uploads\/2018\/01\/zeitung05-150x150.png\" class=\"attachment-thumbnail size-thumbnail\" alt=\"\" srcset=\"https:\/\/www.es-karlsruhe.eu\/wp-content\/uploads\/2018\/01\/zeitung05-150x150.png 150w, https:\/\/www.es-karlsruhe.eu\/wp-content\/uploads\/2018\/01\/zeitung05-125x125.png 125w\" sizes=\"auto, (max-width: 150px) 100vw, 150px\" \/><\/a>\n\t\t\t<\/dt><\/dl><dl class='gallery-item'>\n\t\t\t<dt class='gallery-icon landscape'>\n\t\t\t\t<a href='https:\/\/www.es-karlsruhe.eu\/wp-content\/uploads\/2018\/01\/zeitung04.png'><img loading=\"lazy\" decoding=\"async\" width=\"150\" height=\"150\" src=\"https:\/\/www.es-karlsruhe.eu\/wp-content\/uploads\/2018\/01\/zeitung04-150x150.png\" class=\"attachment-thumbnail size-thumbnail\" alt=\"\" srcset=\"https:\/\/www.es-karlsruhe.eu\/wp-content\/uploads\/2018\/01\/zeitung04-150x150.png 150w, https:\/\/www.es-karlsruhe.eu\/wp-content\/uploads\/2018\/01\/zeitung04-125x125.png 125w\" sizes=\"auto, (max-width: 150px) 100vw, 150px\" \/><\/a>\n\t\t\t<\/dt><\/dl><dl class='gallery-item'>\n\t\t\t<dt class='gallery-icon landscape'>\n\t\t\t\t<a href='https:\/\/www.es-karlsruhe.eu\/wp-content\/uploads\/2018\/01\/zeitung03.png'><img loading=\"lazy\" decoding=\"async\" width=\"150\" height=\"150\" src=\"https:\/\/www.es-karlsruhe.eu\/wp-content\/uploads\/2018\/01\/zeitung03-150x150.png\" class=\"attachment-thumbnail size-thumbnail\" alt=\"\" srcset=\"https:\/\/www.es-karlsruhe.eu\/wp-content\/uploads\/2018\/01\/zeitung03-150x150.png 150w, https:\/\/www.es-karlsruhe.eu\/wp-content\/uploads\/2018\/01\/zeitung03-125x125.png 125w\" sizes=\"auto, (max-width: 150px) 100vw, 150px\" \/><\/a>\n\t\t\t<\/dt><\/dl><br style=\"clear: both\" \/><dl class='gallery-item'>\n\t\t\t<dt class='gallery-icon landscape'>\n\t\t\t\t<a href='https:\/\/www.es-karlsruhe.eu\/wp-content\/uploads\/2018\/01\/zeitung02.png'><img loading=\"lazy\" decoding=\"async\" width=\"150\" height=\"150\" src=\"https:\/\/www.es-karlsruhe.eu\/wp-content\/uploads\/2018\/01\/zeitung02-150x150.png\" class=\"attachment-thumbnail size-thumbnail\" alt=\"\" srcset=\"https:\/\/www.es-karlsruhe.eu\/wp-content\/uploads\/2018\/01\/zeitung02-150x150.png 150w, https:\/\/www.es-karlsruhe.eu\/wp-content\/uploads\/2018\/01\/zeitung02-125x125.png 125w\" sizes=\"auto, (max-width: 150px) 100vw, 150px\" \/><\/a>\n\t\t\t<\/dt><\/dl><dl class='gallery-item'>\n\t\t\t<dt class='gallery-icon portrait'>\n\t\t\t\t<a href='https:\/\/www.es-karlsruhe.eu\/wp-content\/uploads\/2018\/01\/zeitung01.png'><img loading=\"lazy\" decoding=\"async\" width=\"150\" height=\"150\" src=\"https:\/\/www.es-karlsruhe.eu\/wp-content\/uploads\/2018\/01\/zeitung01-150x150.png\" class=\"attachment-thumbnail size-thumbnail\" alt=\"\" srcset=\"https:\/\/www.es-karlsruhe.eu\/wp-content\/uploads\/2018\/01\/zeitung01-150x150.png 150w, https:\/\/www.es-karlsruhe.eu\/wp-content\/uploads\/2018\/01\/zeitung01-125x125.png 125w\" sizes=\"auto, (max-width: 150px) 100vw, 150px\" \/><\/a>\n\t\t\t<\/dt><\/dl>\n\t\t\t<br style='clear: both' \/>\n\t\t<\/div>\n\n<ol>\n<li>Die Sch\u00fcler\/innen der Zeitungs-AG werden die Diversit\u00e4t von Zeitungen in verschiedenen europ\u00e4ischen L\u00e4ndern entdecken. Sie werden das Deckblatt bekannter Zeitungen analysieren. Ferner werden sie spezifisches Vokabular in allen drei Sprachen aus dem Bereich des Journalismus kennenlernen.<\/li>\n<li>Die Sch\u00fcler\/innen werden lernen, Artikel, Bilder etc. zu arrangieren und zu formatieren, indem sie Programme wie Word und Publisher verwenden.<\/li>\n<li>Die Sch\u00fcler\/innen werden Artikel zu verschiedenen schulischen Aktivit\u00e4ten schreiben. Dazu geh\u00f6ren unter anderem die Gr\u00fcne Woche und Klassenprojekte.<\/li>\n<\/ol>\n<p>Die Artikel werden auf der Schulhomepage ver\u00f6ffentlicht und einige davon in der Sch\u00fclerzeitung zum Schuljahresende abgedruckt.<\/p>\n","protected":false},"excerpt":{"rendered":"<p>Europ\u00e4ische Stunden: Angebot Die Kinder der dritten Klasse besch\u00e4ftigen sich mit verschiedenen Aktivit\u00e4ten in Zusammenhang mit den L\u00e4ndern der Europ\u00e4ischen Union. Sie lernen Landeskunde\/Geografie, Geschichte und Kultur inklusive der Sprachen<a class=\"excerpt-read-more\" href=\"https:\/\/www.es-karlsruhe.eu\/de\/grundschule\/lernen\/europaische-stunde\/\" title=\"LesenEurop\u00e4ische Stunde\">\u2026 weiterlesen &raquo;<\/a><\/p>\n","protected":false},"author":13,"featured_media":0,"parent":1429,"menu_order":0,"comment_status":"closed","ping_status":"closed","template":"","meta":{"footnotes":""},"class_list":["post-1571","page","type-page","status-publish","hentry"],"_links":{"self":[{"href":"https:\/\/www.es-karlsruhe.eu\/de\/wp-json\/wp\/v2\/pages\/1571","targetHints":{"allow":["GET"]}}],"collection":[{"href":"https:\/\/www.es-karlsruhe.eu\/de\/wp-json\/wp\/v2\/pages"}],"about":[{"href":"https:\/\/www.es-karlsruhe.eu\/de\/wp-json\/wp\/v2\/types\/page"}],"author":[{"embeddable":true,"href":"https:\/\/www.es-karlsruhe.eu\/de\/wp-json\/wp\/v2\/users\/13"}],"replies":[{"embeddable":true,"href":"https:\/\/www.es-karlsruhe.eu\/de\/wp-json\/wp\/v2\/comments?post=1571"}],"version-history":[{"count":5,"href":"https:\/\/www.es-karlsruhe.eu\/de\/wp-json\/wp\/v2\/pages\/1571\/revisions"}],"predecessor-version":[{"id":149283,"href":"https:\/\/www.es-karlsruhe.eu\/de\/wp-json\/wp\/v2\/pages\/1571\/revisions\/149283"}],"up":[{"embeddable":true,"href":"https:\/\/www.es-karlsruhe.eu\/de\/wp-json\/wp\/v2\/pages\/1429"}],"wp:attachment":[{"href":"https:\/\/www.es-karlsruhe.eu\/de\/wp-json\/wp\/v2\/media?parent=1571"}],"curies":[{"name":"wp","href":"https:\/\/api.w.org\/{rel}","templated":true}]}}