{"id":1575,"date":"2017-09-05T14:44:20","date_gmt":"2017-09-05T12:44:20","guid":{"rendered":"https:\/\/www.es-karlsruhe.eu\/?page_id=1575\/"},"modified":"2025-12-11T14:36:07","modified_gmt":"2025-12-11T13:36:07","slug":"europaeisches-abitur","status":"publish","type":"page","link":"https:\/\/www.es-karlsruhe.eu\/de\/oberschule\/lernen\/europaeisches-abitur\/","title":{"rendered":"Europ\u00e4isches Abitur"},"content":{"rendered":"<div class=\"title-deco\" id=\"\"><div class=\"blue-bloc\"><\/div><h2 class=\"title\">Informationen zur Europ\u00e4ischen Abiturpr\u00fcfung<\/h2><\/div>\n<p>Die Durchf\u00fchrungsbestimmungen zur europ\u00e4ischen Abiturpr\u00fcfungsordnung k\u00f6nnen hier heruntergeladen werden:<\/p>\n<ul>\n<li><a href=\"https:\/\/www.es-karlsruhe.eu\/wp-content\/uploads\/2025\/09\/2015-05-D-12-de-47-Durchfuhrungsbestimmungen-zur-Europaischen-Abiturprufungsordnung-2026.pdf\">Durchf\u00fchrungsbestimmungen zur Europ\u00e4ischen Abiturpr\u00fcfungsordnung 2026<\/a><\/li>\n<\/ul>\n<p>Der Leitfaden f\u00fcr Kandidaten zum Europ\u00e4ischen Abitur kann hier heruntergeladen werden:<\/p>\n<ul>\n<li><a href=\"https:\/\/www.eursc.eu\/Documents\/BAC_Handbook-de.pdf\">Handbuch zum Europ\u00e4ischen Abitur<\/a><\/li>\n<\/ul>\n<div class=\"title-deco\" id=\"\"><div class=\"blue-bloc\"><\/div><h2 class=\"title\">Allgemeine Information<\/h2><\/div>\n<ul>\n<li>Wichtige Termine Abitur 2026<\/li>\n<li><a href=\"https:\/\/www.es-karlsruhe.eu\/wp-content\/uploads\/2025\/09\/Year-7-Parents-Meeting-2025.09.10.pdf\">Elternabend (2025.09.10)<\/a><\/li>\n<li>Bewertungskriterien der 2026 m\u00fcndlichen Abiturpr\u00fcfungen<\/li>\n<\/ul>\n<div class=\"title-deco\" id=\"\"><div class=\"blue-bloc\"><\/div><h2 class=\"title\">Kalender f\u00fcr die B-Teste, Pr\u00fcfungen und Teilpr\u00fcfungen<\/h2><\/div>\n<p>Den Zeitplan f\u00fcr die Pr\u00fcfungen der 7. Klassen kann man sich hier<br \/>\nherunterladen:<\/p>\n<ul>\n<li><a href=\"https:\/\/www.es-karlsruhe.eu\/wp-content\/uploads\/2025\/09\/S7-B-Tests-1st-Semester-2025_26-DE.pdf\">Terminplan f\u00fcr die B-Tests des ersten Semesters<\/a><\/li>\n<li><a href=\"https:\/\/www.es-karlsruhe.eu\/wp-content\/uploads\/2025\/09\/S7-B-Tests-2nd-Semester-2025_26-DE.pdf\">Terminplan f\u00fcr die B-Tests des zweiten Semesters<\/a><\/li>\n<li><a href=\"https:\/\/www.es-karlsruhe.eu\/wp-content\/uploads\/2025\/09\/PreBAC-2026-Teilprufungen-Zeitplan.pdf\">Pr\u00fcfungsplan f\u00fcr das Vorabitur 2026<\/a><\/li>\n<li>Pr\u00fcfungsplan f\u00fcr die schriftlichen Abiturpr\u00fcfungen 2026<\/li>\n<li><a href=\"https:\/\/www.es-karlsruhe.eu\/wp-content\/uploads\/2025\/12\/2025-10-D-3-defren-3-Timetable-for-the-2026-EB-session.pdf\">Pr\u00fcfungsplan f\u00fcr die Abiturpr\u00fcfungen 2026 (Memorandum von Br\u00fcssel)<\/a><\/li>\n<li>Pr\u00fcfungsplan f\u00fcr die m\u00fcndlichen Abiturpr\u00fcfungen 2026<\/li>\n<\/ul>\n<div class=\"title-deco\" id=\"\"><div class=\"blue-bloc\"><\/div><h2 class=\"title\">WAHL DER PR\u00dcFUNGSF\u00c4CHER F\u00dcR DEN EUROP\u00c4ISCHEN ABITURZEITRAUM<\/h2><\/div>\n<p>Hier kannst du das Formular f\u00fcr deine Klasse herunterladen:<br \/>\n<a href=\"https:\/\/www.es-karlsruhe.eu\/wp-content\/uploads\/2025\/09\/BAC-Choices-2026-DEA-2015-05-D-12-de-47-Durchfuhrungsbestimmungen-zur-Europaischen-Abiturprufungsordnung-2026.pdf\">Formular Wahl der Pr\u00fcfungsf\u00e4cher Abitur 2026 (2015-05-D-12-de-47)<\/a><\/p>\n<div class=\"title-deco\" id=\"\"><div class=\"blue-bloc\"><\/div><h2 class=\"title\">Weitere n\u00fctzliche Informationen zur Europ\u00e4ischen Abiturpr\u00fcfung<\/h2><\/div>\n<p><b>Informationen f\u00fcr zulassungsbefugte von Universit\u00e4ten und anderen Hochschulbildungseinrichtungen (Oktober 2020):<\/b><\/p>\n<p><a href=\"https:\/\/www.es-karlsruhe.eu\/wp-content\/uploads\/2020\/10\/The_European_Baccalaureate_-_guidance_for_higher_education_admins.pdf\" target=\"_blank\" rel=\"noopener noreferrer\">Information zum Europ\u00e4ischen Abitur (englisch):<\/a><\/p>\n<p><b>\u00c4quivalenz zwischen dem europ\u00e4ischen Abiturdiplom und dem nationalen Abschlussdiplom des Sekundarbereichs und Aufnahme der Inhaber eines europ\u00e4ischen Abiturdiploms an den Universit\u00e4ten der Mitgliedsstaaten:<\/b><\/p>\n<p><a href=\"https:\/\/www.es-karlsruhe.eu\/wp-content\/uploads\/2022\/01\/2014-03-D-25-de-12.pdf\" target=\"_blank\" rel=\"noopener noreferrer\">2014-03-D-25-de-12.pdf<\/a><\/p>\n<p><b>Definition &#8222;deutsche Durchschnittsnote&#8220;:<\/b><\/p>\n<p>Die deutsche Durchschnittsnote<\/p>\n<p>&nbsp;<\/p>\n","protected":false},"excerpt":{"rendered":"<p>Die Durchf\u00fchrungsbestimmungen zur europ\u00e4ischen Abiturpr\u00fcfungsordnung k\u00f6nnen hier heruntergeladen werden: Durchf\u00fchrungsbestimmungen zur Europ\u00e4ischen Abiturpr\u00fcfungsordnung 2026 Der Leitfaden f\u00fcr Kandidaten zum Europ\u00e4ischen Abitur kann hier heruntergeladen werden: Handbuch zum Europ\u00e4ischen Abitur Wichtige<a class=\"excerpt-read-more\" href=\"https:\/\/www.es-karlsruhe.eu\/de\/oberschule\/lernen\/europaeisches-abitur\/\" title=\"LesenEurop\u00e4isches Abitur\">\u2026 weiterlesen &raquo;<\/a><\/p>\n","protected":false},"author":9,"featured_media":4009,"parent":1451,"menu_order":0,"comment_status":"closed","ping_status":"closed","template":"","meta":{"footnotes":""},"class_list":["post-1575","page","type-page","status-publish","has-post-thumbnail","hentry"],"_links":{"self":[{"href":"https:\/\/www.es-karlsruhe.eu\/de\/wp-json\/wp\/v2\/pages\/1575","targetHints":{"allow":["GET"]}}],"collection":[{"href":"https:\/\/www.es-karlsruhe.eu\/de\/wp-json\/wp\/v2\/pages"}],"about":[{"href":"https:\/\/www.es-karlsruhe.eu\/de\/wp-json\/wp\/v2\/types\/page"}],"author":[{"embeddable":true,"href":"https:\/\/www.es-karlsruhe.eu\/de\/wp-json\/wp\/v2\/users\/9"}],"replies":[{"embeddable":true,"href":"https:\/\/www.es-karlsruhe.eu\/de\/wp-json\/wp\/v2\/comments?post=1575"}],"version-history":[{"count":27,"href":"https:\/\/www.es-karlsruhe.eu\/de\/wp-json\/wp\/v2\/pages\/1575\/revisions"}],"predecessor-version":[{"id":176083,"href":"https:\/\/www.es-karlsruhe.eu\/de\/wp-json\/wp\/v2\/pages\/1575\/revisions\/176083"}],"up":[{"embeddable":true,"href":"https:\/\/www.es-karlsruhe.eu\/de\/wp-json\/wp\/v2\/pages\/1451"}],"wp:featuredmedia":[{"embeddable":true,"href":"https:\/\/www.es-karlsruhe.eu\/de\/wp-json\/wp\/v2\/media\/4009"}],"wp:attachment":[{"href":"https:\/\/www.es-karlsruhe.eu\/de\/wp-json\/wp\/v2\/media?parent=1575"}],"curies":[{"name":"wp","href":"https:\/\/api.w.org\/{rel}","templated":true}]}}