{"id":1577,"date":"2017-09-05T14:44:56","date_gmt":"2017-09-05T12:44:56","guid":{"rendered":"https:\/\/www.es-karlsruhe.eu\/?page_id=1577\/"},"modified":"2025-12-22T10:01:31","modified_gmt":"2025-12-22T09:01:31","slug":"berufsberatung","status":"publish","type":"page","link":"https:\/\/www.es-karlsruhe.eu\/de\/oberschule\/nutzliche-informationen\/berufsberatung\/","title":{"rendered":"F\u00e4cherwahl &#038; Berufsberatung"},"content":{"rendered":"<div class=\"title-deco\" id=\"\"><div class=\"blue-bloc\"><\/div><h2 class=\"title\">Berufsberatung und Bildungsberatung<\/h2><\/div>\n<p>Ziel der Europ\u00e4ischen Schulen ist es, alle Sch\u00fclerInnen in ihrer pers\u00f6nlichen Entwicklung zu f\u00f6rdern. Dies geschieht in einem au\u00dfergew\u00f6hnlichen sozialen und kulturellen Kontext, der es den Sch\u00fclern aufgrund der multikulturellen Zusammensetzung erm\u00f6glicht, besondere Schl\u00fcsselqualifikationen zu erwerben. Im Rahmen der Berufsorientierung und Beratung bei der F\u00e4cherwahl f\u00fcr die Oberstufe wird zudem gro\u00dfer Wert darauf gelegt, die Sch\u00fcler auf die k\u00fcnftige Arbeitswelt vorzubereiten.<\/p>\n<p>Durch die Unterst\u00fctzung der Sch\u00fcler bei der Analyse ihrer St\u00e4rken und Schw\u00e4chen, Kompetenzen und Interessen lernen sie, selbst Verantwortung f\u00fcr Ihre Zukunft zu \u00fcbernehmen. Ein erster Schritt hierbei ist es, soweit als m\u00f6glich eigenst\u00e4ndig die f\u00fcr Ihren Berufswunsch relevanten Informationen zu recherchieren und die erforderlichen Kenntnisse entsprechend bei der F\u00e4cherwahl f\u00fcr die Oberstufe zu ber\u00fccksichtigen.<\/p>\n<p>Einen ersten Einblick in die Berufswelt bekommen die Sch\u00fclerInnen in der 5. Klasse w\u00e4hrend eines zweiw\u00f6chigen Berufspraktikums. Im Anschluss daran erfolgt eine Auswertung, ob die praktischen Erfahrungen ihren Vorstellungen des jeweiligen Berufsbildes entsprechen. Diese Ergebnisse flie\u00dfen dann in die Beratung f\u00fcr die Wahl der Oberstufen- und Abiturf\u00e4cher ein. Da hier l\u00e4nderspezifisch oft f\u00fcr bestimmte Studieng\u00e4nge besondere Anforderungen an die F\u00e4cher der Oberstufe gestellt werden, wird bei der Beratung gro\u00dfer Wert darauf gelegt, die Sch\u00fcler dar\u00fcber zu informieren, so dass sie sich alle Optionen offen halten k\u00f6nnen.<\/p>\n<p>In der 6. und 7. Klasse werden die Sch\u00fclerInnen speziell unterst\u00fctzt, sich \u00fcber die verschiedenen Universit\u00e4ten, deren Zulassungsvoraussetzungen und Bewerbungsfristen zu informieren. Auch hier spielen l\u00e4nderspezifische Gegebenheiten eine besondere Rolle. Dazu geh\u00f6ren beispielsweise das Duale Studium in Deutschland oder die Ecoles Sup\u00e9rieures in Frankreich. Die f\u00fcr die berufliche Orientierung zust\u00e4ndigen LehrerInnen der englischen, franz\u00f6sischen und deutschen Sektion stehen hier beratend zur Seite.<\/p>\n<p>Praktikumsunterlagen:<\/p>\n<p><a href=\"https:\/\/www.es-karlsruhe.eu\/wp-content\/uploads\/2025\/12\/WEX-S5-2025-2026-Information-eng.pdf\">WEX- BOGY internship confirmation before realisation <\/a><\/p>\n<p><a href=\"https:\/\/www.es-karlsruhe.eu\/wp-content\/uploads\/2025\/12\/WEX-S5-2025-2026-Unterlagen-DE.pdf\">WEX- BOGY-Praktikums-Best\u00e4tigung vor Durchf\u00fchrung<\/a><\/p>\n<p><a href=\"https:\/\/www.es-karlsruhe.eu\/wp-content\/uploads\/2025\/12\/WEX-S5-2025-2026-Documents-FR.pdf\">Confirmation de stage WEX-BOGY avant le stage<\/a><\/p>\n<p>Koordinatorin Berufspraktikum\/Internship\/stage &#8211; WEX (Working Experience) in S5: Kristin Peschutter<\/p>\n<p>Koordinatorin Sozialpraktikum CAAP (Active Citizenship for All Programme) in S4: Kristin Peschutter<\/p>\n<div class=\"title-deco\" id=\"\"><div class=\"blue-bloc\"><\/div><h2 class=\"title\">F\u00e4cherwahl<\/h2><\/div>\n<p><strong>Das Optionenformular <\/strong>f\u00fcr die Oberschulklassen der Europ\u00e4ischen Schule Karlsruhe k\u00f6nnen hier heruntergeladen werden:<\/p>\n<ul>\n<li><a href=\"https:\/\/www.es-karlsruhe.eu\/wp-content\/uploads\/2025\/10\/Option-form-DE-EN-FR-S1-classes-2026-2027.pdf\"><strong>Formular\u00a0F\u00e4cherwahl 1.\u00a0Klassen<\/strong><\/a><\/li>\n<li><a href=\"https:\/\/www.es-karlsruhe.eu\/wp-content\/uploads\/2025\/10\/Option-form-DE-EN-FR-S2-classes-2026-2027.pdf\"><strong>Formular\u00a0F\u00e4cherwahl<\/strong><strong>\u00a02. Klassen<\/strong><\/a><\/li>\n<li><a href=\"https:\/\/www.es-karlsruhe.eu\/wp-content\/uploads\/2025\/10\/Option-form-DE-EN-FR-S3-classes-2026-2027.pdf\"><strong>Formular F\u00e4cherwahl 3.\u00a0Klassen<\/strong><\/a><\/li>\n<li><a href=\"https:\/\/www.es-karlsruhe.eu\/wp-content\/uploads\/2025\/10\/Option-form-DE-EN-FR-S4-S5-classes-2026-2027.pdf\"><strong>Formular F\u00e4cherwahl 4. und 5. Klassen<\/strong><\/a><\/li>\n<li><a href=\"https:\/\/www.es-karlsruhe.eu\/wp-content\/uploads\/2025\/10\/Option-form-DE-EN-FR-S6-S7-classes-2026-2027.pdf\"><strong>Formular F\u00e4cherwahl 6. und 7. Klassen<\/strong><\/a><\/li>\n<\/ul>\n<p>Berufsberatung:<br \/>\n<div class=\"staff-member\"><span class=\"name\">Herr Luis Escarate-Lopez<\/span><span class=\"job\">Berufsberater, Deutsche Sprachsektion<\/span><a href=\"&#109;&#x61;&#x69;&#108;&#x74;&#x6f;&#58;&#x6c;&#x75;&#105;&#x73;&#x2d;&#109;&#x61;&#x78;&#105;&#x6d;&#x69;&#108;&#x69;&#x61;&#110;&#x6f;&#x2e;&#101;&#x73;&#x63;a&#x72;&#x61;t&#x65;&#x2d;l&#111;&#x70;e&#122;&#x40;t&#101;&#x61;c&#104;&#x65;r&#46;&#x65;u&#114;&#x73;c&#46;&#x65;u\" class=\"mail\">luis-maximiliano&#46;escarat&#101;&#45;&#108;&#111;&#112;&#101;&#122;&#64;&#116;&#101;&#97;&#99;&#104;&#101;&#114;&#46;&#101;&#117;&#114;&#115;&#99;&#46;&#101;&#117;<\/a><\/div><\/p>\n<div class=\"staff-member\"><span class=\"name\">Frau Lesley Thomson<\/span><span class=\"job\">Berufsberatein, Englische Sprachsektion<\/span><a href=\"&#x6d;&#x61;&#105;&#108;t&#x6f;&#x3a;&#x6c;&#101;&#115;l&#x65;&#x79;&#x2e;&#116;&#104;o&#x6d;&#x73;&#x6f;&#110;&#64;t&#x65;&#x61;&#x63;&#104;er&#x2e;&#x65;&#x75;&#114;sc&#x2e;&#x65;&#117;\" class=\"mail\">&#108;&#x65;&#x73;l&#101;&#x79;&#x2e;t&#104;&#x6f;m&#115;&#x6f;&#x6e;&#64;&#116;&#x65;a&#99;&#x68;&#x65;r&#46;&#x65;&#x75;&#114;&#x73;&#x63;&#46;&#101;&#x75;<\/a><\/div>\n<div class=\"staff-member\"><span class=\"name\">Herr Philippe de Monneron<\/span><span class=\"job\">Berufsberater, Franz\u00f6sische Sprachsektion<\/span><a href=\"ma&#105;&#108;&#116;&#x6f;&#x3a;&#x70;&#x68;&#x69;li&#112;&#112;&#101;&#x2e;&#x64;&#x65;&#x2d;&#x6d;on&#110;&#101;&#114;&#x6f;&#x6e;&#x40;&#x74;&#x65;ac&#104;&#101;&#114;&#x2e;&#x65;&#x75;&#x72;&#x73;c&#46;&#101;&#117;\" class=\"mail\">&#112;&#x68;&#105;&#x6c;&#105;&#x70;p&#x65;&#46;&#100;&#x65;&#45;&#x6d;&#111;&#x6e;n&#x65;r&#111;&#x6e;&#64;&#x74;&#101;&#x61;&#99;&#x68;e&#x72;&#46;&#101;&#x75;&#114;&#x73;&#99;&#x2e;e&#x75;<\/a><\/div>\n<p>&nbsp;<\/p>\n","protected":false},"excerpt":{"rendered":"<p>Ziel der Europ\u00e4ischen Schulen ist es, alle Sch\u00fclerInnen in ihrer pers\u00f6nlichen Entwicklung zu f\u00f6rdern. Dies geschieht in einem au\u00dfergew\u00f6hnlichen sozialen und kulturellen Kontext, der es den Sch\u00fclern aufgrund der multikulturellen<a class=\"excerpt-read-more\" href=\"https:\/\/www.es-karlsruhe.eu\/de\/oberschule\/nutzliche-informationen\/berufsberatung\/\" title=\"LesenF\u00e4cherwahl &#038; Berufsberatung\">\u2026 weiterlesen &raquo;<\/a><\/p>\n","protected":false},"author":3,"featured_media":4278,"parent":1463,"menu_order":0,"comment_status":"closed","ping_status":"closed","template":"","meta":{"footnotes":""},"class_list":["post-1577","page","type-page","status-publish","has-post-thumbnail","hentry"],"_links":{"self":[{"href":"https:\/\/www.es-karlsruhe.eu\/de\/wp-json\/wp\/v2\/pages\/1577","targetHints":{"allow":["GET"]}}],"collection":[{"href":"https:\/\/www.es-karlsruhe.eu\/de\/wp-json\/wp\/v2\/pages"}],"about":[{"href":"https:\/\/www.es-karlsruhe.eu\/de\/wp-json\/wp\/v2\/types\/page"}],"author":[{"embeddable":true,"href":"https:\/\/www.es-karlsruhe.eu\/de\/wp-json\/wp\/v2\/users\/3"}],"replies":[{"embeddable":true,"href":"https:\/\/www.es-karlsruhe.eu\/de\/wp-json\/wp\/v2\/comments?post=1577"}],"version-history":[{"count":12,"href":"https:\/\/www.es-karlsruhe.eu\/de\/wp-json\/wp\/v2\/pages\/1577\/revisions"}],"predecessor-version":[{"id":176357,"href":"https:\/\/www.es-karlsruhe.eu\/de\/wp-json\/wp\/v2\/pages\/1577\/revisions\/176357"}],"up":[{"embeddable":true,"href":"https:\/\/www.es-karlsruhe.eu\/de\/wp-json\/wp\/v2\/pages\/1463"}],"wp:featuredmedia":[{"embeddable":true,"href":"https:\/\/www.es-karlsruhe.eu\/de\/wp-json\/wp\/v2\/media\/4278"}],"wp:attachment":[{"href":"https:\/\/www.es-karlsruhe.eu\/de\/wp-json\/wp\/v2\/media?parent=1577"}],"curies":[{"name":"wp","href":"https:\/\/api.w.org\/{rel}","templated":true}]}}