{"id":1581,"date":"2017-09-05T14:46:08","date_gmt":"2017-09-05T12:46:08","guid":{"rendered":"https:\/\/www.es-karlsruhe.eu\/?page_id=1581\/"},"modified":"2019-09-27T13:12:59","modified_gmt":"2019-09-27T11:12:59","slug":"schuleraustausch","status":"publish","type":"page","link":"https:\/\/www.es-karlsruhe.eu\/de\/oberschule\/nutzliche-informationen\/schuleraustausch\/","title":{"rendered":"Sch\u00fcleraustausch"},"content":{"rendered":"<div class=\"title-deco\" id=\"\"><div class=\"blue-bloc\"><\/div><h2 class=\"title\">Austausch von Sch\u00fclern unter den Europ\u00e4ischen Schulen<\/h2><\/div>\n<p>Der Sch\u00fcleraustausch in der 4. und 5. Klasse bietet den Sch\u00fclern die M\u00f6glichkeit, ihre Sprachkenntnisse zu verbessern und Erfahrungen mit einem anderen Erziehungsumfeld zu machen, indem sie eine andere ES besuchen, sp\u00e4ter aber zu ihrer urspr\u00fcnglichen Schule zur\u00fcckkehren. Der Sch\u00fcler folgt dem Unterricht in seiner \u00fcblichen Sprachabteilung, w\u00e4hrend er bei einer Gastfamilie untergebracht wird, die zu Hause eine andere Sprache spricht. Die Sch\u00fcler der 4. und 5. Klasse verbleiben f\u00fcr die Dauer des ersten Semesters an einer anderen Schule.<\/p>\n<p>Jeder Austausch unterliegt der Genehmigung der beiden Direktoren\/innen. Nach Stellungnahme des Klassenlehrers wird nur dann eine Genehmigung erteilt, wenn ein Sch\u00fcleraustausch ohne jegliche Mehrkosten f\u00fcr die Schulen organisiert werden kann. Grunds\u00e4tzlich kann ein Austausch nur dann genehmigt werden, wenn alle F\u00e4cher des betreffenden Sch\u00fclers an der Gastschule angeboten werden.<\/p>\n<p><a href=\"https:\/\/www.eursc.eu\/BasicTexts\/2016-01-D-49-en-4%20+Annex.pdf\">Richtlinien \u00fcber den Sch\u00fcleraustausch<\/a><\/p>\n","protected":false},"excerpt":{"rendered":"<p>Der Sch\u00fcleraustausch in der 4. und 5. Klasse bietet den Sch\u00fclern die M\u00f6glichkeit, ihre Sprachkenntnisse zu verbessern und Erfahrungen mit einem anderen Erziehungsumfeld zu machen, indem sie eine andere ES<a class=\"excerpt-read-more\" href=\"https:\/\/www.es-karlsruhe.eu\/de\/oberschule\/nutzliche-informationen\/schuleraustausch\/\" title=\"LesenSch\u00fcleraustausch\">\u2026 weiterlesen &raquo;<\/a><\/p>\n","protected":false},"author":3,"featured_media":4107,"parent":1463,"menu_order":0,"comment_status":"closed","ping_status":"closed","template":"","meta":{"footnotes":""},"class_list":["post-1581","page","type-page","status-publish","has-post-thumbnail","hentry"],"_links":{"self":[{"href":"https:\/\/www.es-karlsruhe.eu\/de\/wp-json\/wp\/v2\/pages\/1581","targetHints":{"allow":["GET"]}}],"collection":[{"href":"https:\/\/www.es-karlsruhe.eu\/de\/wp-json\/wp\/v2\/pages"}],"about":[{"href":"https:\/\/www.es-karlsruhe.eu\/de\/wp-json\/wp\/v2\/types\/page"}],"author":[{"embeddable":true,"href":"https:\/\/www.es-karlsruhe.eu\/de\/wp-json\/wp\/v2\/users\/3"}],"replies":[{"embeddable":true,"href":"https:\/\/www.es-karlsruhe.eu\/de\/wp-json\/wp\/v2\/comments?post=1581"}],"version-history":[{"count":4,"href":"https:\/\/www.es-karlsruhe.eu\/de\/wp-json\/wp\/v2\/pages\/1581\/revisions"}],"predecessor-version":[{"id":58941,"href":"https:\/\/www.es-karlsruhe.eu\/de\/wp-json\/wp\/v2\/pages\/1581\/revisions\/58941"}],"up":[{"embeddable":true,"href":"https:\/\/www.es-karlsruhe.eu\/de\/wp-json\/wp\/v2\/pages\/1463"}],"wp:featuredmedia":[{"embeddable":true,"href":"https:\/\/www.es-karlsruhe.eu\/de\/wp-json\/wp\/v2\/media\/4107"}],"wp:attachment":[{"href":"https:\/\/www.es-karlsruhe.eu\/de\/wp-json\/wp\/v2\/media?parent=1581"}],"curies":[{"name":"wp","href":"https:\/\/api.w.org\/{rel}","templated":true}]}}