{"id":175288,"date":"2025-11-20T12:12:20","date_gmt":"2025-11-20T11:12:20","guid":{"rendered":"https:\/\/www.es-karlsruhe.eu\/esk-stellt-ihr-challenge-programme-2019-vor\/1-math-en-jeans\/"},"modified":"2025-11-25T14:28:19","modified_gmt":"2025-11-25T13:28:19","slug":"1-math-en-jeans","status":"publish","type":"page","link":"https:\/\/www.es-karlsruhe.eu\/de\/esk-stellt-ihr-challenge-programme-2019-vor\/1-math-en-jeans\/","title":{"rendered":"MATh.en.JEANS"},"content":{"rendered":"<p><img loading=\"lazy\" decoding=\"async\" class=\"alignnone wp-image-174411\" src=\"https:\/\/www.es-karlsruhe.eu\/wp-content\/uploads\/2025\/10\/s1-150x150.jpg\" alt=\"\" width=\"170\" height=\"170\" srcset=\"https:\/\/www.es-karlsruhe.eu\/wp-content\/uploads\/2025\/10\/s1-150x150.jpg 150w, https:\/\/www.es-karlsruhe.eu\/wp-content\/uploads\/2025\/10\/s1-125x125.jpg 125w\" sizes=\"auto, (max-width: 170px) 100vw, 170px\" \/> <img loading=\"lazy\" decoding=\"async\" class=\"alignnone wp-image-174426\" src=\"https:\/\/www.es-karlsruhe.eu\/wp-content\/uploads\/2025\/10\/S2-150x150.jpg\" alt=\"\" width=\"170\" height=\"170\" srcset=\"https:\/\/www.es-karlsruhe.eu\/wp-content\/uploads\/2025\/10\/S2-150x150.jpg 150w, https:\/\/www.es-karlsruhe.eu\/wp-content\/uploads\/2025\/10\/S2-125x125.jpg 125w\" sizes=\"auto, (max-width: 170px) 100vw, 170px\" \/><\/p>\n<p>MATh.en.JEANS est une activit\u00e9 ouverte \u00e0 tous les \u00e9l\u00e8ves de la S2 \u00e0 la S6, avec un travail d&#8217;\u00e9quipe, sur de v\u00e9ritables sujets de recherche, pr\u00e9sent\u00e9s et suivis<br \/>\npar un chercheur de l\u2019Universit\u00e9 de Stuttgart, une exp\u00e9rience de communication orale lors du congr\u00e8s annuel qui se d\u00e9roule en fran\u00e7ais ainsi qu\u2019une formation \u00e0 la communication \u00e9crite lors de la r\u00e9daction d&#8217;articles qui sont publi\u00e9s.<br \/>\nProject Leader: Mme Brasset<\/p>\n<p>&nbsp;<\/p>\n","protected":false},"excerpt":{"rendered":"<p>MATh.en.JEANS est une activit\u00e9 ouverte \u00e0 tous les \u00e9l\u00e8ves de la S2 \u00e0 la S6, avec un travail d&#8217;\u00e9quipe, sur de v\u00e9ritables sujets de recherche, pr\u00e9sent\u00e9s et suivis par un<a class=\"excerpt-read-more\" href=\"https:\/\/www.es-karlsruhe.eu\/de\/esk-stellt-ihr-challenge-programme-2019-vor\/1-math-en-jeans\/\" title=\"LesenMATh.en.JEANS\">\u2026 weiterlesen &raquo;<\/a><\/p>\n","protected":false},"author":25,"featured_media":0,"parent":59793,"menu_order":0,"comment_status":"closed","ping_status":"closed","template":"","meta":{"footnotes":""},"class_list":["post-175288","page","type-page","status-publish","hentry"],"_links":{"self":[{"href":"https:\/\/www.es-karlsruhe.eu\/de\/wp-json\/wp\/v2\/pages\/175288","targetHints":{"allow":["GET"]}}],"collection":[{"href":"https:\/\/www.es-karlsruhe.eu\/de\/wp-json\/wp\/v2\/pages"}],"about":[{"href":"https:\/\/www.es-karlsruhe.eu\/de\/wp-json\/wp\/v2\/types\/page"}],"author":[{"embeddable":true,"href":"https:\/\/www.es-karlsruhe.eu\/de\/wp-json\/wp\/v2\/users\/25"}],"replies":[{"embeddable":true,"href":"https:\/\/www.es-karlsruhe.eu\/de\/wp-json\/wp\/v2\/comments?post=175288"}],"version-history":[{"count":4,"href":"https:\/\/www.es-karlsruhe.eu\/de\/wp-json\/wp\/v2\/pages\/175288\/revisions"}],"predecessor-version":[{"id":175356,"href":"https:\/\/www.es-karlsruhe.eu\/de\/wp-json\/wp\/v2\/pages\/175288\/revisions\/175356"}],"up":[{"embeddable":true,"href":"https:\/\/www.es-karlsruhe.eu\/de\/wp-json\/wp\/v2\/pages\/59793"}],"wp:attachment":[{"href":"https:\/\/www.es-karlsruhe.eu\/de\/wp-json\/wp\/v2\/media?parent=175288"}],"curies":[{"name":"wp","href":"https:\/\/api.w.org\/{rel}","templated":true}]}}