{"id":2233,"date":"2017-10-12T09:50:47","date_gmt":"2017-10-12T07:50:47","guid":{"rendered":"https:\/\/www.es-karlsruhe.eu\/?page_id=2233\/"},"modified":"2021-10-06T09:34:03","modified_gmt":"2021-10-06T07:34:03","slug":"krankenstation","status":"publish","type":"page","link":"https:\/\/www.es-karlsruhe.eu\/de\/unsere-schule\/schulerservice\/krankenstation\/","title":{"rendered":"Krankenstation"},"content":{"rendered":"<div class=\"title-deco\" id=\"\"><div class=\"blue-bloc\"><\/div><h2 class=\"title\">Medizinische Versorgung<\/h2><\/div>\n<p><strong>Gesund durch das Schuljahr<\/strong><\/p>\n<p>Die Europ\u00e4ische Schule Karlsruhe verf\u00fcgt \u00fcber eine gut-ausgestattete Krankenstation, die den ganzen Schultag ge\u00f6ffnet ist.<\/p>\n<p>Zu den Hauptaufgaben unserer Krankenschwester geh\u00f6ren:<\/p>\n<ul>\n<li>Die Betreuung und Versorgung der Kinder<\/li>\n<li>das Wohlf\u00fchlen der Kinder<\/li>\n<li>die Sicherheit unserer Sch\u00fcler<\/li>\n<li>Aufkl\u00e4rung zum Thema Gesundheit und gesund leben<\/li>\n<\/ul>\n<p>Auch die Pr\u00e4vention wird durch verschiedene Ma\u00dfnahmen thematisiert.<\/p>\n<p>&nbsp;<\/p>\n<p>Anbei die Anweisungen des Gesundheitsamts Karlsruhe.<\/p>\n<p>Im Falle einer ansteckenden Krankheit sind Sie verpflichtet, die Schule zu informieren.<\/p>\n<p>Wir k\u00f6nnen dann die Information weiter geben, damit\u00a0die anderen Eltern\u00a0fr\u00fchzeitig erkennen k\u00f6nnen, ob auch\u00a0ihr Kind davon betroffen ist.<\/p>\n<p>Mit freundlichen Gr\u00fc\u00dfen,<br \/>\nJoanne Molloy<br \/>\nKrankenschwester der ESK<\/p>\n<p>Tel.:\u00a0+49 7 21 6 80 09-23<\/p>\n<p>Handy: +49 160 30 63697<\/p>\n<span class=\"custom-link right\"><a href=\"https:\/\/www.es-karlsruhe.eu\/wp-content\/uploads\/2017\/10\/Gesundheitsamt_D.pdf\" target=\"_blank\">Meldepflicht an das \u00f6rtliche zust\u00e4ndige Gesundheitsamt<\/a><\/span>\n","protected":false},"excerpt":{"rendered":"<p>Gesund durch das Schuljahr Die Europ\u00e4ische Schule Karlsruhe verf\u00fcgt \u00fcber eine gut-ausgestattete Krankenstation, die den ganzen Schultag ge\u00f6ffnet ist. Zu den Hauptaufgaben unserer Krankenschwester geh\u00f6ren: Die Betreuung und Versorgung der<a class=\"excerpt-read-more\" href=\"https:\/\/www.es-karlsruhe.eu\/de\/unsere-schule\/schulerservice\/krankenstation\/\" title=\"LesenKrankenstation\">\u2026 weiterlesen &raquo;<\/a><\/p>\n","protected":false},"author":3,"featured_media":0,"parent":1386,"menu_order":0,"comment_status":"closed","ping_status":"closed","template":"","meta":{"footnotes":""},"class_list":["post-2233","page","type-page","status-publish","hentry"],"_links":{"self":[{"href":"https:\/\/www.es-karlsruhe.eu\/de\/wp-json\/wp\/v2\/pages\/2233","targetHints":{"allow":["GET"]}}],"collection":[{"href":"https:\/\/www.es-karlsruhe.eu\/de\/wp-json\/wp\/v2\/pages"}],"about":[{"href":"https:\/\/www.es-karlsruhe.eu\/de\/wp-json\/wp\/v2\/types\/page"}],"author":[{"embeddable":true,"href":"https:\/\/www.es-karlsruhe.eu\/de\/wp-json\/wp\/v2\/users\/3"}],"replies":[{"embeddable":true,"href":"https:\/\/www.es-karlsruhe.eu\/de\/wp-json\/wp\/v2\/comments?post=2233"}],"version-history":[{"count":5,"href":"https:\/\/www.es-karlsruhe.eu\/de\/wp-json\/wp\/v2\/pages\/2233\/revisions"}],"predecessor-version":[{"id":103141,"href":"https:\/\/www.es-karlsruhe.eu\/de\/wp-json\/wp\/v2\/pages\/2233\/revisions\/103141"}],"up":[{"embeddable":true,"href":"https:\/\/www.es-karlsruhe.eu\/de\/wp-json\/wp\/v2\/pages\/1386"}],"wp:attachment":[{"href":"https:\/\/www.es-karlsruhe.eu\/de\/wp-json\/wp\/v2\/media?parent=2233"}],"curies":[{"name":"wp","href":"https:\/\/api.w.org\/{rel}","templated":true}]}}