{"id":2243,"date":"2017-10-12T10:06:53","date_gmt":"2017-10-12T08:06:53","guid":{"rendered":"https:\/\/www.es-karlsruhe.eu\/?page_id=2243\/"},"modified":"2026-03-27T11:21:05","modified_gmt":"2026-03-27T10:21:05","slug":"schulpsychologe","status":"publish","type":"page","link":"https:\/\/www.es-karlsruhe.eu\/de\/unsere-schule\/schulerservice\/schulpsychologe\/","title":{"rendered":"Schulpsychologe"},"content":{"rendered":"<div class=\"title-deco\" id=\"\"><div class=\"blue-bloc\"><\/div><h2 class=\"title\">Psychologische\u00a0Versorgung<\/h2><\/div>\n<p>meine Aufgabenschwerpunkte sind:<\/p>\n<ul>\n<li>Beratung von Sch\u00fclerinnen und Sch\u00fclern, Eltern und Lehrkr\u00e4ften bei St\u00f6rungen des allgemeinen Schullebens<\/li>\n<li>Einzelfallhilfe f\u00fcr Sch\u00fclerinnen und Sch\u00fcler zur Vorbeugung und Vermeidung von Lernschwierigkeiten und auff\u00e4lligen Verhaltensweisen<\/li>\n<li>Beratung und Begleitung von Sch\u00fclerinnen und Sch\u00fclern in emotionalen, famili\u00e4ren und sozialen Fragen<\/li>\n<li>Beratung und Unterst\u00fctzung von Lehr- und p\u00e4dagogischen Fachkr\u00e4ften bei der L\u00f6sung von psychosozialen Problemstellungen<\/li>\n<li>Durchf\u00fchrung von Projekten und Gruppengespr\u00e4chen zu sozialrelevanten Themen<\/li>\n<li>Zusammenarbeit mit anderen Beratungsdiensten au\u00dferhalb der Schule<\/li>\n<\/ul>\n<p>Dokumente:<\/p>\n<ul>\n<li><a href=\"https:\/\/www.es-karlsruhe.eu\/wp-content\/uploads\/2024\/10\/School-Psychology-Introduction_FB.pdf\">Einf\u00fchrung &#8211; Frau Marina Stavrou<\/a><\/li>\n<li><a href=\"https:\/\/www.es-karlsruhe.eu\/wp-content\/uploads\/2024\/10\/School-Psychologist-Referral-Form.pdf\">Einweisungsformular<\/a><\/li>\n<li><a href=\"https:\/\/www.es-karlsruhe.eu\/wp-content\/uploads\/2024\/10\/School-Psychologist-Consent-Form.pdf\">Einverst\u00e4ndniserkl\u00e4rung<\/a> &#8211; Kinder unter 15 Jahren<\/li>\n<li>Externe Ressourcen:<\/li>\n<\/ul>\n<p><a href=\"https:\/\/www.es-karlsruhe.eu\/wp-content\/uploads\/2024\/10\/ESKSchoolPsychologist-External-Resources-2024-25-ENGLISH.pdf\">Englisch<\/a><br \/>\n<a href=\"https:\/\/www.es-karlsruhe.eu\/wp-content\/uploads\/2024\/10\/ESK-Psychologue-Scolaire-External-Resources-2024-25-FRENCH.pdf\">Franz\u00f6sisch<\/a><br \/>\n<a href=\"https:\/\/www.es-karlsruhe.eu\/wp-content\/uploads\/2024\/10\/ESK-Schulpsychologin-External-Resources-2024-25-GERMAN.pdf\">Deutsch<\/a><\/p>\n<p>Newsletter:<\/p>\n<p><a href=\"https:\/\/www.es-karlsruhe.eu\/wp-content\/uploads\/2024\/11\/Newsletter-ESK-NOVEMBER2024.pdf\">November 2024<\/a><br \/>\n<a href=\"https:\/\/www.es-karlsruhe.eu\/wp-content\/uploads\/2024\/12\/Newsletter-ESK-DECEMBER2024.pdf\">December 2024<\/a><br \/>\n<a href=\"https:\/\/www.es-karlsruhe.eu\/wp-content\/uploads\/2025\/01\/Newsletter-ESK-JANUARY2025.pdf\">January 2025<\/a><br \/>\n<a href=\"https:\/\/www.es-karlsruhe.eu\/wp-content\/uploads\/2025\/02\/Newsletter-ESK-FEBRUARY2025.pdf\">February 2025<\/a><br \/>\n<a href=\"https:\/\/www.es-karlsruhe.eu\/wp-content\/uploads\/2025\/03\/Newsletter-ESK-MARCH2025.pdf\">March 2025<\/a><br \/>\n<a href=\"https:\/\/www.es-karlsruhe.eu\/wp-content\/uploads\/2025\/05\/Newsletter-ESK-APRIL2025.DE_.pdf\">April 2025<\/a><br \/>\n<a href=\"https:\/\/www.es-karlsruhe.eu\/wp-content\/uploads\/2025\/05\/Newsletter-ESK-MAY2025-DE-1.pdf\">Mai 2025<\/a><br \/>\n<a href=\"https:\/\/www.es-karlsruhe.eu\/wp-content\/uploads\/2025\/06\/Newsletter-ESK-JUNE2025.DE_.pdf\">Juni 2025<\/a><br \/>\n<a href=\"https:\/\/www.es-karlsruhe.eu\/wp-content\/uploads\/2025\/09\/Newsletter-SEPTEMBER-2025.-DE.pdf\">September 2025<\/a><br \/>\n<a href=\"https:\/\/www.es-karlsruhe.eu\/wp-content\/uploads\/2025\/11\/Newsletter-OCTOBER-2025.DE_.pdf\">Oktober 2025<\/a><br \/>\n<a href=\"https:\/\/www.es-karlsruhe.eu\/wp-content\/uploads\/2025\/11\/Newsletter-ESK-NOVEMBER-2025.DE_.pdf\">November 2025<\/a><br \/>\n<a href=\"https:\/\/www.es-karlsruhe.eu\/wp-content\/uploads\/2025\/12\/December_de.00a31ca4-0a71-4856-9bdd-7a8e8a8c3bde.pdf\">Dezember 2025<\/a><br \/>\n<a href=\"https:\/\/www.es-karlsruhe.eu\/wp-content\/uploads\/2026\/01\/Newsletter-ESK-JANUARY2026.DE_.pdf\">Januar 2026<\/a><br \/>\n<a href=\"https:\/\/www.es-karlsruhe.eu\/wp-content\/uploads\/2026\/02\/Newsletter-ESK-FEBRUARY2026.DE_-1.pdf\">Februar 2026<\/a><br \/>\n<a href=\"https:\/\/www.es-karlsruhe.eu\/wp-content\/uploads\/2026\/03\/48a48395-df63-456d-bffa-5d4c79c256dc.pdf\">M\u00e4rz 2026<\/a><\/p>\n<p>Alle Gespr\u00e4che werden selbstverst\u00e4ndlich vertraulich behandelt.<br \/>\n<div class=\"staff-member\"><span class=\"name\">Ms. Marina Stavrou<\/span><span class=\"job\">Schulpsychologe<\/span><a href=\"&#109;&#x61;i&#x6c;t&#111;&#x3a;&#107;&#x61;r&#45;&#x62;&#101;&#x72;a&#x74;&#x75;&#110;&#x67;&#64;&#x70;a&#114;&#x74;&#110;&#x65;r&#46;&#x65;&#117;&#x72;s&#99;&#x2e;&#101;&#x75;\" class=\"mail\">kar-beratung&#64;&#112;&#97;&#114;&#116;&#110;&#101;&#114;&#46;&#101;&#117;&#114;&#115;&#99;&#46;&#x65;&#x75;<\/a><\/div><\/p>\n<p>Tel.:\u00a0+49 7 21 6 80 09 &#8211; 57<\/p>\n<h3>Terminvereinbarung<\/h3>\n<p><strong>Meine\u00a0Sprechstunden\u00a0sind:<\/strong><\/p>\n<p>Montag bis Freitag<br \/>\nvon 9:00 &#8211; 13:00 Uhr<\/p>\n<p><strong>Sprechzimmer<\/strong><\/p>\n<p>Bau C (Oberschule)<br \/>\nZimmer 114<\/p>\n","protected":false},"excerpt":{"rendered":"<p>meine Aufgabenschwerpunkte sind: Beratung von Sch\u00fclerinnen und Sch\u00fclern, Eltern und Lehrkr\u00e4ften bei St\u00f6rungen des allgemeinen Schullebens Einzelfallhilfe f\u00fcr Sch\u00fclerinnen und Sch\u00fcler zur Vorbeugung und Vermeidung von Lernschwierigkeiten und auff\u00e4lligen Verhaltensweisen<a class=\"excerpt-read-more\" href=\"https:\/\/www.es-karlsruhe.eu\/de\/unsere-schule\/schulerservice\/schulpsychologe\/\" title=\"LesenSchulpsychologe\">\u2026 weiterlesen &raquo;<\/a><\/p>\n","protected":false},"author":3,"featured_media":0,"parent":1386,"menu_order":0,"comment_status":"closed","ping_status":"closed","template":"","meta":{"footnotes":""},"class_list":["post-2243","page","type-page","status-publish","hentry"],"_links":{"self":[{"href":"https:\/\/www.es-karlsruhe.eu\/de\/wp-json\/wp\/v2\/pages\/2243","targetHints":{"allow":["GET"]}}],"collection":[{"href":"https:\/\/www.es-karlsruhe.eu\/de\/wp-json\/wp\/v2\/pages"}],"about":[{"href":"https:\/\/www.es-karlsruhe.eu\/de\/wp-json\/wp\/v2\/types\/page"}],"author":[{"embeddable":true,"href":"https:\/\/www.es-karlsruhe.eu\/de\/wp-json\/wp\/v2\/users\/3"}],"replies":[{"embeddable":true,"href":"https:\/\/www.es-karlsruhe.eu\/de\/wp-json\/wp\/v2\/comments?post=2243"}],"version-history":[{"count":24,"href":"https:\/\/www.es-karlsruhe.eu\/de\/wp-json\/wp\/v2\/pages\/2243\/revisions"}],"predecessor-version":[{"id":178345,"href":"https:\/\/www.es-karlsruhe.eu\/de\/wp-json\/wp\/v2\/pages\/2243\/revisions\/178345"}],"up":[{"embeddable":true,"href":"https:\/\/www.es-karlsruhe.eu\/de\/wp-json\/wp\/v2\/pages\/1386"}],"wp:attachment":[{"href":"https:\/\/www.es-karlsruhe.eu\/de\/wp-json\/wp\/v2\/media?parent=2243"}],"curies":[{"name":"wp","href":"https:\/\/api.w.org\/{rel}","templated":true}]}}