{"id":2261,"date":"2017-10-12T10:27:30","date_gmt":"2017-10-12T08:27:30","guid":{"rendered":"https:\/\/www.es-karlsruhe.eu\/?page_id=2261\/"},"modified":"2022-11-28T09:58:26","modified_gmt":"2022-11-28T08:58:26","slug":"bibliothek","status":"publish","type":"page","link":"https:\/\/www.es-karlsruhe.eu\/de\/unsere-schule\/schulerservice\/bibliothek\/","title":{"rendered":"Bibliothek"},"content":{"rendered":"<div class=\"title-deco\" id=\"\"><div class=\"blue-bloc\"><\/div><h2 class=\"title\">Das Tor zum Wissen<\/h2><\/div>\n<p>Die Schulbibliotheken in der Grund- und Oberschule stehen allen Sch\u00fclern, Lehrern und Mitarbeitern der Europ\u00e4ischen Schule Karlsruhe zur Verf\u00fcgung.<\/p>\n<p>Sie sind ein wertvoller Baustein zur Erreichung von Lernzielen. W\u00e4hrend fr\u00fcher die lehrerzentrierte Wissensvermittlung im Fokus stand, wird heute auch die f\u00e4cher\u00fcbergreifende und aktivierende \u2013 also sch\u00fclerzentrierte \u2013 Vermittlung von Lesekompetenz immer wichtiger. Hierbei sind unsere Schulbibliotheken ebenso eine Hilfe wie bei der Aufgabe, Kinder und Jugendliche durch effiziente Strategien zu Recherche, Bewertung und Nutzung von Informationen und Medien auf ein lebenslanges Lernen vorzubereiten.<\/p>\n<p>Unsere Schulbibliotheken sind sehr gut ausgestattet und orientieren sich neben den Lerninhalten auch an den Freizeitinteressen der unterschiedlichen Nationalit\u00e4ten.<\/p>\n<p>So erhalten Sie in unseren Bibliotheken u. a. Nachschlagewerke, Sachb\u00fccher, Romane und Zeitschriften sowie Videos, CDs und DVDs in vielen verschiedenen Sprachen.<\/p>\n<p>Hier geht es zum <strong><a href=\"https:\/\/eskar.oliverasp.co.uk\" target=\"_blank\" rel=\"noopener noreferrer\">Online Katalog<\/a><\/strong> der <strong>ESK<\/strong>!<\/p>\n<h3>Ansprechpartner<\/h3>\n<p><strong>Bibliothek Grundschule<br \/>\n<\/strong>Karina Mander<br \/>\nTel.: +49 7 21 6 80 09-22<\/p>\n<p><strong>Grundschule<\/strong>!<\/p>\n<p><strong>Bibliothek Oberschule<br \/>\n<\/strong>Norbert Skurcz<br \/>\nTel.: +49 7 21 6 80 09-39<\/p>\n<p>&nbsp;<\/p>\n","protected":false},"excerpt":{"rendered":"<p>Die Schulbibliotheken in der Grund- und Oberschule stehen allen Sch\u00fclern, Lehrern und Mitarbeitern der Europ\u00e4ischen Schule Karlsruhe zur Verf\u00fcgung. Sie sind ein wertvoller Baustein zur Erreichung von Lernzielen. W\u00e4hrend fr\u00fcher<a class=\"excerpt-read-more\" href=\"https:\/\/www.es-karlsruhe.eu\/de\/unsere-schule\/schulerservice\/bibliothek\/\" title=\"LesenBibliothek\">\u2026 weiterlesen &raquo;<\/a><\/p>\n","protected":false},"author":3,"featured_media":0,"parent":1386,"menu_order":0,"comment_status":"closed","ping_status":"closed","template":"","meta":{"footnotes":""},"class_list":["post-2261","page","type-page","status-publish","hentry"],"_links":{"self":[{"href":"https:\/\/www.es-karlsruhe.eu\/de\/wp-json\/wp\/v2\/pages\/2261","targetHints":{"allow":["GET"]}}],"collection":[{"href":"https:\/\/www.es-karlsruhe.eu\/de\/wp-json\/wp\/v2\/pages"}],"about":[{"href":"https:\/\/www.es-karlsruhe.eu\/de\/wp-json\/wp\/v2\/types\/page"}],"author":[{"embeddable":true,"href":"https:\/\/www.es-karlsruhe.eu\/de\/wp-json\/wp\/v2\/users\/3"}],"replies":[{"embeddable":true,"href":"https:\/\/www.es-karlsruhe.eu\/de\/wp-json\/wp\/v2\/comments?post=2261"}],"version-history":[{"count":5,"href":"https:\/\/www.es-karlsruhe.eu\/de\/wp-json\/wp\/v2\/pages\/2261\/revisions"}],"predecessor-version":[{"id":135217,"href":"https:\/\/www.es-karlsruhe.eu\/de\/wp-json\/wp\/v2\/pages\/2261\/revisions\/135217"}],"up":[{"embeddable":true,"href":"https:\/\/www.es-karlsruhe.eu\/de\/wp-json\/wp\/v2\/pages\/1386"}],"wp:attachment":[{"href":"https:\/\/www.es-karlsruhe.eu\/de\/wp-json\/wp\/v2\/media?parent=2261"}],"curies":[{"name":"wp","href":"https:\/\/api.w.org\/{rel}","templated":true}]}}