{"id":2281,"date":"2017-10-12T11:04:47","date_gmt":"2017-10-12T09:04:47","guid":{"rendered":"https:\/\/www.es-karlsruhe.eu\/?page_id=2281\/"},"modified":"2026-03-25T11:47:54","modified_gmt":"2026-03-25T10:47:54","slug":"mensa","status":"publish","type":"page","link":"https:\/\/www.es-karlsruhe.eu\/de\/unsere-schule\/schulerservice\/mensa\/","title":{"rendered":"Mensa"},"content":{"rendered":"<p>&nbsp;<\/p>\n<p>&nbsp;<\/p>\n<ul>\n<li><strong><a href=\"https:\/\/www.es-karlsruhe.eu\/wp-content\/uploads\/2026\/03\/Speiseplan-KW-16.pdf\" target=\"_blank\" rel=\"noopener noreferrer\">Speiseplan dieser Woche<\/a><\/strong><\/li>\n<\/ul>\n<div class=\"title-deco\" id=\"\"><div class=\"blue-bloc\"><\/div><h2 class=\"title\">Jeden Tag eine frisch zubereitete warme Mahlzeit<\/h2><\/div>\n<p><img loading=\"lazy\" decoding=\"async\" class=\"float-left alignnone wp-image-152242 size-medium\" style=\"margin-right: 15px\" src=\"https:\/\/www.es-karlsruhe.eu\/wp-content\/uploads\/2024\/02\/Bild_Medirest-225x300.jpg\" alt=\"\" width=\"225\" height=\"300\" srcset=\"https:\/\/www.es-karlsruhe.eu\/wp-content\/uploads\/2024\/02\/Bild_Medirest-225x300.jpg 225w, https:\/\/www.es-karlsruhe.eu\/wp-content\/uploads\/2024\/02\/Bild_Medirest-768x1024.jpg 768w, https:\/\/www.es-karlsruhe.eu\/wp-content\/uploads\/2024\/02\/Bild_Medirest-1152x1536.jpg 1152w, https:\/\/www.es-karlsruhe.eu\/wp-content\/uploads\/2024\/02\/Bild_Medirest.jpg 1512w\" sizes=\"auto, (max-width: 225px) 100vw, 225px\" \/><\/p>\n<p>&nbsp;<\/p>\n<p>Eine gute ausgewogene Ern\u00e4hrung kann das Lernen der Sch\u00fcler unterst\u00fctzen. Damit Sie Ihre Kinder auch w\u00e4hrend der Schulzeit gut versorgt wissen, haben wir mit der Medirest ein Kantinenkonzept realisiert, das Ihren Kindern t\u00e4glich eine abwechslungsreiche Mahlzeit bietet.<\/p>\n<p>Das Mittagessen kann <strong><a href=\"https:\/\/login.mensaweb.de\/\">hier <\/a><\/strong>vorbestellt werden<\/p>\n<p>&nbsp;<\/p>\n<h3>Medirest<\/h3>\n<p>Seit September 2009 bietet Medirest mit seinem bundesweit einzigartigen Konzept, dem<br \/>\nFOOD CLUB, das Mittagessen in der Europ\u00e4ischen Schule Karlsruhe an.<a href=\"https:\/\/www.es-karlsruhe.eu\/wp-content\/uploads\/2018\/02\/Hygienesiegel-212x300.jpg\" target=\"_blank\" rel=\"noopener noreferrer\"><img loading=\"lazy\" decoding=\"async\" class=\"alignright wp-image-7395 size-medium\" src=\"https:\/\/www.es-karlsruhe.eu\/wp-content\/uploads\/2018\/02\/Hygienesiegel-212x300.jpg\" alt=\"\" width=\"212\" height=\"300\" srcset=\"https:\/\/www.es-karlsruhe.eu\/wp-content\/uploads\/2018\/02\/Hygienesiegel-212x300.jpg 212w, https:\/\/www.es-karlsruhe.eu\/wp-content\/uploads\/2018\/02\/Hygienesiegel-768x1087.jpg 768w, https:\/\/www.es-karlsruhe.eu\/wp-content\/uploads\/2018\/02\/Hygienesiegel-724x1024.jpg 724w\" sizes=\"auto, (max-width: 212px) 100vw, 212px\" \/><\/a><\/p>\n<p>Gemeinsam mit der EUREST Deutschland GmbH ist Medirest unter dem Dach der <a href=\"http:\/\/www.compass-group.de\" target=\"_blank\" rel=\"noopener noreferrer\">Compass Group<\/a> national wie international in vielen Bereichen, in denen es um die Verpflegung von Menschen geht, sehr erfolgreich. Das Unternehmen ist zertifiziert nach DIN EN ISO 9001:2000.<\/p>\n<p>Vor diesem Hintergrund hat der Nahrungsspezialist unter Einbeziehung von Jugendlichen das Schulverpflegungs-Konzept FOOD CLUB entwickelt. Vielfalt, Qualit\u00e4t und Geschmack, ohne Verwendung von Geschmacksverst\u00e4rkern, stehen hier im Vordergrund. Die Speisepl\u00e4ne sind nach den Vorgaben der Deutschen Gesellschaft f\u00fcr Ern\u00e4hrung erstellt. Medirest kocht f\u00fcr Ihre Kinder t\u00e4glich frisch in der K\u00fcche der Schule.<\/p>\n<h3>Einfach, schnell und bargeldlos<\/h3>\n<p>Zur Vermeidung von Aufwand und Bargeldzahlung sowie f\u00fcr eine schnellere Abwicklung im Kassenbereich setzen wir auf ein elektronisches Kassensystem. Dadurch haben Sie die M\u00f6glichkeit, online gemeinsam mit Ihren Kindern das Essen auszusuchen und zu bestellen. Als Medium dient der bereits vorhandene Schulausweis, der auch als Zugangskarte der Sch\u00fcler f\u00fcr die Schule verwendet wird. Die genaue Vorgehensweise ist auf der Folgeseite erkl\u00e4rt.<\/p>\n<p><a href=\"https:\/\/login.mensaweb.de\/\"><strong>School-Catering<\/strong><\/a><\/p>\n<p><strong>Bargeldlose Bezahlung f\u00fcr Sch\u00fcler<\/strong><\/p>\n<p>Statt aufw\u00e4ndig mit Bons abzurechnen, bieten wir die bargeldlose Bezahlung an. Einmal angemeldet, k\u00f6nnen die Kinder und Jugendlichen ihr gew\u00fcnschtes Mittagessen per Internet von Zuhause aus oder am Bestellterminal in der Schule bestellen.<br \/>\nBestellungen k\u00f6nnen Sie w\u00f6chentlich oder 14-t\u00e4gig vornehmen, \u00c4nderungen oder Stornierungen z. B. wegen Krankheit k\u00f6nnen bis zum selben Tag, an dem Ihr Kind essen m\u00f6chte, bis 08.30 Uhr im System vorgenommen werden.<\/p>\n<table>\n<tbody>\n<tr class=\"bg-light-gray\">\n<th style=\"width: 33.33%\">Folgende Preise gelten<\/th>\n<th style=\"width: 33.33%\">Preis pro Essen mit Vorbestellung<\/th>\n<th style=\"width: 33.33%\">Preis pro Essen ohne Vorbestellung<\/th>\n<\/tr>\n<tr>\n<td>Mittagessen, normal oder vegetarisch<\/td>\n<td>\u20ac 4,55<\/td>\n<td>\u20ac 5,10<\/td>\n<\/tr>\n<tr>\n<td>Kindergarten<\/td>\n<td>n\/a<\/td>\n<td>\u20ac 3,65<\/td>\n<\/tr>\n<tr>\n<td>Hausgemachte Salatbowl<\/td>\n<td>\u20ac 5,90<\/td>\n<td>\u20ac n\/a<\/td>\n<\/tr>\n<tr>\n<td>Suppe mit Brot<\/td>\n<td>\u20ac 3,10<\/td>\n<td>\u20ac 3,65<\/td>\n<\/tr>\n<\/tbody>\n<\/table>\n<p>Kinder, die sich spontan zum Essen entscheiden, k\u00f6nnen auch ohne Vorbestellung zum Mittagessen kommen und an der Kasse mit ihrem vorhandenen Schulausweis bezahlen. Eine Men\u00fcbestellung oder Bezahlung ist nur bei ausreichendem Guthaben m\u00f6glich! Zus\u00e4tzlich zum Online-Banking haben Sie oder Ihre Kinder die M\u00f6glichkeit an einer Aufladestation in der Kantine die Karte aufzuladen. Bargeld wird an den Kassen nicht akzeptiert.<\/p>\n<h3>Wie kann ich zuk\u00fcnftig mein Essen bestellen?<\/h3>\n<p>Der Men\u00fcplan ist im Internet unter folgender Adresse aufzurufen:<\/p>\n<p><a href=\"https:\/\/login.mensaweb.de\/\"><strong>School-Catering<\/strong><\/a><\/p>\n<p>Ihren pers\u00f6nlichen User-Namen und Ihr Passwort erhalten Sie via mail oder auf anfrage.<\/p>\n<h3>Wie erfolgt die Bezahlung?<\/h3>\n<p>Das Essensgeld wird im Voraus (z. B. per Dauerauftrag) auf folgendes Bankkonto eingezahlt:<\/p>\n<p>Kontoinhaber: Medirest GmbH<br \/>\nKreditinstitute: BNP Parisbas<\/p>\n<p>IBAN: DE89 5121 0600 4224 1130 29<br \/>\nBIC: BNPADEFFXXX<\/p>\n<p>Verwendungszweck: Ihr pers\u00f6nlicher Login Name (4xBuchstabe 4xNummern)<\/p>\n<h3>Ansprechpartner<\/h3>\n<div class=\"staff-member\"><span class=\"name\">Jan Birkenmaier<\/span><span class=\"job\">Betriebsleiter<\/span><a href=\"ma&#105;&#108;&#116;&#x6f;&#x3a;&#x37;&#x31;61&#46;&#49;&#64;&#x63;&#x6f;&#x6d;&#x70;as&#115;&#45;&#103;&#x72;&#x6f;&#x75;&#x70;&#46;d&#101;\" class=\"mail\">&#x37;&#49;6&#x31;&#x2e;&#49;&#64;&#x63;&#x6f;&#109;p&#x61;&#115;s&#x2d;&#x67;&#114;o&#x75;&#x70;&#46;d&#x65;<\/a><span class=\"phone\">07 21-6 80 09-29<\/span><\/div>\n","protected":false},"excerpt":{"rendered":"<p>&nbsp; &nbsp; Speiseplan dieser Woche &nbsp; Eine gute ausgewogene Ern\u00e4hrung kann das Lernen der Sch\u00fcler unterst\u00fctzen. Damit Sie Ihre Kinder auch w\u00e4hrend der Schulzeit gut versorgt wissen, haben wir mit<a class=\"excerpt-read-more\" href=\"https:\/\/www.es-karlsruhe.eu\/de\/unsere-schule\/schulerservice\/mensa\/\" title=\"LesenMensa\">\u2026 weiterlesen &raquo;<\/a><\/p>\n","protected":false},"author":14,"featured_media":3620,"parent":1386,"menu_order":0,"comment_status":"closed","ping_status":"closed","template":"","meta":{"footnotes":""},"class_list":["post-2281","page","type-page","status-publish","has-post-thumbnail","hentry"],"_links":{"self":[{"href":"https:\/\/www.es-karlsruhe.eu\/de\/wp-json\/wp\/v2\/pages\/2281","targetHints":{"allow":["GET"]}}],"collection":[{"href":"https:\/\/www.es-karlsruhe.eu\/de\/wp-json\/wp\/v2\/pages"}],"about":[{"href":"https:\/\/www.es-karlsruhe.eu\/de\/wp-json\/wp\/v2\/types\/page"}],"author":[{"embeddable":true,"href":"https:\/\/www.es-karlsruhe.eu\/de\/wp-json\/wp\/v2\/users\/14"}],"replies":[{"embeddable":true,"href":"https:\/\/www.es-karlsruhe.eu\/de\/wp-json\/wp\/v2\/comments?post=2281"}],"version-history":[{"count":104,"href":"https:\/\/www.es-karlsruhe.eu\/de\/wp-json\/wp\/v2\/pages\/2281\/revisions"}],"predecessor-version":[{"id":178301,"href":"https:\/\/www.es-karlsruhe.eu\/de\/wp-json\/wp\/v2\/pages\/2281\/revisions\/178301"}],"up":[{"embeddable":true,"href":"https:\/\/www.es-karlsruhe.eu\/de\/wp-json\/wp\/v2\/pages\/1386"}],"wp:featuredmedia":[{"embeddable":true,"href":"https:\/\/www.es-karlsruhe.eu\/de\/wp-json\/wp\/v2\/media\/3620"}],"wp:attachment":[{"href":"https:\/\/www.es-karlsruhe.eu\/de\/wp-json\/wp\/v2\/media?parent=2281"}],"curies":[{"name":"wp","href":"https:\/\/api.w.org\/{rel}","templated":true}]}}