{"id":2381,"date":"2017-10-16T12:13:10","date_gmt":"2017-10-16T10:13:10","guid":{"rendered":"https:\/\/www.es-karlsruhe.eu\/?page_id=2381\/"},"modified":"2017-10-25T15:51:15","modified_gmt":"2017-10-25T13:51:15","slug":"ich-und-die-anderen","status":"publish","type":"page","link":"https:\/\/www.es-karlsruhe.eu\/de\/kindergarten\/lernen\/curriculum\/ich-und-die-anderen\/","title":{"rendered":"Ich und die Anderen"},"content":{"rendered":"<h3>Definition:<\/h3>\n<blockquote><p>Ich lerne respektvoll und verantwortungsbewusst zu kommunizieren und zusammenzuarbeiten. Ich baue meine eigene Identit\u00e4t auf und sch\u00e4tze diese ebenso wie die der anderen.<\/p><\/blockquote>\n<p>W\u00e4hrend meiner Zeit im Kindergarten werde ich Erfahrungen machen \u00fcber den Umgang mit Erwachsenen sowie Kindern, ich werde Freundschaften schlie\u00dfen und lernen zu teilen, mich abzuwechseln und abzusprechen mit anderen.<\/p>\n<p>Ich werde lernen verantwortungsvoll zu sein beim Aufr\u00e4umen, j\u00fcngeren Kindern zu helfen, zuzuh\u00f6ren und Aufgaben zu erledigen.<\/p>\n<p>Ich werde beginnen Regeln zu verstehen, auf andere einzugehen und auch \u00fcber die Unterschiede lernen, die ich in anderen Kulturen und Sprachen entdecke.<\/p>\n<p>Ich werde die F\u00e4higkeit entwickeln meine Gef\u00fchle und \u00c4ngste auszudr\u00fccken und sie angemessen zu kontrollieren.<\/p>\n","protected":false},"excerpt":{"rendered":"<p>Definition: Ich lerne respektvoll und verantwortungsbewusst zu kommunizieren und zusammenzuarbeiten. Ich baue meine eigene Identit\u00e4t auf und sch\u00e4tze diese ebenso wie die der anderen. W\u00e4hrend meiner Zeit im Kindergarten werde<a class=\"excerpt-read-more\" href=\"https:\/\/www.es-karlsruhe.eu\/de\/kindergarten\/lernen\/curriculum\/ich-und-die-anderen\/\" title=\"LesenIch und die Anderen\">\u2026 weiterlesen &raquo;<\/a><\/p>\n","protected":false},"author":3,"featured_media":0,"parent":1414,"menu_order":0,"comment_status":"closed","ping_status":"closed","template":"","meta":{"footnotes":""},"class_list":["post-2381","page","type-page","status-publish","hentry"],"_links":{"self":[{"href":"https:\/\/www.es-karlsruhe.eu\/de\/wp-json\/wp\/v2\/pages\/2381","targetHints":{"allow":["GET"]}}],"collection":[{"href":"https:\/\/www.es-karlsruhe.eu\/de\/wp-json\/wp\/v2\/pages"}],"about":[{"href":"https:\/\/www.es-karlsruhe.eu\/de\/wp-json\/wp\/v2\/types\/page"}],"author":[{"embeddable":true,"href":"https:\/\/www.es-karlsruhe.eu\/de\/wp-json\/wp\/v2\/users\/3"}],"replies":[{"embeddable":true,"href":"https:\/\/www.es-karlsruhe.eu\/de\/wp-json\/wp\/v2\/comments?post=2381"}],"version-history":[{"count":2,"href":"https:\/\/www.es-karlsruhe.eu\/de\/wp-json\/wp\/v2\/pages\/2381\/revisions"}],"predecessor-version":[{"id":2660,"href":"https:\/\/www.es-karlsruhe.eu\/de\/wp-json\/wp\/v2\/pages\/2381\/revisions\/2660"}],"up":[{"embeddable":true,"href":"https:\/\/www.es-karlsruhe.eu\/de\/wp-json\/wp\/v2\/pages\/1414"}],"wp:attachment":[{"href":"https:\/\/www.es-karlsruhe.eu\/de\/wp-json\/wp\/v2\/media?parent=2381"}],"curies":[{"name":"wp","href":"https:\/\/api.w.org\/{rel}","templated":true}]}}