{"id":2552,"date":"2017-10-25T11:13:33","date_gmt":"2017-10-25T09:13:33","guid":{"rendered":"https:\/\/www.es-karlsruhe.eu\/?page_id=2552\/"},"modified":"2019-06-06T09:38:25","modified_gmt":"2019-06-06T07:38:25","slug":"transport","status":"publish","type":"page","link":"https:\/\/www.es-karlsruhe.eu\/de\/unsere-schule\/schulerservice\/transport\/","title":{"rendered":"Transport"},"content":{"rendered":"<p>Der Transport der Sch\u00fcler der Europ\u00e4ischen Schule Karlsruhe wird durch einen selb\u00adst\u00e4n\u00addigen, gemeinn\u00fctzigen Verein, den Transportausschuss organisiert.<\/p>\n<p>Dieser Ausschuss ist Ihr Ansprechpartner in allen Fragen bez\u00fcglich Sch\u00fclertransport.<\/p>\n<p>Der Ausschuss arbeitet eng\u00a0mit dem Schul- und Sportamt Karlsruhe, dem KVV und S\u00fcdwest-<br \/>\nbus zusammen, um die Schulbusse und Schulbahnen zu or\u00adga\u00adni\u00adsie\u00adren und zu finanzieren.<\/p>\n<p>Weitere Informationen bekommen Sie auf den Seiten der Elternvereinigung!<br \/>\n\u00dcber folgenden Link gelangen Sie direkt dorthin<\/p>\n<p style=\"text-align: left;\"><span class=\"custom-link right\"><a href=\"https:\/\/www.eskar-transport.de\/\" target=\"_blank\">Transportausschu\u00df<\/a><\/span>\n","protected":false},"excerpt":{"rendered":"<p>Der Transport der Sch\u00fcler der Europ\u00e4ischen Schule Karlsruhe wird durch einen selb\u00adst\u00e4n\u00addigen, gemeinn\u00fctzigen Verein, den Transportausschuss organisiert. Dieser Ausschuss ist Ihr Ansprechpartner in allen Fragen bez\u00fcglich Sch\u00fclertransport. Der Ausschuss arbeitet<a class=\"excerpt-read-more\" href=\"https:\/\/www.es-karlsruhe.eu\/de\/unsere-schule\/schulerservice\/transport\/\" title=\"LesenTransport\">\u2026 weiterlesen &raquo;<\/a><\/p>\n","protected":false},"author":3,"featured_media":0,"parent":1386,"menu_order":0,"comment_status":"closed","ping_status":"closed","template":"","meta":{"footnotes":""},"class_list":["post-2552","page","type-page","status-publish","hentry"],"_links":{"self":[{"href":"https:\/\/www.es-karlsruhe.eu\/de\/wp-json\/wp\/v2\/pages\/2552","targetHints":{"allow":["GET"]}}],"collection":[{"href":"https:\/\/www.es-karlsruhe.eu\/de\/wp-json\/wp\/v2\/pages"}],"about":[{"href":"https:\/\/www.es-karlsruhe.eu\/de\/wp-json\/wp\/v2\/types\/page"}],"author":[{"embeddable":true,"href":"https:\/\/www.es-karlsruhe.eu\/de\/wp-json\/wp\/v2\/users\/3"}],"replies":[{"embeddable":true,"href":"https:\/\/www.es-karlsruhe.eu\/de\/wp-json\/wp\/v2\/comments?post=2552"}],"version-history":[{"count":2,"href":"https:\/\/www.es-karlsruhe.eu\/de\/wp-json\/wp\/v2\/pages\/2552\/revisions"}],"predecessor-version":[{"id":47955,"href":"https:\/\/www.es-karlsruhe.eu\/de\/wp-json\/wp\/v2\/pages\/2552\/revisions\/47955"}],"up":[{"embeddable":true,"href":"https:\/\/www.es-karlsruhe.eu\/de\/wp-json\/wp\/v2\/pages\/1386"}],"wp:attachment":[{"href":"https:\/\/www.es-karlsruhe.eu\/de\/wp-json\/wp\/v2\/media?parent=2552"}],"curies":[{"name":"wp","href":"https:\/\/api.w.org\/{rel}","templated":true}]}}