{"id":2572,"date":"2017-10-25T11:55:36","date_gmt":"2017-10-25T09:55:36","guid":{"rendered":"https:\/\/www.es-karlsruhe.eu\/?page_id=2572\/"},"modified":"2022-06-29T22:01:48","modified_gmt":"2022-06-29T20:01:48","slug":"ausserschulische-aktivitaeten","status":"publish","type":"page","link":"https:\/\/www.es-karlsruhe.eu\/de\/unsere-schule\/schulerservice\/ausserschulische-aktivitaeten\/","title":{"rendered":"Ausserschulische Aktivit\u00e4ten"},"content":{"rendered":"<p>Die Elternvereinigung organisiert in Kooperation mit der Europ\u00e4ischen Schule Karlsruhe ein breites Spektrum von au\u00dferschulischen Aktivit\u00e4ten w\u00e4hrend der Mittagszeit und am Nachmittag. Zahlreiche Aktivit\u00e4ten werden schon ab dem Kindergarten angeboten.<\/p>\n<p>Diese Aktivit\u00e4ten umfassen Sprachclubs, Sport, Musik, Theater, Kunst und Kunsthandwerk und vieles andere mehr und finden in den R\u00e4umen der Schule statt. Die Teilnahme der Sch\u00fcler ist freiwillig.<\/p>\n<p>Bitte besuchen Sie die <a href=\"https:\/\/www.esk-eltern.de\/de\/\" target=\"_blank\" rel=\"noopener\">Website der Elternvereinigung<\/a>, um mehr \u00fcber das derzeitige Angebot zu erfahren.<\/p>\n","protected":false},"excerpt":{"rendered":"<p>Die Elternvereinigung organisiert in Kooperation mit der Europ\u00e4ischen Schule Karlsruhe ein breites Spektrum von au\u00dferschulischen Aktivit\u00e4ten w\u00e4hrend der Mittagszeit und am Nachmittag. Zahlreiche Aktivit\u00e4ten werden schon ab dem Kindergarten angeboten.<a class=\"excerpt-read-more\" href=\"https:\/\/www.es-karlsruhe.eu\/de\/unsere-schule\/schulerservice\/ausserschulische-aktivitaeten\/\" title=\"LesenAusserschulische Aktivit\u00e4ten\">\u2026 weiterlesen &raquo;<\/a><\/p>\n","protected":false},"author":3,"featured_media":4107,"parent":1386,"menu_order":0,"comment_status":"closed","ping_status":"closed","template":"","meta":{"footnotes":""},"class_list":["post-2572","page","type-page","status-publish","has-post-thumbnail","hentry"],"_links":{"self":[{"href":"https:\/\/www.es-karlsruhe.eu\/de\/wp-json\/wp\/v2\/pages\/2572","targetHints":{"allow":["GET"]}}],"collection":[{"href":"https:\/\/www.es-karlsruhe.eu\/de\/wp-json\/wp\/v2\/pages"}],"about":[{"href":"https:\/\/www.es-karlsruhe.eu\/de\/wp-json\/wp\/v2\/types\/page"}],"author":[{"embeddable":true,"href":"https:\/\/www.es-karlsruhe.eu\/de\/wp-json\/wp\/v2\/users\/3"}],"replies":[{"embeddable":true,"href":"https:\/\/www.es-karlsruhe.eu\/de\/wp-json\/wp\/v2\/comments?post=2572"}],"version-history":[{"count":5,"href":"https:\/\/www.es-karlsruhe.eu\/de\/wp-json\/wp\/v2\/pages\/2572\/revisions"}],"predecessor-version":[{"id":35175,"href":"https:\/\/www.es-karlsruhe.eu\/de\/wp-json\/wp\/v2\/pages\/2572\/revisions\/35175"}],"up":[{"embeddable":true,"href":"https:\/\/www.es-karlsruhe.eu\/de\/wp-json\/wp\/v2\/pages\/1386"}],"wp:featuredmedia":[{"embeddable":true,"href":"https:\/\/www.es-karlsruhe.eu\/de\/wp-json\/wp\/v2\/media\/4107"}],"wp:attachment":[{"href":"https:\/\/www.es-karlsruhe.eu\/de\/wp-json\/wp\/v2\/media?parent=2572"}],"curies":[{"name":"wp","href":"https:\/\/api.w.org\/{rel}","templated":true}]}}