{"id":3282,"date":"2017-09-08T09:25:44","date_gmt":"2017-09-08T07:25:44","guid":{"rendered":"https:\/\/www.es-karlsruhe.eu\/?page_id=3282"},"modified":"2017-11-23T10:00:04","modified_gmt":"2017-11-23T09:00:04","slug":"elternvereinigung","status":"publish","type":"page","link":"https:\/\/www.es-karlsruhe.eu\/de\/unsere-schule\/elternvereinigung\/","title":{"rendered":"Elternvereinigung"},"content":{"rendered":"<p>Die Elternvereinigung (EV) der Europ\u00e4ischen Schule Karlsruhe (ESK) ist ein gemeinn\u00fctziger Verein, der die Interessen der Eltern und Ihrer Kinder in den Gremien der Schule vertritt. Dar\u00fcber hinaus unterst\u00fctzt die EV die Schule bei einer Vielzahl von Projekten und vermittelt im Bedarfsfall zwischen Eltern, Sch\u00fclern und Schule. Die EV ist f\u00fcr die Organisation der Kantine und des Sch\u00fclertransportes verantwortlich und organisiert die \u201eAu\u00dferschulischen Aktivit\u00e4ten\u201c und die Ferienbetreuung. Jede Familie mit Kindern an der ESK kann Mitglied der EV werden.<\/p>\n<p>Weitere Informationen finden sich auf der <a href=\"https:\/\/www.esk-eltern.de\/\" target=\"_blank\">Internetseite der EV<\/a>.<\/p>\n","protected":false},"excerpt":{"rendered":"<p>Die Elternvereinigung (EV) der Europ\u00e4ischen Schule Karlsruhe (ESK) ist ein gemeinn\u00fctziger Verein, der die Interessen der Eltern und Ihrer Kinder in den Gremien der Schule vertritt. Dar\u00fcber hinaus unterst\u00fctzt die<a class=\"excerpt-read-more\" href=\"https:\/\/www.es-karlsruhe.eu\/de\/unsere-schule\/elternvereinigung\/\" title=\"LesenElternvereinigung\">\u2026 weiterlesen &raquo;<\/a><\/p>\n","protected":false},"author":3,"featured_media":0,"parent":1222,"menu_order":0,"comment_status":"closed","ping_status":"closed","template":"","meta":{"footnotes":""},"class_list":["post-3282","page","type-page","status-publish","hentry"],"_links":{"self":[{"href":"https:\/\/www.es-karlsruhe.eu\/de\/wp-json\/wp\/v2\/pages\/3282","targetHints":{"allow":["GET"]}}],"collection":[{"href":"https:\/\/www.es-karlsruhe.eu\/de\/wp-json\/wp\/v2\/pages"}],"about":[{"href":"https:\/\/www.es-karlsruhe.eu\/de\/wp-json\/wp\/v2\/types\/page"}],"author":[{"embeddable":true,"href":"https:\/\/www.es-karlsruhe.eu\/de\/wp-json\/wp\/v2\/users\/3"}],"replies":[{"embeddable":true,"href":"https:\/\/www.es-karlsruhe.eu\/de\/wp-json\/wp\/v2\/comments?post=3282"}],"version-history":[{"count":1,"href":"https:\/\/www.es-karlsruhe.eu\/de\/wp-json\/wp\/v2\/pages\/3282\/revisions"}],"predecessor-version":[{"id":3283,"href":"https:\/\/www.es-karlsruhe.eu\/de\/wp-json\/wp\/v2\/pages\/3282\/revisions\/3283"}],"up":[{"embeddable":true,"href":"https:\/\/www.es-karlsruhe.eu\/de\/wp-json\/wp\/v2\/pages\/1222"}],"wp:attachment":[{"href":"https:\/\/www.es-karlsruhe.eu\/de\/wp-json\/wp\/v2\/media?parent=3282"}],"curies":[{"name":"wp","href":"https:\/\/api.w.org\/{rel}","templated":true}]}}