{"id":4137,"date":"2018-01-08T14:18:37","date_gmt":"2018-01-08T13:18:37","guid":{"rendered":"https:\/\/www.es-karlsruhe.eu\/?page_id=4137"},"modified":"2025-10-29T13:14:13","modified_gmt":"2025-10-29T12:14:13","slug":"erziehungsberatung","status":"publish","type":"page","link":"https:\/\/www.es-karlsruhe.eu\/de\/oberschule\/lernen\/erziehungsberatung\/","title":{"rendered":"P\u00e4dagogische Unterst\u00fctzungsma\u00dfnahmen"},"content":{"rendered":"<p><em>Die Schule bietet verschiedene Formen und Stufen der Unterst\u00fctzung an, die darauf ausgerichtet sind, allen Sch\u00fclern, einschlie\u00dflich denen mit sonderp\u00e4dagogischem Bedarf, denen mit Schwierigkeiten in der Schule oder begabten Sch\u00fclern, angemessene Hilfe und Chancengleichheit zu gew\u00e4hrleisten, damit sie sich entsprechend ihrem Potenzial entwickeln und Fortschritte erzielen k\u00f6nnen.<\/em><\/p>\n<p><em>Die folgenden Dokumente zeigen, wie die Europ\u00e4ischen Schulen die besonderen Umst\u00e4nde dieser Kinder ber\u00fccksichtigen:<\/em><\/p>\n<p>Politik zur Bereitstellung von p\u00e4dagogischen Unterst\u00fctzungsma\u00dfnahmen an den Europ\u00e4ischen Schulen &#8211; <a href=\"https:\/\/www.eursc.eu\/Documents\/2012-05-D-14-de-10.pdf\">2012-05-D-14-de-10<\/a><\/p>\n<p>Bereitstellung von p\u00e4dagogischen Unterst\u00fctzungsma\u00dfnahmen und inklusiver Bildung an den Europ\u00e4ischen Schulen &#8211; Verfahrensdokument &#8211; <a href=\"https:\/\/www.eursc.eu\/Documents\/2012-05-D-15-en-14.pdf\">2012-05-D-15-en-14<\/a><\/p>\n<p><a href=\"https:\/\/www.es-karlsruhe.eu\/wp-content\/uploads\/2025\/10\/25.10.2025-ESK-Internal-Support-Policy-EN-1.pdf\">ESK Internal Policy on the Provision of Educational Support in the European School Karlsruhe<\/a><\/p>\n<div class=\"title-deco\" id=\"\"><div class=\"blue-bloc\"><\/div><h2 class=\"title\"><strong>ANTRAG AUF BESONDERE VORKEHRUNGEN<\/strong><\/h2><\/div>\n<p>Antr\u00e4ge auf sonderp\u00e4dagogische Vorkehrungen f\u00fcr den Baccalaureate-Zyklus (S6, S7 und Baccalaureate-Pr\u00fcfung) m\u00fcssen von den Erziehungsberechtigten des \/der Sch\u00fclers\/in bis zum 15. Oktober des Jahres vor Eintritt in den Baccalaureate-Zyklus, d. h. S5, schriftlich beim Unterst\u00fctzungskoordinator gestellt werden.<\/p>\n<p>Aus dem Antrag muss genau hervorgehen, auf welcher fach\u00e4rztlichen Diagnose der Antrag basiert. Aus dem Antrag muss au\u00dferdem genau hervorgehen, welche sonderp\u00e4dagogischen Vorkehrungen beantragt werden. Es ist ein aktueller \u2013 nicht \u00e4lter als zwei Jahre \u2013 medizinischer\/psychologischer und\/oder multidisziplin\u00e4rer Bericht erforderlich, in dem die Notwendigkeit besonderer Vorkehrungen erl\u00e4utert wird.<\/p>\n<p>Bitte beachten Sie, dass Sonderregelungen in den Jahrgangsstufen S6 und S7 in der Regel nur dann zul\u00e4ssig sind, wenn \u00e4hnliche Regelungen bereits in einem oder mehreren Vorjahren angewendet wurden. Dies gilt nicht unbedingt f\u00fcr neu eingeschriebene Sch\u00fcler in der Jahrgangsstufe S6.<\/p>\n<p>Weitere Informationen finden Sie in den folgenden Dokumenten: <a href=\"https:\/\/www.eursc.eu\/Documents\/2012-05-D-15-en-14.pdf\">2012-05-D-15-en-14<\/a> und<br \/>\n<a href=\"https:\/\/www.eursc.eu\/Documents\/2012-05-D-14-de-10.pdf\">2012-05-D-14-de-10.<\/a><\/p>\n<p>&nbsp;<\/p>\n","protected":false},"excerpt":{"rendered":"<p>Die Schule bietet verschiedene Formen und Stufen der Unterst\u00fctzung an, die darauf ausgerichtet sind, allen Sch\u00fclern, einschlie\u00dflich denen mit sonderp\u00e4dagogischem Bedarf, denen mit Schwierigkeiten in der Schule oder begabten Sch\u00fclern,<a class=\"excerpt-read-more\" href=\"https:\/\/www.es-karlsruhe.eu\/de\/oberschule\/lernen\/erziehungsberatung\/\" title=\"LesenP\u00e4dagogische Unterst\u00fctzungsma\u00dfnahmen\">\u2026 weiterlesen &raquo;<\/a><\/p>\n","protected":false},"author":4,"featured_media":15213,"parent":1451,"menu_order":0,"comment_status":"closed","ping_status":"closed","template":"","meta":{"footnotes":""},"class_list":["post-4137","page","type-page","status-publish","has-post-thumbnail","hentry"],"_links":{"self":[{"href":"https:\/\/www.es-karlsruhe.eu\/de\/wp-json\/wp\/v2\/pages\/4137","targetHints":{"allow":["GET"]}}],"collection":[{"href":"https:\/\/www.es-karlsruhe.eu\/de\/wp-json\/wp\/v2\/pages"}],"about":[{"href":"https:\/\/www.es-karlsruhe.eu\/de\/wp-json\/wp\/v2\/types\/page"}],"author":[{"embeddable":true,"href":"https:\/\/www.es-karlsruhe.eu\/de\/wp-json\/wp\/v2\/users\/4"}],"replies":[{"embeddable":true,"href":"https:\/\/www.es-karlsruhe.eu\/de\/wp-json\/wp\/v2\/comments?post=4137"}],"version-history":[{"count":9,"href":"https:\/\/www.es-karlsruhe.eu\/de\/wp-json\/wp\/v2\/pages\/4137\/revisions"}],"predecessor-version":[{"id":174542,"href":"https:\/\/www.es-karlsruhe.eu\/de\/wp-json\/wp\/v2\/pages\/4137\/revisions\/174542"}],"up":[{"embeddable":true,"href":"https:\/\/www.es-karlsruhe.eu\/de\/wp-json\/wp\/v2\/pages\/1451"}],"wp:featuredmedia":[{"embeddable":true,"href":"https:\/\/www.es-karlsruhe.eu\/de\/wp-json\/wp\/v2\/media\/15213"}],"wp:attachment":[{"href":"https:\/\/www.es-karlsruhe.eu\/de\/wp-json\/wp\/v2\/media?parent=4137"}],"curies":[{"name":"wp","href":"https:\/\/api.w.org\/{rel}","templated":true}]}}