{"id":59793,"date":"2019-10-04T15:14:08","date_gmt":"2019-10-04T13:14:08","guid":{"rendered":"https:\/\/www.es-karlsruhe.eu\/?page_id=59793"},"modified":"2025-11-27T08:47:35","modified_gmt":"2025-11-27T07:47:35","slug":"esk-stellt-ihr-challenge-programme-2019-vor","status":"publish","type":"page","link":"https:\/\/www.es-karlsruhe.eu\/de\/esk-stellt-ihr-challenge-programme-2019-vor\/","title":{"rendered":"Challenge Programme"},"content":{"rendered":"<p>ESK stellt Ihr &#8222;Challenge Programme&#8220; 2025-26 vor.<\/p>\n<p>Das Challenge-Programm ist eine Gelegenheit f\u00fcr begabte, aber auch talentierte und motivierte Sch\u00fcler, ihr Potenzial durch zus\u00e4tzliche Aktivit\u00e4ten und Projekte zu entwickeln. An der Europ\u00e4ischen Schule Karlsruhe ist das Challenge-Programm Teil des Supports.<\/p>\n<p><a href=\"https:\/\/www.es-karlsruhe.eu\/wp-content\/uploads\/2025\/10\/ESK-challenge-Programme-2025-2026.pdf\"><strong>Challenge Programme 2025 \u2013 2026<\/strong><\/a><\/p>\n<p><strong>Challenge Programme: projects<\/strong><\/p>\n<p><strong>Secondary School Challenge Programme Provision 2025\/2026:<\/strong><\/p>\n<p><div class=\"tease\"><a href=\"https:\/\/www.es-karlsruhe.eu\/the-esk-presents-its-challenge-programme-2019\/1-math-en-jeans\/\"><img decoding=\"async\" src=\" https:\/\/www.es-karlsruhe.eu\/wp-content\/uploads\/2025\/11\/Picture0.jpg\"><span class=\"title\">MATh.en.JEANS ><\/span><\/a><\/div><div class=\"tease\"><a href=\"https:\/\/www.es-karlsruhe.eu\/the-esk-presents-its-challenge-programme-2019\/2-philarmonic-orchestra\/\"><img decoding=\"async\" src=\"https:\/\/www.es-karlsruhe.eu\/wp-content\/uploads\/2025\/11\/Picture12.jpg\"><span class=\"title\">Olympiades nationales de la chimie ><\/span><\/a><\/div><\/p>\n<p><div class=\"tease\"><a href=\"https:\/\/www.es-karlsruhe.eu\/the-esk-presents-its-challenge-programme-2019\/3-antiquitas-viva\/\/\"><img decoding=\"async\" src=\" https:\/\/www.es-karlsruhe.eu\/wp-content\/uploads\/2025\/11\/Picture5.jpg\"><span class=\"title\">Antiquitas Viva ><\/span><\/a><\/div><div class=\"tease\"><a href=\"https:\/\/www.es-karlsruhe.eu\/the-esk-presents-its-challenge-programme-2019\/viaggio-tra-pensieri-e-parole-voyage-entre-pensee-et-paroles\/\/\"><img decoding=\"async\" src=\" https:\/\/www.es-karlsruhe.eu\/wp-content\/uploads\/2025\/11\/Picture8.jpg\"><span class=\"title\">Viaggio ><\/span><\/a><\/div><\/p>\n<p><div class=\"tease\"><a href=\"https:\/\/www.es-karlsruhe.eu\/the-esk-presents-its-challenge-programme-2019\/fostering-sport-excellence\/\"><img decoding=\"async\" src=\" https:\/\/www.es-karlsruhe.eu\/wp-content\/uploads\/2025\/11\/Picture7.jpg\"><span class=\"title\">Fostering sport excellence ><\/span><\/a><\/div><div class=\"tease\"><a href=\"https:\/\/www.es-karlsruhe.eu\/the-esk-presents-its-challenge-programme-2019\/Fahrradwerkstatt\/\"><img decoding=\"async\" src=\"https:\/\/www.es-karlsruhe.eu\/wp-content\/uploads\/2020\/12\/Fahrradwerkstatt_350x240.jpg\"><span class=\"title\">Fahrradwerkstatt ><\/span><\/a><\/div><\/p>\n<p><div class=\"tease\"><a href=\"https:\/\/www.es-karlsruhe.eu\/the-esk-presents-its-challenge-programme-2019\/concours-cristallographie-du-jardin-des-sciences-de-strasbourg\/\"><img decoding=\"async\" src=\" https:\/\/www.es-karlsruhe.eu\/wp-content\/uploads\/2025\/11\/science7.jpg\"><span class=\"title\">Concours cristallographie du Jardin des sciences de Strasbourg ><\/span><\/a><\/div><div class=\"tease\"><a href=\"https:\/\/www.es-karlsruhe.eu\/the-esk-presents-its-challenge-programme-2019\/c-genial-college\/\"><img decoding=\"async\" src=\" https:\/\/www.es-karlsruhe.eu\/wp-content\/uploads\/2025\/11\/Picture9.jpg\"><span class=\"title\">C g\u00e9nial coll\u00e8ge ><\/span><\/a><\/div><\/p>\n<p><div class=\"tease\"><a href=\"https:\/\/www.es-karlsruhe.eu\/the-esk-presents-its-challenge-programme-2019\/Build a robotic game\/\"><img decoding=\"async\" src=\" https:\/\/www.es-karlsruhe.eu\/wp-content\/uploads\/2025\/10\/robot.jpg\"><span class=\"title\">Build a robotic game ><\/span><\/a><\/div><div class=\"tease\"><a href=\"https:\/\/www.es-karlsruhe.eu\/the-esk-presents-its-challenge-programme-2019\/philarmonic-orchestra\/\"><img decoding=\"async\" src=\"https:\/\/www.es-karlsruhe.eu\/wp-content\/uploads\/2025\/11\/orch.jpg\"><span class=\"title\">Philarmonic Orchestra ><\/span><\/a><\/div><\/p>\n<p><div class=\"tease\"><a href=\"https:\/\/www.es-karlsruhe.eu\/science-club\/\"><img decoding=\"async\" src=\"https:\/\/www.es-karlsruhe.eu\/wp-content\/uploads\/2023\/01\/Science-Club_350x240.png\"><span class=\"title\">Science Club ><\/span><\/a><\/div><div class=\"tease\"><a href=\"https:\/\/www.es-karlsruhe.eu\/the-esk-presents-its-challenge-programme-2019\/school-band\/\"><img decoding=\"async\" src=\"https:\/\/www.es-karlsruhe.eu\/wp-content\/uploads\/2023\/02\/Band-1.png\"><span class=\"title\">School band ><\/span><\/a><\/div><\/p>\n","protected":false},"excerpt":{"rendered":"<p>ESK stellt Ihr &#8222;Challenge Programme&#8220; 2025-26 vor. Das Challenge-Programm ist eine Gelegenheit f\u00fcr begabte, aber auch talentierte und motivierte Sch\u00fcler, ihr Potenzial durch zus\u00e4tzliche Aktivit\u00e4ten und Projekte zu entwickeln. An<a class=\"excerpt-read-more\" href=\"https:\/\/www.es-karlsruhe.eu\/de\/esk-stellt-ihr-challenge-programme-2019-vor\/\" title=\"LesenChallenge Programme\">\u2026 weiterlesen &raquo;<\/a><\/p>\n","protected":false},"author":4,"featured_media":58921,"parent":0,"menu_order":0,"comment_status":"closed","ping_status":"closed","template":"","meta":{"footnotes":""},"class_list":["post-59793","page","type-page","status-publish","has-post-thumbnail","hentry"],"_links":{"self":[{"href":"https:\/\/www.es-karlsruhe.eu\/de\/wp-json\/wp\/v2\/pages\/59793","targetHints":{"allow":["GET"]}}],"collection":[{"href":"https:\/\/www.es-karlsruhe.eu\/de\/wp-json\/wp\/v2\/pages"}],"about":[{"href":"https:\/\/www.es-karlsruhe.eu\/de\/wp-json\/wp\/v2\/types\/page"}],"author":[{"embeddable":true,"href":"https:\/\/www.es-karlsruhe.eu\/de\/wp-json\/wp\/v2\/users\/4"}],"replies":[{"embeddable":true,"href":"https:\/\/www.es-karlsruhe.eu\/de\/wp-json\/wp\/v2\/comments?post=59793"}],"version-history":[{"count":8,"href":"https:\/\/www.es-karlsruhe.eu\/de\/wp-json\/wp\/v2\/pages\/59793\/revisions"}],"predecessor-version":[{"id":175616,"href":"https:\/\/www.es-karlsruhe.eu\/de\/wp-json\/wp\/v2\/pages\/59793\/revisions\/175616"}],"wp:featuredmedia":[{"embeddable":true,"href":"https:\/\/www.es-karlsruhe.eu\/de\/wp-json\/wp\/v2\/media\/58921"}],"wp:attachment":[{"href":"https:\/\/www.es-karlsruhe.eu\/de\/wp-json\/wp\/v2\/media?parent=59793"}],"curies":[{"name":"wp","href":"https:\/\/api.w.org\/{rel}","templated":true}]}}