{"id":60974,"date":"2019-10-14T22:31:44","date_gmt":"2019-10-14T20:31:44","guid":{"rendered":"https:\/\/www.es-karlsruhe.eu\/?page_id=60974"},"modified":"2019-11-29T15:06:31","modified_gmt":"2019-11-29T14:06:31","slug":"os-schuelerabwesenheit","status":"publish","type":"page","link":"https:\/\/www.es-karlsruhe.eu\/de\/os-schuelerabwesenheit\/","title":{"rendered":"OS Sch\u00fclerabwesenheit"},"content":{"rendered":"<p>F\u00fcr Abwesenheiten eines Obersch\u00fclers, w\u00fcrden wir Sie darum bitten eine Email an folgende Adresse zu schicken:<\/p>\n<p><a target=\"_blank\" rel=\"noopener noreferrer\">&#108;&#105;&#x73;t&#45;&#x6b;&#x61;r&#45;&#x6f;&#x73;a&#98;&#x73;&#x65;n&#99;&#x65;&#x40;e&#117;&#x72;&#x73;c&#46;&#x65;u<\/a><\/p>\n<p>Bitte beachten, dass NUR Emails \u00fcber Sch\u00fclerabwesenheiten\u00a0 an diese Adresse geschickt werden d\u00fcrfen.<\/p>\n<p>&nbsp;<\/p>\n<p>&nbsp;<\/p>\n","protected":false},"excerpt":{"rendered":"<p>F\u00fcr Abwesenheiten eines Obersch\u00fclers, w\u00fcrden wir Sie darum bitten eine Email an folgende Adresse zu schicken: list&#45;&#107;&#97;&#114;&#45;&#111;&#115;&#x61;&#x62;&#x73;&#x65;&#x6e;&#x63;&#x65;&#x40;&#x65;ursc&#46;&#101;&#117; Bitte beachten, dass NUR Emails \u00fcber Sch\u00fclerabwesenheiten\u00a0 an diese Adresse geschickt werden d\u00fcrfen.<a class=\"excerpt-read-more\" href=\"https:\/\/www.es-karlsruhe.eu\/de\/os-schuelerabwesenheit\/\" title=\"LesenOS Sch\u00fclerabwesenheit\">\u2026 weiterlesen &raquo;<\/a><\/p>\n","protected":false},"author":4,"featured_media":0,"parent":0,"menu_order":0,"comment_status":"closed","ping_status":"closed","template":"","meta":{"footnotes":""},"class_list":["post-60974","page","type-page","status-publish","hentry"],"_links":{"self":[{"href":"https:\/\/www.es-karlsruhe.eu\/de\/wp-json\/wp\/v2\/pages\/60974","targetHints":{"allow":["GET"]}}],"collection":[{"href":"https:\/\/www.es-karlsruhe.eu\/de\/wp-json\/wp\/v2\/pages"}],"about":[{"href":"https:\/\/www.es-karlsruhe.eu\/de\/wp-json\/wp\/v2\/types\/page"}],"author":[{"embeddable":true,"href":"https:\/\/www.es-karlsruhe.eu\/de\/wp-json\/wp\/v2\/users\/4"}],"replies":[{"embeddable":true,"href":"https:\/\/www.es-karlsruhe.eu\/de\/wp-json\/wp\/v2\/comments?post=60974"}],"version-history":[{"count":2,"href":"https:\/\/www.es-karlsruhe.eu\/de\/wp-json\/wp\/v2\/pages\/60974\/revisions"}],"predecessor-version":[{"id":64120,"href":"https:\/\/www.es-karlsruhe.eu\/de\/wp-json\/wp\/v2\/pages\/60974\/revisions\/64120"}],"wp:attachment":[{"href":"https:\/\/www.es-karlsruhe.eu\/de\/wp-json\/wp\/v2\/media?parent=60974"}],"curies":[{"name":"wp","href":"https:\/\/api.w.org\/{rel}","templated":true}]}}