{"id":76498,"date":"2020-05-29T15:33:18","date_gmt":"2020-05-29T13:33:18","guid":{"rendered":"https:\/\/www.es-karlsruhe.eu\/?page_id=76498"},"modified":"2025-07-23T09:14:33","modified_gmt":"2025-07-23T07:14:33","slug":"bring-your-own-device-byod","status":"publish","type":"page","link":"https:\/\/www.es-karlsruhe.eu\/de\/bring-your-own-device-byod\/","title":{"rendered":"Bring Your Own Device (BYOD)"},"content":{"rendered":"<p>Das Projekt <em>Bring Your Own Device<\/em> (BYOD) betrifft in unserer Schule alle Sch\u00fcler der Klassen S5, S6 und S7.<\/p>\n<p>Das Hauptziel dieses Projekts &#8222;Bring Your Own Device&#8220; besteht darin, den Sch\u00fclern zu erm\u00f6glichen, pers\u00f6nliche mobile Ger\u00e4te wie Laptops oder Tabletts in die Bildungseinrichtung mitzubringen, an der sie lernen, und diese zur Entwicklung digitaler F\u00e4higkeiten und Kompetenzen zu nutzen, um effiziente, aktive, kritische, kreative und verantwortungsbewusste Sch\u00fclerinnen\/Sch\u00fcler und Nutzer digitaler Technologien zu werden.<br \/>\nDie digitale Bildung unserer Sch\u00fclerinnen und Sch\u00fcler ist eine der S\u00e4ulen der Vision, die wir f\u00fcr unsere Schule haben.<\/p>\n<p>Das BYOD Projekt ist der Hauptantrieb unseres digitalen Plans. Wir wollen Lernumgebungen schaffen, in denen digitale Technologien und Medien f\u00fcr das Lernen, die Kommunikation und die Zusammenarbeit zwischen Sch\u00fclern, Lehrern, Mitarbeitern, Eltern und externen Partnern eingesetzt werden.<\/p>\n<p>Die Situation des Fernunterrichts, die wir derzeit erleben, zeigt uns, dass digitale Technologien ein untrennbarer Bestandteil des heutigen Lernprozesses sind. Die Sch\u00fclerinnen und Sch\u00fcler m\u00fcssen mehr Selbstvertrauen im Umgang mit diesen Werkzeugen gewinnen. Sie m\u00fcssen sich ihrer Vorteile und Risiken bewusst werden. Sie m\u00fcssen sie auf sichere und ethische Art und Weise nutzen.<\/p>\n<p>Alle S5, S6 und S7 Sch\u00fclerinnen und Sch\u00fcler sind verpflichtet, ihre Ger\u00e4te mit in die Schule zu bringen und sie in allen F\u00e4chern des Lehrplans einzusetzen. Tats\u00e4chlich ist ab S5 die Benutzung des digitalen Werkzeugs Geogebra f\u00fcr Mathematik und Physik obligatorisch.<\/p>\n<p>Ab dem Schuljahr 2025-2026 gilt das BYOD-Projekt f\u00fcr die Klassen S5, S6 und S7. Die S4 Sch\u00fcler haben somit ein zus\u00e4tzliches Schuljahr Zeit, um sich mit dem Lehrplan vertraut zu machen, ohne ihre eigenen Ger\u00e4te zu verwenden. Sie haben nat\u00fcrlich Zugang zu den digitalen Tools der Schule, um das in der ersten Stufe der Oberschule begonnene digitale Lernen fortzusetzen. Ziel ist es, dieses Jahr zu nutzen, um Grundlagen wie Dateiverwaltung, Notizen (handschriftlich und auf Ger\u00e4ten), akademische Ethik, kritisches Denken gegen\u00fcber Online-Inhalten usw. zu entwickeln.<\/p>\n<p><span style=\"display: inline !important; float: none; background-color: #ffffff; color: #333333; cursor: text; font-family: Georgia,'Times New Roman','Bitstream Charter',Times,serif; font-size: 16px; font-style: normal; font-variant: normal; font-weight: 400; letter-spacing: normal; orphans: 2; text-align: left; text-decoration: none; text-indent: 0px; text-transform: none; -webkit-text-stroke-width: 0px; white-space: normal; word-spacing: 0px;\"><div class=\"title-deco\" id=\"\"><div class=\"blue-bloc\"><\/div><h2 class=\"title\"> Technische Anforderungen<\/h2><\/div><\/span><\/p>\n<p>In diesem BYOD-Kontext ist es wichtig, den Eltern technische Empfehlungen f\u00fcr den Erwerb dieser Ger\u00e4te zu geben, die auf den offiziellen Empfehlungen basieren (siehe Dokument &#8222;BYOD : technische Empfehlungen&#8220;). Wir m\u00f6chten die Familien bei der Auswahl der Ger\u00e4te begleiten und ihnen n\u00fctzliche und genaue technische Ratschl\u00e4ge geben.<br \/>\nDas Dokument enth\u00e4lt eine Liste der Mindestanforderungen f\u00fcr den Erwerb von Ger\u00e4ten f\u00fcr die Sch\u00fcler der Klassen S5, S6 und S7 des n\u00e4chsten Jahres.<\/p>\n<p><a href=\"https:\/\/www.es-karlsruhe.eu\/wp-content\/uploads\/2021\/06\/Technical-Recommendations-for-devices-BYOD.pdf\">technische Anforderungen (BYOD)<\/a><br \/>\n<a href=\"https:\/\/www.es-karlsruhe.eu\/wp-content\/uploads\/2020\/05\/IT_BYOD_Antrag_V2020_2021-DE-1.pdf\">Antrag auf\u00a0 Wlan Zugang<\/a><br \/>\n<a href=\"https:\/\/www.es-karlsruhe.eu\/wp-content\/uploads\/2021\/07\/GeoGebra_S5-S6.pdf\">GeoGebra S5-S6<\/a><br \/>\n<a href=\"https:\/\/www.es-karlsruhe.eu\/wp-content\/uploads\/2021\/07\/GeoGebra_S7.pdf\">GeoGebra S7<\/a><\/p>\n","protected":false},"excerpt":{"rendered":"<p>Das Projekt Bring Your Own Device (BYOD) betrifft in unserer Schule alle Sch\u00fcler der Klassen S5, S6 und S7. Das Hauptziel dieses Projekts &#8222;Bring Your Own Device&#8220; besteht darin, den<a class=\"excerpt-read-more\" href=\"https:\/\/www.es-karlsruhe.eu\/de\/bring-your-own-device-byod\/\" title=\"LesenBring Your Own Device (BYOD)\">\u2026 weiterlesen &raquo;<\/a><\/p>\n","protected":false},"author":4,"featured_media":0,"parent":0,"menu_order":0,"comment_status":"closed","ping_status":"closed","template":"","meta":{"footnotes":""},"class_list":["post-76498","page","type-page","status-publish","hentry"],"_links":{"self":[{"href":"https:\/\/www.es-karlsruhe.eu\/de\/wp-json\/wp\/v2\/pages\/76498","targetHints":{"allow":["GET"]}}],"collection":[{"href":"https:\/\/www.es-karlsruhe.eu\/de\/wp-json\/wp\/v2\/pages"}],"about":[{"href":"https:\/\/www.es-karlsruhe.eu\/de\/wp-json\/wp\/v2\/types\/page"}],"author":[{"embeddable":true,"href":"https:\/\/www.es-karlsruhe.eu\/de\/wp-json\/wp\/v2\/users\/4"}],"replies":[{"embeddable":true,"href":"https:\/\/www.es-karlsruhe.eu\/de\/wp-json\/wp\/v2\/comments?post=76498"}],"version-history":[{"count":9,"href":"https:\/\/www.es-karlsruhe.eu\/de\/wp-json\/wp\/v2\/pages\/76498\/revisions"}],"predecessor-version":[{"id":171399,"href":"https:\/\/www.es-karlsruhe.eu\/de\/wp-json\/wp\/v2\/pages\/76498\/revisions\/171399"}],"wp:attachment":[{"href":"https:\/\/www.es-karlsruhe.eu\/de\/wp-json\/wp\/v2\/media?parent=76498"}],"curies":[{"name":"wp","href":"https:\/\/api.w.org\/{rel}","templated":true}]}}