{"id":83936,"date":"2020-09-17T23:15:43","date_gmt":"2020-09-17T21:15:43","guid":{"rendered":"https:\/\/www.es-karlsruhe.eu\/?page_id=83936"},"modified":"2023-09-29T15:03:21","modified_gmt":"2023-09-29T13:03:21","slug":"paedagogischen-unterstuetzungsmassnahmen","status":"publish","type":"page","link":"https:\/\/www.es-karlsruhe.eu\/de\/grundschule\/lernen\/paedagogischen-unterstuetzungsmassnahmen\/","title":{"rendered":"P\u00e4dagogische Unterst\u00fctzungsma\u00dfnahmen"},"content":{"rendered":"<p>Diese Unterst\u00fctzung wird in unterschiedlichen Formen und in unterschiedlichem Umfang zur Verf\u00fcgung gestellt und soll Sch\u00fclern mit Schwierigkeiten und besonderem p\u00e4dagogischen F\u00f6rderbedarf zu einem beliebigen Zeitpunkt w\u00e4hrend ihrer schulischen Laufbahn geeignete Hilfe anbieten, damit sie sich entsprechend ihrem Potential entwickeln und vorankommen und erfolgreich integriert werden k\u00f6nnen.<\/p>\n<p>Aus den nachstehenden Dokumenten wird ersichtlich, wie die Europ\u00e4ischen Schulen den besonderen Verh\u00e4ltnissen dieser Kinder gerecht werden:<\/p>\n<p>Politik zur Bereitstellung von p\u00e4dagogischen Unterst\u00fctzungsma\u00dfnahmen an den Europ\u00e4ischen Schulen \u2013<a href=\"https:\/\/www.es-karlsruhe.eu\/wp-content\/uploads\/2023\/09\/2012-05-D-15-de-13.pdf\">\u00a02012-05-D-15-de-13<\/a><\/p>\n<p><a href=\"https:\/\/www.es-karlsruhe.eu\/wp-content\/uploads\/2019\/09\/ESK-introduction-to-Ed.Support-v.09.2019-EN.pdf\">Introduction to Educational Support<\/a><br \/>\n<a href=\"https:\/\/www.es-karlsruhe.eu\/wp-content\/uploads\/2023\/02\/ESK-Internal-Support-Policy-EN-Feb-2023-Update.pdf\">ESK interne p\u00e4dagogische Unterst\u00fctzungsma\u00dfnahmen<\/a><\/p>\n","protected":false},"excerpt":{"rendered":"<p>Diese Unterst\u00fctzung wird in unterschiedlichen Formen und in unterschiedlichem Umfang zur Verf\u00fcgung gestellt und soll Sch\u00fclern mit Schwierigkeiten und besonderem p\u00e4dagogischen F\u00f6rderbedarf zu einem beliebigen Zeitpunkt w\u00e4hrend ihrer schulischen Laufbahn<a class=\"excerpt-read-more\" href=\"https:\/\/www.es-karlsruhe.eu\/de\/grundschule\/lernen\/paedagogischen-unterstuetzungsmassnahmen\/\" title=\"LesenP\u00e4dagogische Unterst\u00fctzungsma\u00dfnahmen\">\u2026 weiterlesen &raquo;<\/a><\/p>\n","protected":false},"author":4,"featured_media":0,"parent":1429,"menu_order":0,"comment_status":"closed","ping_status":"closed","template":"","meta":{"footnotes":""},"class_list":["post-83936","page","type-page","status-publish","hentry"],"_links":{"self":[{"href":"https:\/\/www.es-karlsruhe.eu\/de\/wp-json\/wp\/v2\/pages\/83936","targetHints":{"allow":["GET"]}}],"collection":[{"href":"https:\/\/www.es-karlsruhe.eu\/de\/wp-json\/wp\/v2\/pages"}],"about":[{"href":"https:\/\/www.es-karlsruhe.eu\/de\/wp-json\/wp\/v2\/types\/page"}],"author":[{"embeddable":true,"href":"https:\/\/www.es-karlsruhe.eu\/de\/wp-json\/wp\/v2\/users\/4"}],"replies":[{"embeddable":true,"href":"https:\/\/www.es-karlsruhe.eu\/de\/wp-json\/wp\/v2\/comments?post=83936"}],"version-history":[{"count":5,"href":"https:\/\/www.es-karlsruhe.eu\/de\/wp-json\/wp\/v2\/pages\/83936\/revisions"}],"predecessor-version":[{"id":147761,"href":"https:\/\/www.es-karlsruhe.eu\/de\/wp-json\/wp\/v2\/pages\/83936\/revisions\/147761"}],"up":[{"embeddable":true,"href":"https:\/\/www.es-karlsruhe.eu\/de\/wp-json\/wp\/v2\/pages\/1429"}],"wp:attachment":[{"href":"https:\/\/www.es-karlsruhe.eu\/de\/wp-json\/wp\/v2\/media?parent=83936"}],"curies":[{"name":"wp","href":"https:\/\/api.w.org\/{rel}","templated":true}]}}