{"id":90298,"date":"2020-11-17T13:52:34","date_gmt":"2020-11-17T12:52:34","guid":{"rendered":"https:\/\/www.es-karlsruhe.eu\/?page_id=90298"},"modified":"2022-03-10T15:17:20","modified_gmt":"2022-03-10T14:17:20","slug":"abmeldung","status":"publish","type":"page","link":"https:\/\/www.es-karlsruhe.eu\/de\/abmeldung\/","title":{"rendered":"Abmeldung"},"content":{"rendered":"<p>Liebe Eltern,<\/p>\n<p>sollte Ihr Kind die Europ\u00e4ische Schule Karlsruhe verlassen, muss die Abmeldung mindestens 2 Wochen vor Verlassen der Schule schriftlich erfolgen.<\/p>\n<p>Bitte denken Sie daran, Schuleigentum (z.B. B\u00fccher und Musikinstrumente) zur\u00fcckzugeben sowie den Elternverein und die Kantine \u00fcber die Abmeldung zu informieren.<\/p>\n<p>Die Aush\u00e4ndigung des Abschlusszeugnisses kann erst nach vollst\u00e4ndiger Begleichung des zu zahlenden Schulgeldes bzw. der Geb\u00fchren erfolgen.<\/p>\n<p>Wir bitten Sie, dieses <a href=\"https:\/\/www.es-karlsruhe.eu\/wp-content\/uploads\/2022\/03\/Abmeldeformular.pdf\">Formular<\/a> gut leserlich auszuf\u00fcllen und im Original im Hauptsekretariat abzugeben.<\/p>\n<p>&nbsp;<\/p>\n","protected":false},"excerpt":{"rendered":"<p>Liebe Eltern, sollte Ihr Kind die Europ\u00e4ische Schule Karlsruhe verlassen, muss die Abmeldung mindestens 2 Wochen vor Verlassen der Schule schriftlich erfolgen. Bitte denken Sie daran, Schuleigentum (z.B. B\u00fccher und<a class=\"excerpt-read-more\" href=\"https:\/\/www.es-karlsruhe.eu\/de\/abmeldung\/\" title=\"LesenAbmeldung\">\u2026 weiterlesen &raquo;<\/a><\/p>\n","protected":false},"author":4,"featured_media":0,"parent":0,"menu_order":0,"comment_status":"closed","ping_status":"closed","template":"","meta":{"footnotes":""},"class_list":["post-90298","page","type-page","status-publish","hentry"],"_links":{"self":[{"href":"https:\/\/www.es-karlsruhe.eu\/de\/wp-json\/wp\/v2\/pages\/90298","targetHints":{"allow":["GET"]}}],"collection":[{"href":"https:\/\/www.es-karlsruhe.eu\/de\/wp-json\/wp\/v2\/pages"}],"about":[{"href":"https:\/\/www.es-karlsruhe.eu\/de\/wp-json\/wp\/v2\/types\/page"}],"author":[{"embeddable":true,"href":"https:\/\/www.es-karlsruhe.eu\/de\/wp-json\/wp\/v2\/users\/4"}],"replies":[{"embeddable":true,"href":"https:\/\/www.es-karlsruhe.eu\/de\/wp-json\/wp\/v2\/comments?post=90298"}],"version-history":[{"count":3,"href":"https:\/\/www.es-karlsruhe.eu\/de\/wp-json\/wp\/v2\/pages\/90298\/revisions"}],"predecessor-version":[{"id":109985,"href":"https:\/\/www.es-karlsruhe.eu\/de\/wp-json\/wp\/v2\/pages\/90298\/revisions\/109985"}],"wp:attachment":[{"href":"https:\/\/www.es-karlsruhe.eu\/de\/wp-json\/wp\/v2\/media?parent=90298"}],"curies":[{"name":"wp","href":"https:\/\/api.w.org\/{rel}","templated":true}]}}