{"id":90667,"date":"2020-11-20T08:48:28","date_gmt":"2020-11-20T07:48:28","guid":{"rendered":"https:\/\/www.es-karlsruhe.eu\/?page_id=90667"},"modified":"2025-06-30T11:53:35","modified_gmt":"2025-06-30T09:53:35","slug":"hygieneplan","status":"publish","type":"page","link":"https:\/\/www.es-karlsruhe.eu\/de\/hygieneplan\/","title":{"rendered":"Barrierefreiheit"},"content":{"rendered":"<p>Barrierefreiheit auf dem ESK-Parkplatz<\/p>\n<p>Wir haben einen Behindertenparkplatz in der N\u00e4he des Eingangs zu unserer Schule.<\/p>\n<p>Dieser Platz ist<\/p>\n<p>&#8211; breit genug, damit die Person leicht aus dem Fahrzeug aussteigen kann<\/p>\n<p>&#8211; lang genug, um die Aufz\u00fcge an der R\u00fcckseite von Mobilit\u00e4tsfahrzeugen benutzen zu k\u00f6nnen<\/p>\n<p>Wenn Sie unsere Schule besuchen und diesen Parkplatz nutzen m\u00f6chten, rufen Sie bitte im Voraus unser Schulsekretariat\/Sicherheitsteam unter 0721 68 009-12 \/ -47an. Dieser Parkplatz k\u00f6nnte f\u00fcr Sie reserviert werden.<\/p>\n<p><a href=\"https:\/\/www.es-karlsruhe.eu\/wp-content\/uploads\/2025\/06\/Accessibility-Report_June2025.pdf\">Accessibility report<\/a><\/p>\n","protected":false},"excerpt":{"rendered":"<p>Barrierefreiheit auf dem ESK-Parkplatz Wir haben einen Behindertenparkplatz in der N\u00e4he des Eingangs zu unserer Schule. Dieser Platz ist &#8211; breit genug, damit die Person leicht aus dem Fahrzeug aussteigen<a class=\"excerpt-read-more\" href=\"https:\/\/www.es-karlsruhe.eu\/de\/hygieneplan\/\" title=\"LesenBarrierefreiheit\">\u2026 weiterlesen &raquo;<\/a><\/p>\n","protected":false},"author":4,"featured_media":0,"parent":0,"menu_order":0,"comment_status":"closed","ping_status":"closed","template":"","meta":{"footnotes":""},"class_list":["post-90667","page","type-page","status-publish","hentry"],"_links":{"self":[{"href":"https:\/\/www.es-karlsruhe.eu\/de\/wp-json\/wp\/v2\/pages\/90667","targetHints":{"allow":["GET"]}}],"collection":[{"href":"https:\/\/www.es-karlsruhe.eu\/de\/wp-json\/wp\/v2\/pages"}],"about":[{"href":"https:\/\/www.es-karlsruhe.eu\/de\/wp-json\/wp\/v2\/types\/page"}],"author":[{"embeddable":true,"href":"https:\/\/www.es-karlsruhe.eu\/de\/wp-json\/wp\/v2\/users\/4"}],"replies":[{"embeddable":true,"href":"https:\/\/www.es-karlsruhe.eu\/de\/wp-json\/wp\/v2\/comments?post=90667"}],"version-history":[{"count":8,"href":"https:\/\/www.es-karlsruhe.eu\/de\/wp-json\/wp\/v2\/pages\/90667\/revisions"}],"predecessor-version":[{"id":170777,"href":"https:\/\/www.es-karlsruhe.eu\/de\/wp-json\/wp\/v2\/pages\/90667\/revisions\/170777"}],"wp:attachment":[{"href":"https:\/\/www.es-karlsruhe.eu\/de\/wp-json\/wp\/v2\/media?parent=90667"}],"curies":[{"name":"wp","href":"https:\/\/api.w.org\/{rel}","templated":true}]}}