{"id":91903,"date":"2020-12-02T13:10:29","date_gmt":"2020-12-02T12:10:29","guid":{"rendered":"https:\/\/www.es-karlsruhe.eu\/esk-stellt-ihr-challenge-programme-2019-vor\/parcours-dexcellence-en-latin\/"},"modified":"2022-06-28T11:48:35","modified_gmt":"2022-06-28T09:48:35","slug":"cuisine-moleculaire","status":"publish","type":"page","link":"https:\/\/www.es-karlsruhe.eu\/de\/esk-stellt-ihr-challenge-programme-2019-vor\/cuisine-moleculaire\/","title":{"rendered":"Cuisine mol\u00e9culaire"},"content":{"rendered":"<p><img loading=\"lazy\" decoding=\"async\" class=\"alignnone size-large wp-image-104458\" src=\"https:\/\/www.es-karlsruhe.eu\/wp-content\/uploads\/2021\/11\/Mol.Cuisine-1-1024x678.jpg\" alt=\"\" width=\"1024\" height=\"678\" srcset=\"https:\/\/www.es-karlsruhe.eu\/wp-content\/uploads\/2021\/11\/Mol.Cuisine-1-1024x678.jpg 1024w, https:\/\/www.es-karlsruhe.eu\/wp-content\/uploads\/2021\/11\/Mol.Cuisine-1-300x199.jpg 300w, https:\/\/www.es-karlsruhe.eu\/wp-content\/uploads\/2021\/11\/Mol.Cuisine-1-768x508.jpg 768w, https:\/\/www.es-karlsruhe.eu\/wp-content\/uploads\/2021\/11\/Mol.Cuisine-1.jpg 1280w\" sizes=\"auto, (max-width: 1024px) 100vw, 1024px\" \/><\/p>\n<ul>\n<li>Apprendre \u00e0 travailler avec rigueur et en \u00e9quipe.<\/li>\n<li>Innover, inventer, imaginer et tester de nouvelles recettes de cuisine mol\u00e9culaire.<\/li>\n<li>Projet multidisciplinaire (chimie, maths, informatique, cuisine\u2026), avec la r\u00e9daction d\u2019un livre de recette.<\/li>\n<\/ul>\n<p><a href=\"https:\/\/www.canva.com\/design\/DAFDgkiyKpg\/JYN-qzhMc2sOe5GAoE_x9w\/watch?utm_content=DAFDgkiyKpg&amp;utm_campaign=designshare&amp;utm_medium=link2&amp;utm_source=sharebutton\">livre de cuisine mol\u00e9culaire<\/a><\/p>\n","protected":false},"excerpt":{"rendered":"<p>Apprendre \u00e0 travailler avec rigueur et en \u00e9quipe. Innover, inventer, imaginer et tester de nouvelles recettes de cuisine mol\u00e9culaire. Projet multidisciplinaire (chimie, maths, informatique, cuisine\u2026), avec la r\u00e9daction d\u2019un livre<a class=\"excerpt-read-more\" href=\"https:\/\/www.es-karlsruhe.eu\/de\/esk-stellt-ihr-challenge-programme-2019-vor\/cuisine-moleculaire\/\" title=\"LesenCuisine mol\u00e9culaire\">\u2026 weiterlesen &raquo;<\/a><\/p>\n","protected":false},"author":4,"featured_media":0,"parent":59793,"menu_order":0,"comment_status":"closed","ping_status":"closed","template":"","meta":{"footnotes":""},"class_list":["post-91903","page","type-page","status-publish","hentry"],"_links":{"self":[{"href":"https:\/\/www.es-karlsruhe.eu\/de\/wp-json\/wp\/v2\/pages\/91903","targetHints":{"allow":["GET"]}}],"collection":[{"href":"https:\/\/www.es-karlsruhe.eu\/de\/wp-json\/wp\/v2\/pages"}],"about":[{"href":"https:\/\/www.es-karlsruhe.eu\/de\/wp-json\/wp\/v2\/types\/page"}],"author":[{"embeddable":true,"href":"https:\/\/www.es-karlsruhe.eu\/de\/wp-json\/wp\/v2\/users\/4"}],"replies":[{"embeddable":true,"href":"https:\/\/www.es-karlsruhe.eu\/de\/wp-json\/wp\/v2\/comments?post=91903"}],"version-history":[{"count":5,"href":"https:\/\/www.es-karlsruhe.eu\/de\/wp-json\/wp\/v2\/pages\/91903\/revisions"}],"predecessor-version":[{"id":114509,"href":"https:\/\/www.es-karlsruhe.eu\/de\/wp-json\/wp\/v2\/pages\/91903\/revisions\/114509"}],"up":[{"embeddable":true,"href":"https:\/\/www.es-karlsruhe.eu\/de\/wp-json\/wp\/v2\/pages\/59793"}],"wp:attachment":[{"href":"https:\/\/www.es-karlsruhe.eu\/de\/wp-json\/wp\/v2\/media?parent=91903"}],"curies":[{"name":"wp","href":"https:\/\/api.w.org\/{rel}","templated":true}]}}