{"id":91911,"date":"2020-12-02T13:16:15","date_gmt":"2020-12-02T12:16:15","guid":{"rendered":"https:\/\/www.es-karlsruhe.eu\/development-of-an-application-in-python\/"},"modified":"2021-11-12T14:12:43","modified_gmt":"2021-11-12T13:12:43","slug":"concours-scientifiques","status":"publish","type":"page","link":"https:\/\/www.es-karlsruhe.eu\/de\/esk-stellt-ihr-challenge-programme-2019-vor\/concours-scientifiques\/","title":{"rendered":"Participation: concours scientifiques"},"content":{"rendered":"<p><img loading=\"lazy\" decoding=\"async\" class=\"alignnone size-large wp-image-104432\" src=\"https:\/\/www.es-karlsruhe.eu\/wp-content\/uploads\/2021\/11\/Concours-scientifiques-1-1024x678.jpg\" alt=\"\" width=\"1024\" height=\"678\" srcset=\"https:\/\/www.es-karlsruhe.eu\/wp-content\/uploads\/2021\/11\/Concours-scientifiques-1-1024x678.jpg 1024w, https:\/\/www.es-karlsruhe.eu\/wp-content\/uploads\/2021\/11\/Concours-scientifiques-1-300x199.jpg 300w, https:\/\/www.es-karlsruhe.eu\/wp-content\/uploads\/2021\/11\/Concours-scientifiques-1-768x508.jpg 768w, https:\/\/www.es-karlsruhe.eu\/wp-content\/uploads\/2021\/11\/Concours-scientifiques-1.jpg 1280w\" sizes=\"auto, (max-width: 1024px) 100vw, 1024px\" \/><\/p>\n<ul>\n<li>Les \u00e9l\u00e8ves se forment \u00e0 la d\u00e9marche de projet, scientifique et pluridisciplinaire.<\/li>\n<li>Encourag\u00e9s \u00e0 se rapprocher des professionnels (scientifiques, ing\u00e9nieurs, techniciens) les \u00e9l\u00e8ves font un premier pas vers les entreprises.<\/li>\n<li>Ils pr\u00e9parent poster, pr\u00e9sentation orale, et participent \u00e0 des concours scientifiques, Cg\u00e9nial France (Strasbourg) ou autres.<\/li>\n<\/ul>\n","protected":false},"excerpt":{"rendered":"<p>Les \u00e9l\u00e8ves se forment \u00e0 la d\u00e9marche de projet, scientifique et pluridisciplinaire. Encourag\u00e9s \u00e0 se rapprocher des professionnels (scientifiques, ing\u00e9nieurs, techniciens) les \u00e9l\u00e8ves font un premier pas vers les entreprises.<a class=\"excerpt-read-more\" href=\"https:\/\/www.es-karlsruhe.eu\/de\/esk-stellt-ihr-challenge-programme-2019-vor\/concours-scientifiques\/\" title=\"LesenParticipation: concours scientifiques\">\u2026 weiterlesen &raquo;<\/a><\/p>\n","protected":false},"author":4,"featured_media":0,"parent":59793,"menu_order":0,"comment_status":"closed","ping_status":"closed","template":"","meta":{"footnotes":""},"class_list":["post-91911","page","type-page","status-publish","hentry"],"_links":{"self":[{"href":"https:\/\/www.es-karlsruhe.eu\/de\/wp-json\/wp\/v2\/pages\/91911","targetHints":{"allow":["GET"]}}],"collection":[{"href":"https:\/\/www.es-karlsruhe.eu\/de\/wp-json\/wp\/v2\/pages"}],"about":[{"href":"https:\/\/www.es-karlsruhe.eu\/de\/wp-json\/wp\/v2\/types\/page"}],"author":[{"embeddable":true,"href":"https:\/\/www.es-karlsruhe.eu\/de\/wp-json\/wp\/v2\/users\/4"}],"replies":[{"embeddable":true,"href":"https:\/\/www.es-karlsruhe.eu\/de\/wp-json\/wp\/v2\/comments?post=91911"}],"version-history":[{"count":5,"href":"https:\/\/www.es-karlsruhe.eu\/de\/wp-json\/wp\/v2\/pages\/91911\/revisions"}],"predecessor-version":[{"id":104446,"href":"https:\/\/www.es-karlsruhe.eu\/de\/wp-json\/wp\/v2\/pages\/91911\/revisions\/104446"}],"up":[{"embeddable":true,"href":"https:\/\/www.es-karlsruhe.eu\/de\/wp-json\/wp\/v2\/pages\/59793"}],"wp:attachment":[{"href":"https:\/\/www.es-karlsruhe.eu\/de\/wp-json\/wp\/v2\/media?parent=91911"}],"curies":[{"name":"wp","href":"https:\/\/api.w.org\/{rel}","templated":true}]}}