{"id":1011,"date":"2017-08-24T11:01:38","date_gmt":"2017-08-24T09:01:38","guid":{"rendered":"https:\/\/www.es-karlsruhe.eu\/?page_id=1011\/"},"modified":"2017-10-11T12:43:33","modified_gmt":"2017-10-11T10:43:33","slug":"home","status":"publish","type":"page","link":"https:\/\/www.es-karlsruhe.eu\/fr\/","title":{"rendered":"Accueil"},"content":{"rendered":"<div class=\"cubique\"><h2 class=\"big-titles blue\">Qui sommes-nous ?<\/h2><\/div>\n<p>L\u2019\u00e9cole Europ\u00e9enne de Karlsruhe est le fruit d\u2019un projet innovant soutenu par l\u2019ensemble des pays de l\u2019UE.<\/p>\n<p>Fond\u00e9e en 1962, notre \u00e9cole b\u00e9n\u00e9ficie d\u2019une longue exp\u00e9rience dans le domaine de l\u2019\u00e9ducation plurilingue et multiculturelle.<\/p>\n<p>Ayant pour mission de promouvoir les valeurs europ\u00e9ennes, notre \u00e9cole a le souci de prendre en compte les sp\u00e9cificit\u00e9s de chaque \u00e9l\u00e8ve et est soucieuse de son \u00e9panouissement personnel.<\/p>\n<p>Gr\u00e2ce \u00e0 des professeurs hautement qualifi\u00e9s, elle assure un enseignement de tr\u00e8s grande qualit\u00e9 aussi bien dans le domaine des sciences, des arts et des lettres, ceci de la maternelle jusqu\u2019au Baccalaur\u00e9at europ\u00e9en. Cela permet \u00e0 nos anciens \u00e9l\u00e8ves de fr\u00e9quenter les meilleures universit\u00e9s de la plan\u00e8te.<\/p>\n","protected":false},"excerpt":{"rendered":"<p>L\u2019\u00e9cole Europ\u00e9enne de Karlsruhe est le fruit d\u2019un projet innovant soutenu par l\u2019ensemble des pays de l\u2019UE. Fond\u00e9e en 1962, notre \u00e9cole b\u00e9n\u00e9ficie d\u2019une longue exp\u00e9rience dans le domaine de<a class=\"excerpt-read-more\" href=\"https:\/\/www.es-karlsruhe.eu\/fr\/\" title=\"LireAccueil\">&#8230; Read more &raquo;<\/a><\/p>\n","protected":false},"author":3,"featured_media":150770,"parent":0,"menu_order":0,"comment_status":"closed","ping_status":"closed","template":"","meta":{"footnotes":""},"class_list":["post-1011","page","type-page","status-publish","has-post-thumbnail","hentry"],"_links":{"self":[{"href":"https:\/\/www.es-karlsruhe.eu\/fr\/wp-json\/wp\/v2\/pages\/1011","targetHints":{"allow":["GET"]}}],"collection":[{"href":"https:\/\/www.es-karlsruhe.eu\/fr\/wp-json\/wp\/v2\/pages"}],"about":[{"href":"https:\/\/www.es-karlsruhe.eu\/fr\/wp-json\/wp\/v2\/types\/page"}],"author":[{"embeddable":true,"href":"https:\/\/www.es-karlsruhe.eu\/fr\/wp-json\/wp\/v2\/users\/3"}],"replies":[{"embeddable":true,"href":"https:\/\/www.es-karlsruhe.eu\/fr\/wp-json\/wp\/v2\/comments?post=1011"}],"version-history":[{"count":5,"href":"https:\/\/www.es-karlsruhe.eu\/fr\/wp-json\/wp\/v2\/pages\/1011\/revisions"}],"predecessor-version":[{"id":1906,"href":"https:\/\/www.es-karlsruhe.eu\/fr\/wp-json\/wp\/v2\/pages\/1011\/revisions\/1906"}],"wp:featuredmedia":[{"embeddable":true,"href":"https:\/\/www.es-karlsruhe.eu\/fr\/wp-json\/wp\/v2\/media\/150770"}],"wp:attachment":[{"href":"https:\/\/www.es-karlsruhe.eu\/fr\/wp-json\/wp\/v2\/media?parent=1011"}],"curies":[{"name":"wp","href":"https:\/\/api.w.org\/{rel}","templated":true}]}}