{"id":1061,"date":"2017-09-02T11:43:45","date_gmt":"2017-09-02T09:43:45","guid":{"rendered":"https:\/\/www.es-karlsruhe.eu\/?page_id=1061\/"},"modified":"2019-08-28T12:35:45","modified_gmt":"2019-08-28T10:35:45","slug":"mission-et-philosophie","status":"publish","type":"page","link":"https:\/\/www.es-karlsruhe.eu\/fr\/notre-ecole\/mission-et-philosophie\/","title":{"rendered":"Mission et Philosophie"},"content":{"rendered":"<p>Les paroles de Marcel Decombis, qui expriment l&rsquo;essence m\u00eame de la mission des Ecoles europ\u00e9ennes, ont \u00e9t\u00e9 imprim\u00e9es sur parchemin et scell\u00e9es dans la premi\u00e8re pierre de chaque Ecole :<\/p>\n<blockquote><p>\u00ab\u00a0Elev\u00e9s au contact les uns des autres, lib\u00e9r\u00e9s d\u00e8s leur plus jeune \u00e2ge des pr\u00e9jug\u00e9s qui divisent, initi\u00e9s aux beaut\u00e9s et aux valeurs des diverses cultures, ils prendront conscience, en grandissant, de leur solidarit\u00e9. Tout en gardant l&rsquo;amour et la fiert\u00e9 de leur patrie, ils deviendront, par l&rsquo;esprit, des Europ\u00e9ens, bien pr\u00e9par\u00e9s \u00e0 achever et \u00e0 consolider l&rsquo;\u0153uvre entreprise par leurs p\u00e8res pour l&rsquo;av\u00e8nement d&rsquo;une Europe unie et prosp\u00e8re.\u00a0\u00bb<\/p><\/blockquote>\n<p>En pla\u00e7ant l\u2019enfant au c\u0153ur des apprentissages, en s\u2019effor\u00e7ant de lui transmettre les valeurs humanistes, notre \u00e9cole a un projet qui vise \u00e0 d\u00e9velopper chez ses \u00e9l\u00e8ves, l\u2019esprit d\u2019ouverture, de tol\u00e9rance et de respect et \u00e0 les pr\u00e9parer \u00e0 un dipl\u00f4me de fin d\u2019\u00e9tudes reconnu au niveau international, le Baccalaur\u00e9at europ\u00e9en.<\/p>\n<p>Favoriser la dimension internationale, privil\u00e9gier l\u2019innovation et favoriser l\u2019autonomie et la responsabilit\u00e9 des \u00e9l\u00e8ves constitue des \u00e9l\u00e9ments essentiels de notre projet \u00e9ducatif.<\/p>\n","protected":false},"excerpt":{"rendered":"<p>Les paroles de Marcel Decombis, qui expriment l&rsquo;essence m\u00eame de la mission des Ecoles europ\u00e9ennes, ont \u00e9t\u00e9 imprim\u00e9es sur parchemin et scell\u00e9es dans la premi\u00e8re pierre de chaque Ecole :<a class=\"excerpt-read-more\" href=\"https:\/\/www.es-karlsruhe.eu\/fr\/notre-ecole\/mission-et-philosophie\/\" title=\"LireMission et Philosophie\">&#8230; Read more &raquo;<\/a><\/p>\n","protected":false},"author":3,"featured_media":4331,"parent":1057,"menu_order":0,"comment_status":"closed","ping_status":"closed","template":"","meta":{"footnotes":""},"class_list":["post-1061","page","type-page","status-publish","has-post-thumbnail","hentry"],"_links":{"self":[{"href":"https:\/\/www.es-karlsruhe.eu\/fr\/wp-json\/wp\/v2\/pages\/1061","targetHints":{"allow":["GET"]}}],"collection":[{"href":"https:\/\/www.es-karlsruhe.eu\/fr\/wp-json\/wp\/v2\/pages"}],"about":[{"href":"https:\/\/www.es-karlsruhe.eu\/fr\/wp-json\/wp\/v2\/types\/page"}],"author":[{"embeddable":true,"href":"https:\/\/www.es-karlsruhe.eu\/fr\/wp-json\/wp\/v2\/users\/3"}],"replies":[{"embeddable":true,"href":"https:\/\/www.es-karlsruhe.eu\/fr\/wp-json\/wp\/v2\/comments?post=1061"}],"version-history":[{"count":5,"href":"https:\/\/www.es-karlsruhe.eu\/fr\/wp-json\/wp\/v2\/pages\/1061\/revisions"}],"predecessor-version":[{"id":55301,"href":"https:\/\/www.es-karlsruhe.eu\/fr\/wp-json\/wp\/v2\/pages\/1061\/revisions\/55301"}],"up":[{"embeddable":true,"href":"https:\/\/www.es-karlsruhe.eu\/fr\/wp-json\/wp\/v2\/pages\/1057"}],"wp:featuredmedia":[{"embeddable":true,"href":"https:\/\/www.es-karlsruhe.eu\/fr\/wp-json\/wp\/v2\/media\/4331"}],"wp:attachment":[{"href":"https:\/\/www.es-karlsruhe.eu\/fr\/wp-json\/wp\/v2\/media?parent=1061"}],"curies":[{"name":"wp","href":"https:\/\/api.w.org\/{rel}","templated":true}]}}