{"id":1077,"date":"2017-09-07T11:58:43","date_gmt":"2017-09-07T09:58:43","guid":{"rendered":"https:\/\/www.es-karlsruhe.eu\/?page_id=1077\/"},"modified":"2026-01-21T13:07:13","modified_gmt":"2026-01-21T12:07:13","slug":"vos-contacts","status":"publish","type":"page","link":"https:\/\/www.es-karlsruhe.eu\/fr\/notre-ecole\/vos-contacts\/","title":{"rendered":"Vos contacts"},"content":{"rendered":"<div class=\"title-deco\" id=\"\"><div class=\"blue-bloc\"><\/div><h2 class=\"title\">Direction<\/h2><\/div>\n<div class=\"staff-member\"><span class=\"name\">M. L\u00e1szl\u00f3 Munk\u00e1csy<\/span><span class=\"job\">Directeur<\/span><a href=\"m&#97;&#x69;&#x6c;t&#111;&#58;&#x4b;&#x41;R&#45;&#69;&#x58;&#x45;C&#85;&#x54;&#x49;&#x56;E&#45;&#x41;&#x53;S&#73;&#83;&#x54;&#x41;N&#84;&#64;&#x65;&#x75;r&#115;&#x63;&#x2e;&#x65;u\" class=\"mail\">&#x4b;&#65;R&#x2d;&#69;X&#x45;&#x43;&#85;&#x54;&#x49;&#86;E&#x2d;&#65;S&#x53;&#x49;&#83;&#x54;&#x41;&#78;T&#x40;&#101;u&#x72;&#x73;&#99;&#x2e;&#x65;&#117;<\/a><\/div>\n<div class=\"staff-member\"><span class=\"name\">Mme Nassira Schandruk<\/span><span class=\"job\">Secr\u00e9taire de Direction<\/span><a href=\"&#x6d;a&#x69;l&#x74;&#111;&#x3a;&#75;A&#x52;-&#x45;&#88;&#x45;&#67;&#x55;&#84;I&#x56;E&#x2d;&#65;&#x53;&#83;&#x49;&#x53;T&#x41;N&#x54;&#64;&#x65;&#117;r&#x73;c&#x2e;&#101;&#x75;\" class=\"mail\">&#x4b;&#x41;&#82;&#45;E&#x58;&#x45;&#x43;&#85;&#84;I&#x56;&#x45;&#x2d;&#65;&#83;S&#x49;&#x53;&#x54;&#65;&#78;T&#x40;&#x65;&#x75;&#114;sc&#x2e;&#x65;&#x75;<\/a><span class=\"phone\">Tel. +49 (0)7 21-6 80 09-17<\/span><\/div>\n<div class=\"staff-member\"><span class=\"name\">Mme Anabela Santos<\/span><span class=\"job\">Directrice adjointe du Secondaire<\/span><a href=\"&#x6d;&#97;i&#x6c;&#116;o&#x3a;&#x6b;&#97;&#x72;&#x2d;&#100;e&#x70;&#117;t&#x79;&#x2d;&#100;&#x69;&#x72;&#101;c&#x74;&#111;r&#x2d;&#x73;&#101;&#x63;&#x6f;&#110;d&#x61;&#114;y&#x2d;&#x63;&#121;&#x63;&#x6c;&#101;&#64;&#x65;&#117;r&#x73;&#x63;&#46;&#x65;&#x75;\" class=\"mail\">&#107;&#97;&#x72;-&#100;&#x65;&#x70;u&#116;&#x79;&#x2d;d&#105;&#x72;&#x65;c&#116;&#x6f;&#x72;-&#115;&#x65;&#x63;o&#110;&#x64;a&#114;&#121;&#x2d;c&#121;&#x63;&#x6c;e&#64;&#x65;&#x75;r&#115;&#x63;&#x2e;e&#117;<\/a><\/div>\n<div class=\"staff-member\"><span class=\"name\">M. Fabrice Br\u00e9court<\/span><span class=\"job\">Assistant Directrice adjointe - Cycle secondaire<\/span><a href=\"&#x6d;&#97;&#x69;&#x6c;t&#x6f;&#58;k&#x61;&#114;-&#x61;&#115;&#x73;&#x69;s&#x74;&#97;n&#x74;&#45;d&#x65;&#112;&#x75;&#x74;&#121;&#x2d;&#x64;i&#x72;&#101;c&#x74;&#111;r&#x2d;&#115;&#x65;&#x63;o&#x6e;&#100;a&#x72;&#121;-&#x63;&#121;&#x63;&#x6c;&#101;&#x40;&#x65;u&#x72;&#115;c&#x2e;&#101;u\" class=\"mail\">&#107;&#x61;&#114;&#x2d;&#97;&#x73;s&#x69;s&#116;&#x61;&#110;&#x74;&#45;&#x64;e&#x70;u&#116;&#x79;&#45;&#x64;&#105;&#x72;&#101;&#x63;t&#x6f;r&#45;&#x73;&#101;&#x63;&#111;&#x6e;d&#x61;r&#121;&#x2d;&#99;&#x79;&#99;&#x6c;&#101;&#x40;e&#x75;r&#115;&#x63;&#46;&#x65;&#117;<\/a><span class=\"phone\">Tel. +49 (0)7 21-6 80 09-38<\/span><\/div>\n<div class=\"staff-member\"><span class=\"name\">M. Holger Klose<\/span><span class=\"job\">Directeur adjoint de l\u00b4\u00e9cole  maternelle et primaire<\/span><a href=\"&#109;&#97;&#x69;l&#116;&#x6f;&#x3a;k&#97;&#x72;&#x2d;d&#101;&#x70;&#x75;t&#121;&#x2d;&#x64;i&#114;&#x65;&#x63;t&#111;&#x72;-&#110;&#117;&#x72;s&#101;&#x72;&#x79;-&#97;&#x6e;&#x64;-&#112;&#x72;&#x69;m&#97;&#x72;&#x79;-&#99;&#x79;&#x63;&#108;&#101;&#x40;e&#117;&#x72;&#x73;c&#46;&#x65;&#x75;\" class=\"mail\">&#x6b;&#x61;&#x72;&#x2d;&#x64;&#x65;&#x70;&#x75;&#x74;&#x79;&#x2d;&#x64;&#x69;&#x72;&#x65;&#x63;&#x74;&#x6f;&#x72;&#x2d;&#x6e;&#x75;&#114;&#115;&#101;&#114;&#121;&#45;&#97;&#110;&#100;&#45;&#112;&#114;&#105;&#109;&#97;ry-cycle&#64;eur&#x73;&#x63;&#x2e;&#x65;&#x75;<\/a><\/div>\n<div class=\"staff-member\"><span class=\"name\">Mme Rachel Weller<\/span><span class=\"job\">Assistante Int\u00e9rim du Directeur Adjoint de l\u2018\u00e9cole maternelle et primairey<\/span><a href=\"&#x6d;&#x61;&#105;lt&#x6f;&#x3a;&#107;&#97;r&#x2d;&#x61;&#115;&#115;i&#x73;&#x74;&#x61;&#110;t-&#x64;&#x65;&#112;&#117;t&#x79;&#x2d;&#100;&#105;r&#x65;&#x63;&#116;&#111;r&#x2d;&#x6e;&#x75;&#114;se&#x72;&#x79;&#45;&#97;n&#x64;&#x2d;&#112;&#114;i&#x6d;&#x61;&#114;&#121;-&#x63;&#x79;&#x63;&#108;e&#64;&#x65;&#x75;&#114;&#115;c&#x2e;&#x65;&#117;\" class=\"mail\">&#107;&#x61;&#x72;&#45;&#x61;&#x73;s&#x69;&#x73;t&#97;&#x6e;t&#45;&#x64;e&#112;&#x75;t&#121;&#x2d;d&#105;&#x72;&#x65;&#99;&#x74;&#x6f;&#114;&#x2d;&#x6e;u&#x72;&#x73;e&#114;&#x79;-&#97;&#x6e;d&#45;&#x70;r&#105;&#x6d;a&#114;&#x79;&#x2d;&#99;&#x79;&#x63;&#108;&#x65;&#x40;e&#x75;&#x72;s&#99;&#x2e;e&#117;<\/a><span class=\"phone\">Tel. +49 (0)7 21-6 80 09-43<\/span><\/div>\n<p>&nbsp;<\/p>\n<div class=\"title-deco\" id=\"\"><div class=\"blue-bloc\"><\/div><h2 class=\"title\">Administration<\/h2><\/div>\n<div class=\"staff-member\"><span class=\"name\">Mme Stefania Bartholdy<\/span><span class=\"job\">Inscriptions \u00e9cole primaire et secondaire<\/span><a href=\"&#x6d;&#97;&#x69;&#x6c;t&#x6f;&#58;s&#x74;&#101;f&#x61;&#110;&#x69;&#x61;&#46;&#x62;&#97;r&#x74;&#104;o&#x6c;&#100;&#x79;&#x40;&#101;&#x75;&#x72;s&#x63;&#46;e&#x75;\" class=\"mail\">&#x73;&#116;&#x65;&#x66;&#97;&#x6e;&#105;a&#x2e;&#98;a&#x72;&#116;h&#x6f;&#108;d&#x79;&#64;&#x65;&#x75;&#114;&#x73;&#x63;&#46;&#x65;&#117;<\/a><span class=\"phone\">Tel. +49 (0)7 21-6 80 09-72<\/span><\/div>\n<div class=\"staff-member\"><span class=\"name\">Mme Katharina Lins<\/span><span class=\"job\">Inscriptions \u00e9cole maternelle et Ressources Humaines<\/span><a href=\"&#x6d;&#x61;&#105;&#108;&#116;o&#x3a;&#x6b;&#x61;&#116;&#104;ar&#x69;&#x6e;&#x61;&#46;&#108;i&#x6e;&#x73;&#x40;&#101;&#117;&#114;s&#x63;&#x2e;&#x65;&#117;\" class=\"mail\">k&#97;&#116;&#x68;&#x61;&#x72;i&#110;&#97;&#x2e;&#x6c;&#x69;ns&#64;&#x65;&#x75;&#x72;sc&#46;&#101;&#x75;<\/a><span class=\"phone\">Tel. +49 (0)7 21-6 80 09-76<\/span><\/div>\n<div class=\"staff-member\"><span class=\"name\">Mme Martina Morlock<\/span><span class=\"job\">Frais de scolarit\u00e9<\/span><a href=\"&#109;&#x61;&#105;&#x6c;&#116;&#x6f;:&#x4b;A&#82;&#x2d;&#83;&#x43;&#72;&#x4f;O&#x4c;F&#69;&#x45;&#83;&#x40;&#101;&#x75;&#114;&#x73;c&#x2e;e&#117;\" class=\"mail\">&#x4b;&#65;&#x52;&#x2d;S&#x43;&#72;O&#x4f;&#76;F&#x45;&#69;&#x53;&#x40;e&#x75;&#114;s&#x63;&#46;e&#x75;<\/a><span class=\"phone\">Tel. +49 (0)7 21-6 80 09-20<\/span><\/div>\n<div class=\"staff-member\"><span class=\"name\">Mme Liliana Casillo-Anika<\/span><span class=\"job\">Frais de scolarit\u00e9<\/span><a href=\"&#109;a&#x69;l&#x74;o&#x3a;K&#x41;&#82;&#x2d;&#83;&#x43;&#72;&#x4f;&#79;L&#70;E&#x45;S&#x40;e&#x75;&#114;&#x73;&#99;&#x2e;&#101;&#x75;\" class=\"mail\">&#x4b;&#65;&#x52;&#x2d;&#83;&#x43;&#72;O&#x4f;&#76;F&#x45;&#69;S&#x40;&#101;u&#x72;&#115;&#x63;&#x2e;&#101;&#x75;<\/a><span class=\"phone\">Tel. +49 (0)7 21-6 80 09-75<\/span><\/div>\n<div class=\"staff-member\"><span class=\"name\">Mme Magdalena Aitken<\/span><span class=\"job\">Secr\u00e9tariat \u2013 Marketing et Communication<\/span><a href=\"&#x6d;&#97;&#105;&#x6c;&#x74;&#111;&#58;&#x6d;&#x61;&#103;&#100;&#x61;&#x6c;&#101;&#110;&#x61;&#x2e;&#97;&#105;&#x74;&#x6b;&#101;&#110;&#x40;&#x65;&#117;&#114;&#x73;&#x63;&#46;&#101;&#x75;\" class=\"mail\">&#109;&#x61;g&#x64;&#x61;&#108;&#x65;n&#x61;&#x2e;&#97;&#x69;t&#x6b;&#x65;&#110;&#x40;e&#x75;&#x72;&#115;&#x63;&#46;&#x65;&#x75;<\/a><span class=\"phone\">Tel. +49 (0)7 21-6 80 09-12<\/span><\/div>\n<p>&nbsp;<\/p>\n<div class=\"title-deco\" id=\"\"><div class=\"blue-bloc\"><\/div><h2 class=\"title\">Ecole maternelle &amp; primaire<\/h2><\/div>\n<div class=\"staff-member\"><span class=\"name\">M. Holger Klose<\/span><a href=\"m&#97;&#105;&#x6c;&#x74;o&#58;&#107;&#x61;&#x72;&#x2d;d&#101;&#112;&#x75;&#x74;y-&#100;&#x69;&#x72;&#x65;c&#116;&#111;&#x72;&#x2d;nu&#114;&#x73;&#x65;&#x72;y&#45;&#97;&#x6e;&#x64;-p&#114;&#x69;&#x6d;&#x61;r&#121;&#45;&#x63;&#x79;&#x63;l&#101;&#64;&#x65;&#x75;r&#115;&#99;&#x2e;&#x65;&#x75;\" class=\"mail\">&#107;&#x61;&#x72;-&#100;&#x65;&#x70;u&#116;&#x79;-&#100;&#x69;&#x72;e&#99;&#x74;o&#114;&#x2d;&#x6e;u&#114;&#x73;&#x65;&#114;&#x79;&#x2d;a&#110;&#x64;&#x2d;p&#114;&#x69;m&#97;&#x72;&#x79;-&#99;&#x79;c&#108;&#x65;&#x40;e&#117;&#x72;&#x73;&#99;&#x2e;&#x65;u<\/a><\/div>\n<div class=\"staff-member\"><span class=\"name\">Mme Rachel Weller<\/span><span class=\"job\">Assistante Int\u00e9rim du Directeur Adjoint de l\u2018\u00e9cole maternelle et primairey<\/span><a href=\"m&#97;&#x69;&#x6c;t&#111;&#58;&#x6b;&#x61;r&#45;&#x61;&#x73;s&#105;&#115;&#x74;&#x61;n&#116;&#x2d;&#x64;e&#112;&#117;&#x74;&#x79;-&#100;&#x69;&#x72;e&#99;&#116;&#x6f;&#x72;-&#110;&#x75;&#x72;se&#114;&#x79;&#x2d;a&#110;&#x64;&#x2d;&#x70;r&#105;&#x6d;&#x61;r&#121;&#45;&#x63;&#x79;c&#108;&#x65;&#x40;e&#117;&#114;&#x73;&#x63;&#46;&#101;&#x75;\" class=\"mail\">&#x6b;a&#x72;&#45;&#x61;&#115;s&#x69;s&#x74;&#97;&#x6e;&#116;-&#x64;&#101;&#x70;&#117;t&#x79;-&#x64;&#105;&#x72;&#101;c&#x74;o&#x72;&#45;&#x6e;&#x75;r&#x73;&#101;&#x72;&#121;-&#x61;n&#x64;&#45;&#x70;&#114;i&#x6d;&#97;&#x72;&#121;&#x2d;&#x63;y&#x63;&#108;&#x65;&#64;e&#x75;r&#x73;&#99;&#x2e;&#101;u<\/a><span class=\"phone\">Tel. +49 (0)7 21-6 80 09-43<\/span><\/div>\n<div class=\"staff-member\"><span class=\"name\">Mme Marie Allmann<\/span><span class=\"job\">Secr\u00e9taire, Maternelle &amp; Primaire<\/span><a href=\"&#x6d;a&#x69;&#108;t&#x6f;&#58;&#x6d;&#x61;r&#x69;&#101;&#46;&#x61;&#108;&#x6c;&#109;a&#x6e;&#110;&#64;&#x65;&#117;&#x72;&#115;c&#x2e;&#101;&#x75;\" class=\"mail\">&#109;&#x61;r&#105;&#x65;&#46;&#x61;&#x6c;&#108;&#x6d;a&#110;&#x6e;&#64;&#101;&#x75;&#114;&#x73;c&#46;&#x65;u<\/a><span class=\"phone\">Tel. +49 (0)7 21-6 80 09-15<\/span><\/div>\n<div class=\"staff-member\"><span class=\"name\">Mme Joanne Molloy<\/span><span class=\"job\">Infirmi\u00e8re<\/span><a href=\"&#x6d;&#97;i&#x6c;&#x74;&#111;:&#x6a;&#111;a&#x6e;&#x6e;&#101;&#46;&#x6d;&#111;l&#x6c;&#x6f;&#121;&#64;&#x65;&#x75;&#114;&#x73;&#x63;&#46;e&#x75;\" class=\"mail\">&#106;&#x6f;&#97;&#x6e;n&#x65;&#46;&#109;&#x6f;&#108;&#x6c;o&#x79;&#64;&#101;&#x75;&#114;&#x73;c&#x2e;e&#117;<\/a><span class=\"phone\">Tel. +49 (0)7 21-6 80 09-23<br \/>\nou +49 160 30 63697<\/span><\/div>\n<div class=\"staff-member\"><span class=\"name\">Mme Karina Mander<\/span><span class=\"job\">Biblioth\u00e8que<\/span><a href=\"mail&#116;&#111;&#58;&#107;&#97;&#x72;&#x69;&#x6e;&#x61;&#x2e;&#x6d;&#x61;nder&#64;&#101;&#100;&#117;&#46;&#x65;&#x75;&#x72;&#x73;&#x63;&#x2e;&#x65;&#x75;\" class=\"mail\">&#107;&#x61;&#x72;i&#110;&#x61;&#x2e;m&#97;&#x6e;d&#101;&#x72;&#x40;e&#100;&#x75;&#46;&#101;&#x75;&#x72;s&#99;&#x2e;&#x65;&#117;<\/a><span class=\"phone\">Tel. +49 (0)7 21-6 80 09-22<\/span><\/div>\n<div class=\"staff-member\"><span class=\"name\">Mme Marina Stavrou<\/span><span class=\"job\">Psychologist<\/span><a href=\"mail&#116;&#111;&#58;&#107;&#97;&#114;&#45;&#x62;&#x65;&#x72;&#x61;&#x74;&#x75;&#x6e;&#x67;&#x40;part&#110;&#101;&#114;&#46;&#101;&#117;&#114;&#x73;&#x63;&#x2e;&#x65;&#x75;\" class=\"mail\">&#x6b;&#97;&#114;&#x2d;&#x62;&#101;&#114;&#x61;&#x74;&#117;&#110;&#x67;&#x40;&#112;&#97;&#x72;&#x74;&#110;&#101;&#x72;&#x2e;&#101;&#117;&#x72;&#x73;&#99;&#46;&#x65;&#x75;<\/a><span class=\"phone\">Tel. +49 (0)7 21-6 80 09-57<br \/>\n(Tuesday + Thursday)<\/span><\/div>\n<div class=\"staff-member\"><span class=\"name\">M. Rafael Ledwig<\/span><span class=\"job\">Concierge de l'\u00e9cole primaire<\/span><a href=\"&#x6d;&#x61;&#105;l&#x74;&#x6f;&#58;ra&#x66;&#x61;&#101;l&#x2e;&#x6c;&#101;&#100;w&#x69;&#x67;&#64;s&#x74;&#x61;&#102;&#102;&#46;&#x65;&#x75;&#114;s&#x63;&#x2e;&#101;&#117;\" class=\"mail\">&#x72;&#x61;&#x66;&#x61;&#x65;&#x6c;&#x2e;&#x6c;&#x65;&#x64;&#x77;&#x69;&#x67;&#x40;&#x73;&#x74;&#x61;&#x66;&#x66;&#x2e;&#x65;&#x75;&#x72;&#x73;&#x63;&#x2e;&#x65;&#x75;<\/a><span class=\"phone\">Tel. +49 (0)7 21-6 80 09-26<br \/>\net + 49 (0)1 51 28 3 72 432<\/span><\/div>\n<p>&nbsp;<\/p>\n<div class=\"title-deco\" id=\"\"><div class=\"blue-bloc\"><\/div><h2 class=\"title\">Secondaire<\/h2><\/div>\n<div class=\"staff-member\"><span class=\"name\">Mme Anabela Santos<\/span><span class=\"job\">Directrice adjointe du Secondaire<\/span><a href=\"&#x6d;&#x61;&#105;&#108;t&#x6f;&#x3a;&#x6b;&#97;r-&#x64;&#x65;&#112;&#117;t&#x79;&#x2d;&#x64;&#105;re&#x63;&#x74;&#111;&#114;-&#x73;&#x65;&#x63;&#111;nd&#x61;&#x72;&#121;&#45;c&#x79;&#x63;&#x6c;&#101;&#64;e&#x75;&#x72;&#115;&#99;&#46;&#x65;&#x75;\" class=\"mail\">&#x6b;a&#x72;&#45;d&#x65;&#112;&#x75;&#x74;y&#x2d;&#100;i&#x72;&#101;&#x63;&#116;o&#x72;&#45;s&#x65;&#99;&#x6f;&#110;d&#x61;&#114;&#x79;&#x2d;c&#x79;&#99;l&#x65;&#64;&#x65;&#x75;r&#x73;&#99;&#46;&#x65;&#117;<\/a><span class=\"phone\">Tel. +49 (0)7 21-6 80 09-13<\/span><\/div>\n<div class=\"staff-member\"><span class=\"name\">M. Fabrice Br\u00e9court<\/span><span class=\"job\">Assistant Directrice adjointe - Cycle secondaire<\/span><a href=\"m&#97;&#105;&#x6c;&#x74;&#x6f;:&#107;&#97;&#x72;&#x2d;&#x61;ss&#105;&#x73;&#x74;&#x61;nt&#45;&#100;&#x65;&#x70;&#x75;t&#121;&#45;&#x64;&#x69;&#x72;e&#99;&#116;&#x6f;&#x72;&#x2d;se&#99;&#x6f;&#x6e;&#x64;ar&#121;&#45;&#x63;&#x79;&#x63;l&#101;&#64;&#x65;&#x75;&#x72;s&#99;&#46;&#x65;&#x75;\" class=\"mail\">&#x6b;&#x61;&#x72;&#x2d;&#x61;&#x73;&#x73;&#105;&#115;&#116;&#97;&#110;t-de&#x70;&#x75;&#x74;&#x79;&#x2d;&#x64;&#x69;&#x72;&#101;&#99;&#116;&#111;&#114;-sec&#x6f;&#x6e;&#x64;&#x61;&#x72;&#x79;&#x2d;&#99;&#121;&#99;&#108;&#101;&#64;eur&#x73;&#x63;&#x2e;&#x65;&#x75;<\/a><span class=\"phone\">Tel. +49 (0)7 21-6 80 09-38<\/span><\/div>\n<div class=\"staff-member\"><span class=\"name\">Mme Louise W\u00e4hling<\/span><span class=\"job\">Secr\u00e9taire, secondaire<\/span><a href=\"&#x6d;&#97;i&#x6c;&#x74;&#111;:&#x6c;&#x6f;&#117;i&#x73;&#x65;&#46;w&#x61;&#x65;&#104;l&#x69;&#110;&#103;&#64;&#x65;&#117;r&#x73;&#x63;&#46;e&#x75;\" class=\"mail\">l&#111;&#117;&#x69;&#x73;e&#46;&#119;&#x61;&#x65;&#x68;l&#105;&#110;&#x67;&#x40;eu&#114;&#x73;&#x63;&#x2e;e&#117;<\/a><span class=\"phone\">Tel. +49 (0)7 21-6 80 09-13<\/span><\/div>\n<div class=\"staff-member\"><span class=\"name\">Mr. Pietro Bartuccio<\/span><span class=\"job\">Facility manager<\/span><a href=\"&#109;&#x61;&#x69;&#108;&#x74;&#x6f;:&#x70;&#x69;e&#116;&#x72;o&#46;&#x62;a&#114;&#x74;u&#99;&#x63;i&#111;&#x40;&#x73;&#116;&#x61;&#x66;&#102;&#x2e;&#x65;u&#x72;&#x73;c&#46;&#x65;u\" class=\"mail\">&#112;&#x69;&#101;&#x74;r&#x6f;&#46;&#98;&#x61;&#114;&#x74;&#117;&#x63;c&#x69;o&#64;&#x73;&#116;&#x61;f&#x66;&#46;&#x65;&#x75;&#114;&#x73;&#99;&#x2e;e&#x75;<\/a><span class=\"phone\">+49 7 21 6 80 09-62<\/span><\/div>\n<div class=\"staff-member\"><span class=\"name\">Mr. Norbert Skurcz<\/span><span class=\"job\">Librarian<\/span><a href=\"m&#97;&#x69;&#x6c;&#x74;o&#58;&#110;&#x6f;&#x72;b&#101;&#114;&#x74;&#x2e;sk&#117;&#x72;&#x63;&#x7a;&#64;&#101;&#x75;&#x72;&#x73;c&#46;&#101;&#x75;\" class=\"mail\">&#x6e;&#111;&#x72;&#x62;&#101;&#x72;&#116;&#46;&#x73;&#107;u&#x72;&#99;z&#x40;&#101;u&#x72;&#115;&#x63;&#x2e;&#101;&#x75;<\/a><span class=\"phone\">Tel. +49 (0)7 21-6 80 09-39<\/span><\/div>\n<div class=\"staff-member\"><span class=\"name\">Mme Joanne Molloy<\/span><span class=\"job\">Infirmi\u00e8re<\/span><a href=\"m&#97;&#105;&#108;&#x74;&#x6f;&#x3a;jo&#97;&#110;&#x6e;&#x65;&#x2e;&#x6d;ol&#108;&#111;&#x79;&#x40;&#x65;&#x75;r&#115;&#99;&#46;&#x65;&#x75;\" class=\"mail\">j&#111;&#x61;&#x6e;n&#101;&#x2e;&#x6d;o&#108;&#x6c;&#x6f;y&#64;&#x65;&#x75;r&#115;&#x63;&#x2e;e&#117;<\/a><\/div>\n<div class=\"staff-member\"><span class=\"name\">Mme Marina Stavrou<\/span><span class=\"job\">Psychologist<\/span><a href=\"m&#97;&#x69;&#x6c;t&#111;&#x3a;&#x6b;a&#114;&#45;&#x62;&#x65;r&#97;&#x74;&#x75;n&#103;&#x40;&#x70;a&#114;&#116;&#x6e;&#x65;r&#46;&#x65;&#x75;r&#115;&#x63;&#x2e;e&#117;\" class=\"mail\">&#107;&#x61;&#114;&#x2d;b&#x65;r&#97;&#x74;&#117;&#x6e;&#103;&#x40;p&#x61;r&#116;&#x6e;&#101;&#x72;&#46;&#x65;u&#x72;&#x73;&#99;&#x2e;&#101;&#x75;<\/a><span class=\"phone\">Tel. +49 (0)7 21-6 80 09-57<br \/>\n(Tuesday + Thursday)<\/span><\/div>\n<p>&nbsp;<\/p>\n<div class=\"title-deco\" id=\"\"><div class=\"blue-bloc\"><\/div><h2 class=\"title\">Autres contacts<\/h2><\/div>\n<div class=\"staff-member\"><span class=\"name\">Association des parents<\/span><span class=\"job\">Mme Felicitas Martens\/Mme Brynn Thompson-Renz, Pr\u00e9sidente<\/span><a href=\"mailto:kar-ev&#64;partner&#46;eu&#114;&#115;&#99;&#46;&#101;&#117;\" class=\"mail\">&#x6b;a&#x72;&#45;e&#x76;&#64;&#x70;&#x61;r&#x74;&#110;e&#x72;&#46;&#x65;&#117;r&#x73;&#99;&#46;&#x65;&#117;<\/a><span class=\"phone\">Tel.+49 (0)7 21-6 80 09-45<\/span><\/div>\n<div class=\"staff-member\"><span class=\"name\">Transport scolaire<\/span><span class=\"job\"> Mme Elena Kobitskaya<\/span><a href=\"&#109;a&#105;l&#116;o&#x3a;c&#x6f;n&#x74;a&#x63;t&#x40;e&#x73;k&#x61;r&#x2d;t&#x72;a&#x6e;&#115;&#x70;&#111;&#x72;&#116;&#x2e;&#100;&#x65;\" class=\"mail\">co&#110;&#116;&#97;&#x63;&#x74;&#x40;&#x65;sk&#97;&#114;&#45;&#x74;&#x72;&#x61;&#x6e;sp&#111;&#114;&#116;&#x2e;&#x64;&#x65;<\/a><span class=\"phone\">Tel. +49 (0)7 21-6 80 09-45<\/span><\/div>\n<p><span style=\"display: inline !important; float: none; background-color: transparent; color: #333333; cursor: text; font-family: Georgia,'Times New Roman','Bitstream Charter',Times,serif; font-size: 16px; font-style: normal; font-variant: normal; font-weight: 400; letter-spacing: normal; orphans: 2; text-align: left; text-decoration: none; text-indent: 0px; text-transform: none; -webkit-text-stroke-width: 0px; white-space: normal; word-spacing: 0px;\"><div class=\"staff-member\"><span class=\"name\">Cantine<\/span><span class=\"job\">M. Jan Birkenmaier<\/span><a href=\"mailto:7161&#46;&#49;&#64;&#99;&#111;&#109;&#112;&#97;&#115;&#115;&#45;&#103;&#114;&#111;&#117;&#112;&#x2e;&#x64;&#x65;\" class=\"mail\">&#55;&#x31;&#x36;1&#46;&#x31;&#64;&#99;&#x6f;&#x6d;p&#97;&#x73;s&#45;&#x67;&#x72;o&#117;&#x70;&#46;&#100;&#x65;<\/a><span class=\"phone\">Tel. +49 (0)7 21-6 80 09-29<\/span><\/div>\u00a0<\/span><\/p>\n","protected":false},"excerpt":{"rendered":"<p>&nbsp; &nbsp; &nbsp; &nbsp; \u00a0<\/p>\n","protected":false},"author":3,"featured_media":0,"parent":1057,"menu_order":0,"comment_status":"closed","ping_status":"closed","template":"","meta":{"footnotes":""},"class_list":["post-1077","page","type-page","status-publish","hentry"],"_links":{"self":[{"href":"https:\/\/www.es-karlsruhe.eu\/fr\/wp-json\/wp\/v2\/pages\/1077","targetHints":{"allow":["GET"]}}],"collection":[{"href":"https:\/\/www.es-karlsruhe.eu\/fr\/wp-json\/wp\/v2\/pages"}],"about":[{"href":"https:\/\/www.es-karlsruhe.eu\/fr\/wp-json\/wp\/v2\/types\/page"}],"author":[{"embeddable":true,"href":"https:\/\/www.es-karlsruhe.eu\/fr\/wp-json\/wp\/v2\/users\/3"}],"replies":[{"embeddable":true,"href":"https:\/\/www.es-karlsruhe.eu\/fr\/wp-json\/wp\/v2\/comments?post=1077"}],"version-history":[{"count":17,"href":"https:\/\/www.es-karlsruhe.eu\/fr\/wp-json\/wp\/v2\/pages\/1077\/revisions"}],"predecessor-version":[{"id":176978,"href":"https:\/\/www.es-karlsruhe.eu\/fr\/wp-json\/wp\/v2\/pages\/1077\/revisions\/176978"}],"up":[{"embeddable":true,"href":"https:\/\/www.es-karlsruhe.eu\/fr\/wp-json\/wp\/v2\/pages\/1057"}],"wp:attachment":[{"href":"https:\/\/www.es-karlsruhe.eu\/fr\/wp-json\/wp\/v2\/media?parent=1077"}],"curies":[{"name":"wp","href":"https:\/\/api.w.org\/{rel}","templated":true}]}}