{"id":1085,"date":"2017-09-01T12:04:21","date_gmt":"2017-09-01T10:04:21","guid":{"rendered":"https:\/\/www.es-karlsruhe.eu\/?page_id=1085\/"},"modified":"2026-03-09T11:42:09","modified_gmt":"2026-03-09T10:42:09","slug":"procedure-dadmission-et-documents-a-fournir","status":"publish","type":"page","link":"https:\/\/www.es-karlsruhe.eu\/fr\/admissions\/procedure-dadmission-et-documents-a-fournir\/","title":{"rendered":"Proc\u00e9dure d&rsquo;admission et documents \u00e0 fournir"},"content":{"rendered":"<div class=\"title-deco\" id=\"\"><div class=\"blue-bloc\"><\/div><h2 class=\"title\">4. Proc\u00e9dure d\u00b4admission et documents \u00e0 fournir<\/h2><\/div>\n<h3>Conditions<\/h3>\n<p>Avant de d\u00e9poser une demande \u00e0 l&rsquo;Ecole Europ\u00e9enne de Karlsruhe veuillez lire soigneusement les conditions d\u00b4admission.<\/p>\n<h3>Demande d&rsquo;inscription<\/h3>\n<p>Tous les candidats \u00e0 l&rsquo;Ecole Europ\u00e9enne doivent remplir le formulaire de demande dans son int\u00e9gralit\u00e9. Ce formulaire est disponible en format PDF et peut \u00eatre soumis en ligne sur la page de pr\u00e9sentation de cette rubrique ou nous \u00eatre envoy\u00e9 par courrier postal.<\/p>\n<p>Si vous avez des questions sur la fa\u00e7on de remplir une partie du formulaire, veuillez contacter notre charg\u00e9e d&rsquo;admission (cf. coordonn\u00e9es ci-dessus).<\/p>\n<p>Le formulaire peut \u00eatre t\u00e9l\u00e9charg\u00e9 ci-dessous et visionn\u00e9 avec Adobe Acrobat ou un autre lecteur PDF.<\/p>\n<ul>\n<li>Formulaire d&rsquo;inscription (FR) &#8211; <a href=\"https:\/\/www.es-karlsruhe.eu\/wp-content\/uploads\/2026\/03\/Neueste-SB-Formular-APPLICATION-FORM-2025-FR-mit-Einschreibegebuhr-FR-V.-18-18.12.2025-kplt-4.pdf\" target=\"_blank\" rel=\"noopener\"><strong>T\u00e9l\u00e9charger le PDF<\/strong><\/a><\/li>\n<li>Application Form (EN) &#8211; <strong><a href=\"https:\/\/www.es-karlsruhe.eu\/wp-content\/uploads\/2026\/03\/Neueste-SB-Formular-APPLICATION-FORM-2025-EN-mit-Einschreibegebuhr-EN-V.-18-12.12.2025-kplt-4.pdf\" target=\"_blank\" rel=\"noopener\">Download as PDF<\/a><\/strong><em>\u00a0<\/em><\/li>\n<li>Anmeldeformular (DE) &#8211; <strong><a href=\"https:\/\/www.es-karlsruhe.eu\/wp-content\/uploads\/2026\/03\/Neueste-SB-Formular-APPLICATION-FORM-2025-DE-mit-Einschreibegebuhr-DE-V.-18-18.12.2025-kplt-4.pdf\" target=\"_blank\" rel=\"noopener\">Herunterladen als PDF<\/a><br \/>\n<\/strong><em>\u00a0\u00a0<\/em><\/li>\n<\/ul>\n<p>Si votre enfant a besoin d&rsquo;un traitement m\u00e9dical individuel, veuillez remplir le formulaire ci-dessous et l&rsquo;envoyer avec le formulaire d&rsquo;inscription.<\/p>\n<ul>\n<li>Individual Medication (EN) &#8211; <strong><a href=\"https:\/\/www.es-karlsruhe.eu\/wp-content\/uploads\/2026\/03\/Administration-of-individual-medication-at-school-English-V6.0-from-19.12.2025.docx-final.pdf\" target=\"_blank\" rel=\"noopener\">Download as PDF<\/a><\/strong><\/li>\n<li>Individuelle Medikamente (DE) &#8211; <strong><a href=\"https:\/\/www.es-karlsruhe.eu\/wp-content\/uploads\/2026\/03\/Administration-of-individual-medication-at-school-German-V6.0-from-16.12.2025-final.pdf\" target=\"_blank\" rel=\"noopener\">Herunterladen als PDF<\/a><br \/>\n<\/strong><\/li>\n<li>m\u00e9dicaments individuels (FR) &#8211; <a href=\"https:\/\/www.es-karlsruhe.eu\/wp-content\/uploads\/2026\/03\/Administration-of-individual-medication-at-school-French-V5.0-from-12.12.2025-final.pdf\" target=\"_blank\" rel=\"noopener\"><strong>T\u00e9l\u00e9charger le PDF<\/strong><\/a><\/li>\n<\/ul>\n<p>&nbsp;<\/p>\n<p><strong><a href=\"https:\/\/www.es-karlsruhe.eu\/wp-content\/uploads\/2019\/02\/2018-06-D-21-fr-4-European-School-Privacy-Statement.pdf\" target=\"_blank\" rel=\"noopener noreferrer\">Ici<\/a><\/strong>, vous pouvez t\u00e9l\u00e9charger notre <strong>D\u00e9claration de Confidentialit\u00e9 de l&rsquo;Ecole europ\u00e9enne<\/strong> pour savoir comment nous traitons vos informations personnelles.<\/p>\n<h3>Pi\u00e8ces justificatives<\/h3>\n<p>Les pi\u00e8ces justificatives suivantes sont n\u00e9cessaires lorsque vous envoyez votre formulaire. Pour plus de d\u00e9tails concernant les documents \u00e0 joindre, veuillez consulter le formulaire d\u00b4inscription :<\/p>\n<p>\u2022 Bulletins scolaires et autres justificatifs de l\u00b4ancien \u00e9tablissement scolaire<br \/>\n\u2022 Certificat de naissance<br \/>\n\u2022 Copie du carnet de vaccination<br \/>\n\u2022 Si vous \u00eates fonctionnaire d\u00b4une institution de l\u00b4Union Europ\u00e9enne, une attestation vous sera demand\u00e9e<\/p>\n<h3>Dates limites d&rsquo;inscription<\/h3>\n<p>Les demandes d&rsquo;admission sont accept\u00e9es toute l&rsquo;ann\u00e9e (sauf pour les deux derni\u00e8res classes: 6 ans et 7 secondaire).<\/p>\n<p>Les \u00e9l\u00e8ves qui sont admis \u00e0 l&rsquo;\u00e9cole dans le courant de leur scolarit\u00e9 sont plac\u00e9s dans la classe qui correspond au niveau d&rsquo;\u00e9tudes qu&rsquo;ils ont atteint dans leur pays d&rsquo;origine. Ils sont g\u00e9n\u00e9ralement inscrits dans la section linguistique qui correspond \u00e0 leur langue dominante. Si cela s&rsquo;av\u00e8re n\u00e9cessaire, ils seront soumis \u00e0 un test d\u00b4\u00e9valuation visant \u00e0 d\u00e9terminer leur niveau.<\/p>\n<h3>Comment envoyer votre demande d&rsquo;inscription<\/h3>\n<p>Vous pouvez effectuer votre demande d&rsquo;inscription de diff\u00e9rentes mani\u00e8res :<\/p>\n<div style=\"background-color: #686657;\" class=\"color-block\"><\/p>\n<p><strong>EN LIGNE<\/strong><\/p>\n<p>Les demandes peuvent \u00eatre envoy\u00e9es en utilisant la page \u00ab Soumettre votre demande \u00bb dans cette rubrique<\/p>\n<p><a href=\"..\/submit-your-application-online\/\">Soumettre votre demande en ligne<\/a><\/p>\n<\/div>\n<div style=\"background-color: #b25900;\" class=\"color-block\"><\/p>\n<p><strong>COURRIEL<\/strong><\/p>\n<p>Les demandes d\u00b4inscription peuvent \u00eatre \u00e9galement envoy\u00e9es \u00e0 notre charg\u00e9e d&rsquo;admission par courriel.<\/p>\n<p>Stefania Bartholdy<br \/>\n<strong>Inscriptions \u00e9cole primaire et secondaire<\/strong><br \/>\n<a href=\"&#x6d;&#97;i&#x6c;&#116;o&#x3a;&#83;t&#x65;&#102;a&#x6e;&#105;a&#x2e;&#98;a&#x72;&#116;h&#x6f;&#108;d&#x79;&#64;e&#x75;&#114;s&#x63;&#46;e&#x75;\">&#x53;&#x74;&#101;&#102;&#97;n&#x69;&#x61;&#x2e;&#98;&#97;rt&#x68;&#x6f;&#x6c;&#100;&#121;&#64;&#x65;&#x75;&#x72;&#115;&#99;&#46;e&#x75;<\/a><br \/>\nTel: +49 721 68009-72<\/p>\n<p>Katharina Lins<br \/>\n<strong>Inscriptions \u00e9cole maternelle<\/strong><br \/>\n<a href=\"&#x6d;&#x61;&#105;&#108;to&#x3a;&#x6b;&#x61;&#116;ha&#x72;&#x69;&#x6e;&#97;&#46;l&#x69;&#x6e;&#x73;&#64;&#101;u&#x72;&#x73;&#x63;&#46;&#101;u\">&#107;&#x61;&#116;&#x68;a&#114;&#x69;&#110;&#x61;&#46;&#x6c;i&#110;&#x73;&#64;&#x65;u&#x72;&#x73;&#99;&#x2e;e&#x75;<\/a><br \/>\nTel: +49 721 68009-76<\/p>\n<\/div>\n<div style=\"background-color: #685729;\" class=\"color-block\"><\/p>\n<p><strong>PAR COURRIER POSTAL<\/strong><\/p>\n<p>Les demandes d\u00b4inscription peuvent \u00e9galement \u00eatre envoy\u00e9es par courrier postal \u00e0 l\u00b4adresse suivante.<\/p>\n<p><strong>Veuillez ne pas envoyer l\u00b4original de vos documents pour \u00e9viter toute perte, une photocopie suffira.<\/strong><\/p>\n<p>Inscriptions<br \/>\nEuropa\u00efsche Schule Karlsruhe<br \/>\nAlbert-Schweitzer-Stra\u00dfe 1<br \/>\n76139 Karlsruhe<br \/>\nGermany<\/p>\n<\/div>\n<p style=\"text-align: center;\"><a href=\"..\/submit-your-application-online\/\" class=\"next-step-link\">5. Soumettre votre demande en ligne<\/a>\n<p style=\"text-align: center;\">Vous avez manqu\u00e9 quelque chose ?<br \/>\n<span class=\"custom-link left\"><a href=\"..\/contacting-and-visiting-the-esk\/\">Retour \u00e0 l&rsquo;\u00e9tape 3<\/a><\/span>\n","protected":false},"excerpt":{"rendered":"<p>Conditions Avant de d\u00e9poser une demande \u00e0 l&rsquo;Ecole Europ\u00e9enne de Karlsruhe veuillez lire soigneusement les conditions d\u00b4admission. Demande d&rsquo;inscription Tous les candidats \u00e0 l&rsquo;Ecole Europ\u00e9enne doivent remplir le formulaire de<a class=\"excerpt-read-more\" href=\"https:\/\/www.es-karlsruhe.eu\/fr\/admissions\/procedure-dadmission-et-documents-a-fournir\/\" title=\"LireProc\u00e9dure d&rsquo;admission et documents \u00e0 fournir\">&#8230; Read more &raquo;<\/a><\/p>\n","protected":false},"author":3,"featured_media":0,"parent":1081,"menu_order":0,"comment_status":"closed","ping_status":"closed","template":"template-admission-4.php","meta":{"footnotes":""},"class_list":["post-1085","page","type-page","status-publish","hentry"],"_links":{"self":[{"href":"https:\/\/www.es-karlsruhe.eu\/fr\/wp-json\/wp\/v2\/pages\/1085","targetHints":{"allow":["GET"]}}],"collection":[{"href":"https:\/\/www.es-karlsruhe.eu\/fr\/wp-json\/wp\/v2\/pages"}],"about":[{"href":"https:\/\/www.es-karlsruhe.eu\/fr\/wp-json\/wp\/v2\/types\/page"}],"author":[{"embeddable":true,"href":"https:\/\/www.es-karlsruhe.eu\/fr\/wp-json\/wp\/v2\/users\/3"}],"replies":[{"embeddable":true,"href":"https:\/\/www.es-karlsruhe.eu\/fr\/wp-json\/wp\/v2\/comments?post=1085"}],"version-history":[{"count":25,"href":"https:\/\/www.es-karlsruhe.eu\/fr\/wp-json\/wp\/v2\/pages\/1085\/revisions"}],"predecessor-version":[{"id":177983,"href":"https:\/\/www.es-karlsruhe.eu\/fr\/wp-json\/wp\/v2\/pages\/1085\/revisions\/177983"}],"up":[{"embeddable":true,"href":"https:\/\/www.es-karlsruhe.eu\/fr\/wp-json\/wp\/v2\/pages\/1081"}],"wp:attachment":[{"href":"https:\/\/www.es-karlsruhe.eu\/fr\/wp-json\/wp\/v2\/media?parent=1085"}],"curies":[{"name":"wp","href":"https:\/\/api.w.org\/{rel}","templated":true}]}}