{"id":1087,"date":"2017-09-01T12:07:59","date_gmt":"2017-09-01T10:07:59","guid":{"rendered":"https:\/\/www.es-karlsruhe.eu\/?page_id=1087\/"},"modified":"2026-02-09T14:01:05","modified_gmt":"2026-02-09T13:01:05","slug":"contacter-et-visiter-lecole-europeenne-de-karlsruhe","status":"publish","type":"page","link":"https:\/\/www.es-karlsruhe.eu\/fr\/admissions\/contacter-et-visiter-lecole-europeenne-de-karlsruhe\/","title":{"rendered":"Contacter et visiter l\u00b4Ecole Europ\u00e9enne de Karlsruhe"},"content":{"rendered":"<div class=\"title-deco\" id=\"\"><div class=\"blue-bloc\"><\/div><h2 class=\"title\">3. Contacter et visiter l\u00b4Ecole Europ\u00e9enne de Karlsruhe<\/h2><\/div>\n<p>Choisir une \u00e9cole pour votre enfant est une d\u00e9cision importante.<\/p>\n<p>Chaque ann\u00e9e, nous accueillons de nombreuses nouvelles familles du monde entier. Notre plus grande priorit\u00e9 est de les aider et leur fournir des informations d\u00e9taill\u00e9es sur une \u00e9ducation de haute- qualit\u00e9 dans un environnement international.<\/p>\n<p>C\u00b4est pourquoi, nous encourageons toutes les familles int\u00e9ress\u00e9es \u00e0 prendre rendez-vous et ainsi visiter notre \u00e9cole. Nous serons ravis de vous montrer nos locaux et vous expliquer tout ce qui rend l&rsquo;Ecole Europ\u00e9enne de Karlsruhe unique et r\u00e9pondre \u00e0 toutes vos questions.<\/p>\n<p>Pour plus d\u00b4informations et convenir d\u00b4une visite de notre campus, veuillez utiliser le formulaire ci-dessous.<br \/>\nNous sommes heureux de vous accueillir sur notre campus!<\/p>\n<div class=\"title-deco\" id=\"\"><div class=\"blue-bloc\"><\/div><h2 class=\"title\">Demander d&rsquo;autres informations et organiser une visite<\/h2><\/div>\n<p><strong>Vous pouvez prendre rendez-vous pour visiter notre campus. Veuillez contacter Mme Bartholdy pour l&rsquo;\u00e9cole primaire et secondaire ou Mme Lins pour l&rsquo;\u00e9cole maternelle.<\/strong><\/p>\n<h3>Contacts pour les inscriptions<\/h3>\n<div class=\"contact-info\">\n\t\t\t\t\t\t\t<p>\n\t\t\t\t\t\t\t\t<img decoding=\"async\" src=\"https:\/\/www.es-karlsruhe.eu\/wp-content\/themes\/esk-theme\/assets\/images\/stefania_bartholdy.png\">\n\t\t\t\t\t\t\t\t<span class=\"name\">Stefania Bartholdy<\/span><br>\n\t\t\t\t\t\t\t\t<b>Inscriptions \u00e9cole primaire et secondaire<\/b><br><br>\n\t\t\t\t\t\t\t\tMail: <a href=\"&#x6d;&#97;&#x69;&#x6c;t&#x6f;&#58;s&#x74;&#101;f&#x61;&#110;&#x69;&#x61;&#46;&#x62;&#97;r&#x74;&#104;o&#x6c;&#100;&#x79;&#x40;&#101;&#x75;&#x72;s&#x63;&#46;e&#x75;\" class=\"mail\">s&#116;&#101;&#x66;&#x61;&#x6e;ia&#46;&#98;&#x61;&#x72;&#x74;h&#111;&#108;&#100;&#x79;&#x40;&#x65;u&#114;&#115;&#x63;&#x2e;&#x65;u<\/a><br>\n\t\t\t\t\t\t\t\tTel: +49 721 6800972\n\t\t\t\t\t\t\t<\/p>\n\t\t\t\t\t\t<\/div>\n<div class=\"contact-info\">\n\t\t\t\t\t\t\t<p>\n\t\t\t\t\t\t\t\t<img decoding=\"async\" src=\"https:\/\/www.es-karlsruhe.eu\/wp-content\/themes\/esk-theme\/assets\/images\/katharina.jpg\">\n\t\t\t\t\t\t\t\t<span class=\"name\">Katharina Lins<\/span><br>\n\t\t\t\t\t\t\t\t<b>Inscriptions \u00e9cole maternelle<\/b><br><br>\n\t\t\t\t\t\t\t\tMail: <a href=\"m&#97;&#105;&#108;&#x74;&#x6f;&#x3a;ka&#116;&#104;&#x61;&#x72;&#x69;&#x6e;a&#46;&#108;&#105;&#x6e;&#x73;&#x40;&#x65;u&#114;&#115;&#99;&#x2e;&#x65;&#x75;\" class=\"mail\">&#x6b;&#97;t&#x68;&#x61;&#114;i&#x6e;&#x61;&#46;l&#x69;&#110;s&#x40;&#x65;&#117;r&#x73;&#x63;&#46;e&#x75;<\/a><br>\n\t\t\t\t\t\t\t\tTel: +49 721 68009-76\n\t\t\t\t\t\t\t<\/p>\n\t\t\t\t\t\t<\/div>\n<h3>Demander d&rsquo;autres informations ou un rendez-vous<\/h3>\n\n<div class=\"wpcf7 no-js\" id=\"wpcf7-f785-o1\" lang=\"en-US\" dir=\"ltr\" data-wpcf7-id=\"785\">\n<div class=\"screen-reader-response\"><p role=\"status\" aria-live=\"polite\" aria-atomic=\"true\"><\/p> <ul><\/ul><\/div>\n<form action=\"\/fr\/wp-json\/wp\/v2\/pages\/1087#wpcf7-f785-o1\" method=\"post\" class=\"wpcf7-form init\" aria-label=\"Contact form\" novalidate=\"novalidate\" data-status=\"init\">\n<fieldset class=\"hidden-fields-container\"><input type=\"hidden\" name=\"_wpcf7\" value=\"785\" \/><input type=\"hidden\" name=\"_wpcf7_version\" value=\"6.1.5\" \/><input type=\"hidden\" name=\"_wpcf7_locale\" value=\"en_US\" \/><input type=\"hidden\" name=\"_wpcf7_unit_tag\" value=\"wpcf7-f785-o1\" \/><input type=\"hidden\" name=\"_wpcf7_container_post\" value=\"0\" \/><input type=\"hidden\" name=\"_wpcf7_posted_data_hash\" value=\"\" \/><input type=\"hidden\" name=\"_wpcf7cf_hidden_group_fields\" value=\"[]\" \/><input type=\"hidden\" name=\"_wpcf7cf_hidden_groups\" value=\"[]\" \/><input type=\"hidden\" name=\"_wpcf7cf_visible_groups\" value=\"[]\" \/><input type=\"hidden\" name=\"_wpcf7cf_repeaters\" value=\"[]\" \/><input type=\"hidden\" name=\"_wpcf7cf_steps\" value=\"{}\" \/><input type=\"hidden\" name=\"_wpcf7cf_options\" value=\"{&quot;form_id&quot;:785,&quot;conditions&quot;:[{&quot;then_field&quot;:&quot;appointment-details&quot;,&quot;and_rules&quot;:[{&quot;if_field&quot;:&quot;request-type&quot;,&quot;operator&quot;:&quot;equals&quot;,&quot;if_value&quot;:&quot;Un rendez-vous&quot;}]}],&quot;settings&quot;:{&quot;animation&quot;:&quot;yes&quot;,&quot;animation_intime&quot;:200,&quot;animation_outtime&quot;:200,&quot;conditions_ui&quot;:&quot;normal&quot;,&quot;notice_dismissed&quot;:false,&quot;notice_dismissed_update-cf7-5.8.1&quot;:true,&quot;notice_dismissed_rollback-cf7-5.9.3&quot;:true}}\" \/>\n<\/fieldset>\n<div class=\"wpcf7-turnstile cf-turnstile\" data-sitekey=\"0x4AAAAAACtuHd5Y9GFCuoBt\" data-response-field-name=\"_wpcf7_turnstile_response\"><\/div>\n\n<div class=\"admissions-contact-form\">\n\t<div class=\"main-info\">\n\t\t<p><label for=\"contact-name\">Votre nom<\/label><span class=\"wpcf7-form-control-wrap\" data-name=\"contact-name\"><input size=\"40\" maxlength=\"400\" class=\"wpcf7-form-control wpcf7-text wpcf7-validates-as-required\" id=\"contact-name\" aria-required=\"true\" aria-invalid=\"false\" placeholder=\"Jonathan Smith\" value=\"\" type=\"text\" name=\"contact-name\" \/><\/span><br \/>\n<label for=\"child-name\">Nom de l'enfant<\/label><span class=\"wpcf7-form-control-wrap\" data-name=\"child-name\"><input size=\"40\" maxlength=\"400\" class=\"wpcf7-form-control wpcf7-text wpcf7-validates-as-required\" id=\"child-name\" aria-required=\"true\" aria-invalid=\"false\" placeholder=\"Brandon Smith\" value=\"\" type=\"text\" name=\"child-name\" \/><\/span><br \/>\n<label for=\"contact-mail\">Adresse mail<\/label><span class=\"wpcf7-form-control-wrap\" data-name=\"contact-mail\"><input size=\"40\" maxlength=\"400\" class=\"wpcf7-form-control wpcf7-email wpcf7-validates-as-required wpcf7-text wpcf7-validates-as-email\" id=\"contact-mail\" aria-required=\"true\" aria-invalid=\"false\" placeholder=\"&#106;&#46;&#x73;m&#x69;t&#x68;&#64;&#x74;&#104;&#x65;&#115;&#x6d;&#105;&#x74;&#104;s&#46;c&#x6f;m\" value=\"\" type=\"email\" name=\"contact-mail\" \/><\/span><br \/>\n<label for=\"contact-phone\">T\u00e9l\u00e9phone<\/label><span class=\"wpcf7-form-control-wrap\" data-name=\"contact-phone\"><input size=\"40\" maxlength=\"400\" class=\"wpcf7-form-control wpcf7-tel wpcf7-validates-as-required wpcf7-text wpcf7-validates-as-tel\" id=\"contact-phone\" aria-required=\"true\" aria-invalid=\"false\" placeholder=\"0041 673 652 738\" value=\"\" type=\"tel\" name=\"contact-phone\" \/><\/span>\n\t\t<\/p>\n\t<\/div>\n\t<div class=\"cycles-age\">\n\t\t<div class=\"cycles-checkbox\">\n\t\t\t<p class=\"top\" style=\"text-align: left;\">Quelle section vous int\u00e9resse ?\n\t\t\t<\/p>\n\t\t\t<p><span class=\"wpcf7-form-control-wrap\" data-name=\"cycle\"><span class=\"wpcf7-form-control wpcf7-checkbox wpcf7-validates-as-required wpcf7-exclusive-checkbox\"><span class=\"wpcf7-list-item first\"><label><input type=\"checkbox\" name=\"cycle\" value=\"Maternelle\" \/><span class=\"wpcf7-list-item-label\">Maternelle<\/span><\/label><\/span><span class=\"wpcf7-list-item\"><label><input type=\"checkbox\" name=\"cycle\" value=\"Primaire\" \/><span class=\"wpcf7-list-item-label\">Primaire<\/span><\/label><\/span><span class=\"wpcf7-list-item last\"><label><input type=\"checkbox\" name=\"cycle\" value=\"Secondaire\" \/><span class=\"wpcf7-list-item-label\">Secondaire<\/span><\/label><\/span><\/span><\/span>\n\t\t\t<\/p>\n\t\t<\/div>\n\t\t<div class=\"child-age\">\n\t\t\t<p><label for=\"child-age\">Age de votre enfant<\/label><span class=\"wpcf7-form-control-wrap\" data-name=\"child-age\"><input class=\"wpcf7-form-control wpcf7-number wpcf7-validates-as-required wpcf7-validates-as-number\" id=\"child-age\" min=\"0\" max=\"99\" aria-required=\"true\" aria-invalid=\"false\" placeholder=\"4\" value=\"\" type=\"number\" name=\"child-age\" \/><\/span>\n\t\t\t<\/p>\n\t\t<\/div>\n\t<\/div>\n\t<div class=\"appointment\">\n\t\t<p class=\"top\">Je souhaiterais\n\t\t<\/p>\n\t\t<p><span class=\"wpcf7-form-control-wrap\" data-name=\"request-type\"><span class=\"wpcf7-form-control wpcf7-checkbox wpcf7-validates-as-required wpcf7-exclusive-checkbox\"><span class=\"wpcf7-list-item first\"><label><input type=\"checkbox\" name=\"request-type\" value=\"Plus d&#039;informations\" \/><span class=\"wpcf7-list-item-label\">Plus d&#039;informations<\/span><\/label><\/span><span class=\"wpcf7-list-item last\"><label><input type=\"checkbox\" name=\"request-type\" value=\"Un rendez-vous\" \/><span class=\"wpcf7-list-item-label\">Un rendez-vous<\/span><\/label><\/span><\/span><\/span>\n\t\t<\/p>\n\t\t<div data-id=\"appointment-details\" data-orig_data_id=\"appointment-details\"  class=\"\" data-class=\"wpcf7cf_group\">\n\t\t\t<p><span class=\"wpcf7-form-control-wrap\" data-name=\"appointment-type\"><span class=\"wpcf7-form-control wpcf7-checkbox wpcf7-exclusive-checkbox\" id=\"appointment-type\"><span class=\"wpcf7-list-item first\"><label><input type=\"checkbox\" name=\"appointment-type\" value=\"Pour visiter l&#039;\u00e9cole\" \/><span class=\"wpcf7-list-item-label\">Pour visiter l&#039;\u00e9cole<\/span><\/label><\/span><span class=\"wpcf7-list-item last\"><label><input type=\"checkbox\" name=\"appointment-type\" value=\"Par t\u00e9l\u00e9phone ou par Skype\" \/><span class=\"wpcf7-list-item-label\">Par t\u00e9l\u00e9phone ou par Skype<\/span><\/label><\/span><\/span><\/span>\n\t\t\t<\/p>\n\t\t<\/div>\n\t<\/div>\n\t<div class=\"more-details\">\n\t\t<p class=\"details\">Si vous recherchez plus d'informations, veuillez poser vos questions ci-dessous\n\t\t<\/p>\n\t\t<p><span class=\"wpcf7-form-control-wrap\" data-name=\"request_details_01\"><textarea cols=\"40\" rows=\"4\" maxlength=\"2000\" class=\"wpcf7-form-control wpcf7-textarea\" aria-invalid=\"false\" name=\"request_details_01\"><\/textarea><\/span>\n\t\t<\/p>\n\t\t<p class=\"details\">Si vous pensez qu'il y a autre chose que nous devrions savoir pour mieux traiter votre demande, veuillez l'entrer ci-dessous\n\t\t<\/p>\n\t\t<p><span class=\"wpcf7-form-control-wrap\" data-name=\"request_details_02\"><textarea cols=\"40\" rows=\"4\" maxlength=\"2000\" class=\"wpcf7-form-control wpcf7-textarea\" aria-invalid=\"false\" name=\"request_details_02\"><\/textarea><\/span>\n\t\t<\/p>\n\t<\/div>\n\t<div class=\"submit-button\">\n\t\t<p><span class=\"submit-container\"><input class=\"wpcf7-form-control wpcf7-submit has-spinner\" type=\"submit\" value=\"Soumettre votre demande\" \/><\/span>\n\t\t<\/p>\n\t<\/div>\n<\/div><p style=\"display: none !important;\" class=\"akismet-fields-container\" data-prefix=\"_wpcf7_ak_\"><label>&#916;<textarea name=\"_wpcf7_ak_hp_textarea\" cols=\"45\" rows=\"8\" maxlength=\"100\"><\/textarea><\/label><input type=\"hidden\" id=\"ak_js_1\" name=\"_wpcf7_ak_js\" value=\"139\"\/><script>document.getElementById( \"ak_js_1\" ).setAttribute( \"value\", ( new Date() ).getTime() );<\/script><\/p><div class=\"wpcf7-response-output\" aria-hidden=\"true\"><\/div>\n<\/form>\n<\/div>\n\n<p style=\"text-align: center;\"><a href=\"..\/application-procedure-and-documents\/\" class=\"next-step-link\">4. Proc\u00e9dure d&rsquo;admission et documents<\/a>\n<p style=\"text-align: center;\">Vous avez manqu\u00e9 quelque chose ?<br \/>\n<span class=\"custom-link left\"><a href=\"..\/admissions-criteria-and-fees\/\">Retour \u00e0 l&rsquo;\u00e9tape 2<\/a><\/span>\n","protected":false},"excerpt":{"rendered":"<p>Choisir une \u00e9cole pour votre enfant est une d\u00e9cision importante. Chaque ann\u00e9e, nous accueillons de nombreuses nouvelles familles du monde entier. Notre plus grande priorit\u00e9 est de les aider et<a class=\"excerpt-read-more\" href=\"https:\/\/www.es-karlsruhe.eu\/fr\/admissions\/contacter-et-visiter-lecole-europeenne-de-karlsruhe\/\" title=\"LireContacter et visiter l\u00b4Ecole Europ\u00e9enne de Karlsruhe\">&#8230; Read more &raquo;<\/a><\/p>\n","protected":false},"author":3,"featured_media":0,"parent":1081,"menu_order":0,"comment_status":"closed","ping_status":"closed","template":"template-admission-3.php","meta":{"footnotes":""},"class_list":["post-1087","page","type-page","status-publish","hentry"],"_links":{"self":[{"href":"https:\/\/www.es-karlsruhe.eu\/fr\/wp-json\/wp\/v2\/pages\/1087","targetHints":{"allow":["GET"]}}],"collection":[{"href":"https:\/\/www.es-karlsruhe.eu\/fr\/wp-json\/wp\/v2\/pages"}],"about":[{"href":"https:\/\/www.es-karlsruhe.eu\/fr\/wp-json\/wp\/v2\/types\/page"}],"author":[{"embeddable":true,"href":"https:\/\/www.es-karlsruhe.eu\/fr\/wp-json\/wp\/v2\/users\/3"}],"replies":[{"embeddable":true,"href":"https:\/\/www.es-karlsruhe.eu\/fr\/wp-json\/wp\/v2\/comments?post=1087"}],"version-history":[{"count":10,"href":"https:\/\/www.es-karlsruhe.eu\/fr\/wp-json\/wp\/v2\/pages\/1087\/revisions"}],"predecessor-version":[{"id":177353,"href":"https:\/\/www.es-karlsruhe.eu\/fr\/wp-json\/wp\/v2\/pages\/1087\/revisions\/177353"}],"up":[{"embeddable":true,"href":"https:\/\/www.es-karlsruhe.eu\/fr\/wp-json\/wp\/v2\/pages\/1081"}],"wp:attachment":[{"href":"https:\/\/www.es-karlsruhe.eu\/fr\/wp-json\/wp\/v2\/media?parent=1087"}],"curies":[{"name":"wp","href":"https:\/\/api.w.org\/{rel}","templated":true}]}}